{"id":6149,"date":"2024-11-04T23:48:50","date_gmt":"2024-11-04T23:48:50","guid":{"rendered":"https:\/\/ludicum.org\/?page_id=6149"},"modified":"2024-11-05T00:37:40","modified_gmt":"2024-11-05T00:37:40","slug":"cnjm-16-2019-2020","status":"publish","type":"page","link":"https:\/\/ludicum.org\/en\/cnjm\/cnjm-16-2019-2020\/","title":{"rendered":"CNJM 16 | 2019 &#8211; 2020"},"content":{"rendered":"<p>[et_pb_section fb_built=&#8221;1&#8243; make_equal=&#8221;on&#8221; use_custom_gutter=&#8221;on&#8221; gutter_width=&#8221;1&#8243; specialty=&#8221;on&#8221; background_color_2=&#8221;#0C71C3&#8243; padding_top_1=&#8221;0px&#8221; padding_top_2=&#8221;20px&#8221; padding_right_1=&#8221;30px&#8221; padding_right_2=&#8221;0px&#8221; padding_bottom_1=&#8221;0px&#8221; padding_bottom_2=&#8221;40px&#8221; padding_left_1=&#8221;30px&#8221; padding_left_2=&#8221;0px&#8221; padding_top_bottom_link_1=&#8221;false&#8221; padding_top_bottom_link_2=&#8221;false&#8221; padding_left_right_link_1=&#8221;false&#8221; padding_left_right_link_2=&#8221;false&#8221; _builder_version=&#8221;4.25.1&#8243; _module_preset=&#8221;default&#8221; width=&#8221;100%&#8221; max_width=&#8221;100%&#8221; inner_width=&#8221;100%&#8221; inner_max_width=&#8221;100%&#8221; custom_margin=&#8221;0px|0px|0px|0px|false|false&#8221; custom_padding=&#8221;0px|0px|0px|0px|false|false&#8221; border_width_top=&#8221;7px&#8221; border_color_top=&#8221;#0C71C3&#8243; global_colors_info=&#8221;{}&#8221;][et_pb_column type=&#8221;3_4&#8243; specialty_columns=&#8221;3&#8243; _builder_version=&#8221;4.16&#8243; custom_padding=&#8221;|||&#8221; global_colors_info=&#8221;{}&#8221; custom_padding__hover=&#8221;|||&#8221;][et_pb_row_inner _builder_version=&#8221;4.27.2&#8243; _module_preset=&#8221;default&#8221; custom_margin=&#8221;||0px||false|false&#8221; custom_padding=&#8221;||0px||false|false&#8221; global_colors_info=&#8221;{}&#8221;][et_pb_column_inner saved_specialty_column_type=&#8221;3_4&#8243; _builder_version=&#8221;4.27.2&#8243; _module_preset=&#8221;default&#8221; custom_padding=&#8221;||0px||false|false&#8221; global_colors_info=&#8221;{}&#8221;][et_pb_heading title=&#8221;CNJM 16 | 2019-2020&#8243; _builder_version=&#8221;4.27.2&#8243; _module_preset=&#8221;default&#8221; title_level=&#8221;h3&#8243; title_text_color=&#8221;#2167a6&#8243; title_font_size=&#8221;25px&#8221; custom_margin=&#8221;||0px||false|false&#8221; custom_padding=&#8221;||20px||false|false&#8221; global_colors_info=&#8221;{}&#8221;][\/et_pb_heading][et_pb_text _builder_version=&#8221;4.27.2&#8243; _module_preset=&#8221;default&#8221; global_colors_info=&#8221;{}&#8221;]<\/p>\n<div id=\"parent-fieldname-description\" class=\"documentDescription\">A 16\u00aa edi\u00e7\u00e3o do CNJM (ano lectivo 2022\/23) ter\u00e1 a sua final em Aveiro em 24 de Mar\u00e7o 2023.<\/div>\n<div class=\"documentDescription\"><\/div>\n<div class=\"documentDescription\">Mais informa\u00e7\u00f5es no site oficial do evento, <a href=\"https:\/\/www.ua.pt\/pt\/fabrica\/cnjm16\" target=\"_blank\" rel=\"noopener\">aqui<\/a>.<\/div>\n<div id=\"viewlet-above-content-body\">\n<div class=\"panels\"><\/div>\n<\/div>\n<div id=\"content-core\">\n<dl><\/dl>\n<\/div>\n<p>[\/et_pb_text][et_pb_image src=&#8221;https:\/\/ludicum.org\/wp-content\/uploads\/2024\/11\/CNJM-banner.png&#8221; title_text=&#8221;CNJM-banner&#8221; align=&#8221;center&#8221; _builder_version=&#8221;4.27.2&#8243; _module_preset=&#8221;default&#8221; width=&#8221;70%&#8221; max_width=&#8221;70%&#8221; custom_padding=&#8221;20px|0px||0px|false|false&#8221; hover_enabled=&#8221;0&#8243; locked=&#8221;off&#8221; global_colors_info=&#8221;{}&#8221; sticky_enabled=&#8221;0&#8243;][\/et_pb_image][et_pb_tabs _builder_version=&#8221;4.27.2&#8243; _module_preset=&#8221;default&#8221; custom_margin=&#8221;40px||40px||false|false&#8221; custom_padding=&#8221;||||false|false&#8221; locked=&#8221;off&#8221; global_colors_info=&#8221;{}&#8221;][et_pb_tab title=&#8221;Comiss\u00e3o Organizadora&#8221; _builder_version=&#8221;4.27.2&#8243; _module_preset=&#8221;default&#8221; global_colors_info=&#8221;{}&#8221;]<\/p>\n<p><strong>Nacional<\/strong><\/p>\n<table class=\"invisible\">\n<tbody>\n<tr>\n<td align=\"right\">Jorge Nuno Silva<\/td>\n<td><a class=\"mail-link\" href=\"mailto:jnsilva@gmail.com\">jnsilva@gmail.com<\/a><\/td>\n<\/tr>\n<tr>\n<td align=\"right\">Luis Malheiro<\/td>\n<td><a href=\"mailto:malheirol@gmail.com\">malheirol@gmail.com<\/a><\/td>\n<\/tr>\n<tr>\n<td align=\"right\">Ana Fraga<\/td>\n<td><a href=\"mailto:fraga.ana@gmail.com\">fraga.ana@gmail.com<\/a><\/td>\n<\/tr>\n<\/tbody>\n<\/table>\n<p><strong><\/strong><\/p>\n<p><strong>Local<\/strong><\/p>\n<table class=\"invisible\">\n<tbody>\n<tr>\n<td align=\"right\">Carmen Marques<\/td>\n<td><a class=\"mail-link\" href=\"mailto:carmen.marques@ua.pt\">carmen.marques@ua.pt<\/a><\/td>\n<\/tr>\n<tr>\n<td align=\"right\">Isabel Correia<\/td>\n<td><a class=\"mail-link\" href=\"mailto:icorreia@ua.pt\">icorreia@ua.pt<\/a><\/td>\n<\/tr>\n<tr>\n<td align=\"right\">Miguel Cardoso<\/td>\n<td><a class=\"mail-link\" href=\"mailto:miguel.cardoso@ua.pt\">miguel.cardoso@ua.pt<\/a><\/td>\n<\/tr>\n<tr>\n<td align=\"right\">Sandra Ramos<\/td>\n<td><a class=\"mail-link\" href=\"mailto:sandra.diogo@ua.pt\">sandra.diogo@ua.pt<\/a><\/td>\n<\/tr>\n<\/tbody>\n<\/table>\n<p>&nbsp;<\/p>\n<p><strong>Necessidades Educativas Especiais<\/strong><\/p>\n<table class=\"invisible\">\n<tbody>\n<tr>\n<td align=\"right\">Carlota Brazileiro<\/td>\n<td>\n<p><a href=\"mailto:carlotadia@gmail.com\">carlotadia@gmail.com<\/a><\/p>\n<\/td>\n<\/tr>\n<\/tbody>\n<\/table>\n<p>&nbsp;<\/p>\n<p>[\/et_pb_tab][et_pb_tab title=&#8221;Documentos&#8221; _builder_version=&#8221;4.27.2&#8243; _module_preset=&#8221;default&#8221; global_colors_info=&#8221;{}&#8221;]<\/p>\n<ul>\n<li><a href=\"https:\/\/ludicum.org\/wp-content\/uploads\/2024\/11\/regulamento-CNJM16.pdf\" target=\"_blank\" rel=\"noopener\">Regulamento da final<\/a><\/li>\n<li><a href=\"https:\/\/ludicum.org\/wp-content\/uploads\/2024\/11\/regras-jogos-matematicos.pdf\" target=\"_blank\" rel=\"noopener\">Regras dos jogos do CNJM 16<\/a><\/li>\n<li><a href=\"https:\/\/ludicum.org\/wp-content\/uploads\/2024\/11\/Grelha-de-jogos.pdf\" target=\"_blank\" rel=\"noopener\">Grelha de Jogos<\/a><\/li>\n<li><a href=\"https:\/\/ludicum.org\/wp-content\/uploads\/2024\/11\/tabuleiros.pdf\" target=\"_blank\" rel=\"noopener\">Tabuleiros para imprimir e jogar com l\u00e1pis e papel<\/a><\/li>\n<li><a href=\"https:\/\/ludicum.org\/wp-content\/uploads\/2024\/11\/mapa_campusUA.pdf\" target=\"_blank\" rel=\"noopener\">Mapa do Campus da Universidade de Aveiro<\/a><\/li>\n<li><a href=\"https:\/\/ludicum.org\/wp-content\/uploads\/2024\/11\/Premiados_CNJM16.pdf\" target=\"_blank\" rel=\"noopener\">Premiados do CNJM 16<\/a><\/li>\n<\/ul>\n<p>[\/et_pb_tab][\/et_pb_tabs][\/et_pb_column_inner][\/et_pb_row_inner][et_pb_row_inner _builder_version=&#8221;4.27.2&#8243; _module_preset=&#8221;default&#8221; custom_margin=&#8221;0px||0px||false|false&#8221; custom_padding=&#8221;||||false|false&#8221; global_colors_info=&#8221;{}&#8221;][et_pb_column_inner saved_specialty_column_type=&#8221;3_4&#8243; _builder_version=&#8221;4.25.1&#8243; _module_preset=&#8221;default&#8221; global_colors_info=&#8221;{}&#8221;][et_pb_heading title=&#8221;Premiados do concurso %22Inventa o teu jogo%22 &#8221; _builder_version=&#8221;4.27.2&#8243; _module_preset=&#8221;default&#8221; title_font=&#8221;Montserrat|700||on|||||&#8221; title_font_size=&#8221;22px&#8221; title_line_height=&#8221;0em&#8221; custom_margin=&#8221;0px|0px|0px|0px|false|false&#8221; custom_padding=&#8221;0px|0px|20px|0px|false|false&#8221; global_colors_info=&#8221;{}&#8221;][\/et_pb_heading][et_pb_text _builder_version=&#8221;4.27.2&#8243; _module_preset=&#8221;default&#8221; global_colors_info=&#8221;{}&#8221;]<\/p>\n<p>T\u00edtulo do Jogo: &#8220;<strong>Menos \u00e9 Mais<\/strong>&#8220;<\/p>\n<p>Autores: Ana Rita Costa, Ana Sofia Cardoso, Maria In\u00eas Azevedo<\/p>\n<p>Escola: Escola Secund\u00e1ria D. Sancho I (Vila Nova de Famalic\u00e3o)<\/p>\n<p>[\/et_pb_text][\/et_pb_column_inner][\/et_pb_row_inner][et_pb_row_inner _builder_version=&#8221;4.25.1&#8243; _module_preset=&#8221;default&#8221; global_colors_info=&#8221;{}&#8221;][et_pb_column_inner saved_specialty_column_type=&#8221;3_4&#8243; _builder_version=&#8221;4.25.1&#8243; _module_preset=&#8221;default&#8221; global_colors_info=&#8221;{}&#8221;][et_pb_heading title=&#8221;Galeria de Fotos&#8221; _builder_version=&#8221;4.27.2&#8243; _module_preset=&#8221;default&#8221; title_font=&#8221;Montserrat|700||on|||||&#8221; title_font_size=&#8221;22px&#8221; title_line_height=&#8221;0em&#8221; custom_margin=&#8221;0px|0px|0px|0px|false|false&#8221; custom_padding=&#8221;0px|0px|40px|0px|false|false&#8221; global_colors_info=&#8221;{}&#8221;][\/et_pb_heading][et_pb_button button_url=&#8221;https:\/\/photos.google.com\/share\/AF1QipMqXRFG0oWHpsHFF4hb62-XFUORoj6VztFd7_eOKPF3o1THyq6Bnen4thQxccFoaw?key=bUlBbjlrLUQzZ3FsaDk5TDlEd3JEYU52WTFubGV3&#8243; url_new_window=&#8221;on&#8221; button_text=&#8221;Ver galeria&#8221; _builder_version=&#8221;4.27.2&#8243; _module_preset=&#8221;default&#8221; custom_margin=&#8221;0px||0px||false|false&#8221; locked=&#8221;off&#8221; global_colors_info=&#8221;{}&#8221;][\/et_pb_button][\/et_pb_column_inner][\/et_pb_row_inner][et_pb_row_inner _builder_version=&#8221;4.27.2&#8243; _module_preset=&#8221;default&#8221; custom_margin=&#8221;20px||20px||false|false&#8221; custom_padding=&#8221;||||false|false&#8221; global_colors_info=&#8221;{}&#8221;][et_pb_column_inner saved_specialty_column_type=&#8221;3_4&#8243; _builder_version=&#8221;4.25.1&#8243; _module_preset=&#8221;default&#8221; global_colors_info=&#8221;{}&#8221;][et_pb_heading title=&#8221;CNJM nos media&#8221; _builder_version=&#8221;4.25.1&#8243; _module_preset=&#8221;default&#8221; title_font=&#8221;Montserrat|700||on|||||&#8221; title_font_size=&#8221;22px&#8221; title_line_height=&#8221;0em&#8221; custom_margin=&#8221;0px|0px|0px|0px|false|false&#8221; custom_padding=&#8221;0px|0px|20px|0px|false|false&#8221; global_colors_info=&#8221;{}&#8221;][\/et_pb_heading][et_pb_text _builder_version=&#8221;4.27.2&#8243; _module_preset=&#8221;default&#8221; global_colors_info=&#8221;{}&#8221;]<\/p>\n<p><a href=\"https:\/\/www.dnoticias.pt\/2023\/3\/28\/353940-madeirenses-vencedores-dos-7o-jogos-matematicos-participam-no-campeonato-nacional-em-aveiro\/?utm_source=facebook&amp;utm_medium=facebook&amp;fbclid=IwAR08JWCOSqlLCtX2J0bnnp2MiJHU_4rZN2_0v4TLzGfyaSBmdUdruT3x0eU\" target=\"_blank\" rel=\"noopener\">CNJM 16 no DNOTICIAS.PT (Madeira)\u00a0<\/a><\/p>\n<p><a href=\"https:\/\/www.youtube.com\/watch?v=8wia_GkubU4\" target=\"_blank\" rel=\"noopener\">CNJM 16 na SIC<\/a><\/p>\n<p>CNJM 16 no Di\u00e1rio de Aveiro<\/p>\n<p>[\/et_pb_text][et_pb_image src=&#8221;https:\/\/ludicum.org\/wp-content\/uploads\/2024\/11\/cnjm-16-diario-de-aveiro.jpeg&#8221; title_text=&#8221;cnjm-16-diario de aveiro&#8221; _builder_version=&#8221;4.27.2&#8243; _module_preset=&#8221;default&#8221; custom_padding=&#8221;||40px||false|false&#8221; global_colors_info=&#8221;{}&#8221;][\/et_pb_image][\/et_pb_column_inner][\/et_pb_row_inner][\/et_pb_column][et_pb_column type=&#8221;1_4&#8243; _builder_version=&#8221;4.16&#8243; custom_padding=&#8221;|||&#8221; global_colors_info=&#8221;{}&#8221; custom_padding__hover=&#8221;|||&#8221;][et_pb_text _builder_version=&#8221;4.27.2&#8243; _module_preset=&#8221;default&#8221; width=&#8221;100%&#8221; max_width=&#8221;100%&#8221; module_alignment=&#8221;center&#8221; custom_margin=&#8221;0px|0px|0px|0px|false|false&#8221; custom_padding=&#8221;0px|15px|0px|15px|false|false&#8221; custom_css_free_form=&#8221;#page-container button {||    color:#2167a6;||}&#8221; border_radii=&#8221;on|7px|7px|7px|7px&#8221; global_colors_info=&#8221;{}&#8221;]<\/p>\n<p><span><nav id=\"bellows-main-49\" class=\"bellows bellows-nojs bellows-main bellows-source-menu bellows-align-full bellows-skin-vanilla bellows-type- bellows-expand-current\"><ul id=\"menu-cnjm\" class=\"bellows-nav\" data-bellows-config=\"main\"><li id=\"menu-item-5730\" class=\"bellows-menu-item bellows-menu-item-type-post_type bellows-menu-item-object-page bellows-menu-item-has-children bellows-menu-item-5730 bellows-item-level-0\"><a  href=\"https:\/\/ludicum.org\/en\/cnjm\/\" class=\"bellows-target\"><span class=\"bellows-target-title bellows-target-text\">CNJM<\/span><button class=\"bellows-subtoggle\" aria-label=\"Toggle Submenu\"><i class=\"bellows-subtoggle-icon-expand fa fa-chevron-down\"><\/i><i class=\"bellows-subtoggle-icon-collapse fa fa-chevron-up\"><\/i><\/button><\/a>\n<ul class=\"bellows-submenu\">\n\t<li id=\"menu-item-7477\" class=\"bellows-menu-item bellows-menu-item-type-custom bellows-menu-item-object-custom bellows-menu-item-7477 bellows-item-level-1\"><a  target=\"_blank\" href=\"https:\/\/www.ua.pt\/pt\/fabrica\/cnjm19\" class=\"bellows-target\"><span class=\"bellows-target-title bellows-target-text\">CNJM 19 | 2025 &#8211; 2026<\/span><\/a><\/li>\n\t<li id=\"menu-item-6382\" class=\"bellows-menu-item bellows-menu-item-type-post_type bellows-menu-item-object-page bellows-menu-item-6382 bellows-item-level-1\"><a  href=\"https:\/\/ludicum.org\/en\/cnjm\/cnjm-18-2024-2025\/\" class=\"bellows-target\"><span class=\"bellows-target-title bellows-target-text\">CNJM 18 | 2024 \u2013 2025<\/span><\/a><\/li>\n\t<li id=\"menu-item-6173\" class=\"bellows-menu-item bellows-menu-item-type-post_type bellows-menu-item-object-page bellows-menu-item-6173 bellows-item-level-1\"><a  href=\"https:\/\/ludicum.org\/en\/cnjm\/cnjm-17-2023-2024\/\" class=\"bellows-target\"><span class=\"bellows-target-title bellows-target-text\">CNJM 17 | 2023 \u2013 2024<\/span><\/a><\/li>\n\t<li id=\"menu-item-6174\" class=\"bellows-menu-item bellows-menu-item-type-post_type bellows-menu-item-object-page bellows-menu-item-6174 bellows-item-level-1\"><a  href=\"https:\/\/ludicum.org\/en\/cnjm\/cnjm-16-2019-2020\/\" class=\"bellows-target\"><span class=\"bellows-target-title bellows-target-text\">CNJM 16 | 2019 \u2013 2020<\/span><\/a><\/li>\n\t<li id=\"menu-item-6175\" class=\"bellows-menu-item bellows-menu-item-type-post_type bellows-menu-item-object-page bellows-menu-item-6175 bellows-item-level-1\"><a  href=\"https:\/\/ludicum.org\/en\/cnjm\/cnjm-15-2018-2019\/\" class=\"bellows-target\"><span class=\"bellows-target-title bellows-target-text\">CNJM 15 | 2018 \u2013 2019<\/span><\/a><\/li>\n\t<li id=\"menu-item-6065\" class=\"bellows-menu-item bellows-menu-item-type-post_type bellows-menu-item-object-page bellows-menu-item-6065 bellows-item-level-1\"><a  href=\"https:\/\/ludicum.org\/en\/cnjm\/cnjm-14-2017-2018\/\" class=\"bellows-target\"><span class=\"bellows-target-title bellows-target-text\">CNJM 14 | 2017 \u2013 2018<\/span><\/a><\/li>\n\t<li id=\"menu-item-6066\" class=\"bellows-menu-item bellows-menu-item-type-post_type bellows-menu-item-object-page bellows-menu-item-6066 bellows-item-level-1\"><a  href=\"https:\/\/ludicum.org\/en\/cnjm\/cnjm-13-2016-2017\/\" class=\"bellows-target\"><span class=\"bellows-target-title bellows-target-text\">CNJM 13 | 2016-2017<\/span><\/a><\/li>\n\t<li id=\"menu-item-6067\" class=\"bellows-menu-item bellows-menu-item-type-post_type bellows-menu-item-object-page bellows-menu-item-6067 bellows-item-level-1\"><a  href=\"https:\/\/ludicum.org\/en\/cnjm\/cnjm-12-2015-2016\/\" class=\"bellows-target\"><span class=\"bellows-target-title bellows-target-text\">CNJM 12 | 2015 \u2013 2016<\/span><\/a><\/li>\n\t<li id=\"menu-item-5973\" class=\"bellows-menu-item bellows-menu-item-type-post_type bellows-menu-item-object-page bellows-menu-item-5973 bellows-item-level-1\"><a  href=\"https:\/\/ludicum.org\/en\/cnjm\/cnjm-11-2014-2015\/\" class=\"bellows-target\"><span class=\"bellows-target-title bellows-target-text\">CNJM 11 | 2014- 2015<\/span><\/a><\/li>\n\t<li id=\"menu-item-5974\" class=\"bellows-menu-item bellows-menu-item-type-post_type bellows-menu-item-object-page bellows-menu-item-5974 bellows-item-level-1\"><a  href=\"https:\/\/ludicum.org\/en\/cnjm\/cnjm-10-2013-2014\/\" class=\"bellows-target\"><span class=\"bellows-target-title bellows-target-text\">CNJM 10 | 2013 \u2013 2014<\/span><\/a><\/li>\n\t<li id=\"menu-item-5975\" class=\"bellows-menu-item bellows-menu-item-type-post_type bellows-menu-item-object-page bellows-menu-item-5975 bellows-item-level-1\"><a  href=\"https:\/\/ludicum.org\/en\/cnjm\/cnjm-9-2012-2013\/\" class=\"bellows-target\"><span class=\"bellows-target-title bellows-target-text\">CNJM 9 | 2012 \u2013 2013<\/span><\/a><\/li>\n\t<li id=\"menu-item-5976\" class=\"bellows-menu-item bellows-menu-item-type-post_type bellows-menu-item-object-page bellows-menu-item-5976 bellows-item-level-1\"><a  href=\"https:\/\/ludicum.org\/en\/cnjm\/cnjm-8-2011-2012\/\" class=\"bellows-target\"><span class=\"bellows-target-title bellows-target-text\">CNJM 8 | 2011 \u2013 2012<\/span><\/a><\/li>\n\t<li id=\"menu-item-5977\" class=\"bellows-menu-item bellows-menu-item-type-post_type bellows-menu-item-object-page bellows-menu-item-5977 bellows-item-level-1\"><a  href=\"https:\/\/ludicum.org\/en\/cnjm\/cnjm-7-2010-2011\/\" class=\"bellows-target\"><span class=\"bellows-target-title bellows-target-text\">CNJM 7 | 2010 \u2013 2011<\/span><\/a><\/li>\n\t<li id=\"menu-item-5978\" class=\"bellows-menu-item bellows-menu-item-type-post_type bellows-menu-item-object-page bellows-menu-item-5978 bellows-item-level-1\"><a  href=\"https:\/\/ludicum.org\/en\/cnjm\/cnjm-6-2009-2010\/\" class=\"bellows-target\"><span class=\"bellows-target-title bellows-target-text\">CNJM 6 | 2009 \u2013 2010<\/span><\/a><\/li>\n\t<li id=\"menu-item-5979\" class=\"bellows-menu-item bellows-menu-item-type-post_type bellows-menu-item-object-page bellows-menu-item-5979 bellows-item-level-1\"><a  href=\"https:\/\/ludicum.org\/en\/cnjm\/cnjm-5-2008-2009\/\" class=\"bellows-target\"><span class=\"bellows-target-title bellows-target-text\">CNJM 5 | 2008 \u2013 2009<\/span><\/a><\/li>\n\t<li id=\"menu-item-5731\" class=\"bellows-menu-item bellows-menu-item-type-post_type bellows-menu-item-object-page bellows-menu-item-5731 bellows-item-level-1\"><a  href=\"https:\/\/ludicum.org\/en\/cnjm\/cnjm-4-2007-2008\/\" class=\"bellows-target\"><span class=\"bellows-target-title bellows-target-text\">CNJM 4 | 2007 \u2013 2008<\/span><\/a><\/li>\n\t<li id=\"menu-item-5732\" class=\"bellows-menu-item bellows-menu-item-type-post_type bellows-menu-item-object-page bellows-menu-item-5732 bellows-item-level-1\"><a  href=\"https:\/\/ludicum.org\/en\/cnjm\/cnjm-3-2006-2007\/\" class=\"bellows-target\"><span class=\"bellows-target-title bellows-target-text\">CNJM 3 | 2006 \u2013 2007<\/span><\/a><\/li>\n\t<li id=\"menu-item-5733\" class=\"bellows-menu-item bellows-menu-item-type-post_type bellows-menu-item-object-page bellows-menu-item-5733 bellows-item-level-1\"><a  href=\"https:\/\/ludicum.org\/en\/cnjm\/4567-2\/\" class=\"bellows-target\"><span class=\"bellows-target-title bellows-target-text\">CNJM 2 | 2005 \u2013 2006<\/span><\/a><\/li>\n\t<li id=\"menu-item-4524\" class=\"bellows-menu-item bellows-menu-item-type-post_type bellows-menu-item-object-page bellows-menu-item-4524 bellows-item-level-1\"><a  href=\"https:\/\/ludicum.org\/en\/cnjm\/cnjm-1-2004-2005\/\" class=\"bellows-target\"><span class=\"bellows-target-title bellows-target-text\">CNJM 1 | 2004-2005<\/span><\/a><\/li>\n<\/ul>\n<\/li>\n<\/ul><\/nav><\/span><\/p>\n<p>[\/et_pb_text][\/et_pb_column][\/et_pb_section]<\/p>\n","protected":false},"excerpt":{"rendered":"<p>A 16\u00aa edi\u00e7\u00e3o do CNJM (ano lectivo 2022\/23) ter\u00e1 a sua final em Aveiro em 24 de Mar\u00e7o 2023. Mais informa\u00e7\u00f5es no site oficial do evento, aqui. Nacional Jorge Nuno Silva jnsilva@gmail.com Luis Malheiro malheirol@gmail.com Ana Fraga fraga.ana@gmail.com Local Carmen Marques carmen.marques@ua.pt Isabel Correia icorreia@ua.pt Miguel Cardoso miguel.cardoso@ua.pt Sandra Ramos sandra.diogo@ua.pt &nbsp; Necessidades Educativas Especiais [&hellip;]<\/p>\n","protected":false},"author":5,"featured_media":0,"parent":4544,"menu_order":0,"comment_status":"closed","ping_status":"closed","template":"","meta":{"_acf_changed":false,"_et_pb_use_builder":"on","_et_pb_old_content":"","_et_gb_content_width":"1920","footnotes":""},"class_list":["post-6149","page","type-page","status-publish","hentry"],"acf":[],"_links":{"self":[{"href":"https:\/\/ludicum.org\/en\/wp-json\/wp\/v2\/pages\/6149","targetHints":{"allow":["GET"]}}],"collection":[{"href":"https:\/\/ludicum.org\/en\/wp-json\/wp\/v2\/pages"}],"about":[{"href":"https:\/\/ludicum.org\/en\/wp-json\/wp\/v2\/types\/page"}],"author":[{"embeddable":true,"href":"https:\/\/ludicum.org\/en\/wp-json\/wp\/v2\/users\/5"}],"replies":[{"embeddable":true,"href":"https:\/\/ludicum.org\/en\/wp-json\/wp\/v2\/comments?post=6149"}],"version-history":[{"count":0,"href":"https:\/\/ludicum.org\/en\/wp-json\/wp\/v2\/pages\/6149\/revisions"}],"up":[{"embeddable":true,"href":"https:\/\/ludicum.org\/en\/wp-json\/wp\/v2\/pages\/4544"}],"wp:attachment":[{"href":"https:\/\/ludicum.org\/en\/wp-json\/wp\/v2\/media?parent=6149"}],"curies":[{"name":"wp","href":"https:\/\/api.w.org\/{rel}","templated":true}]}}