{"id":6115,"date":"2024-11-04T23:01:13","date_gmt":"2024-11-04T23:01:13","guid":{"rendered":"https:\/\/ludicum.org\/?page_id=6115"},"modified":"2024-11-05T00:40:41","modified_gmt":"2024-11-05T00:40:41","slug":"cnjm-15-2018-2019","status":"publish","type":"page","link":"https:\/\/ludicum.org\/en\/cnjm\/cnjm-15-2018-2019\/","title":{"rendered":"CNJM 15 | 2018 &#8211; 2019"},"content":{"rendered":"<p>[et_pb_section fb_built=&#8221;1&#8243; make_equal=&#8221;on&#8221; use_custom_gutter=&#8221;on&#8221; gutter_width=&#8221;1&#8243; specialty=&#8221;on&#8221; background_color_2=&#8221;#0C71C3&#8243; padding_top_1=&#8221;0px&#8221; padding_top_2=&#8221;20px&#8221; padding_right_1=&#8221;30px&#8221; padding_right_2=&#8221;0px&#8221; padding_bottom_1=&#8221;0px&#8221; padding_bottom_2=&#8221;40px&#8221; padding_left_1=&#8221;30px&#8221; padding_left_2=&#8221;0px&#8221; padding_top_bottom_link_1=&#8221;false&#8221; padding_top_bottom_link_2=&#8221;false&#8221; padding_left_right_link_1=&#8221;false&#8221; padding_left_right_link_2=&#8221;false&#8221; _builder_version=&#8221;4.25.1&#8243; _module_preset=&#8221;default&#8221; width=&#8221;100%&#8221; max_width=&#8221;100%&#8221; inner_width=&#8221;100%&#8221; inner_max_width=&#8221;100%&#8221; custom_margin=&#8221;0px|0px|0px|0px|false|false&#8221; custom_padding=&#8221;0px|0px|0px|0px|false|false&#8221; border_width_top=&#8221;7px&#8221; border_color_top=&#8221;#0C71C3&#8243; global_colors_info=&#8221;{}&#8221;][et_pb_column type=&#8221;3_4&#8243; specialty_columns=&#8221;3&#8243; _builder_version=&#8221;4.16&#8243; custom_padding=&#8221;|||&#8221; global_colors_info=&#8221;{}&#8221; custom_padding__hover=&#8221;|||&#8221;][et_pb_row_inner _builder_version=&#8221;4.27.2&#8243; _module_preset=&#8221;default&#8221; custom_margin=&#8221;||0px||false|false&#8221; custom_padding=&#8221;||0px||false|false&#8221; global_colors_info=&#8221;{}&#8221;][et_pb_column_inner saved_specialty_column_type=&#8221;3_4&#8243; _builder_version=&#8221;4.27.2&#8243; _module_preset=&#8221;default&#8221; custom_padding=&#8221;||0px||false|false&#8221; global_colors_info=&#8221;{}&#8221;][et_pb_heading title=&#8221;CNJM 15 | 2018-2019&#8243; _builder_version=&#8221;4.27.2&#8243; _module_preset=&#8221;default&#8221; title_level=&#8221;h3&#8243; title_text_color=&#8221;#2167a6&#8243; title_font_size=&#8221;25px&#8221; custom_margin=&#8221;||0px||false|false&#8221; custom_padding=&#8221;||20px||false|false&#8221; global_colors_info=&#8221;{}&#8221;][\/et_pb_heading][et_pb_text _builder_version=&#8221;4.27.2&#8243; _module_preset=&#8221;default&#8221; hover_enabled=&#8221;0&#8243; global_colors_info=&#8221;{}&#8221; custom_padding=&#8221;||20px||false|false&#8221; sticky_enabled=&#8221;0&#8243;]<\/p>\n<p style=\"text-align: justify;\"><span>A Final do 15\u00ba CNJM ser\u00e1 no dia 29 de mar\u00e7o de 2019, na Maia, no pavilh\u00e3o municipal em frente \u00e0 escola EB 2,3 de Pedrou\u00e7os. <\/span><\/p>\n<p style=\"text-align: justify;\"><span>Mais informa\u00e7\u00f5es no site oficial do evento, <a href=\"https:\/\/cnjm15.wixsite.com\/pedroucos\">aqui<\/a>.<\/span><\/p>\n<p>[\/et_pb_text][et_pb_image src=&#8221;https:\/\/ludicum.org\/wp-content\/uploads\/2024\/10\/cartaz_cnjm21_9_2018-scaled.jpg&#8221; title_text=&#8221;cartaz_cnjm21_9_2018&#8243; align=&#8221;center&#8221; _builder_version=&#8221;4.27.2&#8243; _module_preset=&#8221;default&#8221; width=&#8221;70%&#8221; max_width=&#8221;70%&#8221; custom_padding=&#8221;|0px||0px|false|false&#8221; locked=&#8221;off&#8221; global_colors_info=&#8221;{}&#8221;][\/et_pb_image][et_pb_tabs _builder_version=&#8221;4.27.2&#8243; _module_preset=&#8221;default&#8221; custom_margin=&#8221;40px||40px||false|false&#8221; custom_padding=&#8221;||||false|false&#8221; locked=&#8221;off&#8221; global_colors_info=&#8221;{}&#8221;][et_pb_tab title=&#8221;Comiss\u00e3o Organizadora&#8221; _builder_version=&#8221;4.27.2&#8243; _module_preset=&#8221;default&#8221; hover_enabled=&#8221;0&#8243; global_colors_info=&#8221;{}&#8221; sticky_enabled=&#8221;0&#8243;]<\/p>\n<p><strong>Nacional<\/strong><\/p>\n<table class=\"invisible\">\n<tbody>\n<tr>\n<td align=\"right\">Jorge Nuno Silva<\/td>\n<td><a href=\"mailto:jnsilva@berkeley.edu\">jnsilva@berkeley.edu<\/a><\/td>\n<\/tr>\n<tr>\n<td align=\"right\">Luis Malheiro<\/td>\n<td><a href=\"mailto:malheirol@gmail.com\">malheirol@gmail.com<\/a><\/td>\n<\/tr>\n<tr>\n<td align=\"right\">Teresa Santos<\/td>\n<td><a href=\"mailto:mtdossantos@gmail.com\">mtdossantos@gmail.com<\/a><\/td>\n<\/tr>\n<\/tbody>\n<\/table>\n<p>Contacto operacional: <span>\u00a0Alda Carvalho &#8211; acarvalho@adm.isel.pt<\/span><\/p>\n<p><strong>Local<\/strong><\/p>\n<table class=\"invisible\">\n<tbody>\n<tr>\n<td align=\"right\">Paula Madeira (coord.)<\/td>\n<td><a href=\"mailto: paulamadeira@escolasdepedroucos.com\">paulamadeira@escolasdepedroucos.com<\/a><\/td>\n<\/tr>\n<tr>\n<td align=\"right\">Cl\u00e1udia Rodrigues<\/td>\n<td><a href=\"mailto: claudiarodrigues@escolasdepedroucos.com\">claudiarodrigues@escolasdepedroucos.com<\/a><\/td>\n<\/tr>\n<tr>\n<td align=\"right\">Rui Miranda<\/td>\n<td><a href=\"mailto: ruimiranda@escolasdepedroucos.com\">ruimiranda@escolasdepedroucos.com<\/a><\/td>\n<\/tr>\n<tr>\n<td align=\"right\">M\u00e1rio Oliveira<\/td>\n<td><a href=\"mailto: mariooliveira@escolasdepedroucos.com\">mariooliveira@escolasdepedroucos.com<\/a><\/td>\n<\/tr>\n<tr>\n<td align=\"right\">Helena Pinto<\/td>\n<td><a href=\"mailto:helenapinto@escolasdepedroucos.com\">helenapinto@escolasdepedroucos.com<\/a><\/td>\n<\/tr>\n<tr>\n<td align=\"right\">Paula Forte<\/td>\n<td><a href=\"mailto: paulaforte@escolasdepedroucos.com\">paulaforte@escolasdepedroucos.com<\/a><\/td>\n<\/tr>\n<tr>\n<td align=\"right\">J\u00falio Guimar\u00e3es<\/td>\n<td><a href=\"mailto: julio.guimaraes@cm-maia.pt\">julio.guimaraes@cm-maia.pt<\/a><\/td>\n<\/tr>\n<\/tbody>\n<\/table>\n<p><strong><\/strong><\/p>\n<p><strong>Necessidades educativas especiais<\/strong><\/p>\n<table class=\"invisible\">\n<tbody>\n<tr>\n<td align=\"right\">Carlota Brazileiro<\/td>\n<td><a href=\"mailto:carlotadia@gmail.com\">carlotadia@gmail.com<\/a><\/td>\n<\/tr>\n<\/tbody>\n<\/table>\n<p>&nbsp;<\/p>\n<p>[\/et_pb_tab][et_pb_tab title=&#8221;Documentos&#8221; _builder_version=&#8221;4.27.2&#8243; _module_preset=&#8221;default&#8221; global_colors_info=&#8221;{}&#8221;]<\/p>\n<ul>\n<ul>\n<li><a href=\"https:\/\/ludicum.org\/wp-content\/uploads\/2024\/10\/cartaz_cnjm21_9_2018-scaled.jpg\" target=\"_blank\" rel=\"noopener\">Cartaz<\/a><\/li>\n<li><a href=\"https:\/\/ludicum.org\/wp-content\/uploads\/2024\/10\/Regulamento-CNJM15.pdf\" target=\"_blank\" rel=\"noopener\">Regulamento<\/a><\/li>\n<li><a href=\"https:\/\/ludicum.org\/wp-content\/uploads\/2024\/10\/CNJM15-Carta-as-escolas.pdf\" target=\"_blank\" rel=\"noopener\">Carta \u00e0s escolas<\/a><\/li>\n<li><a href=\"https:\/\/ludicum.org\/wp-content\/uploads\/2024\/10\/REGRAS-DOS-JOGOS-do-CNJM15.pdf\" target=\"_blank\" rel=\"noopener\">Regras dos jogos do CNJM 15<\/a><\/li>\n<li><a href=\"https:\/\/ludicum.org\/wp-content\/uploads\/2024\/10\/Guiao-CNJM-15-Versao-final.pdf\" target=\"_blank\" rel=\"noopener\">Guia da Final<\/a><\/li>\n<li><a href=\"https:\/\/ludicum.org\/wp-content\/uploads\/2024\/10\/Reg_Inventa_o_teu_Jogo-1.pdf\" target=\"_blank\" rel=\"noopener\">Concurso Inventa o teu Jogo: Regulamento<\/a><\/li>\n<li><a href=\"https:\/\/ludicum.org\/wp-content\/uploads\/2024\/10\/Atari2a.pdf\" target=\"_blank\" rel=\"noopener\">Atari Go<\/a><\/li>\n<li><a href=\"https:\/\/ludicum.org\/wp-content\/uploads\/2024\/10\/PC_CNJM19.pdf\" target=\"_blank\" rel=\"noopener\">Plano de Coordena\u00e7\u00e3o &#8211; Bombeiros Volunt\u00e1rios de Pedrou\u00e7os<\/a><\/li>\n<\/ul>\n<\/ul>\n<p>&nbsp;<\/p>\n<p>[\/et_pb_tab][\/et_pb_tabs][\/et_pb_column_inner][\/et_pb_row_inner][et_pb_row_inner _builder_version=&#8221;4.27.2&#8243; _module_preset=&#8221;default&#8221; global_colors_info=&#8221;{}&#8221;][et_pb_column_inner saved_specialty_column_type=&#8221;3_4&#8243; _builder_version=&#8221;4.27.2&#8243; _module_preset=&#8221;default&#8221; global_colors_info=&#8221;{}&#8221;][et_pb_heading title=&#8221;Resultados da final\u00edssima&#8221; _builder_version=&#8221;4.27.2&#8243; _module_preset=&#8221;default&#8221; title_font=&#8221;Montserrat|700||on|||||&#8221; title_font_size=&#8221;22px&#8221; title_line_height=&#8221;0em&#8221; custom_margin=&#8221;0px|0px|0px|0px|false|false&#8221; custom_padding=&#8221;0px|0px|0px|0px|false|false&#8221; locked=&#8221;off&#8221; global_colors_info=&#8221;{}&#8221;][\/et_pb_heading][et_pb_text _builder_version=&#8221;4.27.2&#8243; _module_preset=&#8221;default&#8221; custom_padding=&#8221;20px||0px||false|false&#8221; global_colors_info=&#8221;{}&#8221;]<\/p>\n<div id=\"parent-fieldname-description\" class=\"documentDescription\">Na parte da manh\u00e3 do dia 29\/3 apuraram-se os participantes na Final\u00edssima, que se realizou no mesmo dia, da parte da tarde.<\/div>\n<div id=\"viewlet-above-content-body\">\n<div class=\"panels\"><\/div>\n<\/div>\n<div id=\"content-core\">\n<div id=\"parent-fieldname-text-229ef94c4b9440749c923cf468f7ef7a\" class=\"\"><\/div>\n<\/div>\n<p>[\/et_pb_text][et_pb_image src=&#8221;https:\/\/ludicum.org\/wp-content\/uploads\/2024\/11\/1.1.final_.jpg&#8221; title_text=&#8221;1.1.final&#8221; _builder_version=&#8221;4.27.2&#8243; _module_preset=&#8221;default&#8221; global_colors_info=&#8221;{}&#8221;][\/et_pb_image][et_pb_image src=&#8221;https:\/\/ludicum.org\/wp-content\/uploads\/2024\/11\/1.2.final_.jpg&#8221; title_text=&#8221;1.2.final&#8221; _builder_version=&#8221;4.27.2&#8243; _module_preset=&#8221;default&#8221; global_colors_info=&#8221;{}&#8221;][\/et_pb_image][et_pb_image src=&#8221;https:\/\/ludicum.org\/wp-content\/uploads\/2024\/11\/1.3.final_.jpg&#8221; title_text=&#8221;1.3.final&#8221; _builder_version=&#8221;4.27.2&#8243; _module_preset=&#8221;default&#8221; global_colors_info=&#8221;{}&#8221;][\/et_pb_image][et_pb_image src=&#8221;https:\/\/ludicum.org\/wp-content\/uploads\/2024\/11\/2.2.final_.jpg&#8221; title_text=&#8221;2.2.final&#8221; _builder_version=&#8221;4.27.2&#8243; _module_preset=&#8221;default&#8221; global_colors_info=&#8221;{}&#8221;][\/et_pb_image][et_pb_image src=&#8221;https:\/\/ludicum.org\/wp-content\/uploads\/2024\/11\/2.3.final_.jpg&#8221; title_text=&#8221;2.3.final&#8221; _builder_version=&#8221;4.27.2&#8243; _module_preset=&#8221;default&#8221; global_colors_info=&#8221;{}&#8221;][\/et_pb_image][et_pb_image src=&#8221;https:\/\/ludicum.org\/wp-content\/uploads\/2024\/11\/2.4.final_.jpg&#8221; title_text=&#8221;2.4.final&#8221; _builder_version=&#8221;4.27.2&#8243; _module_preset=&#8221;default&#8221; global_colors_info=&#8221;{}&#8221;][\/et_pb_image][et_pb_image src=&#8221;https:\/\/ludicum.org\/wp-content\/uploads\/2024\/11\/3.3.final_.jpg&#8221; title_text=&#8221;3.3.final&#8221; _builder_version=&#8221;4.27.2&#8243; _module_preset=&#8221;default&#8221; global_colors_info=&#8221;{}&#8221;][\/et_pb_image][et_pb_image src=&#8221;https:\/\/ludicum.org\/wp-content\/uploads\/2024\/11\/3.4.final_.jpg&#8221; title_text=&#8221;3.4.final&#8221; _builder_version=&#8221;4.27.2&#8243; _module_preset=&#8221;default&#8221; global_colors_info=&#8221;{}&#8221;][\/et_pb_image][et_pb_image src=&#8221;https:\/\/ludicum.org\/wp-content\/uploads\/2024\/11\/3.5.final_.jpg&#8221; title_text=&#8221;3.5.final&#8221; _builder_version=&#8221;4.27.2&#8243; _module_preset=&#8221;default&#8221; global_colors_info=&#8221;{}&#8221;][\/et_pb_image][et_pb_image src=&#8221;https:\/\/ludicum.org\/wp-content\/uploads\/2024\/11\/4.4.final_.jpg&#8221; title_text=&#8221;4.4.final&#8221; _builder_version=&#8221;4.27.2&#8243; _module_preset=&#8221;default&#8221; global_colors_info=&#8221;{}&#8221;][\/et_pb_image][et_pb_image src=&#8221;https:\/\/ludicum.org\/wp-content\/uploads\/2024\/11\/4.5.final_.jpg&#8221; title_text=&#8221;4.5.final&#8221; _builder_version=&#8221;4.27.2&#8243; _module_preset=&#8221;default&#8221; global_colors_info=&#8221;{}&#8221;][\/et_pb_image][et_pb_image src=&#8221;https:\/\/ludicum.org\/wp-content\/uploads\/2024\/11\/4.6.final_.jpg&#8221; title_text=&#8221;4.6.final&#8221; _builder_version=&#8221;4.27.2&#8243; _module_preset=&#8221;default&#8221; global_colors_info=&#8221;{}&#8221;][\/et_pb_image][\/et_pb_column_inner][\/et_pb_row_inner][et_pb_row_inner _builder_version=&#8221;4.27.2&#8243; _module_preset=&#8221;default&#8221; custom_margin=&#8221;20px||||false|false&#8221; custom_padding=&#8221;||||false|false&#8221; global_colors_info=&#8221;{}&#8221;][et_pb_column_inner saved_specialty_column_type=&#8221;3_4&#8243; _builder_version=&#8221;4.25.1&#8243; _module_preset=&#8221;default&#8221; global_colors_info=&#8221;{}&#8221;][et_pb_heading title=&#8221;Inventa  teu jogo: vencedor&#8221; _builder_version=&#8221;4.27.2&#8243; _module_preset=&#8221;default&#8221; title_font=&#8221;Montserrat|700||on|||||&#8221; title_font_size=&#8221;22px&#8221; title_line_height=&#8221;0em&#8221; custom_margin=&#8221;0px|0px|0px|0px|false|false&#8221; custom_padding=&#8221;0px|0px|20px|0px|false|false&#8221; global_colors_info=&#8221;{}&#8221;][\/et_pb_heading][et_pb_text _builder_version=&#8221;4.27.2&#8243; _module_preset=&#8221;default&#8221; global_colors_info=&#8221;{}&#8221;]<\/p>\n<div id=\"parent-fieldname-description\" class=\"documentDescription\"><span>O vencedor foi o jogo &#8220;<strong>Trident<\/strong>&#8221; da autoria de Jo\u00e3o Viegas e Gon\u00e7alo Mesquita (alunos do 7.o ano) do Col\u00e9gio Pedro Arrupe.<\/span><\/div>\n<div id=\"viewlet-above-content-body\"><\/div>\n<p>[\/et_pb_text][et_pb_image src=&#8221;https:\/\/ludicum.org\/wp-content\/uploads\/2024\/11\/vencedor-inventa-teu-jogo.png&#8221; title_text=&#8221;vencedor-inventa-teu-jogo&#8221; align=&#8221;center&#8221; _builder_version=&#8221;4.27.2&#8243; _module_preset=&#8221;default&#8221; global_colors_info=&#8221;{}&#8221;][\/et_pb_image][\/et_pb_column_inner][\/et_pb_row_inner][et_pb_row_inner _builder_version=&#8221;4.27.2&#8243; _module_preset=&#8221;default&#8221; global_colors_info=&#8221;{}&#8221;][et_pb_column_inner saved_specialty_column_type=&#8221;3_4&#8243; _builder_version=&#8221;4.25.1&#8243; _module_preset=&#8221;default&#8221; global_colors_info=&#8221;{}&#8221;][et_pb_heading title=&#8221;Galeria de Fotos&#8221; _builder_version=&#8221;4.27.2&#8243; _module_preset=&#8221;default&#8221; title_font=&#8221;Montserrat|700||on|||||&#8221; title_font_size=&#8221;22px&#8221; title_line_height=&#8221;0em&#8221; custom_margin=&#8221;0px|0px|0px|0px|false|false&#8221; custom_padding=&#8221;0px|0px|40px|0px|false|false&#8221; global_colors_info=&#8221;{}&#8221;][\/et_pb_heading][et_pb_gallery gallery_ids=&#8221;6146,6145,6144,6143,6142,6141,6140,6133,6134,6135,6136,6137,6138,6139,6132,6131&#8243; fullwidth=&#8221;on&#8221; _builder_version=&#8221;4.27.2&#8243; _module_preset=&#8221;default&#8221; custom_padding=&#8221;|100px||100px|false|false&#8221; global_colors_info=&#8221;{}&#8221;][\/et_pb_gallery][\/et_pb_column_inner][\/et_pb_row_inner][et_pb_row_inner _builder_version=&#8221;4.27.2&#8243; _module_preset=&#8221;default&#8221; custom_margin=&#8221;20px||40px||false|false&#8221; custom_padding=&#8221;||||false|false&#8221; global_colors_info=&#8221;{}&#8221;][et_pb_column_inner saved_specialty_column_type=&#8221;3_4&#8243; _builder_version=&#8221;4.25.1&#8243; _module_preset=&#8221;default&#8221; global_colors_info=&#8221;{}&#8221;][et_pb_heading title=&#8221;CNJM nos media&#8221; _builder_version=&#8221;4.25.1&#8243; _module_preset=&#8221;default&#8221; title_font=&#8221;Montserrat|700||on|||||&#8221; title_font_size=&#8221;22px&#8221; title_line_height=&#8221;0em&#8221; custom_margin=&#8221;0px|0px|0px|0px|false|false&#8221; custom_padding=&#8221;0px|0px|20px|0px|false|false&#8221; global_colors_info=&#8221;{}&#8221;][\/et_pb_heading][et_pb_text _builder_version=&#8221;4.27.2&#8243; _module_preset=&#8221;default&#8221; global_colors_info=&#8221;{}&#8221;]<\/p>\n<p><a href=\"https:\/\/www.di.fc.ul.pt\/%7Ejpn\/cnjm14\/index.htm\" target=\"_blank\" rel=\"noopener\">P\u00e1gina sobre o evento (ingl\u00eas)<\/a><\/p>\n<p><a href=\"https:\/\/www.noticiasmaia.com\/campeonato-nacional-de-jogos-matematicos-decorre-em-pedroucos\/\" target=\"_blank\" rel=\"noopener\">CNJM 15 no Not\u00edcias da Maia<\/a><\/p>\n<p><a href=\"https:\/\/www.facebook.com\/watch\/?v=313218036033273\" target=\"_blank\" rel=\"noopener\">V\u00eddeo da CM da Maia<\/a><\/p>\n<p><a href=\"https:\/\/www.facebook.com\/jnsilva1729\/videos\/10157088677499496\/\" target=\"_blank\" rel=\"noopener\">CNJM 15 Filminho<\/a><\/p>\n<p>[\/et_pb_text][\/et_pb_column_inner][\/et_pb_row_inner][\/et_pb_column][et_pb_column type=&#8221;1_4&#8243; _builder_version=&#8221;4.16&#8243; custom_padding=&#8221;|||&#8221; global_colors_info=&#8221;{}&#8221; custom_padding__hover=&#8221;|||&#8221;][et_pb_text _builder_version=&#8221;4.27.2&#8243; _module_preset=&#8221;default&#8221; width=&#8221;100%&#8221; max_width=&#8221;100%&#8221; module_alignment=&#8221;center&#8221; custom_margin=&#8221;0px|0px|0px|0px|false|false&#8221; custom_padding=&#8221;0px|15px|0px|15px|false|false&#8221; custom_css_free_form=&#8221;#page-container button {||    color:#2167a6;||}&#8221; border_radii=&#8221;on|7px|7px|7px|7px&#8221; global_colors_info=&#8221;{}&#8221;]<\/p>\n<p><span><nav id=\"bellows-main-49\" class=\"bellows bellows-nojs bellows-main bellows-source-menu bellows-align-full bellows-skin-vanilla bellows-type- bellows-expand-current\"><ul id=\"menu-cnjm\" class=\"bellows-nav\" data-bellows-config=\"main\"><li id=\"menu-item-5730\" class=\"bellows-menu-item bellows-menu-item-type-post_type bellows-menu-item-object-page bellows-menu-item-has-children bellows-menu-item-5730 bellows-item-level-0\"><a  href=\"https:\/\/ludicum.org\/en\/cnjm\/\" class=\"bellows-target\"><span class=\"bellows-target-title bellows-target-text\">CNJM<\/span><button class=\"bellows-subtoggle\" aria-label=\"Toggle Submenu\"><i class=\"bellows-subtoggle-icon-expand fa fa-chevron-down\"><\/i><i class=\"bellows-subtoggle-icon-collapse fa fa-chevron-up\"><\/i><\/button><\/a>\n<ul class=\"bellows-submenu\">\n\t<li id=\"menu-item-7477\" class=\"bellows-menu-item bellows-menu-item-type-custom bellows-menu-item-object-custom bellows-menu-item-7477 bellows-item-level-1\"><a  target=\"_blank\" href=\"https:\/\/www.ua.pt\/pt\/fabrica\/cnjm19\" class=\"bellows-target\"><span class=\"bellows-target-title bellows-target-text\">CNJM 19 | 2025 &#8211; 2026<\/span><\/a><\/li>\n\t<li id=\"menu-item-6382\" class=\"bellows-menu-item bellows-menu-item-type-post_type bellows-menu-item-object-page bellows-menu-item-6382 bellows-item-level-1\"><a  href=\"https:\/\/ludicum.org\/en\/cnjm\/cnjm-18-2024-2025\/\" class=\"bellows-target\"><span class=\"bellows-target-title bellows-target-text\">CNJM 18 | 2024 \u2013 2025<\/span><\/a><\/li>\n\t<li id=\"menu-item-6173\" class=\"bellows-menu-item bellows-menu-item-type-post_type bellows-menu-item-object-page bellows-menu-item-6173 bellows-item-level-1\"><a  href=\"https:\/\/ludicum.org\/en\/cnjm\/cnjm-17-2023-2024\/\" class=\"bellows-target\"><span class=\"bellows-target-title bellows-target-text\">CNJM 17 | 2023 \u2013 2024<\/span><\/a><\/li>\n\t<li id=\"menu-item-6174\" class=\"bellows-menu-item bellows-menu-item-type-post_type bellows-menu-item-object-page bellows-menu-item-6174 bellows-item-level-1\"><a  href=\"https:\/\/ludicum.org\/en\/cnjm\/cnjm-16-2019-2020\/\" class=\"bellows-target\"><span class=\"bellows-target-title bellows-target-text\">CNJM 16 | 2019 \u2013 2020<\/span><\/a><\/li>\n\t<li id=\"menu-item-6175\" class=\"bellows-menu-item bellows-menu-item-type-post_type bellows-menu-item-object-page bellows-menu-item-6175 bellows-item-level-1\"><a  href=\"https:\/\/ludicum.org\/en\/cnjm\/cnjm-15-2018-2019\/\" class=\"bellows-target\"><span class=\"bellows-target-title bellows-target-text\">CNJM 15 | 2018 \u2013 2019<\/span><\/a><\/li>\n\t<li id=\"menu-item-6065\" class=\"bellows-menu-item bellows-menu-item-type-post_type bellows-menu-item-object-page bellows-menu-item-6065 bellows-item-level-1\"><a  href=\"https:\/\/ludicum.org\/en\/cnjm\/cnjm-14-2017-2018\/\" class=\"bellows-target\"><span class=\"bellows-target-title bellows-target-text\">CNJM 14 | 2017 \u2013 2018<\/span><\/a><\/li>\n\t<li id=\"menu-item-6066\" class=\"bellows-menu-item bellows-menu-item-type-post_type bellows-menu-item-object-page bellows-menu-item-6066 bellows-item-level-1\"><a  href=\"https:\/\/ludicum.org\/en\/cnjm\/cnjm-13-2016-2017\/\" class=\"bellows-target\"><span class=\"bellows-target-title bellows-target-text\">CNJM 13 | 2016-2017<\/span><\/a><\/li>\n\t<li id=\"menu-item-6067\" class=\"bellows-menu-item bellows-menu-item-type-post_type bellows-menu-item-object-page bellows-menu-item-6067 bellows-item-level-1\"><a  href=\"https:\/\/ludicum.org\/en\/cnjm\/cnjm-12-2015-2016\/\" class=\"bellows-target\"><span class=\"bellows-target-title bellows-target-text\">CNJM 12 | 2015 \u2013 2016<\/span><\/a><\/li>\n\t<li id=\"menu-item-5973\" class=\"bellows-menu-item bellows-menu-item-type-post_type bellows-menu-item-object-page bellows-menu-item-5973 bellows-item-level-1\"><a  href=\"https:\/\/ludicum.org\/en\/cnjm\/cnjm-11-2014-2015\/\" class=\"bellows-target\"><span class=\"bellows-target-title bellows-target-text\">CNJM 11 | 2014- 2015<\/span><\/a><\/li>\n\t<li id=\"menu-item-5974\" class=\"bellows-menu-item bellows-menu-item-type-post_type bellows-menu-item-object-page bellows-menu-item-5974 bellows-item-level-1\"><a  href=\"https:\/\/ludicum.org\/en\/cnjm\/cnjm-10-2013-2014\/\" class=\"bellows-target\"><span class=\"bellows-target-title bellows-target-text\">CNJM 10 | 2013 \u2013 2014<\/span><\/a><\/li>\n\t<li id=\"menu-item-5975\" class=\"bellows-menu-item bellows-menu-item-type-post_type bellows-menu-item-object-page bellows-menu-item-5975 bellows-item-level-1\"><a  href=\"https:\/\/ludicum.org\/en\/cnjm\/cnjm-9-2012-2013\/\" class=\"bellows-target\"><span class=\"bellows-target-title bellows-target-text\">CNJM 9 | 2012 \u2013 2013<\/span><\/a><\/li>\n\t<li id=\"menu-item-5976\" class=\"bellows-menu-item bellows-menu-item-type-post_type bellows-menu-item-object-page bellows-menu-item-5976 bellows-item-level-1\"><a  href=\"https:\/\/ludicum.org\/en\/cnjm\/cnjm-8-2011-2012\/\" class=\"bellows-target\"><span class=\"bellows-target-title bellows-target-text\">CNJM 8 | 2011 \u2013 2012<\/span><\/a><\/li>\n\t<li id=\"menu-item-5977\" class=\"bellows-menu-item bellows-menu-item-type-post_type bellows-menu-item-object-page bellows-menu-item-5977 bellows-item-level-1\"><a  href=\"https:\/\/ludicum.org\/en\/cnjm\/cnjm-7-2010-2011\/\" class=\"bellows-target\"><span class=\"bellows-target-title bellows-target-text\">CNJM 7 | 2010 \u2013 2011<\/span><\/a><\/li>\n\t<li id=\"menu-item-5978\" class=\"bellows-menu-item bellows-menu-item-type-post_type bellows-menu-item-object-page bellows-menu-item-5978 bellows-item-level-1\"><a  href=\"https:\/\/ludicum.org\/en\/cnjm\/cnjm-6-2009-2010\/\" class=\"bellows-target\"><span class=\"bellows-target-title bellows-target-text\">CNJM 6 | 2009 \u2013 2010<\/span><\/a><\/li>\n\t<li id=\"menu-item-5979\" class=\"bellows-menu-item bellows-menu-item-type-post_type bellows-menu-item-object-page bellows-menu-item-5979 bellows-item-level-1\"><a  href=\"https:\/\/ludicum.org\/en\/cnjm\/cnjm-5-2008-2009\/\" class=\"bellows-target\"><span class=\"bellows-target-title bellows-target-text\">CNJM 5 | 2008 \u2013 2009<\/span><\/a><\/li>\n\t<li id=\"menu-item-5731\" class=\"bellows-menu-item bellows-menu-item-type-post_type bellows-menu-item-object-page bellows-menu-item-5731 bellows-item-level-1\"><a  href=\"https:\/\/ludicum.org\/en\/cnjm\/cnjm-4-2007-2008\/\" class=\"bellows-target\"><span class=\"bellows-target-title bellows-target-text\">CNJM 4 | 2007 \u2013 2008<\/span><\/a><\/li>\n\t<li id=\"menu-item-5732\" class=\"bellows-menu-item bellows-menu-item-type-post_type bellows-menu-item-object-page bellows-menu-item-5732 bellows-item-level-1\"><a  href=\"https:\/\/ludicum.org\/en\/cnjm\/cnjm-3-2006-2007\/\" class=\"bellows-target\"><span class=\"bellows-target-title bellows-target-text\">CNJM 3 | 2006 \u2013 2007<\/span><\/a><\/li>\n\t<li id=\"menu-item-5733\" class=\"bellows-menu-item bellows-menu-item-type-post_type bellows-menu-item-object-page bellows-menu-item-5733 bellows-item-level-1\"><a  href=\"https:\/\/ludicum.org\/en\/cnjm\/4567-2\/\" class=\"bellows-target\"><span class=\"bellows-target-title bellows-target-text\">CNJM 2 | 2005 \u2013 2006<\/span><\/a><\/li>\n\t<li id=\"menu-item-4524\" class=\"bellows-menu-item bellows-menu-item-type-post_type bellows-menu-item-object-page bellows-menu-item-4524 bellows-item-level-1\"><a  href=\"https:\/\/ludicum.org\/en\/cnjm\/cnjm-1-2004-2005\/\" class=\"bellows-target\"><span class=\"bellows-target-title bellows-target-text\">CNJM 1 | 2004-2005<\/span><\/a><\/li>\n<\/ul>\n<\/li>\n<\/ul><\/nav><\/span><\/p>\n<p>[\/et_pb_text][\/et_pb_column][\/et_pb_section]<\/p>\n","protected":false},"excerpt":{"rendered":"<p>A Final do 15\u00ba CNJM ser\u00e1 no dia 29 de mar\u00e7o de 2019, na Maia, no pavilh\u00e3o municipal em frente \u00e0 escola EB 2,3 de Pedrou\u00e7os. Mais informa\u00e7\u00f5es no site oficial do evento, aqui.Nacional Jorge Nuno Silva jnsilva@berkeley.edu Luis Malheiro malheirol@gmail.com Teresa Santos mtdossantos@gmail.com Contacto operacional: \u00a0Alda Carvalho &#8211; acarvalho@adm.isel.pt Local Paula Madeira (coord.) paulamadeira@escolasdepedroucos.com [&hellip;]<\/p>\n","protected":false},"author":5,"featured_media":0,"parent":4544,"menu_order":0,"comment_status":"closed","ping_status":"closed","template":"","meta":{"_acf_changed":false,"_et_pb_use_builder":"on","_et_pb_old_content":"","_et_gb_content_width":"1920","footnotes":""},"class_list":["post-6115","page","type-page","status-publish","hentry"],"acf":[],"_links":{"self":[{"href":"https:\/\/ludicum.org\/en\/wp-json\/wp\/v2\/pages\/6115","targetHints":{"allow":["GET"]}}],"collection":[{"href":"https:\/\/ludicum.org\/en\/wp-json\/wp\/v2\/pages"}],"about":[{"href":"https:\/\/ludicum.org\/en\/wp-json\/wp\/v2\/types\/page"}],"author":[{"embeddable":true,"href":"https:\/\/ludicum.org\/en\/wp-json\/wp\/v2\/users\/5"}],"replies":[{"embeddable":true,"href":"https:\/\/ludicum.org\/en\/wp-json\/wp\/v2\/comments?post=6115"}],"version-history":[{"count":0,"href":"https:\/\/ludicum.org\/en\/wp-json\/wp\/v2\/pages\/6115\/revisions"}],"up":[{"embeddable":true,"href":"https:\/\/ludicum.org\/en\/wp-json\/wp\/v2\/pages\/4544"}],"wp:attachment":[{"href":"https:\/\/ludicum.org\/en\/wp-json\/wp\/v2\/media?parent=6115"}],"curies":[{"name":"wp","href":"https:\/\/api.w.org\/{rel}","templated":true}]}}