{"id":5877,"date":"2024-10-17T22:20:29","date_gmt":"2024-10-17T21:20:29","guid":{"rendered":"https:\/\/ludicum.org\/?page_id=5877"},"modified":"2024-11-05T00:44:58","modified_gmt":"2024-11-05T00:44:58","slug":"cnjm-10-2013-2014","status":"publish","type":"page","link":"https:\/\/ludicum.org\/en\/cnjm\/cnjm-10-2013-2014\/","title":{"rendered":"CNJM 10 | 2013 &#8211; 2014"},"content":{"rendered":"<p>[et_pb_section fb_built=&#8221;1&#8243; make_equal=&#8221;on&#8221; use_custom_gutter=&#8221;on&#8221; gutter_width=&#8221;1&#8243; specialty=&#8221;on&#8221; background_color_2=&#8221;#0C71C3&#8243; padding_top_1=&#8221;0px&#8221; padding_top_2=&#8221;20px&#8221; padding_right_1=&#8221;30px&#8221; padding_right_2=&#8221;0px&#8221; padding_bottom_1=&#8221;0px&#8221; padding_bottom_2=&#8221;40px&#8221; padding_left_1=&#8221;30px&#8221; padding_left_2=&#8221;0px&#8221; padding_top_bottom_link_1=&#8221;false&#8221; padding_top_bottom_link_2=&#8221;false&#8221; padding_left_right_link_1=&#8221;false&#8221; padding_left_right_link_2=&#8221;false&#8221; _builder_version=&#8221;4.25.1&#8243; _module_preset=&#8221;default&#8221; width=&#8221;100%&#8221; max_width=&#8221;100%&#8221; inner_width=&#8221;100%&#8221; inner_max_width=&#8221;100%&#8221; custom_margin=&#8221;0px|0px|0px|0px|false|false&#8221; custom_padding=&#8221;0px|0px|0px|0px|false|false&#8221; border_width_top=&#8221;7px&#8221; border_color_top=&#8221;#0C71C3&#8243; global_colors_info=&#8221;{}&#8221;][et_pb_column type=&#8221;3_4&#8243; specialty_columns=&#8221;3&#8243; _builder_version=&#8221;4.16&#8243; custom_padding=&#8221;|||&#8221; global_colors_info=&#8221;{}&#8221; custom_padding__hover=&#8221;|||&#8221;][et_pb_row_inner _builder_version=&#8221;4.27.2&#8243; _module_preset=&#8221;default&#8221; custom_margin=&#8221;||0px||false|false&#8221; custom_padding=&#8221;||0px||false|false&#8221; global_colors_info=&#8221;{}&#8221;][et_pb_column_inner saved_specialty_column_type=&#8221;3_4&#8243; _builder_version=&#8221;4.27.2&#8243; _module_preset=&#8221;default&#8221; custom_padding=&#8221;||0px||false|false&#8221; global_colors_info=&#8221;{}&#8221;][et_pb_heading title=&#8221;CNJM 10 | 2013-2014&#8243; _builder_version=&#8221;4.27.2&#8243; _module_preset=&#8221;default&#8221; title_level=&#8221;h3&#8243; title_text_color=&#8221;#2167a6&#8243; title_font_size=&#8221;25px&#8221; custom_margin=&#8221;||0px||false|false&#8221; custom_padding=&#8221;||20px||false|false&#8221; global_colors_info=&#8221;{}&#8221;][\/et_pb_heading][et_pb_image src=&#8221;https:\/\/ludicum.org\/wp-content\/uploads\/2024\/10\/CNJM10-Cartaz.jpg&#8221; title_text=&#8221;Screenshot&#8221; align=&#8221;center&#8221; _builder_version=&#8221;4.27.2&#8243; _module_preset=&#8221;default&#8221; width=&#8221;70%&#8221; max_width=&#8221;70%&#8221; custom_padding=&#8221;|0px||0px|false|false&#8221; locked=&#8221;off&#8221; global_colors_info=&#8221;{}&#8221;][\/et_pb_image][et_pb_tabs _builder_version=&#8221;4.27.2&#8243; _module_preset=&#8221;default&#8221; custom_margin=&#8221;40px||40px||false|false&#8221; custom_padding=&#8221;||||false|false&#8221; hover_enabled=&#8221;0&#8243; locked=&#8221;off&#8221; global_colors_info=&#8221;{}&#8221; sticky_enabled=&#8221;0&#8243;][et_pb_tab title=&#8221;Comiss\u00e3o Organizadora&#8221; _builder_version=&#8221;4.27.2&#8243; _module_preset=&#8221;default&#8221; hover_enabled=&#8221;0&#8243; global_colors_info=&#8221;{}&#8221; sticky_enabled=&#8221;0&#8243;]<\/p>\n<p><strong>Comiss\u00e3o Organizadora do Campeonato Nacional de Jogos Matem\u00e1ticos 2013\/2014<\/strong><\/p>\n<p><strong>Permanente<\/strong><a class=\"external-link\" href=\"http:\/\/pwp.net.ipl.pt\/dem.isel\/acarvalho\/\"><\/a><\/p>\n<p><a class=\"external-link\" href=\"http:\/\/pwp.net.ipl.pt\/dem.isel\/acarvalho\/\"><\/a><\/p>\n<table class=\"invisible\">\n<tbody>\n<tr>\n<td align=\"right\"><a href=\"http:\/\/pwp.net.ipl.pt\/dem.isel\/acarvalho\/\">Alda Carvalho<\/a><\/td>\n<td>acjvnc@gmail.com<\/td>\n<\/tr>\n<tr>\n<td align=\"right\">Ana Fraga<\/td>\n<td><a href=\"mailto:fraga.ana@gmail.com\">fraga.ana@gmail.com<\/a><\/td>\n<\/tr>\n<tr>\n<td align=\"right\"><a class=\"external-link\" href=\"http:\/\/jnsilva.ludicum.org\/\">Jorge Nuno Silva<\/a><\/td>\n<td><a href=\"mailto:cps.carlos@gmail.com\">jnsilva@cal.berkeley.edu<\/a><\/td>\n<\/tr>\n<tr>\n<td align=\"right\"><a href=\"http:\/\/www.di.fc.ul.pt\/%7Ejpn\/\">Jo\u00e3o Pedro Neto<\/a><\/td>\n<td><a href=\"mailto:jpn@di.fc.ul.pt\">jpn@di.fc.ul.pt<\/a><\/td>\n<\/tr>\n<tr>\n<td align=\"right\">Luis Malheiro<\/td>\n<td><a href=\"mailto:malheirol@gmail.com\">malheirol@gmail.com<\/a><\/td>\n<\/tr>\n<tr>\n<td align=\"right\">Teresa Santos<\/td>\n<td><a href=\"mailto:mtdossantos@gmail.com\">mtdossantos@gmail.com<\/a><\/td>\n<\/tr>\n<\/tbody>\n<\/table>\n<p><strong><\/strong><\/p>\n<p><strong>Local<\/strong><\/p>\n<table class=\"invisible\">\n<tbody>\n<tr>\n<td align=\"right\">Vereadora Alcina Cerdeira<\/td>\n<td><a href=\"mailto:alcina.cerdeira2@gmail.com\">alcina.cerdeira2@gmail.com<\/a><\/td>\n<\/tr>\n<tr>\n<td align=\"right\">Paula Pio (CMF)<\/td>\n<td><a href=\"mailto:maildapaulapio@gmail.com\">maildapaulapio@gmail.com<\/a><\/td>\n<\/tr>\n<tr>\n<td align=\"right\">Carlos Ramos<\/td>\n<td><a href=\"mailto:ramos.cas@gmail.com\">ramos.cas@gmail.com<\/a><\/td>\n<\/tr>\n<tr>\n<td align=\"right\">Ant\u00f3nio Vaz Xavier<\/td>\n<td><a href=\"mailto:avazxavier1@sapo.pt\">avazxavier1@sapo.pt<\/a><\/td>\n<\/tr>\n<tr>\n<td align=\"right\">Joaquim Diogo<\/td>\n<td><a href=\"mailto:%20jdiogorodrigues@iol.pt\">jdiogorodrigues@iol.pt<\/a><\/td>\n<\/tr>\n<tr>\n<td align=\"right\">Isaura Reis<\/td>\n<td><a href=\"mailto:%20isauramreis@gmail.com\">isauramreis@gmail.com<\/a><\/td>\n<\/tr>\n<tr>\n<td align=\"right\">Maria Jo\u00e3o Ramos<\/td>\n<td><a href=\"mailto:mjoao013@aesg.edu.pt\">mjoao013@aesg.edu.pt<\/a><\/td>\n<\/tr>\n<tr>\n<td align=\"right\">Jo\u00e3o Paulo Br\u00e1s<\/td>\n<td><a href=\"mailto:joao512@aesg.edu.pt\">joao512@aesg.edu.pt<\/a><\/td>\n<\/tr>\n<tr>\n<td align=\"right\">Ana Cunha<\/td>\n<td><a href=\"mailto:anaincenso@hotmail.com\">anaincenso@hotmail.com<\/a><\/td>\n<\/tr>\n<tr>\n<td align=\"right\">Jorge Gamboa<\/td>\n<td><a href=\"mailto:ajgamboa@gmail.com\">ajgamboa@gmail.com<\/a><\/td>\n<\/tr>\n<\/tbody>\n<\/table>\n<p>&nbsp;<\/p>\n<p>Qualquer assunto relacionado com a participa\u00e7\u00e3o de invisuais\/baixa vis\u00e3o deve ser tratado com a Dra Carlota Dias (<a href=\"mailto:carlotadia@gmail.com\">carlotadia@gmail.com<\/a>).<\/p>\n<p>&nbsp;<\/p>\n<p>[\/et_pb_tab][et_pb_tab title=&#8221;Documentos&#8221; _builder_version=&#8221;4.27.2&#8243; _module_preset=&#8221;default&#8221; global_colors_info=&#8221;{}&#8221;]<\/p>\n<ul>\n<ul>\n<ul>\n<li><a href=\"https:\/\/ludicum.org\/wp-content\/uploads\/2024\/10\/cartazCNJM10.pdf\" target=\"_blank\" rel=\"noopener\">Cartaz<\/a><\/li>\n<li><a href=\"https:\/\/ludicum.org\/wp-content\/uploads\/2024\/10\/Regras_Jogos_CNJM_10_cor1.pdf\" target=\"_blank\" rel=\"noopener\">Regras dos jogos do CNJM 10 (PDF)<\/a><\/li>\n<li><a href=\"https:\/\/ludicum.org\/wp-content\/uploads\/2024\/10\/carta_escolas_CNJM_10.pdf\" target=\"_blank\" rel=\"noopener\">Carta \u00e0s escolas<\/a><\/li>\n<li><a href=\"https:\/\/ludicum.org\/wp-content\/uploads\/2024\/10\/Ficha_CNJM_10.pdf\" target=\"_blank\" rel=\"noopener\">Ficha de inscri\u00e7\u00e3o<\/a><\/li>\n<li><a href=\"https:\/\/ludicum.org\/wp-content\/uploads\/2024\/10\/inventa.pdf\" target=\"_blank\" rel=\"noopener\">Concurso: Inventa o teu Jogo<\/a><\/li>\n<li><a href=\"https:\/\/ludicum.org\/wp-content\/uploads\/2024\/10\/Escolas-inscritas-13.03.2014.pdf\" target=\"_blank\" rel=\"noopener\">Escolas inscritas<\/a><\/li>\n<li><a href=\"https:\/\/ludicum.org\/wp-content\/uploads\/2024\/10\/AtividadesCNJM9.pdf\" target=\"_blank\" rel=\"noopener\"><\/a><a href=\"https:\/\/ludicum.org\/wp-content\/uploads\/2024\/10\/Guia-de-final-cnjm.pdf\" target=\"_blank\" rel=\"noopener\">Guia da final<\/a><\/li>\n<\/ul>\n<\/ul>\n<\/ul>\n<p>&nbsp;<\/p>\n<p>&nbsp;<\/p>\n<p>[\/et_pb_tab][\/et_pb_tabs][\/et_pb_column_inner][\/et_pb_row_inner][et_pb_row_inner _builder_version=&#8221;4.25.1&#8243; _module_preset=&#8221;default&#8221; global_colors_info=&#8221;{}&#8221;][et_pb_column_inner saved_specialty_column_type=&#8221;3_4&#8243; _builder_version=&#8221;4.25.1&#8243; _module_preset=&#8221;default&#8221; global_colors_info=&#8221;{}&#8221;][et_pb_heading title=&#8221;Galeria de Fotos&#8221; _builder_version=&#8221;4.27.2&#8243; _module_preset=&#8221;default&#8221; title_font=&#8221;Montserrat|700||on|||||&#8221; title_font_size=&#8221;22px&#8221; title_line_height=&#8221;0em&#8221; custom_margin=&#8221;0px|0px|0px|0px|false|false&#8221; custom_padding=&#8221;0px|0px|40px|0px|false|false&#8221; global_colors_info=&#8221;{}&#8221;][\/et_pb_heading][et_pb_gallery gallery_ids=&#8221;5898,5903,5902,5901,5900,5899,5897&#8243; fullwidth=&#8221;on&#8221; _builder_version=&#8221;4.27.2&#8243; _module_preset=&#8221;default&#8221; custom_padding=&#8221;|100px||100px|false|false&#8221; global_colors_info=&#8221;{}&#8221;][\/et_pb_gallery][\/et_pb_column_inner][\/et_pb_row_inner][et_pb_row_inner _builder_version=&#8221;4.27.2&#8243; _module_preset=&#8221;default&#8221; custom_margin=&#8221;20px||20px||false|false&#8221; custom_padding=&#8221;||||false|false&#8221; global_colors_info=&#8221;{}&#8221;][et_pb_column_inner saved_specialty_column_type=&#8221;3_4&#8243; _builder_version=&#8221;4.25.1&#8243; _module_preset=&#8221;default&#8221; global_colors_info=&#8221;{}&#8221;][et_pb_heading title=&#8221;CNJM nos media&#8221; _builder_version=&#8221;4.25.1&#8243; _module_preset=&#8221;default&#8221; title_font=&#8221;Montserrat|700||on|||||&#8221; title_font_size=&#8221;22px&#8221; title_line_height=&#8221;0em&#8221; custom_margin=&#8221;0px|0px|0px|0px|false|false&#8221; custom_padding=&#8221;0px|0px|20px|0px|false|false&#8221; global_colors_info=&#8221;{}&#8221;][\/et_pb_heading][et_pb_text _builder_version=&#8221;4.27.2&#8243; _module_preset=&#8221;default&#8221; global_colors_info=&#8221;{}&#8221;]<\/p>\n<p><a href=\"https:\/\/www.di.fc.ul.pt\/%7Ejpn\/cnjm10\/index.htm\" target=\"_blank\" rel=\"noopener\">P\u00e1gina sobre o evento (ingl\u00eas)<\/a><\/p>\n<p><a href=\"https:\/\/www.youtube.com\/watch?v=_16arzF36-0\" target=\"_blank\" rel=\"noopener\">CNJM 10 na SIC<\/a><\/p>\n<p><a href=\"https:\/\/www.youtube.com\/watch?v=G5szPok3QiA\" target=\"_blank\" rel=\"noopener\">CNJM 9 visto pelo Carlos Pereira dos Santos<\/a><\/p>\n<p>[\/et_pb_text][\/et_pb_column_inner][\/et_pb_row_inner][et_pb_row_inner _builder_version=&#8221;4.27.2&#8243; _module_preset=&#8221;default&#8221; custom_margin=&#8221;20px||20px||false|false&#8221; custom_padding=&#8221;||||false|false&#8221; global_colors_info=&#8221;{}&#8221;][et_pb_column_inner saved_specialty_column_type=&#8221;3_4&#8243; _builder_version=&#8221;4.25.1&#8243; _module_preset=&#8221;default&#8221; global_colors_info=&#8221;{}&#8221;][et_pb_heading title=&#8221;Inventa do teu jogo: resultados&#8221; _builder_version=&#8221;4.27.2&#8243; _module_preset=&#8221;default&#8221; title_font=&#8221;Montserrat|700||on|||||&#8221; title_font_size=&#8221;22px&#8221; title_line_height=&#8221;0em&#8221; custom_margin=&#8221;0px|0px|0px|0px|false|false&#8221; custom_padding=&#8221;0px|0px|20px|0px|false|false&#8221; global_colors_info=&#8221;{}&#8221;][\/et_pb_heading][et_pb_text _builder_version=&#8221;4.27.2&#8243; _module_preset=&#8221;default&#8221; global_colors_info=&#8221;{}&#8221;]<\/p>\n<p style=\"text-align: justify;\">Pede-se aos premiados que contactem a organiza\u00e7\u00e3o (cnjm10@ludicum.org) para combinar a entrega dos respectivos pr\u00e9mios.<\/p>\n<p style=\"text-align: justify;\"><strong>1\u00ba Classificado:<\/strong>\u00a0Jogo\u00a0<i>CAPTIS<\/i>.<br \/>Autores: Bruna Daniela Coelho da Cruz (n\u00ba 5, 10\u00ba C), Sara Esgalhado de Oliveira Gouveia Cardoso (n\u00ba 20, 10\u00aa C).<\/p>\n<p style=\"text-align: justify;\">Escola S\/3 S\u00e3o Pedro, Vila Real<\/p>\n<p style=\"text-align: justify;\"><strong>2\u00ba Classificado:<\/strong><span>\u00a0<\/span>Jogo<span>\u00a0<\/span><i>S\u00ca INTELIGENTE<\/i><\/p>\n<p style=\"text-align: justify;\">Autores: Cl\u00e1udia Alexandra Romeiro Bonan\u00e7a, M\u00e1rcia Raquel Ramos Faria, Nuno Manuel Marques Grilo de Sousa,\u00a0<span>Sara Cristina Viana Venda.<\/span><\/p>\n<p style=\"text-align: justify;\">Escola Secund\u00e1ria D. Afonso Sanches, Vila do Conde<\/p>\n<p>[\/et_pb_text][\/et_pb_column_inner][\/et_pb_row_inner][\/et_pb_column][et_pb_column type=&#8221;1_4&#8243; _builder_version=&#8221;4.16&#8243; custom_padding=&#8221;|||&#8221; global_colors_info=&#8221;{}&#8221; custom_padding__hover=&#8221;|||&#8221;][et_pb_text _builder_version=&#8221;4.27.2&#8243; _module_preset=&#8221;default&#8221; width=&#8221;100%&#8221; max_width=&#8221;100%&#8221; module_alignment=&#8221;center&#8221; custom_margin=&#8221;0px|0px|0px|0px|false|false&#8221; custom_padding=&#8221;0px|15px|0px|15px|false|false&#8221; custom_css_free_form=&#8221;#page-container button {||    color:#2167a6;||}&#8221; border_radii=&#8221;on|7px|7px|7px|7px&#8221; global_colors_info=&#8221;{}&#8221;]<\/p>\n<p><span><nav id=\"bellows-main-49\" class=\"bellows bellows-nojs bellows-main bellows-source-menu bellows-align-full bellows-skin-vanilla bellows-type- bellows-expand-current\"><ul id=\"menu-cnjm\" class=\"bellows-nav\" data-bellows-config=\"main\"><li id=\"menu-item-5730\" class=\"bellows-menu-item bellows-menu-item-type-post_type bellows-menu-item-object-page bellows-menu-item-has-children bellows-menu-item-5730 bellows-item-level-0\"><a  href=\"https:\/\/ludicum.org\/en\/cnjm\/\" class=\"bellows-target\"><span class=\"bellows-target-title bellows-target-text\">CNJM<\/span><button class=\"bellows-subtoggle\" aria-label=\"Toggle Submenu\"><i class=\"bellows-subtoggle-icon-expand fa fa-chevron-down\"><\/i><i class=\"bellows-subtoggle-icon-collapse fa fa-chevron-up\"><\/i><\/button><\/a>\n<ul class=\"bellows-submenu\">\n\t<li id=\"menu-item-7477\" class=\"bellows-menu-item bellows-menu-item-type-custom bellows-menu-item-object-custom bellows-menu-item-7477 bellows-item-level-1\"><a  target=\"_blank\" href=\"https:\/\/www.ua.pt\/pt\/fabrica\/cnjm19\" class=\"bellows-target\"><span class=\"bellows-target-title bellows-target-text\">CNJM 19 | 2025 &#8211; 2026<\/span><\/a><\/li>\n\t<li id=\"menu-item-6382\" class=\"bellows-menu-item bellows-menu-item-type-post_type bellows-menu-item-object-page bellows-menu-item-6382 bellows-item-level-1\"><a  href=\"https:\/\/ludicum.org\/en\/cnjm\/cnjm-18-2024-2025\/\" class=\"bellows-target\"><span class=\"bellows-target-title bellows-target-text\">CNJM 18 | 2024 \u2013 2025<\/span><\/a><\/li>\n\t<li id=\"menu-item-6173\" class=\"bellows-menu-item bellows-menu-item-type-post_type bellows-menu-item-object-page bellows-menu-item-6173 bellows-item-level-1\"><a  href=\"https:\/\/ludicum.org\/en\/cnjm\/cnjm-17-2023-2024\/\" class=\"bellows-target\"><span class=\"bellows-target-title bellows-target-text\">CNJM 17 | 2023 \u2013 2024<\/span><\/a><\/li>\n\t<li id=\"menu-item-6174\" class=\"bellows-menu-item bellows-menu-item-type-post_type bellows-menu-item-object-page bellows-menu-item-6174 bellows-item-level-1\"><a  href=\"https:\/\/ludicum.org\/en\/cnjm\/cnjm-16-2019-2020\/\" class=\"bellows-target\"><span class=\"bellows-target-title bellows-target-text\">CNJM 16 | 2019 \u2013 2020<\/span><\/a><\/li>\n\t<li id=\"menu-item-6175\" class=\"bellows-menu-item bellows-menu-item-type-post_type bellows-menu-item-object-page bellows-menu-item-6175 bellows-item-level-1\"><a  href=\"https:\/\/ludicum.org\/en\/cnjm\/cnjm-15-2018-2019\/\" class=\"bellows-target\"><span class=\"bellows-target-title bellows-target-text\">CNJM 15 | 2018 \u2013 2019<\/span><\/a><\/li>\n\t<li id=\"menu-item-6065\" class=\"bellows-menu-item bellows-menu-item-type-post_type bellows-menu-item-object-page bellows-menu-item-6065 bellows-item-level-1\"><a  href=\"https:\/\/ludicum.org\/en\/cnjm\/cnjm-14-2017-2018\/\" class=\"bellows-target\"><span class=\"bellows-target-title bellows-target-text\">CNJM 14 | 2017 \u2013 2018<\/span><\/a><\/li>\n\t<li id=\"menu-item-6066\" class=\"bellows-menu-item bellows-menu-item-type-post_type bellows-menu-item-object-page bellows-menu-item-6066 bellows-item-level-1\"><a  href=\"https:\/\/ludicum.org\/en\/cnjm\/cnjm-13-2016-2017\/\" class=\"bellows-target\"><span class=\"bellows-target-title bellows-target-text\">CNJM 13 | 2016-2017<\/span><\/a><\/li>\n\t<li id=\"menu-item-6067\" class=\"bellows-menu-item bellows-menu-item-type-post_type bellows-menu-item-object-page bellows-menu-item-6067 bellows-item-level-1\"><a  href=\"https:\/\/ludicum.org\/en\/cnjm\/cnjm-12-2015-2016\/\" class=\"bellows-target\"><span class=\"bellows-target-title bellows-target-text\">CNJM 12 | 2015 \u2013 2016<\/span><\/a><\/li>\n\t<li id=\"menu-item-5973\" class=\"bellows-menu-item bellows-menu-item-type-post_type bellows-menu-item-object-page bellows-menu-item-5973 bellows-item-level-1\"><a  href=\"https:\/\/ludicum.org\/en\/cnjm\/cnjm-11-2014-2015\/\" class=\"bellows-target\"><span class=\"bellows-target-title bellows-target-text\">CNJM 11 | 2014- 2015<\/span><\/a><\/li>\n\t<li id=\"menu-item-5974\" class=\"bellows-menu-item bellows-menu-item-type-post_type bellows-menu-item-object-page bellows-menu-item-5974 bellows-item-level-1\"><a  href=\"https:\/\/ludicum.org\/en\/cnjm\/cnjm-10-2013-2014\/\" class=\"bellows-target\"><span class=\"bellows-target-title bellows-target-text\">CNJM 10 | 2013 \u2013 2014<\/span><\/a><\/li>\n\t<li id=\"menu-item-5975\" class=\"bellows-menu-item bellows-menu-item-type-post_type bellows-menu-item-object-page bellows-menu-item-5975 bellows-item-level-1\"><a  href=\"https:\/\/ludicum.org\/en\/cnjm\/cnjm-9-2012-2013\/\" class=\"bellows-target\"><span class=\"bellows-target-title bellows-target-text\">CNJM 9 | 2012 \u2013 2013<\/span><\/a><\/li>\n\t<li id=\"menu-item-5976\" class=\"bellows-menu-item bellows-menu-item-type-post_type bellows-menu-item-object-page bellows-menu-item-5976 bellows-item-level-1\"><a  href=\"https:\/\/ludicum.org\/en\/cnjm\/cnjm-8-2011-2012\/\" class=\"bellows-target\"><span class=\"bellows-target-title bellows-target-text\">CNJM 8 | 2011 \u2013 2012<\/span><\/a><\/li>\n\t<li id=\"menu-item-5977\" class=\"bellows-menu-item bellows-menu-item-type-post_type bellows-menu-item-object-page bellows-menu-item-5977 bellows-item-level-1\"><a  href=\"https:\/\/ludicum.org\/en\/cnjm\/cnjm-7-2010-2011\/\" class=\"bellows-target\"><span class=\"bellows-target-title bellows-target-text\">CNJM 7 | 2010 \u2013 2011<\/span><\/a><\/li>\n\t<li id=\"menu-item-5978\" class=\"bellows-menu-item bellows-menu-item-type-post_type bellows-menu-item-object-page bellows-menu-item-5978 bellows-item-level-1\"><a  href=\"https:\/\/ludicum.org\/en\/cnjm\/cnjm-6-2009-2010\/\" class=\"bellows-target\"><span class=\"bellows-target-title bellows-target-text\">CNJM 6 | 2009 \u2013 2010<\/span><\/a><\/li>\n\t<li id=\"menu-item-5979\" class=\"bellows-menu-item bellows-menu-item-type-post_type bellows-menu-item-object-page bellows-menu-item-5979 bellows-item-level-1\"><a  href=\"https:\/\/ludicum.org\/en\/cnjm\/cnjm-5-2008-2009\/\" class=\"bellows-target\"><span class=\"bellows-target-title bellows-target-text\">CNJM 5 | 2008 \u2013 2009<\/span><\/a><\/li>\n\t<li id=\"menu-item-5731\" class=\"bellows-menu-item bellows-menu-item-type-post_type bellows-menu-item-object-page bellows-menu-item-5731 bellows-item-level-1\"><a  href=\"https:\/\/ludicum.org\/en\/cnjm\/cnjm-4-2007-2008\/\" class=\"bellows-target\"><span class=\"bellows-target-title bellows-target-text\">CNJM 4 | 2007 \u2013 2008<\/span><\/a><\/li>\n\t<li id=\"menu-item-5732\" class=\"bellows-menu-item bellows-menu-item-type-post_type bellows-menu-item-object-page bellows-menu-item-5732 bellows-item-level-1\"><a  href=\"https:\/\/ludicum.org\/en\/cnjm\/cnjm-3-2006-2007\/\" class=\"bellows-target\"><span class=\"bellows-target-title bellows-target-text\">CNJM 3 | 2006 \u2013 2007<\/span><\/a><\/li>\n\t<li id=\"menu-item-5733\" class=\"bellows-menu-item bellows-menu-item-type-post_type bellows-menu-item-object-page bellows-menu-item-5733 bellows-item-level-1\"><a  href=\"https:\/\/ludicum.org\/en\/cnjm\/4567-2\/\" class=\"bellows-target\"><span class=\"bellows-target-title bellows-target-text\">CNJM 2 | 2005 \u2013 2006<\/span><\/a><\/li>\n\t<li id=\"menu-item-4524\" class=\"bellows-menu-item bellows-menu-item-type-post_type bellows-menu-item-object-page bellows-menu-item-4524 bellows-item-level-1\"><a  href=\"https:\/\/ludicum.org\/en\/cnjm\/cnjm-1-2004-2005\/\" class=\"bellows-target\"><span class=\"bellows-target-title bellows-target-text\">CNJM 1 | 2004-2005<\/span><\/a><\/li>\n<\/ul>\n<\/li>\n<\/ul><\/nav><\/span><\/p>\n<p>[\/et_pb_text][\/et_pb_column][\/et_pb_section]<\/p>\n","protected":false},"excerpt":{"rendered":"<p>Comiss\u00e3o Organizadora do Campeonato Nacional de Jogos Matem\u00e1ticos 2013\/2014 Permanente Alda Carvalho acjvnc@gmail.com Ana Fraga fraga.ana@gmail.com Jorge Nuno Silva jnsilva@cal.berkeley.edu Jo\u00e3o Pedro Neto jpn@di.fc.ul.pt Luis Malheiro malheirol@gmail.com Teresa Santos mtdossantos@gmail.com Local Vereadora Alcina Cerdeira alcina.cerdeira2@gmail.com Paula Pio (CMF) maildapaulapio@gmail.com Carlos Ramos ramos.cas@gmail.com Ant\u00f3nio Vaz Xavier avazxavier1@sapo.pt Joaquim Diogo jdiogorodrigues@iol.pt Isaura Reis isauramreis@gmail.com Maria Jo\u00e3o Ramos [&hellip;]<\/p>\n","protected":false},"author":5,"featured_media":0,"parent":4544,"menu_order":0,"comment_status":"closed","ping_status":"closed","template":"","meta":{"_acf_changed":false,"_et_pb_use_builder":"on","_et_pb_old_content":"","_et_gb_content_width":"1920","footnotes":""},"class_list":["post-5877","page","type-page","status-publish","hentry"],"acf":[],"_links":{"self":[{"href":"https:\/\/ludicum.org\/en\/wp-json\/wp\/v2\/pages\/5877","targetHints":{"allow":["GET"]}}],"collection":[{"href":"https:\/\/ludicum.org\/en\/wp-json\/wp\/v2\/pages"}],"about":[{"href":"https:\/\/ludicum.org\/en\/wp-json\/wp\/v2\/types\/page"}],"author":[{"embeddable":true,"href":"https:\/\/ludicum.org\/en\/wp-json\/wp\/v2\/users\/5"}],"replies":[{"embeddable":true,"href":"https:\/\/ludicum.org\/en\/wp-json\/wp\/v2\/comments?post=5877"}],"version-history":[{"count":0,"href":"https:\/\/ludicum.org\/en\/wp-json\/wp\/v2\/pages\/5877\/revisions"}],"up":[{"embeddable":true,"href":"https:\/\/ludicum.org\/en\/wp-json\/wp\/v2\/pages\/4544"}],"wp:attachment":[{"href":"https:\/\/ludicum.org\/en\/wp-json\/wp\/v2\/media?parent=5877"}],"curies":[{"name":"wp","href":"https:\/\/api.w.org\/{rel}","templated":true}]}}