{"id":5734,"date":"2024-10-14T23:55:54","date_gmt":"2024-10-14T22:55:54","guid":{"rendered":"https:\/\/ludicum.org\/?page_id=5734"},"modified":"2025-02-03T13:33:57","modified_gmt":"2025-02-03T13:33:57","slug":"cnjm-5-2008-2009","status":"publish","type":"page","link":"https:\/\/ludicum.org\/en\/cnjm\/cnjm-5-2008-2009\/","title":{"rendered":"CNJM 5 | 2008 &#8211; 2009"},"content":{"rendered":"<p>[et_pb_section fb_built=&#8221;1&#8243; make_equal=&#8221;on&#8221; use_custom_gutter=&#8221;on&#8221; gutter_width=&#8221;1&#8243; specialty=&#8221;on&#8221; background_color_2=&#8221;#0C71C3&#8243; padding_top_1=&#8221;0px&#8221; padding_top_2=&#8221;20px&#8221; padding_right_1=&#8221;30px&#8221; padding_right_2=&#8221;0px&#8221; padding_bottom_1=&#8221;0px&#8221; padding_bottom_2=&#8221;40px&#8221; padding_left_1=&#8221;30px&#8221; padding_left_2=&#8221;0px&#8221; padding_top_bottom_link_1=&#8221;false&#8221; padding_top_bottom_link_2=&#8221;false&#8221; padding_left_right_link_1=&#8221;false&#8221; padding_left_right_link_2=&#8221;false&#8221; _builder_version=&#8221;4.25.1&#8243; _module_preset=&#8221;default&#8221; width=&#8221;100%&#8221; max_width=&#8221;100%&#8221; inner_width=&#8221;100%&#8221; inner_max_width=&#8221;100%&#8221; custom_margin=&#8221;0px|0px|0px|0px|false|false&#8221; custom_padding=&#8221;0px|0px|0px|0px|false|false&#8221; border_width_top=&#8221;7px&#8221; border_color_top=&#8221;#0C71C3&#8243; global_colors_info=&#8221;{}&#8221;][et_pb_column type=&#8221;3_4&#8243; specialty_columns=&#8221;3&#8243; _builder_version=&#8221;4.16&#8243; custom_padding=&#8221;|||&#8221; global_colors_info=&#8221;{}&#8221; custom_padding__hover=&#8221;|||&#8221;][et_pb_row_inner _builder_version=&#8221;4.27.2&#8243; _module_preset=&#8221;default&#8221; custom_margin=&#8221;||0px||false|false&#8221; custom_padding=&#8221;||0px||false|false&#8221; global_colors_info=&#8221;{}&#8221;][et_pb_column_inner saved_specialty_column_type=&#8221;3_4&#8243; _builder_version=&#8221;4.27.2&#8243; _module_preset=&#8221;default&#8221; custom_padding=&#8221;||0px||false|false&#8221; global_colors_info=&#8221;{}&#8221;][et_pb_heading title=&#8221;CNJM 5 | 2008-2009&#8243; _builder_version=&#8221;4.27.2&#8243; _module_preset=&#8221;default&#8221; title_level=&#8221;h3&#8243; title_text_color=&#8221;#2167a6&#8243; title_font_size=&#8221;25px&#8221; custom_margin=&#8221;||0px||false|false&#8221; custom_padding=&#8221;||20px||false|false&#8221; global_colors_info=&#8221;{}&#8221;][\/et_pb_heading][et_pb_image src=&#8221;https:\/\/ludicum.org\/wp-content\/uploads\/2024\/10\/cartaz_cnjm5.jpg&#8221; title_text=&#8221;Screenshot&#8221; align=&#8221;center&#8221; _builder_version=&#8221;4.27.4&#8243; _module_preset=&#8221;default&#8221; width=&#8221;70%&#8221; max_width=&#8221;70%&#8221; custom_padding=&#8221;|0px||0px|false|false&#8221; hover_enabled=&#8221;0&#8243; locked=&#8221;off&#8221; global_colors_info=&#8221;{}&#8221; sticky_enabled=&#8221;0&#8243;][\/et_pb_image][et_pb_tabs _builder_version=&#8221;4.27.2&#8243; _module_preset=&#8221;default&#8221; custom_margin=&#8221;40px||40px||false|false&#8221; custom_padding=&#8221;||||false|false&#8221; locked=&#8221;off&#8221; global_colors_info=&#8221;{}&#8221;][et_pb_tab title=&#8221;Comiss\u00e3o Organizadora&#8221; _builder_version=&#8221;4.27.2&#8243; _module_preset=&#8221;default&#8221; global_colors_info=&#8221;{}&#8221;]<\/p>\n<p><strong>Comiss\u00e3o Organizadora do Campeonato Nacional de Jogos Matem\u00e1ticos 2008\/2009<\/strong><\/p>\n<table class=\"invisible\">\n<tbody>\n<tr>\n<td align=\"right\">Alberto Sim\u00f5es<\/td>\n<td><a href=\"mailto:asimoes@mat.ubi.pt\">asimoes@mat.ubi.pt<\/a><\/td>\n<\/tr>\n<tr>\n<td align=\"right\">Alda Carvalho<\/td>\n<td><a href=\"mailto:acarvalho@dem.isel.ipl.pt\">acarvalho@dem.isel.ipl.pt<\/a><\/td>\n<\/tr>\n<tr>\n<td align=\"right\">Anabela Paiva<\/td>\n<td><a href=\"mailto:apaiva@mat.ubi.pt\">apaiva@mat.ubi.pt<\/a><\/td>\n<\/tr>\n<tr>\n<td align=\"right\">Ant\u00f3nio Bento<\/td>\n<td><a href=\"mailto:bento@mat.ubi.pt\">bento@mat.ubi.pt<\/a><\/td>\n<\/tr>\n<tr>\n<td align=\"right\">Carlos Pereira dos Santos<\/td>\n<td><a href=\"mailto:cps.carlos@gmail.com\">cps.carlos@gmail.com<\/a><\/td>\n<\/tr>\n<tr>\n<td align=\"right\">Celino Miguel<\/td>\n<td><a href=\"mailto:celino@mat.ubi.pt\">celino@mat.ubi.pt<\/a><\/td>\n<\/tr>\n<tr>\n<td align=\"right\">C\u00e9sar Silva<\/td>\n<td><a href=\"mailto:csilva@mat.ubi.pt\">csilva@mat.ubi.pt<\/a><\/td>\n<\/tr>\n<tr>\n<td align=\"right\">D\u00e1rio Ferreira<\/td>\n<td><a href=\"mailto:dario@mat.ubi.pt\">dario@mat.ubi.pt<\/a><\/td>\n<\/tr>\n<tr>\n<td align=\"right\">Eug\u00e9nia Ferr\u00e3o<\/td>\n<td><a href=\"mailto:meferrao@mat.ubi.pt\">meferrao@mat.ubi.pt<\/a><\/td>\n<\/tr>\n<tr>\n<td align=\"right\">H\u00e9lder Vilarinho<\/td>\n<td><a href=\"mailto:vilarinho@mat.ubi.pt\">vilarinho@mat.ubi.pt<\/a><\/td>\n<\/tr>\n<tr>\n<td align=\"right\">Henrique Cruz<\/td>\n<td><a href=\"mailto:hcruz@mat.ubi.pt\">hcruz@mat.ubi.pt<\/a><\/td>\n<\/tr>\n<tr>\n<td align=\"right\">Jo\u00e3o Almiro<\/td>\n<td><a href=\"mailto:abreualmiro@mail.telepac.pt\">abreualmiro@mail.telepac.pt<\/a><\/td>\n<\/tr>\n<tr>\n<td align=\"right\">Jo\u00e3o Pedro Neto<\/td>\n<td><a href=\"mailto:jpn@di.fc.ul.pt\">jpn@di.fc.ul.pt<\/a><\/td>\n<\/tr>\n<tr>\n<td align=\"right\"><a href=\"http:\/\/jnsilva.ludicum.org\/\">Jorge Nuno Silva<\/a><\/td>\n<td><a href=\"mailto:jnsilva@cal.berkeley.edu\">jnsilva@cal.berkeley.edu<\/a><\/td>\n<\/tr>\n<tr>\n<td align=\"right\">Manuel Joaquim Saraiva<\/td>\n<td><a href=\"mailto:msaraiva@mat.ubi.pt\">msaraiva@mat.ubi.pt<\/a><\/td>\n<\/tr>\n<tr>\n<td align=\"right\">Nuno Correia<\/td>\n<td><a href=\"mailto:ncorreia@mat.ubi.pt\">ncorreia@mat.ubi.pt<\/a><\/td>\n<\/tr>\n<tr>\n<td align=\"right\">Patr\u00edcia Beites<\/td>\n<td><a href=\"mailto:pbeites@mat.ubi.pt\">pbeites@mat.ubi.pt<\/a><\/td>\n<\/tr>\n<tr>\n<td align=\"right\">Paulo Rebelo<\/td>\n<td><a href=\"mailto:rebelo@mat.ubi.pt\">rebelo@mat.ubi.pt<\/a><\/td>\n<\/tr>\n<tr>\n<td align=\"right\">Pedro Morais<\/td>\n<td><a href=\"mailto:pmorais@mat.ubi.pt\">pmorais@mat.ubi.pt<\/a><\/td>\n<\/tr>\n<tr>\n<td align=\"right\">Rui Pacheco<\/td>\n<td><a href=\"mailto:rpacheco@mat.ubi.pt\">mailto:rpacheco@mat.ubi.pt<\/a><\/td>\n<\/tr>\n<tr>\n<td align=\"right\">Sandra Bento<\/td>\n<td><a href=\"mailto:sbento@mat.ubi.pt\">sbento@mat.ubi.pt<\/a><\/td>\n<\/tr>\n<tr>\n<td align=\"right\">Sandra Ferreira<\/td>\n<td><a href=\"mailto:sandra@mat.ubi.pt\">sandra@mat.ubi.pt<\/a><\/td>\n<\/tr>\n<tr>\n<td align=\"right\">Sandra Vaz<\/td>\n<td><a href=\"mailto:svramos@mat.ubi.pt\">svramos@mat.ubi.pt<\/a><\/td>\n<\/tr>\n<tr>\n<td align=\"right\">Teresa Santos<\/td>\n<td><a href=\"mailto:mtdossantos@gmail.com\">mtdossantos@gmail.com<\/a><\/td>\n<\/tr>\n<\/tbody>\n<\/table>\n<p>&nbsp;<\/p>\n<p>[\/et_pb_tab][et_pb_tab title=&#8221;Documentos&#8221; _builder_version=&#8221;4.27.2&#8243; _module_preset=&#8221;default&#8221; global_colors_info=&#8221;{}&#8221;]<\/p>\n<h5><strong>Documentos<\/strong><\/h5>\n<ul>\n<li style=\"list-style-type: none;\">\n<ul>\n<li><a href=\"https:\/\/ludicum.org\/wp-content\/uploads\/2024\/10\/ludus-cnjm5-regulamento.pdf\" target=\"_blank\" rel=\"noopener\">REGULAMENTO<\/a><\/li>\n<li><a href=\"https:\/\/ludicum.org\/wp-content\/uploads\/2024\/10\/ludus-cnjm5-ficha.pdf\" target=\"_blank\" rel=\"noopener\">FICHA DE INSCRI\u00c7\u00c3O<\/a><\/li>\n<li><a href=\"https:\/\/ludicum.org\/wp-content\/uploads\/2024\/10\/ludus-cnjm5-cartaz.pdf\" target=\"_blank\" rel=\"noopener\">CARTAZ (PDF)<\/a><\/li>\n<li><a href=\"https:\/\/ludicum.org\/wp-content\/uploads\/2024\/10\/ludus-cnjm4-brochura.pdf\" target=\"_blank\" rel=\"noopener\">BROCHURA (PDF)<\/a><\/li>\n<li><a href=\"https:\/\/ludicum.org\/wp-content\/uploads\/2024\/10\/ludus-cnjm5-regras.pdf\" target=\"_blank\" rel=\"noopener\">REGRAS DOS JOGOS (PDF)<\/a><\/li>\n<li><a href=\"https:\/\/ludicum.org\/wp-content\/uploads\/2024\/10\/ludus-cnjm5-actividades.pdf\" target=\"_blank\" rel=\"noopener\">ACTIVIDADES PARALELAS<\/a><\/li>\n<li><a href=\"https:\/\/ludicum.org\/wp-content\/uploads\/2024\/10\/ludus-cnjm5-inscricoes.pdf\" target=\"_blank\" rel=\"noopener\">ESCOLAS INSCRITAS<\/a><\/li>\n<li><a href=\"https:\/\/ludicum.org\/wp-content\/uploads\/2024\/10\/ludus-cnjm5-carta.pdf\" target=\"_blank\" rel=\"noopener\">CARTA \u00c0S ESCOLAS<\/a><\/li>\n<li><a href=\"https:\/\/ludicum.org\/wp-content\/uploads\/2024\/10\/ludus-cnjm5-diafinal.pdf\" target=\"_blank\" rel=\"noopener\">DIA DA FINAL<\/a><\/li>\n<li><a href=\"https:\/\/ludicum.org\/wp-content\/uploads\/2024\/10\/ludus-cnjm5-swiss_perfect-manual.pdf\" target=\"_blank\" rel=\"noopener\">MANUAL DO SWISS PERFECT<\/a><\/li>\n<\/ul>\n<\/li>\n<\/ul>\n<p>[\/et_pb_tab][et_pb_tab title=&#8221;Informa\u00e7\u00f5es \u00fateis&#8221; _builder_version=&#8221;4.27.2&#8243; _module_preset=&#8221;default&#8221; global_colors_info=&#8221;{}&#8221;]<\/p>\n<h5><strong>Links \u00fateis<\/strong><\/h5>\n<p style=\"padding-left: 40px;\"><a href=\"https:\/\/www.iggamecenter.com\/\" target=\"_blank\" rel=\"noopener\">ig Game Center<\/a><\/p>\n<p style=\"padding-left: 40px;\"><a href=\"https:\/\/www.mat.ubi.pt\/\">Departamento de Matem\u00e1tica da Universidade da Beira Interior<\/a><\/p>\n<p style=\"padding-left: 40px;\"><a href=\"https:\/\/www.cm-covilha.pt\/\" target=\"_blank\" rel=\"noopener\">Munic\u00edpio da Covilh\u00e3<\/a><\/p>\n<p>[\/et_pb_tab][\/et_pb_tabs][et_pb_heading title=&#8221;Os Jogos&#8221; _builder_version=&#8221;4.25.1&#8243; _module_preset=&#8221;default&#8221; title_font=&#8221;Montserrat|700||on|||||&#8221; title_font_size=&#8221;22px&#8221; title_line_height=&#8221;0em&#8221; custom_margin=&#8221;0px|0px|0px|0px|false|false&#8221; custom_padding=&#8221;0px|0px|20px|0px|false|false&#8221; global_colors_info=&#8221;{}&#8221;][\/et_pb_heading][et_pb_text _builder_version=&#8221;4.27.2&#8243; _module_preset=&#8221;default&#8221; custom_margin=&#8221;||0px||false|false&#8221; custom_padding=&#8221;||0px||false|false&#8221; global_colors_info=&#8221;{}&#8221;]<\/p>\n<p>Fica a saber a hist\u00f3ria, as regras e outras informa\u00e7\u00f5es sobre cada um dos jogos do 5\u00ba CNJM.<\/p>\n<ul>\n<li style=\"list-style-type: none;\">\n<ul>\n<li><a href=\"https:\/\/ludicum.org\/jogos-abstratos-avanco\/\">Avan\u00e7o<\/a><\/li>\n<li><a href=\"https:\/\/ludicum.org\/jogos\/jogos-abstratos-hex\/\">Hex<\/a><\/li>\n<li><a href=\"https:\/\/ludicum.org\/jogos\/jogos-abstratos-konane\/\">Konane<\/a><\/li>\n<li>Ouri<\/li>\n<li>Rastros<\/li>\n<li><a href=\"https:\/\/ludicum.org\/jogos\/jogos-abstratos-semaforo\/\">Sem\u00e1foro<\/a><\/li>\n<\/ul>\n<\/li>\n<\/ul>\n<p><strong>Distribui\u00e7\u00e3o dos jogos por ciclos<\/strong><\/p>\n<ul>\n<li style=\"list-style-type: none;\">\n<ul>\n<li>Avan\u00e7o: Secund\u00e1rio<\/li>\n<li>Hex: 2\u00ba, 3\u00ba ciclos e Secund\u00e1rio<\/li>\n<li>Konane: 1\u00ba e 2\u00ba ciclos<\/li>\n<li>Ouri: 1\u00ba, 2\u00ba, e 3\u00ba ciclos<\/li>\n<li>Rastros: 3\u00ba ciclo e Secund\u00e1rio<\/li>\n<li>Sem\u00e1foro: 1\u00ba ciclo<\/li>\n<\/ul>\n<\/li>\n<\/ul>\n<table align=\"center\" class=\"grid listing\">\n<tbody>\n<tr>\n<td><\/td>\n<th align=\"center\">1\u00ba<\/th>\n<th align=\"center\">2\u00ba<\/th>\n<th align=\"center\">3\u00ba<\/th>\n<th align=\"center\">Sec<\/th>\n<\/tr>\n<tr>\n<td>Sem\u00e1foro<\/td>\n<td align=\"center\">x<\/td>\n<td align=\"center\"><\/td>\n<td align=\"center\"><\/td>\n<td align=\"center\"><\/td>\n<\/tr>\n<tr>\n<td>Konane<\/td>\n<td align=\"center\">x<\/td>\n<td align=\"center\">x<\/td>\n<td align=\"center\"><\/td>\n<td align=\"center\"><\/td>\n<\/tr>\n<tr>\n<td>Ouri<\/td>\n<td align=\"center\">x<\/td>\n<td align=\"center\">x<\/td>\n<td align=\"center\">x<\/td>\n<td align=\"center\"><\/td>\n<\/tr>\n<tr>\n<td>Hex<\/td>\n<td align=\"center\"><\/td>\n<td align=\"center\">x<\/td>\n<td align=\"center\">x<\/td>\n<td align=\"center\">x<\/td>\n<\/tr>\n<tr>\n<td>Rastros<\/td>\n<td align=\"center\"><\/td>\n<td align=\"center\"><\/td>\n<td align=\"center\">x<\/td>\n<td align=\"center\">x<\/td>\n<\/tr>\n<tr>\n<td>Avan\u00e7o<\/td>\n<td align=\"center\"><\/td>\n<td align=\"center\"><\/td>\n<td align=\"center\"><\/td>\n<td align=\"center\">x<\/td>\n<\/tr>\n<\/tbody>\n<\/table>\n<p>[\/et_pb_text][\/et_pb_column_inner][\/et_pb_row_inner][et_pb_row_inner _builder_version=&#8221;4.25.1&#8243; _module_preset=&#8221;default&#8221; global_colors_info=&#8221;{}&#8221;][et_pb_column_inner saved_specialty_column_type=&#8221;3_4&#8243; _builder_version=&#8221;4.25.1&#8243; _module_preset=&#8221;default&#8221; global_colors_info=&#8221;{}&#8221;][et_pb_heading title=&#8221;Galeria de Fotos&#8221; _builder_version=&#8221;4.27.2&#8243; _module_preset=&#8221;default&#8221; title_font=&#8221;Montserrat|700||on|||||&#8221; title_font_size=&#8221;22px&#8221; title_line_height=&#8221;0em&#8221; custom_margin=&#8221;0px|0px|0px|0px|false|false&#8221; custom_padding=&#8221;0px|0px|40px|0px|false|false&#8221; global_colors_info=&#8221;{}&#8221;][\/et_pb_heading][et_pb_gallery gallery_ids=&#8221;5743,5742,5741,5748,5740,5739,5737,5736,5744&#8243; fullwidth=&#8221;on&#8221; _builder_version=&#8221;4.27.2&#8243; _module_preset=&#8221;default&#8221; custom_padding=&#8221;|100px||100px|false|false&#8221; global_colors_info=&#8221;{}&#8221;][\/et_pb_gallery][\/et_pb_column_inner][\/et_pb_row_inner][et_pb_row_inner _builder_version=&#8221;4.27.2&#8243; _module_preset=&#8221;default&#8221; custom_margin=&#8221;20px||40px||false|false&#8221; custom_padding=&#8221;||||false|false&#8221; global_colors_info=&#8221;{}&#8221;][et_pb_column_inner saved_specialty_column_type=&#8221;3_4&#8243; _builder_version=&#8221;4.25.1&#8243; _module_preset=&#8221;default&#8221; global_colors_info=&#8221;{}&#8221;][et_pb_heading title=&#8221;CNJM nos media&#8221; _builder_version=&#8221;4.25.1&#8243; _module_preset=&#8221;default&#8221; title_font=&#8221;Montserrat|700||on|||||&#8221; title_font_size=&#8221;22px&#8221; title_line_height=&#8221;0em&#8221; custom_margin=&#8221;0px|0px|0px|0px|false|false&#8221; custom_padding=&#8221;0px|0px|20px|0px|false|false&#8221; global_colors_info=&#8221;{}&#8221;][\/et_pb_heading][et_pb_text _builder_version=&#8221;4.27.2&#8243; _module_preset=&#8221;default&#8221; global_colors_info=&#8221;{}&#8221;]<\/p>\n<p><a href=\"https:\/\/dererummundi.blogspot.com\/2009\/03\/jogos-matematicos-em-campeonato.html\" target=\"_blank\" rel=\"noopener\">Na imprensa | De Rerum Natura<\/a><\/p>\n<p><a href=\"https:\/\/geracaode60.blogspot.com\/2009\/03\/jogos-matematicos-em-campeonato.html\" target=\"_blank\" rel=\"noopener\">Na imprensa | Gera\u00e7\u00e3o de 60<\/a><\/p>\n<p><a href=\"https:\/\/www.youtube.com\/watch?v=8YtjTZ5V7O8\" target=\"_blank\" rel=\"noopener\">RTP | V\u00eddeo do YouTube<\/a><\/p>\n<p><a href=\"https:\/\/homepages.di.fc.ul.pt\/%7Ejpn\/cnjm5\/index.htm\" target=\"_blank\" rel=\"noopener\">P\u00e1gina sobre o evento (ingl\u00eas)<\/a><\/p>\n<p>[\/et_pb_text][\/et_pb_column_inner][\/et_pb_row_inner][\/et_pb_column][et_pb_column type=&#8221;1_4&#8243; _builder_version=&#8221;4.16&#8243; custom_padding=&#8221;|||&#8221; global_colors_info=&#8221;{}&#8221; custom_padding__hover=&#8221;|||&#8221;][et_pb_text _builder_version=&#8221;4.27.2&#8243; _module_preset=&#8221;default&#8221; width=&#8221;100%&#8221; max_width=&#8221;100%&#8221; module_alignment=&#8221;center&#8221; custom_margin=&#8221;0px|0px|0px|0px|false|false&#8221; custom_padding=&#8221;0px|15px|0px|15px|false|false&#8221; custom_css_free_form=&#8221;#page-container button {||    color:#2167a6;||}&#8221; border_radii=&#8221;on|7px|7px|7px|7px&#8221; global_colors_info=&#8221;{}&#8221;]<\/p>\n<p><span><nav id=\"bellows-main-49\" class=\"bellows bellows-nojs bellows-main bellows-source-menu bellows-align-full bellows-skin-vanilla bellows-type- bellows-expand-current\"><ul id=\"menu-cnjm\" class=\"bellows-nav\" data-bellows-config=\"main\"><li id=\"menu-item-5730\" class=\"bellows-menu-item bellows-menu-item-type-post_type bellows-menu-item-object-page bellows-menu-item-has-children bellows-menu-item-5730 bellows-item-level-0\"><a  href=\"https:\/\/ludicum.org\/en\/cnjm\/\" class=\"bellows-target\"><span class=\"bellows-target-title bellows-target-text\">CNJM<\/span><button class=\"bellows-subtoggle\" aria-label=\"Toggle Submenu\"><i class=\"bellows-subtoggle-icon-expand fa fa-chevron-down\"><\/i><i class=\"bellows-subtoggle-icon-collapse fa fa-chevron-up\"><\/i><\/button><\/a>\n<ul class=\"bellows-submenu\">\n\t<li id=\"menu-item-7477\" class=\"bellows-menu-item bellows-menu-item-type-custom bellows-menu-item-object-custom bellows-menu-item-7477 bellows-item-level-1\"><a  target=\"_blank\" href=\"https:\/\/www.ua.pt\/pt\/fabrica\/cnjm19\" class=\"bellows-target\"><span class=\"bellows-target-title bellows-target-text\">CNJM 19 | 2025 &#8211; 2026<\/span><\/a><\/li>\n\t<li id=\"menu-item-6382\" class=\"bellows-menu-item bellows-menu-item-type-post_type bellows-menu-item-object-page bellows-menu-item-6382 bellows-item-level-1\"><a  href=\"https:\/\/ludicum.org\/en\/cnjm\/cnjm-18-2024-2025\/\" class=\"bellows-target\"><span class=\"bellows-target-title bellows-target-text\">CNJM 18 | 2024 \u2013 2025<\/span><\/a><\/li>\n\t<li id=\"menu-item-6173\" class=\"bellows-menu-item bellows-menu-item-type-post_type bellows-menu-item-object-page bellows-menu-item-6173 bellows-item-level-1\"><a  href=\"https:\/\/ludicum.org\/en\/cnjm\/cnjm-17-2023-2024\/\" class=\"bellows-target\"><span class=\"bellows-target-title bellows-target-text\">CNJM 17 | 2023 \u2013 2024<\/span><\/a><\/li>\n\t<li id=\"menu-item-6174\" class=\"bellows-menu-item bellows-menu-item-type-post_type bellows-menu-item-object-page bellows-menu-item-6174 bellows-item-level-1\"><a  href=\"https:\/\/ludicum.org\/en\/cnjm\/cnjm-16-2019-2020\/\" class=\"bellows-target\"><span class=\"bellows-target-title bellows-target-text\">CNJM 16 | 2019 \u2013 2020<\/span><\/a><\/li>\n\t<li id=\"menu-item-6175\" class=\"bellows-menu-item bellows-menu-item-type-post_type bellows-menu-item-object-page bellows-menu-item-6175 bellows-item-level-1\"><a  href=\"https:\/\/ludicum.org\/en\/cnjm\/cnjm-15-2018-2019\/\" class=\"bellows-target\"><span class=\"bellows-target-title bellows-target-text\">CNJM 15 | 2018 \u2013 2019<\/span><\/a><\/li>\n\t<li id=\"menu-item-6065\" class=\"bellows-menu-item bellows-menu-item-type-post_type bellows-menu-item-object-page bellows-menu-item-6065 bellows-item-level-1\"><a  href=\"https:\/\/ludicum.org\/en\/cnjm\/cnjm-14-2017-2018\/\" class=\"bellows-target\"><span class=\"bellows-target-title bellows-target-text\">CNJM 14 | 2017 \u2013 2018<\/span><\/a><\/li>\n\t<li id=\"menu-item-6066\" class=\"bellows-menu-item bellows-menu-item-type-post_type bellows-menu-item-object-page bellows-menu-item-6066 bellows-item-level-1\"><a  href=\"https:\/\/ludicum.org\/en\/cnjm\/cnjm-13-2016-2017\/\" class=\"bellows-target\"><span class=\"bellows-target-title bellows-target-text\">CNJM 13 | 2016-2017<\/span><\/a><\/li>\n\t<li id=\"menu-item-6067\" class=\"bellows-menu-item bellows-menu-item-type-post_type bellows-menu-item-object-page bellows-menu-item-6067 bellows-item-level-1\"><a  href=\"https:\/\/ludicum.org\/en\/cnjm\/cnjm-12-2015-2016\/\" class=\"bellows-target\"><span class=\"bellows-target-title bellows-target-text\">CNJM 12 | 2015 \u2013 2016<\/span><\/a><\/li>\n\t<li id=\"menu-item-5973\" class=\"bellows-menu-item bellows-menu-item-type-post_type bellows-menu-item-object-page bellows-menu-item-5973 bellows-item-level-1\"><a  href=\"https:\/\/ludicum.org\/en\/cnjm\/cnjm-11-2014-2015\/\" class=\"bellows-target\"><span class=\"bellows-target-title bellows-target-text\">CNJM 11 | 2014- 2015<\/span><\/a><\/li>\n\t<li id=\"menu-item-5974\" class=\"bellows-menu-item bellows-menu-item-type-post_type bellows-menu-item-object-page bellows-menu-item-5974 bellows-item-level-1\"><a  href=\"https:\/\/ludicum.org\/en\/cnjm\/cnjm-10-2013-2014\/\" class=\"bellows-target\"><span class=\"bellows-target-title bellows-target-text\">CNJM 10 | 2013 \u2013 2014<\/span><\/a><\/li>\n\t<li id=\"menu-item-5975\" class=\"bellows-menu-item bellows-menu-item-type-post_type bellows-menu-item-object-page bellows-menu-item-5975 bellows-item-level-1\"><a  href=\"https:\/\/ludicum.org\/en\/cnjm\/cnjm-9-2012-2013\/\" class=\"bellows-target\"><span class=\"bellows-target-title bellows-target-text\">CNJM 9 | 2012 \u2013 2013<\/span><\/a><\/li>\n\t<li id=\"menu-item-5976\" class=\"bellows-menu-item bellows-menu-item-type-post_type bellows-menu-item-object-page bellows-menu-item-5976 bellows-item-level-1\"><a  href=\"https:\/\/ludicum.org\/en\/cnjm\/cnjm-8-2011-2012\/\" class=\"bellows-target\"><span class=\"bellows-target-title bellows-target-text\">CNJM 8 | 2011 \u2013 2012<\/span><\/a><\/li>\n\t<li id=\"menu-item-5977\" class=\"bellows-menu-item bellows-menu-item-type-post_type bellows-menu-item-object-page bellows-menu-item-5977 bellows-item-level-1\"><a  href=\"https:\/\/ludicum.org\/en\/cnjm\/cnjm-7-2010-2011\/\" class=\"bellows-target\"><span class=\"bellows-target-title bellows-target-text\">CNJM 7 | 2010 \u2013 2011<\/span><\/a><\/li>\n\t<li id=\"menu-item-5978\" class=\"bellows-menu-item bellows-menu-item-type-post_type bellows-menu-item-object-page bellows-menu-item-5978 bellows-item-level-1\"><a  href=\"https:\/\/ludicum.org\/en\/cnjm\/cnjm-6-2009-2010\/\" class=\"bellows-target\"><span class=\"bellows-target-title bellows-target-text\">CNJM 6 | 2009 \u2013 2010<\/span><\/a><\/li>\n\t<li id=\"menu-item-5979\" class=\"bellows-menu-item bellows-menu-item-type-post_type bellows-menu-item-object-page bellows-menu-item-5979 bellows-item-level-1\"><a  href=\"https:\/\/ludicum.org\/en\/cnjm\/cnjm-5-2008-2009\/\" class=\"bellows-target\"><span class=\"bellows-target-title bellows-target-text\">CNJM 5 | 2008 \u2013 2009<\/span><\/a><\/li>\n\t<li id=\"menu-item-5731\" class=\"bellows-menu-item bellows-menu-item-type-post_type bellows-menu-item-object-page bellows-menu-item-5731 bellows-item-level-1\"><a  href=\"https:\/\/ludicum.org\/en\/cnjm\/cnjm-4-2007-2008\/\" class=\"bellows-target\"><span class=\"bellows-target-title bellows-target-text\">CNJM 4 | 2007 \u2013 2008<\/span><\/a><\/li>\n\t<li id=\"menu-item-5732\" class=\"bellows-menu-item bellows-menu-item-type-post_type bellows-menu-item-object-page bellows-menu-item-5732 bellows-item-level-1\"><a  href=\"https:\/\/ludicum.org\/en\/cnjm\/cnjm-3-2006-2007\/\" class=\"bellows-target\"><span class=\"bellows-target-title bellows-target-text\">CNJM 3 | 2006 \u2013 2007<\/span><\/a><\/li>\n\t<li id=\"menu-item-5733\" class=\"bellows-menu-item bellows-menu-item-type-post_type bellows-menu-item-object-page bellows-menu-item-5733 bellows-item-level-1\"><a  href=\"https:\/\/ludicum.org\/en\/cnjm\/4567-2\/\" class=\"bellows-target\"><span class=\"bellows-target-title bellows-target-text\">CNJM 2 | 2005 \u2013 2006<\/span><\/a><\/li>\n\t<li id=\"menu-item-4524\" class=\"bellows-menu-item bellows-menu-item-type-post_type bellows-menu-item-object-page bellows-menu-item-4524 bellows-item-level-1\"><a  href=\"https:\/\/ludicum.org\/en\/cnjm\/cnjm-1-2004-2005\/\" class=\"bellows-target\"><span class=\"bellows-target-title bellows-target-text\">CNJM 1 | 2004-2005<\/span><\/a><\/li>\n<\/ul>\n<\/li>\n<\/ul><\/nav><\/span><\/p>\n<p>[\/et_pb_text][\/et_pb_column][\/et_pb_section]<\/p>\n","protected":false},"excerpt":{"rendered":"<p>Comiss\u00e3o Organizadora do Campeonato Nacional de Jogos Matem\u00e1ticos 2008\/2009 Alberto Sim\u00f5es asimoes@mat.ubi.pt Alda Carvalho acarvalho@dem.isel.ipl.pt Anabela Paiva apaiva@mat.ubi.pt Ant\u00f3nio Bento bento@mat.ubi.pt Carlos Pereira dos Santos cps.carlos@gmail.com Celino Miguel celino@mat.ubi.pt C\u00e9sar Silva csilva@mat.ubi.pt D\u00e1rio Ferreira dario@mat.ubi.pt Eug\u00e9nia Ferr\u00e3o meferrao@mat.ubi.pt H\u00e9lder Vilarinho vilarinho@mat.ubi.pt Henrique Cruz hcruz@mat.ubi.pt Jo\u00e3o Almiro abreualmiro@mail.telepac.pt Jo\u00e3o Pedro Neto jpn@di.fc.ul.pt Jorge Nuno Silva jnsilva@cal.berkeley.edu [&hellip;]<\/p>\n","protected":false},"author":5,"featured_media":0,"parent":4544,"menu_order":0,"comment_status":"closed","ping_status":"closed","template":"","meta":{"_acf_changed":false,"_et_pb_use_builder":"on","_et_pb_old_content":"","_et_gb_content_width":"1920","footnotes":""},"class_list":["post-5734","page","type-page","status-publish","hentry"],"acf":[],"_links":{"self":[{"href":"https:\/\/ludicum.org\/en\/wp-json\/wp\/v2\/pages\/5734","targetHints":{"allow":["GET"]}}],"collection":[{"href":"https:\/\/ludicum.org\/en\/wp-json\/wp\/v2\/pages"}],"about":[{"href":"https:\/\/ludicum.org\/en\/wp-json\/wp\/v2\/types\/page"}],"author":[{"embeddable":true,"href":"https:\/\/ludicum.org\/en\/wp-json\/wp\/v2\/users\/5"}],"replies":[{"embeddable":true,"href":"https:\/\/ludicum.org\/en\/wp-json\/wp\/v2\/comments?post=5734"}],"version-history":[{"count":1,"href":"https:\/\/ludicum.org\/en\/wp-json\/wp\/v2\/pages\/5734\/revisions"}],"predecessor-version":[{"id":6593,"href":"https:\/\/ludicum.org\/en\/wp-json\/wp\/v2\/pages\/5734\/revisions\/6593"}],"up":[{"embeddable":true,"href":"https:\/\/ludicum.org\/en\/wp-json\/wp\/v2\/pages\/4544"}],"wp:attachment":[{"href":"https:\/\/ludicum.org\/en\/wp-json\/wp\/v2\/media?parent=5734"}],"curies":[{"name":"wp","href":"https:\/\/api.w.org\/{rel}","templated":true}]}}