{"id":5708,"date":"2024-10-14T22:58:44","date_gmt":"2024-10-14T21:58:44","guid":{"rendered":"https:\/\/ludicum.org\/?page_id=5708"},"modified":"2025-02-03T13:33:19","modified_gmt":"2025-02-03T13:33:19","slug":"cnjm-4-2007-2008","status":"publish","type":"page","link":"https:\/\/ludicum.org\/en\/cnjm\/cnjm-4-2007-2008\/","title":{"rendered":"CNJM 4 | 2007 &#8211; 2008"},"content":{"rendered":"<p>[et_pb_section fb_built=&#8221;1&#8243; make_equal=&#8221;on&#8221; use_custom_gutter=&#8221;on&#8221; gutter_width=&#8221;1&#8243; specialty=&#8221;on&#8221; background_color_2=&#8221;#0C71C3&#8243; padding_top_1=&#8221;0px&#8221; padding_top_2=&#8221;20px&#8221; padding_right_1=&#8221;30px&#8221; padding_right_2=&#8221;0px&#8221; padding_bottom_1=&#8221;0px&#8221; padding_bottom_2=&#8221;40px&#8221; padding_left_1=&#8221;30px&#8221; padding_left_2=&#8221;0px&#8221; padding_top_bottom_link_1=&#8221;false&#8221; padding_top_bottom_link_2=&#8221;false&#8221; padding_left_right_link_1=&#8221;false&#8221; padding_left_right_link_2=&#8221;false&#8221; _builder_version=&#8221;4.25.1&#8243; _module_preset=&#8221;default&#8221; width=&#8221;100%&#8221; max_width=&#8221;100%&#8221; inner_width=&#8221;100%&#8221; inner_max_width=&#8221;100%&#8221; custom_margin=&#8221;0px|0px|0px|0px|false|false&#8221; custom_padding=&#8221;0px|0px|0px|0px|false|false&#8221; border_width_top=&#8221;7px&#8221; border_color_top=&#8221;#0C71C3&#8243; global_colors_info=&#8221;{}&#8221;][et_pb_column type=&#8221;3_4&#8243; specialty_columns=&#8221;3&#8243; _builder_version=&#8221;4.16&#8243; custom_padding=&#8221;|||&#8221; global_colors_info=&#8221;{}&#8221; custom_padding__hover=&#8221;|||&#8221;][et_pb_row_inner _builder_version=&#8221;4.27.2&#8243; _module_preset=&#8221;default&#8221; custom_margin=&#8221;||0px||false|false&#8221; custom_padding=&#8221;||0px||false|false&#8221; global_colors_info=&#8221;{}&#8221;][et_pb_column_inner saved_specialty_column_type=&#8221;3_4&#8243; _builder_version=&#8221;4.27.2&#8243; _module_preset=&#8221;default&#8221; custom_padding=&#8221;||0px||false|false&#8221; global_colors_info=&#8221;{}&#8221;][et_pb_heading title=&#8221;CNJM 4 | 2007-2008&#8243; _builder_version=&#8221;4.27.2&#8243; _module_preset=&#8221;default&#8221; title_level=&#8221;h3&#8243; title_text_color=&#8221;#2167a6&#8243; title_font_size=&#8221;25px&#8221; custom_margin=&#8221;||0px||false|false&#8221; custom_padding=&#8221;||20px||false|false&#8221; global_colors_info=&#8221;{}&#8221;][\/et_pb_heading][et_pb_image src=&#8221;https:\/\/ludicum.org\/wp-content\/uploads\/2024\/10\/Cartaz-cnjm4.jpg&#8221; title_text=&#8221;Screenshot&#8221; align=&#8221;center&#8221; _builder_version=&#8221;4.27.4&#8243; _module_preset=&#8221;default&#8221; width=&#8221;70%&#8221; max_width=&#8221;70%&#8221; custom_padding=&#8221;|0px||0px|false|false&#8221; hover_enabled=&#8221;0&#8243; locked=&#8221;off&#8221; global_colors_info=&#8221;{}&#8221; sticky_enabled=&#8221;0&#8243;][\/et_pb_image][et_pb_tabs _builder_version=&#8221;4.27.2&#8243; _module_preset=&#8221;default&#8221; custom_margin=&#8221;40px||40px||false|false&#8221; custom_padding=&#8221;||||false|false&#8221; locked=&#8221;off&#8221; global_colors_info=&#8221;{}&#8221;][et_pb_tab title=&#8221;Comiss\u00e3o Organizadora&#8221; _builder_version=&#8221;4.27.2&#8243; _module_preset=&#8221;default&#8221; global_colors_info=&#8221;{}&#8221;]<\/p>\n<p><strong>Comiss\u00e3o Organizadora do Campeonato Nacional de Jogos Matem\u00e1ticos 2006\/2007<\/strong><\/p>\n<p><strong>Alda Carvalho<\/strong> <a href=\"mailto:acarvalho@dem.isel.ipl.pt\">acarvalho@dem.isel.ipl.pt<\/a><br \/><strong>Carlos Pereira dos Santos<\/strong> <a href=\"mailto:cps.carlos@gmail.com\">cps.carlos@gmail.com<\/a><br \/><strong>Claudia Mendes<\/strong> <a href=\"mailto:clmendes@math.uminho.pt\" target=\"_blank\" rel=\"noopener\">clmendes@math.uminho.pt<\/a><br \/><strong>Joana Torres<\/strong> <a href=\"mailto:jtorres@math.uminho.pt\" target=\"_blank\" rel=\"noopener\">jtorres@math.uminho.pt<\/a><br \/><strong>Jo\u00e3o Almiro<\/strong> <a href=\"mailto:abreualmiro@mail.telepac.pt\" target=\"_blank\" rel=\"noopener\">abreualmiro@mail.telepac.pt<\/a><br \/><strong>Jo\u00e3o Pedro Neto<\/strong> <a href=\"mailto:jpn@di.fc.ul.pt\">jpn@di.fc.ul.pt<\/a><br \/><a href=\"http:\/\/jnsilva.ludicum.org\/\" target=\"_blank\" rel=\"noopener\"><strong>Jorge Nuno Silva<\/strong><\/a> <a href=\"mailto:jnsilva@cal.berkeley.edu\" target=\"_blank\" rel=\"noopener\">jnsilva@cal.berkeley.edu<\/a><br \/><strong>Maria Teresa dos Santos<\/strong> <a href=\"mailto:mtdossantos@gmail.com\" target=\"_blank\" rel=\"noopener\">mtdossantos@gmail.com<\/a><br \/><strong>Paula Mendes<\/strong> <a href=\"mailto:mtdossantos@gmail.com\" target=\"_blank\" rel=\"noopener\">mtdossantos@gmail.com<\/a><br \/><strong>Pedro Palhares<\/strong> <a href=\"mailto:palhares@iec.uminho.pt\" target=\"_blank\" rel=\"noopener\">palhares@iec.uminho.pt<\/a><br \/><strong>Pedro Patr\u00edcio <\/strong><a href=\"mailto:pedro@math.uminho.pt\" target=\"_blank\" rel=\"noopener\">pedro@math.uminho.pt<\/a><br \/><strong>Suzana Mendes <\/strong><a href=\"mailto:smendes@math.uminho.pt\" target=\"_blank\" rel=\"noopener\">smendes@math.uminho.pt<\/a><\/p>\n<p>[\/et_pb_tab][et_pb_tab title=&#8221;Regulamento&#8221; _builder_version=&#8221;4.27.2&#8243; _module_preset=&#8221;default&#8221; global_colors_info=&#8221;{}&#8221;]<\/p>\n<p><a href=\"https:\/\/ludicum.org\/wp-content\/uploads\/2024\/10\/ludus-cnjm4-regulamento.pdf\" target=\"_blank\" rel=\"noopener\">REGULAMENTO (PDF)<\/a><\/p>\n<p>[\/et_pb_tab][et_pb_tab title=&#8221;Documentos e links&#8221; _builder_version=&#8221;4.27.2&#8243; _module_preset=&#8221;default&#8221; global_colors_info=&#8221;{}&#8221;]<\/p>\n<h5><strong>Documentos<\/strong><\/h5>\n<ul>\n<li style=\"list-style-type: none;\">\n<ul>\n<li><a href=\"https:\/\/ludicum.org\/wp-content\/uploads\/2024\/10\/ludus-cnjm4-ficha.pdf\" target=\"_blank\" rel=\"noopener\">FICHA DE INSCRI\u00c7\u00c3O (PDF)<\/a><\/li>\n<li><a href=\"https:\/\/ludicum.org\/wp-content\/uploads\/2024\/10\/ludus-cnjm4-cartaz.pdf\" target=\"_blank\" rel=\"noopener\">CARTAZ (PDF)<\/a><\/li>\n<li><a href=\"https:\/\/ludicum.org\/wp-content\/uploads\/2024\/10\/ludus-cnjm4-regras.pdf\" target=\"_blank\" rel=\"noopener\">REGRAS DOS JOGOS (PDF)<\/a><\/li>\n<li><a href=\"https:\/\/ludicum.org\/wp-content\/uploads\/2024\/10\/ludus-cnjm4-inventa.pdf\" target=\"_blank\" rel=\"noopener\">CONCURSO &#8220;INVENTA O TEU JOGO&#8221; (PDF)<\/a><\/li>\n<li><a href=\"https:\/\/ludicum.org\/wp-content\/uploads\/2024\/10\/ludus-cnjm4-brochura.pdf\" target=\"_blank\" rel=\"noopener\">BROCHURA (PDF)<\/a><\/li>\n<li><a href=\"https:\/\/ludicum.org\/wp-content\/uploads\/2024\/10\/ludus-cnjm4-actividades.pdf\" target=\"_blank\" rel=\"noopener\">ACTIVIDADES EXTRA CAMPEONATO\u00a0<\/a><\/li>\n<li><a href=\"https:\/\/ludicum.org\/wp-content\/uploads\/2024\/10\/ludus-cnjm4-inscritos.pdf\" target=\"_blank\" rel=\"noopener\">INSCRITOS<\/a><\/li>\n<li><a href=\"https:\/\/ludicum.org\/wp-content\/uploads\/2024\/10\/ludus-cnjm4-premiados.pdf\">PREMIADOS<\/a><\/li>\n<\/ul>\n<\/li>\n<\/ul>\n<p><strong>Links \u00fateis<\/strong><\/p>\n<p style=\"padding-left: 40px;\"><a href=\"https:\/\/www.cm-braga.pt\/pt\" target=\"_blank\" rel=\"noopener\">Munic\u00edpio de Braga<\/a><\/p>\n<p>[\/et_pb_tab][\/et_pb_tabs][et_pb_heading title=&#8221;Os Jogos&#8221; _builder_version=&#8221;4.25.1&#8243; _module_preset=&#8221;default&#8221; title_font=&#8221;Montserrat|700||on|||||&#8221; title_font_size=&#8221;22px&#8221; title_line_height=&#8221;0em&#8221; custom_margin=&#8221;0px|0px|0px|0px|false|false&#8221; custom_padding=&#8221;0px|0px|20px|0px|false|false&#8221; global_colors_info=&#8221;{}&#8221;][\/et_pb_heading][et_pb_text _builder_version=&#8221;4.27.2&#8243; _module_preset=&#8221;default&#8221; custom_margin=&#8221;||0px||false|false&#8221; custom_padding=&#8221;||0px||false|false&#8221; global_colors_info=&#8221;{}&#8221;]<\/p>\n<p>Fica a saber a hist\u00f3ria, as regras e outras informa\u00e7\u00f5es sobre cada um dos jogos do 4\u00ba CNJM.<\/p>\n<ul>\n<li style=\"list-style-type: none;\">\n<ul>\n<li><a href=\"https:\/\/ludicum.org\/jogos\/jogos-abstratos-amazonas\/\">Amazonas<\/a><\/li>\n<li><a href=\"https:\/\/ludicum.org\/jogos\/jogos-abstratos-hex\/\">Hex<\/a><\/li>\n<li>Ouri<\/li>\n<li>Pontos e Quadrados<\/li>\n<li><a href=\"https:\/\/ludicum.org\/jogos\/jogos-abstratos-semaforo\/\">Sem\u00e1foro<\/a><\/li>\n<li>Rastros<\/li>\n<\/ul>\n<\/li>\n<\/ul>\n<p>[\/et_pb_text][\/et_pb_column_inner][\/et_pb_row_inner][et_pb_row_inner _builder_version=&#8221;4.25.1&#8243; _module_preset=&#8221;default&#8221; global_colors_info=&#8221;{}&#8221;][et_pb_column_inner saved_specialty_column_type=&#8221;3_4&#8243; _builder_version=&#8221;4.25.1&#8243; _module_preset=&#8221;default&#8221; global_colors_info=&#8221;{}&#8221;][et_pb_heading title=&#8221;Galeria de Fotos&#8221; _builder_version=&#8221;4.27.2&#8243; _module_preset=&#8221;default&#8221; title_font=&#8221;Montserrat|700||on|||||&#8221; title_font_size=&#8221;22px&#8221; title_line_height=&#8221;0em&#8221; custom_margin=&#8221;0px|0px|0px|0px|false|false&#8221; custom_padding=&#8221;0px|0px|40px|0px|false|false&#8221; global_colors_info=&#8221;{}&#8221;][\/et_pb_heading][et_pb_gallery gallery_ids=&#8221;5718,5717,5716,5715,5713,5714&#8243; fullwidth=&#8221;on&#8221; _builder_version=&#8221;4.27.2&#8243; _module_preset=&#8221;default&#8221; custom_padding=&#8221;|100px||100px|false|false&#8221; global_colors_info=&#8221;{}&#8221;][\/et_pb_gallery][\/et_pb_column_inner][\/et_pb_row_inner][et_pb_row_inner _builder_version=&#8221;4.27.2&#8243; _module_preset=&#8221;default&#8221; custom_margin=&#8221;20px||40px||false|false&#8221; custom_padding=&#8221;||||false|false&#8221; global_colors_info=&#8221;{}&#8221;][et_pb_column_inner saved_specialty_column_type=&#8221;3_4&#8243; _builder_version=&#8221;4.25.1&#8243; _module_preset=&#8221;default&#8221; global_colors_info=&#8221;{}&#8221;][et_pb_heading title=&#8221;CNJM nos media&#8221; _builder_version=&#8221;4.25.1&#8243; _module_preset=&#8221;default&#8221; title_font=&#8221;Montserrat|700||on|||||&#8221; title_font_size=&#8221;22px&#8221; title_line_height=&#8221;0em&#8221; custom_margin=&#8221;0px|0px|0px|0px|false|false&#8221; custom_padding=&#8221;0px|0px|20px|0px|false|false&#8221; global_colors_info=&#8221;{}&#8221;][\/et_pb_heading][et_pb_text _builder_version=&#8221;4.27.2&#8243; _module_preset=&#8221;default&#8221; global_colors_info=&#8221;{}&#8221;]<\/p>\n<p><a href=\"https:\/\/www.youtube.com\/watch?v=zsIqk_fbjfE\" target=\"_blank\" rel=\"noopener\">V\u00eddeo do YouTube<\/a><\/p>\n<p><a href=\"https:\/\/www.di.fc.ul.pt\/%7Ejpn\/cnjm4\/index.htm\" target=\"_blank\" rel=\"noopener\">P\u00e1gina sobre a final (ingl\u00eas)<\/a><\/p>\n<p>[\/et_pb_text][\/et_pb_column_inner][\/et_pb_row_inner][\/et_pb_column][et_pb_column type=&#8221;1_4&#8243; _builder_version=&#8221;4.16&#8243; custom_padding=&#8221;|||&#8221; global_colors_info=&#8221;{}&#8221; custom_padding__hover=&#8221;|||&#8221;][et_pb_text _builder_version=&#8221;4.27.2&#8243; _module_preset=&#8221;default&#8221; width=&#8221;100%&#8221; max_width=&#8221;100%&#8221; module_alignment=&#8221;center&#8221; custom_margin=&#8221;0px|0px|0px|0px|false|false&#8221; custom_padding=&#8221;0px|15px|0px|15px|false|false&#8221; custom_css_free_form=&#8221;#page-container button {||    color:#2167a6;||}&#8221; border_radii=&#8221;on|7px|7px|7px|7px&#8221; global_colors_info=&#8221;{}&#8221;]<\/p>\n<p><span><nav id=\"bellows-main-49\" class=\"bellows bellows-nojs bellows-main bellows-source-menu bellows-align-full bellows-skin-vanilla bellows-type- bellows-expand-current\"><ul id=\"menu-cnjm\" class=\"bellows-nav\" data-bellows-config=\"main\"><li id=\"menu-item-5730\" class=\"bellows-menu-item bellows-menu-item-type-post_type bellows-menu-item-object-page bellows-menu-item-has-children bellows-menu-item-5730 bellows-item-level-0\"><a  href=\"https:\/\/ludicum.org\/en\/cnjm\/\" class=\"bellows-target\"><span class=\"bellows-target-title bellows-target-text\">CNJM<\/span><button class=\"bellows-subtoggle\" aria-label=\"Toggle Submenu\"><i class=\"bellows-subtoggle-icon-expand fa fa-chevron-down\"><\/i><i class=\"bellows-subtoggle-icon-collapse fa fa-chevron-up\"><\/i><\/button><\/a>\n<ul class=\"bellows-submenu\">\n\t<li id=\"menu-item-7477\" class=\"bellows-menu-item bellows-menu-item-type-custom bellows-menu-item-object-custom bellows-menu-item-7477 bellows-item-level-1\"><a  target=\"_blank\" href=\"https:\/\/www.ua.pt\/pt\/fabrica\/cnjm19\" class=\"bellows-target\"><span class=\"bellows-target-title bellows-target-text\">CNJM 19 | 2025 &#8211; 2026<\/span><\/a><\/li>\n\t<li id=\"menu-item-6382\" class=\"bellows-menu-item bellows-menu-item-type-post_type bellows-menu-item-object-page bellows-menu-item-6382 bellows-item-level-1\"><a  href=\"https:\/\/ludicum.org\/en\/cnjm\/cnjm-18-2024-2025\/\" class=\"bellows-target\"><span class=\"bellows-target-title bellows-target-text\">CNJM 18 | 2024 \u2013 2025<\/span><\/a><\/li>\n\t<li id=\"menu-item-6173\" class=\"bellows-menu-item bellows-menu-item-type-post_type bellows-menu-item-object-page bellows-menu-item-6173 bellows-item-level-1\"><a  href=\"https:\/\/ludicum.org\/en\/cnjm\/cnjm-17-2023-2024\/\" class=\"bellows-target\"><span class=\"bellows-target-title bellows-target-text\">CNJM 17 | 2023 \u2013 2024<\/span><\/a><\/li>\n\t<li id=\"menu-item-6174\" class=\"bellows-menu-item bellows-menu-item-type-post_type bellows-menu-item-object-page bellows-menu-item-6174 bellows-item-level-1\"><a  href=\"https:\/\/ludicum.org\/en\/cnjm\/cnjm-16-2019-2020\/\" class=\"bellows-target\"><span class=\"bellows-target-title bellows-target-text\">CNJM 16 | 2019 \u2013 2020<\/span><\/a><\/li>\n\t<li id=\"menu-item-6175\" class=\"bellows-menu-item bellows-menu-item-type-post_type bellows-menu-item-object-page bellows-menu-item-6175 bellows-item-level-1\"><a  href=\"https:\/\/ludicum.org\/en\/cnjm\/cnjm-15-2018-2019\/\" class=\"bellows-target\"><span class=\"bellows-target-title bellows-target-text\">CNJM 15 | 2018 \u2013 2019<\/span><\/a><\/li>\n\t<li id=\"menu-item-6065\" class=\"bellows-menu-item bellows-menu-item-type-post_type bellows-menu-item-object-page bellows-menu-item-6065 bellows-item-level-1\"><a  href=\"https:\/\/ludicum.org\/en\/cnjm\/cnjm-14-2017-2018\/\" class=\"bellows-target\"><span class=\"bellows-target-title bellows-target-text\">CNJM 14 | 2017 \u2013 2018<\/span><\/a><\/li>\n\t<li id=\"menu-item-6066\" class=\"bellows-menu-item bellows-menu-item-type-post_type bellows-menu-item-object-page bellows-menu-item-6066 bellows-item-level-1\"><a  href=\"https:\/\/ludicum.org\/en\/cnjm\/cnjm-13-2016-2017\/\" class=\"bellows-target\"><span class=\"bellows-target-title bellows-target-text\">CNJM 13 | 2016-2017<\/span><\/a><\/li>\n\t<li id=\"menu-item-6067\" class=\"bellows-menu-item bellows-menu-item-type-post_type bellows-menu-item-object-page bellows-menu-item-6067 bellows-item-level-1\"><a  href=\"https:\/\/ludicum.org\/en\/cnjm\/cnjm-12-2015-2016\/\" class=\"bellows-target\"><span class=\"bellows-target-title bellows-target-text\">CNJM 12 | 2015 \u2013 2016<\/span><\/a><\/li>\n\t<li id=\"menu-item-5973\" class=\"bellows-menu-item bellows-menu-item-type-post_type bellows-menu-item-object-page bellows-menu-item-5973 bellows-item-level-1\"><a  href=\"https:\/\/ludicum.org\/en\/cnjm\/cnjm-11-2014-2015\/\" class=\"bellows-target\"><span class=\"bellows-target-title bellows-target-text\">CNJM 11 | 2014- 2015<\/span><\/a><\/li>\n\t<li id=\"menu-item-5974\" class=\"bellows-menu-item bellows-menu-item-type-post_type bellows-menu-item-object-page bellows-menu-item-5974 bellows-item-level-1\"><a  href=\"https:\/\/ludicum.org\/en\/cnjm\/cnjm-10-2013-2014\/\" class=\"bellows-target\"><span class=\"bellows-target-title bellows-target-text\">CNJM 10 | 2013 \u2013 2014<\/span><\/a><\/li>\n\t<li id=\"menu-item-5975\" class=\"bellows-menu-item bellows-menu-item-type-post_type bellows-menu-item-object-page bellows-menu-item-5975 bellows-item-level-1\"><a  href=\"https:\/\/ludicum.org\/en\/cnjm\/cnjm-9-2012-2013\/\" class=\"bellows-target\"><span class=\"bellows-target-title bellows-target-text\">CNJM 9 | 2012 \u2013 2013<\/span><\/a><\/li>\n\t<li id=\"menu-item-5976\" class=\"bellows-menu-item bellows-menu-item-type-post_type bellows-menu-item-object-page bellows-menu-item-5976 bellows-item-level-1\"><a  href=\"https:\/\/ludicum.org\/en\/cnjm\/cnjm-8-2011-2012\/\" class=\"bellows-target\"><span class=\"bellows-target-title bellows-target-text\">CNJM 8 | 2011 \u2013 2012<\/span><\/a><\/li>\n\t<li id=\"menu-item-5977\" class=\"bellows-menu-item bellows-menu-item-type-post_type bellows-menu-item-object-page bellows-menu-item-5977 bellows-item-level-1\"><a  href=\"https:\/\/ludicum.org\/en\/cnjm\/cnjm-7-2010-2011\/\" class=\"bellows-target\"><span class=\"bellows-target-title bellows-target-text\">CNJM 7 | 2010 \u2013 2011<\/span><\/a><\/li>\n\t<li id=\"menu-item-5978\" class=\"bellows-menu-item bellows-menu-item-type-post_type bellows-menu-item-object-page bellows-menu-item-5978 bellows-item-level-1\"><a  href=\"https:\/\/ludicum.org\/en\/cnjm\/cnjm-6-2009-2010\/\" class=\"bellows-target\"><span class=\"bellows-target-title bellows-target-text\">CNJM 6 | 2009 \u2013 2010<\/span><\/a><\/li>\n\t<li id=\"menu-item-5979\" class=\"bellows-menu-item bellows-menu-item-type-post_type bellows-menu-item-object-page bellows-menu-item-5979 bellows-item-level-1\"><a  href=\"https:\/\/ludicum.org\/en\/cnjm\/cnjm-5-2008-2009\/\" class=\"bellows-target\"><span class=\"bellows-target-title bellows-target-text\">CNJM 5 | 2008 \u2013 2009<\/span><\/a><\/li>\n\t<li id=\"menu-item-5731\" class=\"bellows-menu-item bellows-menu-item-type-post_type bellows-menu-item-object-page bellows-menu-item-5731 bellows-item-level-1\"><a  href=\"https:\/\/ludicum.org\/en\/cnjm\/cnjm-4-2007-2008\/\" class=\"bellows-target\"><span class=\"bellows-target-title bellows-target-text\">CNJM 4 | 2007 \u2013 2008<\/span><\/a><\/li>\n\t<li id=\"menu-item-5732\" class=\"bellows-menu-item bellows-menu-item-type-post_type bellows-menu-item-object-page bellows-menu-item-5732 bellows-item-level-1\"><a  href=\"https:\/\/ludicum.org\/en\/cnjm\/cnjm-3-2006-2007\/\" class=\"bellows-target\"><span class=\"bellows-target-title bellows-target-text\">CNJM 3 | 2006 \u2013 2007<\/span><\/a><\/li>\n\t<li id=\"menu-item-5733\" class=\"bellows-menu-item bellows-menu-item-type-post_type bellows-menu-item-object-page bellows-menu-item-5733 bellows-item-level-1\"><a  href=\"https:\/\/ludicum.org\/en\/cnjm\/4567-2\/\" class=\"bellows-target\"><span class=\"bellows-target-title bellows-target-text\">CNJM 2 | 2005 \u2013 2006<\/span><\/a><\/li>\n\t<li id=\"menu-item-4524\" class=\"bellows-menu-item bellows-menu-item-type-post_type bellows-menu-item-object-page bellows-menu-item-4524 bellows-item-level-1\"><a  href=\"https:\/\/ludicum.org\/en\/cnjm\/cnjm-1-2004-2005\/\" class=\"bellows-target\"><span class=\"bellows-target-title bellows-target-text\">CNJM 1 | 2004-2005<\/span><\/a><\/li>\n<\/ul>\n<\/li>\n<\/ul><\/nav><\/span><\/p>\n<p>[\/et_pb_text][\/et_pb_column][\/et_pb_section]<\/p>\n","protected":false},"excerpt":{"rendered":"<p>Comiss\u00e3o Organizadora do Campeonato Nacional de Jogos Matem\u00e1ticos 2006\/2007 Alda Carvalho acarvalho@dem.isel.ipl.ptCarlos Pereira dos Santos cps.carlos@gmail.comClaudia Mendes clmendes@math.uminho.ptJoana Torres jtorres@math.uminho.ptJo\u00e3o Almiro abreualmiro@mail.telepac.ptJo\u00e3o Pedro Neto jpn@di.fc.ul.ptJorge Nuno Silva jnsilva@cal.berkeley.eduMaria Teresa dos Santos mtdossantos@gmail.comPaula Mendes mtdossantos@gmail.comPedro Palhares palhares@iec.uminho.ptPedro Patr\u00edcio pedro@math.uminho.ptSuzana Mendes smendes@math.uminho.ptREGULAMENTO (PDF)Documentos FICHA DE INSCRI\u00c7\u00c3O (PDF) CARTAZ (PDF) REGRAS DOS JOGOS (PDF) CONCURSO &#8220;INVENTA O TEU [&hellip;]<\/p>\n","protected":false},"author":5,"featured_media":0,"parent":4544,"menu_order":0,"comment_status":"closed","ping_status":"closed","template":"","meta":{"_acf_changed":false,"_et_pb_use_builder":"on","_et_pb_old_content":"","_et_gb_content_width":"1920","footnotes":""},"class_list":["post-5708","page","type-page","status-publish","hentry"],"acf":[],"_links":{"self":[{"href":"https:\/\/ludicum.org\/en\/wp-json\/wp\/v2\/pages\/5708","targetHints":{"allow":["GET"]}}],"collection":[{"href":"https:\/\/ludicum.org\/en\/wp-json\/wp\/v2\/pages"}],"about":[{"href":"https:\/\/ludicum.org\/en\/wp-json\/wp\/v2\/types\/page"}],"author":[{"embeddable":true,"href":"https:\/\/ludicum.org\/en\/wp-json\/wp\/v2\/users\/5"}],"replies":[{"embeddable":true,"href":"https:\/\/ludicum.org\/en\/wp-json\/wp\/v2\/comments?post=5708"}],"version-history":[{"count":1,"href":"https:\/\/ludicum.org\/en\/wp-json\/wp\/v2\/pages\/5708\/revisions"}],"predecessor-version":[{"id":6592,"href":"https:\/\/ludicum.org\/en\/wp-json\/wp\/v2\/pages\/5708\/revisions\/6592"}],"up":[{"embeddable":true,"href":"https:\/\/ludicum.org\/en\/wp-json\/wp\/v2\/pages\/4544"}],"wp:attachment":[{"href":"https:\/\/ludicum.org\/en\/wp-json\/wp\/v2\/media?parent=5708"}],"curies":[{"name":"wp","href":"https:\/\/api.w.org\/{rel}","templated":true}]}}