{"id":4953,"date":"2024-07-29T21:50:10","date_gmt":"2024-07-29T21:50:10","guid":{"rendered":"https:\/\/ludicumnew.org\/?page_id=4953"},"modified":"2024-07-30T16:49:56","modified_gmt":"2024-07-30T16:49:56","slug":"politica-de-privacidade-e-cookies","status":"publish","type":"page","link":"https:\/\/ludicum.org\/en\/politica-de-privacidade-e-cookies\/","title":{"rendered":"Privacy and Cookies Policy"},"content":{"rendered":"<p>[et_pb_section fb_built=&#8221;1&#8243; _builder_version=&#8221;4.27.0&#8243; _module_preset=&#8221;default&#8221; global_colors_info=&#8221;{}&#8221;][et_pb_row _builder_version=&#8221;4.27.0&#8243; _module_preset=&#8221;default&#8221; global_colors_info=&#8221;{}&#8221;][et_pb_column type=&#8221;4_4&#8243; _builder_version=&#8221;4.27.0&#8243; _module_preset=&#8221;default&#8221; global_colors_info=&#8221;{}&#8221;][et_pb_heading title=&#8221;@ET-DC@eyJkeW5hbWljIjp0cnVlLCJjb250ZW50IjoicG9zdF90aXRsZSIsInNldHRpbmdzIjp7ImJlZm9yZSI6IiIsImFmdGVyIjoiIn19@&#8221; _builder_version=&#8221;4.27.0&#8243; _dynamic_attributes=&#8221;title&#8221; _module_preset=&#8221;default&#8221; title_level=&#8221;h2&#8243; title_text_align=&#8221;center&#8221; custom_margin=&#8221;||||false|false&#8221; custom_padding=&#8221;||20px||false|false&#8221; global_colors_info=&#8221;{}&#8221;][\/et_pb_heading][et_pb_text _builder_version=&#8221;4.27.0&#8243; _module_preset=&#8221;default&#8221; global_colors_info=&#8221;{}&#8221;]<\/p>\n<section class=\"elementor-section elementor-top-section elementor-element elementor-element-ec1695f elementor-section-boxed elementor-section-height-default elementor-section-height-default\" data-id=\"ec1695f\" data-element_type=\"section\">\n<div class=\"elementor-container elementor-column-gap-default\">\n<div class=\"elementor-column elementor-col-100 elementor-top-column elementor-element elementor-element-b2c63be\" data-id=\"b2c63be\" data-element_type=\"column\">\n<div class=\"elementor-widget-wrap elementor-element-populated\">\n<div class=\"elementor-element elementor-element-dd35fb3 elementor-widget elementor-widget-heading\" data-id=\"dd35fb3\" data-element_type=\"widget\" data-widget_type=\"heading.default\">\n<div class=\"elementor-widget-container\">\n<h4 class=\"elementor-heading-title elementor-size-default\" style=\"text-align: justify;\">pol\u00edtica de privacidade<\/h4>\n<\/div>\n<\/div>\n<div class=\"elementor-element elementor-element-e70a9b2 elementor-widget elementor-widget-text-editor\" data-id=\"e70a9b2\" data-element_type=\"widget\" data-widget_type=\"text-editor.default\" style=\"text-align: justify;\">\n<div class=\"elementor-widget-container\">\n<header>A Associa\u00e7\u00e3o Ludus, com sede em Rua da Escola Polit\u00e9cnica, n\u00ba 56 1250-102 Lisboa, Portugal e o n\u00famero de identifica\u00e7\u00e3o fiscal 507718283, gere o website<span>\u00a0<\/span><a href=\"https:\/\/www.ludicum.org\">https:\/\/www.ludicum.org<\/a>.<\/header>\n<p>Na Ludus damos imensa import\u00e2ncia \u00e0 privacidade dos nossos utilizadores e tivemos em considera\u00e7\u00e3o o Regulamento Geral de Protec\u00e7\u00e3o de Dados da Uni\u00e3o Europeia ao definir a nossa Pol\u00edtica de Privacidade, bem como desenvolvemos um conjunto de medidas de seguran\u00e7a que visam proteger os dados dos nossos utilizadores.<\/p>\n<p>Nesta p\u00e1gina ir\u00e1 encontrar:<\/p>\n<ul>\n<li>informa\u00e7\u00f5es sobre as nossas pol\u00edticas relativas ao armazenamento, uso e divulga\u00e7\u00e3o das informa\u00e7\u00f5es pessoais que recebemos dos utilizadores do website;<\/li>\n<li>op\u00e7\u00f5es dispon\u00edveis para cada utilizador sobre o nosso uso da informa\u00e7\u00e3o;<\/li>\n<li>medidas que implementamos para salvaguardar em seguran\u00e7a a informa\u00e7\u00e3o;<\/li>\n<li>os nossos para qualquer outra quest\u00e3o ou d\u00favida relacionada com a nossa pol\u00edtica de privacidade em vigor.<\/li>\n<\/ul>\n<p>Ao usar o servi\u00e7o, estar\u00e1 a concordar com o armazenamento e uso de informa\u00e7\u00f5es de acordo com esta pol\u00edtica.<\/p>\n<h5><strong>DEFINI\u00c7\u00d5ES<\/strong><\/h5>\n<p><strong>Servi\u00e7o ou plataforma<\/strong><span>\u00a0<\/span>\u00e9 o website<span>\u00a0<\/span><a href=\"http:\/\/www.ludicum.org\">http:\/\/www.ludicum.org<\/a> gerido pela Associa\u00e7\u00e3o Ludus.<\/p>\n<p><strong>Dados pessoais<span>\u00a0<\/span><\/strong>s\u00e3o os dados sobre um indiv\u00edduo vivo que pode ser identificado a partir desses mesmos dados.<\/p>\n<p><strong>Uso de dados<span>\u00a0<\/span><\/strong>s\u00e3o dados coletados automaticamente, gerados pelo uso do servi\u00e7o ou pela infraestrutura do servi\u00e7o (por exemplo, a dura\u00e7\u00e3o de uma visita \u00e0 p\u00e1gina).<\/p>\n<p><strong>Cookies<span>\u00a0<\/span><\/strong>s\u00e3o pequenos peda\u00e7os de dados armazenados no seu dispositivo (computador, tablet, smartphone ou outro semelhante).<\/p>\n<p><strong>Controlador de dados<span>\u00a0<\/span><\/strong>significa a pessoa f\u00edsica ou jur\u00eddica que (isoladamente ou em conjunto ou em comum com outras pessoas) determina os fins para os quais e a maneira pela qual qualquer informa\u00e7\u00e3o pessoal \u00e9 ou deve ser processada.<\/p>\n<p><strong>Processadores de dados (ou provedores de servi\u00e7os)<\/strong>\u00a0\u00e9 qualquer pessoa f\u00edsica ou jur\u00eddica que processa os dados em nome do Controlador de Dados.<br \/>Para processar os seus dados com mais efici\u00eancia podemos usar os servi\u00e7os de v\u00e1rios provedores de Servi\u00e7os.<\/p>\n<p><strong>Dados do sujeito (ou usu\u00e1rio)<span>\u00a0<\/span><\/strong>\u00e9 qualquer indiv\u00edduo vivo que usa o nosso Servi\u00e7o e est\u00e1 ligado aos respectivos Dados Pessoais.<\/p>\n<h5><strong>ARMAZENAMENTO E USO DE INFORMA\u00c7\u00d5ES<\/strong><\/h5>\n<p><strong>Dados pessoais<\/strong><\/p>\n<p>Ao usar o nosso website, podemos solicitar que nos forne\u00e7a algumas informa\u00e7\u00f5es pessoais identific\u00e1veis que podem ser usadas para contact\u00e1-lo ou identific\u00e1-lo (\u201cDados Pessoais\u201d).<\/p>\n<p>Informa\u00e7\u00f5es pessoalmente identific\u00e1veis podem incluir, mas n\u00e3o est\u00e3o limitadas a:<\/p>\n<ul>\n<li>endere\u00e7o de e-mail;<\/li>\n<li>Nome pr\u00f3prio e apelido;<\/li>\n<li>N\u00famero de telefone;<\/li>\n<li>morada, distrito, c\u00f3digo postal, cidade, pa\u00eds;<\/li>\n<li>cookies e dados de uso.<\/li>\n<\/ul>\n<p>Podemos usar os seus Dados Pessoais para contat\u00e1-lo com newsletters, materiais de marketing ou promocionais e outras informa\u00e7\u00f5es que possam ser do seu interesse. Pode optar por n\u00e3o receber nenhuma das comunica\u00e7\u00f5es enviadas por n\u00f3s seguindo o link de cancelamento de inscri\u00e7\u00e3o, pelas instru\u00e7\u00f5es fornecidas em qualquer e-mail que enviarmos ou entrando em contato connosco atrav\u00e9s do e-mail <a href=\"mailto:ludus@ludicum.org\">ludus@ludicum.org<\/a> .<\/p>\n<p><strong>Uso de dados<\/strong><\/p>\n<p>Coletamos as informa\u00e7\u00f5es que o seu navegador envia sempre que visita o nosso website (\u201cDados de Registo\u201d).<\/p>\n<p>Estes dados podem incluir informa\u00e7\u00f5es como o endere\u00e7o IP do seu computador, tipo de navegador, vers\u00e3o do navegador, as p\u00e1ginas que visita no nosso website, a hora e a data da sua visita, o tempo gasto nessas p\u00e1ginas e outras estat\u00edsticas.<\/p>\n<p>Al\u00e9m disso, podemos usar servi\u00e7os de terceiros como o Google Analytics, que colectam, monitoram e analisam essas informa\u00e7\u00f5es com o objetivo de melhorar a experi\u00eancia do utilizador.<\/p>\n<p><strong>Finalidades da recolha e uso das informa\u00e7\u00f5es<\/strong><\/p>\n<p>A Associa\u00e7\u00e3o Ludus utiliza os dados recolhidos para diversos fins, tais como mas n\u00e3o limitado aos seguintes:<\/p>\n<ul>\n<li>fornecer e manter o nosso servi\u00e7o;<\/li>\n<li>notific\u00e1-lo sobre altera\u00e7\u00f5es no nosso servi\u00e7o;<\/li>\n<li>permitir que participe em recursos interativos do nosso servi\u00e7o ao optar por faz\u00ea-lo;<\/li>\n<li>fornecer suporte ao cliente;<\/li>\n<li>reunir an\u00e1lises ou informa\u00e7\u00f5es valiosas para que possamos melhorar o nosso servi\u00e7o;<\/li>\n<li>monitorar o uso do nosso servi\u00e7o;<\/li>\n<li>detetar, prevenir e resolver problemas t\u00e9cnicos ou de seguran\u00e7a.<\/li>\n<\/ul>\n<h5><strong>RETEN\u00c7\u00c3O DE DADOS<\/strong><\/h5>\n<p>A Associa\u00e7\u00e3o Ludus ir\u00e1 reter os seus Dados Pessoais apenas durante o tempo necess\u00e1rio para os fins definidos nesta Pol\u00edtica de Privacidade.<\/p>\n<p>N\u00f3s retemos e usaremos os seus Dados Pessoais para cumprir as nossas obriga\u00e7\u00f5es legais (por exemplo, se formos obrigados a reter os seus dados para cumprir as leis aplic\u00e1veis), resolver disputas ou aplicar os nossos contratos e pol\u00edticas legais.<\/p>\n<p>A Associa\u00e7\u00e3o Ludus tamb\u00e9m reter\u00e1 os Dados para fins de an\u00e1lise interna. Os Dados s\u00e3o geralmente retidos por um curto per\u00edodo de tempo, exceto quando s\u00e3o usados para fortalecer a seguran\u00e7a, para melhorar a funcionalidade do nosso Servi\u00e7o, ou se formos legalmente obrigados a reter esses dados por per\u00edodos mais longos.<\/p>\n<h5><strong>TRANSFER\u00caNCIA DE DADOS<\/strong><\/h5>\n<p>As suas informa\u00e7\u00f5es, incluindo Dados Pessoais, podem ser transferidas para (ou mantidas em) computadores localizados fora do seu estado, prov\u00edncia, pa\u00eds ou outra jurisdi\u00e7\u00e3o governamental, onde as leis de prote\u00e7\u00e3o de dados podem ser diferentes das da sua jurisdi\u00e7\u00e3o.<\/p>\n<p>Se estiver localizado fora de Portugal e optar por fornecer informa\u00e7\u00f5es, tenha em aten\u00e7\u00e3o que transferimos os dados, incluindo Dados Pessoais, para Portugal e processamos os mesmos.<\/p>\n<p>O seu consentimento para com esta Pol\u00edtica de Privacidade, seguido pelo envio de tais informa\u00e7\u00f5es, representa a sua concord\u00e2ncia com essa transfer\u00eancia.<\/p>\n<p>A Associa\u00e7\u00e3o Ludus tomar\u00e1 todas as medidas razoavelmente necess\u00e1rias para garantir que os seus dados sejam tratados de forma segura e de acordo com esta Pol\u00edtica de Privacidade e nenhuma transfer\u00eancia dos seus Dados Pessoais ocorrer\u00e1 para qualquer outra organiza\u00e7\u00e3o ou pa\u00eds, a menos que existam controles adequados em vigor, incluindo a seguran\u00e7a dos seus dados e outras informa\u00e7\u00f5es pessoais.<\/p>\n<h5><strong>DIVULGA\u00c7\u00c3O DE DADOS<\/strong><\/h5>\n<p><strong>Divulga\u00e7\u00e3o para a aplica\u00e7\u00e3o da Lei<\/strong><\/p>\n<p>Em determinadas circunst\u00e2ncias, a Associa\u00e7\u00e3o Ludus, poder\u00e1 ser obrigada a divulgar os seus Dados Pessoais, se assim for exigido por lei ou em resposta a pedidos v\u00e1lidos de autoridades p\u00fablicas (por exemplo, um tribunal ou uma ag\u00eancia governamental).<\/p>\n<p><strong>Requerimentos Legais<\/strong><\/p>\n<p>A Associa\u00e7\u00e3o Ludus poder\u00e1 divulgar os seus Dados Pessoais, acreditando de boa f\u00e9 que tal a\u00e7\u00e3o \u00e9 necess\u00e1ria para:<\/p>\n<ul>\n<li>cumprir uma obriga\u00e7\u00e3o legal;<\/li>\n<li>proteger e defender os direitos ou propriedade da Shoelutions, Lda;<\/li>\n<li>evitar ou investigar poss\u00edveis irregularidades relacionadas ao Servi\u00e7o;<\/li>\n<li>proteger a seguran\u00e7a pessoal dos usu\u00e1rios do Servi\u00e7o ou do p\u00fablico;<\/li>\n<li>proteger contra alguma responsabilidade legal.<\/li>\n<\/ul>\n<h5><strong>SEGURAN\u00c7A<\/strong><\/h5>\n<p>A seguran\u00e7a das suas Informa\u00e7\u00f5es Pessoais \u00e9 importante para n\u00f3s e por isso mesmo implementamos o maior numero de medidas para que permane\u00e7am seguras, mas lembre-se de que nenhum m\u00e9todo de transmiss\u00e3o pela internet, ou m\u00e9todo de armazenamento eletr\u00f3nico, \u00e9 100% seguro. Embora nos esforcemos para usar meios comercialmente aceit\u00e1veis para proteger as suas Informa\u00e7\u00f5es Pessoais, n\u00e3o podemos garantir a sua seguran\u00e7a absoluta.<\/p>\n<h5><strong>DIREITOS DE PROTE\u00c7\u00c3O DE DADOS SOB O REGULAMENTO GERAL DE PROTE\u00c7\u00c3O DE DADOS (GDPR)<\/strong><\/h5>\n<p>Se \u00e9 um residente do Espa\u00e7o Econ\u00f3mico Europeu (EEE), tem certos direitos de prote\u00e7\u00e3o de dados. A Associa\u00e7\u00e3o Ludus, Lda tem como objetivo tomar medidas razo\u00e1veis para permitir que se corrija, altere, apague ou limite o uso dos seus Dados Pessoais.<\/p>\n<p>Se deseja ser informado sobre os Dados Pessoais que mantemos sobre si e deseja que sejam removidos dos nossos sistemas, entre em contato connosco.<\/p>\n<p>Em circunst\u00e2ncias normais, ter\u00e1 os seguintes direitos de prote\u00e7\u00e3o de dados:<\/p>\n<ul>\n<li>O direito de atualizar ou excluir as informa\u00e7\u00f5es que temos sobre si. Para realizar essas a\u00e7\u00f5es, entre em contacto connosco para ajud\u00e1-lo;<\/li>\n<li>O direito de retifica\u00e7\u00e3o. Ter\u00e1 o direito de retificar as suas informa\u00e7\u00f5es se essas informa\u00e7\u00f5es estiverem imprecisas ou incompletas;<\/li>\n<li>O direito de se opor. Ter\u00e1 o direito de se opor ao processamento dos seus dados pessoais;<\/li>\n<li>O direito de restri\u00e7\u00e3o. Ter\u00e1 o direito de solicitar que restrinjamos o processamento das suas informa\u00e7\u00f5es pessoais;<\/li>\n<li>O direito \u00e0 portabilidade de dados. Ter\u00e1 o direito de receber uma c\u00f3pia das informa\u00e7\u00f5es que temos sobre si num formato estruturado, leg\u00edvel e commumente usado;<\/li>\n<li>O direito de retirar o consentimento. Ter\u00e1 tamb\u00e9m o direito de retirar o seu consentimento a qualquer momento.<\/li>\n<\/ul>\n<p>Tenha em aten\u00e7\u00e3o que podemos pedir-lhe para confirmar a sua identidade antes de responder a esses pedidos.<\/p>\n<p>Tem ainda o direito de reclamar com uma Autoridade de Prote\u00e7\u00e3o de Dados sobre o nosso armazenamento e uso dos seus Dados Pessoais. Para mais informa\u00e7\u00f5es, entre em contato com a autoridade local de prote\u00e7\u00e3o de dados do Espa\u00e7o Econ\u00f3mico Europeu (EEA).<\/p>\n<h5><strong>PROVEDORES DE SERVI\u00c7OS<\/strong><\/h5>\n<p>Podemos em qualquer momento utilizar empresas e indiv\u00edduos terceiros para facilitar o nosso servi\u00e7o (\u201cPrestadores de Servi\u00e7os\u201d), para fornecer o servi\u00e7o em nosso nome, para o executar ou para nos auxiliar na an\u00e1lise de como o nosso servi\u00e7o \u00e9 utilizado.<\/p>\n<p>Esses terceiros t\u00eam acesso aos seus Dados Pessoais apenas para realizar essas tarefas em nosso nome e s\u00e3o obrigados a n\u00e3o divulg\u00e1-los ou us\u00e1-los para qualquer outra finalidade.<\/p>\n<h5><strong>AN\u00c1LISE<\/strong><\/h5>\n<p>Podemos usar prestadores de servi\u00e7os para monitorar e analisar o uso do nosso servi\u00e7o.<\/p>\n<p>Google Analytics<\/p>\n<ul>\n<li>O Google Analytics \u00e9 um servi\u00e7o de an\u00e1lise da web oferecido pelo Google que rastreia e relata o tr\u00e1fego do website. O Google usa os dados coletados para rastrear e monitorar o uso do nosso servi\u00e7o. Esses dados s\u00e3o compartilhados com outros servi\u00e7os do Google. Este pode usar os dados coletados para contextualizar e personalizar os an\u00fancios da sua pr\u00f3pria rede de publicidade.<\/li>\n<li>Poder\u00e1 desativar a disponibilidade da sua atividade no Servi\u00e7o para o Google Analytics instalando o complemento no navegador para a desativa\u00e7\u00e3o do Google Analytics. O complemento impede que o JavaScript do Google Analytics (ga.js, analytics.js e dc.js) compartilhe informa\u00e7\u00f5es com o Google Analytics sobre a atividade de visitas.<\/li>\n<li>Para mais informa\u00e7\u00f5es sobre as pr\u00e1ticas de privacidade do Google, visite a p\u00e1gina web de Privacidade e Termos de utiliza\u00e7\u00e3o do Google.<\/li>\n<\/ul>\n<h5><strong>ALTERA\u00c7\u00d5ES A ESTA POL\u00cdTICA DE PRIVACIDADE<\/strong><\/h5>\n<p>Esta Pol\u00edtica de Privacidade entra em vigor a 29 de Julho de 2024 e permanecer\u00e1 em vigor, exceto no que diz respeito a quaisquer altera\u00e7\u00f5es futuras que entrar\u00e3o em vigor imediatamente ap\u00f3s serem publicadas nesta p\u00e1gina.<\/p>\n<p>Reservamos o direito de atualizar ou alterar a nossa Pol\u00edtica de Privacidade a qualquer momento e o utilizador dever\u00e1 verificar esta Pol\u00edtica de Privacidade periodicamente. O uso cont\u00ednuo do Servi\u00e7o depois de publicarmos quaisquer altera\u00e7\u00f5es nesta p\u00e1gina, constituir\u00e1 o seu reconhecimento nas modifica\u00e7\u00f5es e seu consentimento em respeitar e estar vinculado \u00e0 Pol\u00edtica de Privacidade alterada.<\/p>\n<p>Se fizermos quaisquer altera\u00e7\u00f5es a esta Pol\u00edtica de Privacidade, iremos notific\u00e1-lo atrav\u00e9s do endere\u00e7o de e-mail que nos forneceu, ou colocando um aviso destacado no nosso site.<\/p>\n<p>&nbsp;<\/p>\n<\/div>\n<\/div>\n<\/div>\n<\/div>\n<\/div>\n<\/section>\n<section class=\"elementor-section elementor-top-section elementor-element elementor-element-39c0152 elementor-section-boxed elementor-section-height-default elementor-section-height-default\" data-id=\"39c0152\" data-element_type=\"section\">\n<div class=\"elementor-container elementor-column-gap-default\">\n<div class=\"elementor-column elementor-col-100 elementor-top-column elementor-element elementor-element-e1c9780\" data-id=\"e1c9780\" data-element_type=\"column\">\n<div class=\"elementor-widget-wrap elementor-element-populated\">\n<div class=\"elementor-element elementor-element-f526214 elementor-widget elementor-widget-heading\" data-id=\"f526214\" data-element_type=\"widget\" data-widget_type=\"heading.default\">\n<div class=\"elementor-widget-container\">\n<h4 class=\"elementor-heading-title elementor-size-default\">Pol\u00edtica de Cookies<\/h4>\n<\/div>\n<\/div>\n<div class=\"elementor-element elementor-element-44e1db8 elementor-widget elementor-widget-text-editor\" data-id=\"44e1db8\" data-element_type=\"widget\" data-widget_type=\"text-editor.default\">\n<div class=\"elementor-widget-container\">\n<header>A Associa\u00e7\u00e3o Ludus gere o website<span>\u00a0<\/span><a href=\"https:\/\/www.ludicum.org\" target=\"_blank\" rel=\"noopener\">https:\/\/www.ludicum.org<\/a>.<\/header>\n<p>N\u00f3s usamos cookies.<\/p>\n<p>Ao usar o website, voc\u00ea concorda com o uso desses cookies.<\/p>\n<p>A nossa Pol\u00edtica de Cookies explica o que s\u00e3o cookies, como os usamos, como terceiros com quem nos podemos associar podem usar cookies no servi\u00e7o, as suas op\u00e7\u00f5es e escolhas em rela\u00e7\u00e3o aos cookies entre outras informa\u00e7\u00f5es.<\/p>\n<h5><strong>O QUE S\u00c3O COOKIES?<\/strong><\/h5>\n<p>Cookies s\u00e3o pequenos ficheiros de texto que um website, app ou outra plataforma semelhante armazenam no seu computador, tablet, smartphone ou outro dispositivo semelhante quando visita essa plataforma. Os cookies permitem facilitar a navega\u00e7\u00e3o, nomeadamente memorizando o idioma ou outras prefer\u00eancias, e saber como \u00e9 que os utilizadores interagem com a plataforma por forma a melhorar o servi\u00e7o e torna-lo mais \u00fatil para si. Tamb\u00e9m s\u00e3o utilizados para oferecer publicidade de acordo com as prefer\u00eancias do utilizador.<\/p>\n<p>Os cookies n\u00e3o danificam o seu computador ou dispositivo. Esta explica\u00e7\u00e3o \u00e9 uma amostra geral do que se entende por Cookies, apenas para efeitos informativos.<\/p>\n<h5><strong>COMO \u00c9 QUE USAMOS OS COOKIES?<\/strong><\/h5>\n<p>Os Cookies s\u00e3o uma parte essencial do funcionamento do nosso website.<\/p>\n<p>O principal objetivo dos nossos cookies \u00e9 tornar a sua experi\u00eancia de navega\u00e7\u00e3o mais c\u00f3moda e eficiente, como por exemplo recordar as suas prefer\u00eancias no que diz respeito a idioma, moeda, etc durante a navega\u00e7\u00e3o e nas visitas futuras.<\/p>\n<p>Tamb\u00e9m utilizamos os nossos cookies para monitorizar e melhorar continuamente os nossos servi\u00e7os e o nosso website atrav\u00e9s de estimativas sobre dados e padr\u00f5es de utiliza\u00e7\u00e3o (n\u00famero de visitas, sec\u00e7\u00f5es mais visitadas, tempo de visita, etc.), esta monitoriza\u00e7\u00e3o poder\u00e1 ser efectuada por n\u00f3s ou terceiros contratados para o efeito. Os cookies tamb\u00e9m poder\u00e3o ser utilizados para lhe poder oferecer publicidade personalizada (na nossa ou em plataformas de terceiros), segundo os seus h\u00e1bitos de navega\u00e7\u00e3o.<\/p>\n<p>Em todo o caso, nos Cookies que utilizamos, nunca armazenamos informa\u00e7\u00e3o sens\u00edvel como palavras passe, dados de cart\u00f5es de cr\u00e9dito ou d\u00e9bito, etc.<\/p>\n<p>Em resumo, n\u00f3s usamos cookies essencialmente para os seguintes fins:<\/p>\n<ul>\n<li>habilitar certas fun\u00e7\u00f5es do website;<\/li>\n<li>executar, monitorizar e melhorar o funcionamento website;<\/li>\n<li>oferecer publicidade personalizada;<\/li>\n<li>autenticar utilizadores e impedir o uso fraudulento de contas de usu\u00e1rios.<\/li>\n<\/ul>\n<h5><strong>QUAIS S\u00c3O AS SUAS ESCOLHAS EM RELA\u00c7\u00c3O AOS COOKIES?<\/strong><\/h5>\n<p>Se quiser excluir cookies total ou parcialmente dever\u00e1 instruir o seu navegador para excluir ou recusar cookies, visite as p\u00e1ginas de ajuda do seu navegador abaixo indicadas.<\/p>\n<p>Tenha em aten\u00e7\u00e3o, no entanto, que se eliminar cookies ou se recusar a aceit\u00e1-los, poder\u00e1 n\u00e3o conseguir utilizar todas as funcionalidades que oferecemos, poder\u00e1 n\u00e3o conseguir armazenar as suas prefer\u00eancias e algumas das nossas p\u00e1ginas poder\u00e3o n\u00e3o ser apresentadas corretamente.<\/p>\n<ul>\n<li>Para o navegador Chrome, procure informa\u00e7\u00e3o no Centro de Ajuda Google sobre limpar cache e cookies.<\/li>\n<li>Para o navegador Internet Explorer, visite o Centro de Ajuda da Microsoft<\/li>\n<li>Para o navegador Firefox, visite o Centro de Ajuda da Mozilla<\/li>\n<li>Para o navegador Safari, visite o Centro de Ajuda da Apple<\/li>\n<li>Para qualquer outro navegador, visite a p\u00e1gina oficial do mesmo.<\/li>\n<\/ul>\n<h5><strong>MAIS INFORMA\u00c7\u00d5ES OU OUTRAS QUEST\u00d5ES RELACIONADAS<\/strong><a href=\"https:\/\/thenai.org\/\" target=\"_blank\" rel=\"noopener\"><\/a><\/h5>\n<p>Qualquer outra quest\u00e3o relacionada poder\u00e1 entrar em contacto connosco atrav\u00e9s do seguinte e-mail:<span>\u00a0<\/span><a href=\"mailto: ludus@ludicum.org\">ludus@ludicum.org<\/a>.<\/p>\n<p>Esta pol\u00edtica de Cookies entra em vigor a partir de 29 de Julho de 2024<\/p>\n<p>&nbsp;<\/p>\n<\/div>\n<\/div>\n<\/div>\n<\/div>\n<\/div>\n<\/section>\n<section class=\"elementor-section elementor-top-section elementor-element elementor-element-62f6da3 elementor-section-boxed elementor-section-height-default elementor-section-height-default\" data-id=\"62f6da3\" data-element_type=\"section\">\n<div class=\"elementor-container elementor-column-gap-default\">\n<div class=\"elementor-column elementor-col-100 elementor-top-column elementor-element elementor-element-f863f30\" data-id=\"f863f30\" data-element_type=\"column\">\n<div class=\"elementor-widget-wrap elementor-element-populated\">\n<div class=\"elementor-element elementor-element-cac383f elementor-widget elementor-widget-heading\" data-id=\"cac383f\" data-element_type=\"widget\" data-widget_type=\"heading.default\" style=\"text-align: justify;\">\n<div class=\"elementor-widget-container\">\n<h4 class=\"elementor-heading-title elementor-size-default\">Contactos<\/h4>\n<\/div>\n<\/div>\n<div class=\"elementor-element elementor-element-1e040cc elementor-widget elementor-widget-text-editor\" data-id=\"1e040cc\" data-element_type=\"widget\" data-widget_type=\"text-editor.default\">\n<div class=\"elementor-widget-container\">\n<p style=\"text-align: justify;\">Se tiver alguma quest\u00e3o sobre as nossas Pol\u00edtica de Privacidade e de Cookies, por favor entre em contacto, atrav\u00e9s do email: <a href=\"mailto: ludus@ludicum.org\">ludus@ludicum.org<\/a>\u00a0.<\/p>\n<\/div>\n<\/div>\n<\/div>\n<\/div>\n<\/div>\n<\/section>\n<p>[\/et_pb_text][\/et_pb_column][\/et_pb_row][\/et_pb_section]<\/p>\n","protected":false},"excerpt":{"rendered":"<p>pol\u00edtica de privacidade A Associa\u00e7\u00e3o Ludus, com sede em Rua da Escola Polit\u00e9cnica, n\u00ba 56 1250-102 Lisboa, Portugal e o n\u00famero de identifica\u00e7\u00e3o fiscal 507718283, gere o website\u00a0https:\/\/www.ludicum.org. Na Ludus damos imensa import\u00e2ncia \u00e0 privacidade dos nossos utilizadores e tivemos em considera\u00e7\u00e3o o Regulamento Geral de Protec\u00e7\u00e3o de Dados da Uni\u00e3o Europeia ao definir a [&hellip;]<\/p>\n","protected":false},"author":5,"featured_media":0,"parent":0,"menu_order":0,"comment_status":"closed","ping_status":"closed","template":"","meta":{"_acf_changed":false,"_et_pb_use_builder":"on","_et_pb_old_content":"","_et_gb_content_width":"1920","footnotes":""},"class_list":["post-4953","page","type-page","status-publish","hentry"],"acf":[],"_links":{"self":[{"href":"https:\/\/ludicum.org\/en\/wp-json\/wp\/v2\/pages\/4953","targetHints":{"allow":["GET"]}}],"collection":[{"href":"https:\/\/ludicum.org\/en\/wp-json\/wp\/v2\/pages"}],"about":[{"href":"https:\/\/ludicum.org\/en\/wp-json\/wp\/v2\/types\/page"}],"author":[{"embeddable":true,"href":"https:\/\/ludicum.org\/en\/wp-json\/wp\/v2\/users\/5"}],"replies":[{"embeddable":true,"href":"https:\/\/ludicum.org\/en\/wp-json\/wp\/v2\/comments?post=4953"}],"version-history":[{"count":0,"href":"https:\/\/ludicum.org\/en\/wp-json\/wp\/v2\/pages\/4953\/revisions"}],"wp:attachment":[{"href":"https:\/\/ludicum.org\/en\/wp-json\/wp\/v2\/media?parent=4953"}],"curies":[{"name":"wp","href":"https:\/\/api.w.org\/{rel}","templated":true}]}}