{"id":4025,"date":"2024-04-10T23:50:44","date_gmt":"2024-04-10T23:50:44","guid":{"rendered":"https:\/\/ludicumnew.org\/?page_id=4025"},"modified":"2024-09-30T13:18:05","modified_gmt":"2024-09-30T13:18:05","slug":"publicacoes","status":"publish","type":"page","link":"https:\/\/ludicum.org\/en\/publicacoes\/","title":{"rendered":"Publications"},"content":{"rendered":"<p>[et_pb_section fb_built=&#8221;1&#8243; _builder_version=&#8221;4.25.1&#8243; _module_preset=&#8221;default&#8221; background_color=&#8221;#FFFFFF&#8221; background_enable_image=&#8221;off&#8221; parallax=&#8221;on&#8221; custom_margin=&#8221;0px||||false|false&#8221; custom_padding=&#8221;0px||||false|false&#8221; top_divider_color=&#8221;gcid-0d5910ec-946c-471c-a674-756a53db7701&#8243; top_divider_flip=&#8221;horizontal&#8221; border_width_top=&#8221;5px&#8221; border_color_top=&#8221;gcid-0d5910ec-946c-471c-a674-756a53db7701&#8243; global_colors_info=&#8221;{%22gcid-0d5910ec-946c-471c-a674-756a53db7701%22:%91%22top_divider_color%22,%22border_color_top%22%93}&#8221;][et_pb_row _builder_version=&#8221;4.25.1&#8243; _module_preset=&#8221;default&#8221; custom_margin=&#8221;0px||-15px||false|false&#8221; custom_padding=&#8221;0px||0px||false|false&#8221; global_colors_info=&#8221;{}&#8221;][et_pb_column type=&#8221;4_4&#8243; _builder_version=&#8221;4.25.1&#8243; _module_preset=&#8221;default&#8221; global_colors_info=&#8221;{}&#8221;][et_pb_heading title=&#8221;PUBLICA\u00c7\u00d5ES&#8221; _builder_version=&#8221;4.25.1&#8243; _module_preset=&#8221;default&#8221; title_level=&#8221;h3&#8243; title_text_align=&#8221;center&#8221; title_text_color=&#8221;#fbcf53&#8243; min_height=&#8221;0px&#8221; custom_margin=&#8221;50px||||false|false&#8221; global_colors_info=&#8221;{}&#8221;][\/et_pb_heading][et_pb_text _builder_version=&#8221;4.25.1&#8243; _module_preset=&#8221;default&#8221; custom_margin=&#8221;-15px||||false|false&#8221; global_colors_info=&#8221;{}&#8221;]<\/p>\n<p style=\"text-align: center;\"><span>Descubra revistas, jornais, e-boo<\/span><span>ks e outras publica\u00e7\u00f5es da Ludus e outros parceiros.<\/span><\/p>\n<p>[\/et_pb_text][et_pb_heading title=&#8221;JORNAIS E REVISTAS&#8221; _builder_version=&#8221;4.24.3&#8243; _module_preset=&#8221;default&#8221; title_level=&#8221;h4&#8243; title_text_align=&#8221;left&#8221; min_height=&#8221;0px&#8221; custom_margin=&#8221;50px||||false|false&#8221; global_colors_info=&#8221;{}&#8221;][\/et_pb_heading][\/et_pb_column][\/et_pb_row][et_pb_row column_structure=&#8221;1_3,2_3&#8243; _builder_version=&#8221;4.24.3&#8243; _module_preset=&#8221;default&#8221; custom_margin=&#8221;30px||||false|false&#8221; custom_padding=&#8221;30px|30px|30px|30px|false|false&#8221; border_radii=&#8221;on|10px|10px|10px|10px&#8221; box_shadow_style=&#8221;preset2&#8243; global_colors_info=&#8221;{}&#8221; transform_styles__hover_enabled=&#8221;on|hover&#8221; transform_scale__hover=&#8221;108%|108%&#8221; transform_scale__hover_enabled=&#8221;on|hover&#8221; transform_translate__hover_enabled=&#8221;on|desktop&#8221; transform_rotate__hover_enabled=&#8221;on|desktop&#8221; transform_skew__hover_enabled=&#8221;on|desktop&#8221; transform_origin__hover_enabled=&#8221;on|desktop&#8221;][et_pb_column type=&#8221;1_3&#8243; _builder_version=&#8221;4.24.3&#8243; _module_preset=&#8221;default&#8221; global_colors_info=&#8221;{}&#8221;][et_pb_image src=&#8221;https:\/\/ludicum.org\/wp-content\/uploads\/2022\/06\/banner-jpm.jpg&#8221; alt=&#8221;Jornal das Primeiras Matematicas&#8221; title_text=&#8221;banner-jpm&#8221; url=&#8221;@ET-DC@eyJkeW5hbWljIjp0cnVlLCJjb250ZW50IjoicG9zdF9saW5rX3VybF9wYWdlIiwic2V0dGluZ3MiOnsicG9zdF9pZCI6IjU0NyJ9fQ==@&#8221; _builder_version=&#8221;4.27.0&#8243; _dynamic_attributes=&#8221;url&#8221; _module_preset=&#8221;default&#8221; hover_enabled=&#8221;0&#8243; global_colors_info=&#8221;{}&#8221; sticky_enabled=&#8221;0&#8243;][\/et_pb_image][\/et_pb_column][et_pb_column type=&#8221;2_3&#8243; _builder_version=&#8221;4.24.3&#8243; _module_preset=&#8221;default&#8221; global_colors_info=&#8221;{}&#8221;][et_pb_cta title=&#8221;JORNAL DAS PRIMEIRAS MATEM\u00c1TICAS&#8221; button_url=&#8221;@ET-DC@eyJkeW5hbWljIjp0cnVlLCJjb250ZW50IjoicG9zdF9saW5rX3VybF9wYWdlIiwic2V0dGluZ3MiOnsicG9zdF9pZCI6IjU0NyJ9fQ==@&#8221; button_text=&#8221;Ler jornal&#8221; _builder_version=&#8221;4.27.0&#8243; _dynamic_attributes=&#8221;button_url,link_option_url&#8221; _module_preset=&#8221;default&#8221; header_level=&#8221;h5&#8243; header_text_align=&#8221;left&#8221; header_text_color=&#8221;gcid-e5f6f121-bcbe-410c-8052-99b333777da4&#8243; body_text_align=&#8221;justify&#8221; body_text_color=&#8221;#000000&#8243; use_background_color=&#8221;off&#8221; custom_button=&#8221;on&#8221; button_text_size=&#8221;13px&#8221; button_text_color=&#8221;gcid-e5f6f121-bcbe-410c-8052-99b333777da4&#8243; button_bg_color=&#8221;#FFFFFF&#8221; button_border_width=&#8221;2px&#8221; button_border_color=&#8221;gcid-e5f6f121-bcbe-410c-8052-99b333777da4&#8243; button_letter_spacing=&#8221;1px&#8221; button_font=&#8221;||||||||&#8221; button_icon=&#8221;&#xf35d;||fa||900&#8243; button_icon_color=&#8221;gcid-e5f6f121-bcbe-410c-8052-99b333777da4&#8243; button_on_hover=&#8221;off&#8221; button_alignment=&#8221;right&#8221; button_custom_margin=&#8221;||||false|false&#8221; button_custom_padding=&#8221;5px|30px|5px|20px|false|false&#8221; link_option_url=&#8221;@ET-DC@eyJkeW5hbWljIjp0cnVlLCJjb250ZW50IjoicG9zdF9saW5rX3VybF9wYWdlIiwic2V0dGluZ3MiOnsicG9zdF9pZCI6IjU0NyJ9fQ==@&#8221; hover_enabled=&#8221;0&#8243; border_radii=&#8221;on|5px|5px|5px|5px&#8221; box_shadow_style_button=&#8221;preset1&#8243; locked=&#8221;off&#8221; global_colors_info=&#8221;{%22gcid-e5f6f121-bcbe-410c-8052-99b333777da4%22:%91%22header_text_color%22,%22button_text_color%22,%22button_border_color%22,%22button_icon_color%22%93}&#8221; sticky_enabled=&#8221;0&#8243;]<\/p>\n<p>Semestral e eletr\u00f3nico, este jornal incide sobre a matem\u00e1tica do pr\u00e9-escolar e dos 1.\u00ba e 2.\u00ba los do ensino b\u00e1sico.<\/p>\n<p>[\/et_pb_cta][\/et_pb_column][\/et_pb_row][et_pb_row column_structure=&#8221;1_3,2_3&#8243; _builder_version=&#8221;4.24.3&#8243; _module_preset=&#8221;default&#8221; custom_margin=&#8221;30px||||false|false&#8221; custom_padding=&#8221;30px|30px|30px|30px|false|false&#8221; border_radii=&#8221;on|10px|10px|10px|10px&#8221; box_shadow_style=&#8221;preset2&#8243; global_colors_info=&#8221;{}&#8221; transform_styles__hover_enabled=&#8221;on|hover&#8221; transform_scale__hover=&#8221;108%|108%&#8221; transform_scale__hover_enabled=&#8221;on|hover&#8221; transform_translate__hover_enabled=&#8221;on|desktop&#8221; transform_rotate__hover_enabled=&#8221;on|desktop&#8221; transform_skew__hover_enabled=&#8221;on|desktop&#8221; transform_origin__hover_enabled=&#8221;on|desktop&#8221;][et_pb_column type=&#8221;1_3&#8243; _builder_version=&#8221;4.24.3&#8243; _module_preset=&#8221;default&#8221; global_colors_info=&#8221;{}&#8221;][et_pb_image src=&#8221;https:\/\/ludicum.org\/wp-content\/uploads\/2023\/03\/board-game-studies-journal.jpg&#8221; alt=&#8221;Board Game Studies Journal&#8221; title_text=&#8221;Board Game Studies Journal&#8221; url=&#8221;@ET-DC@eyJkeW5hbWljIjp0cnVlLCJjb250ZW50IjoicG9zdF9saW5rX3VybF9wYWdlIiwic2V0dGluZ3MiOnsicG9zdF9pZCI6Ijk1NCJ9fQ==@&#8221; _builder_version=&#8221;4.27.0&#8243; _dynamic_attributes=&#8221;url&#8221; _module_preset=&#8221;default&#8221; global_colors_info=&#8221;{}&#8221;][\/et_pb_image][\/et_pb_column][et_pb_column type=&#8221;2_3&#8243; _builder_version=&#8221;4.24.3&#8243; _module_preset=&#8221;default&#8221; global_colors_info=&#8221;{}&#8221;][et_pb_cta title=&#8221;BOARD GAME STUDIES JOURNAL&#8221; button_url=&#8221;@ET-DC@eyJkeW5hbWljIjp0cnVlLCJjb250ZW50IjoicG9zdF9saW5rX3VybF9wYWdlIiwic2V0dGluZ3MiOnsicG9zdF9pZCI6Ijk1NCJ9fQ==@&#8221; button_text=&#8221;Ler jornal&#8221; _builder_version=&#8221;4.24.3&#8243; _dynamic_attributes=&#8221;button_url,link_option_url&#8221; _module_preset=&#8221;default&#8221; header_level=&#8221;h5&#8243; header_text_align=&#8221;left&#8221; header_text_color=&#8221;gcid-e5f6f121-bcbe-410c-8052-99b333777da4&#8243; body_text_align=&#8221;justify&#8221; body_text_color=&#8221;#000000&#8243; use_background_color=&#8221;off&#8221; custom_button=&#8221;on&#8221; button_text_size=&#8221;13px&#8221; button_text_color=&#8221;gcid-e5f6f121-bcbe-410c-8052-99b333777da4&#8243; button_bg_color=&#8221;#FFFFFF&#8221; button_border_width=&#8221;2px&#8221; button_border_color=&#8221;gcid-e5f6f121-bcbe-410c-8052-99b333777da4&#8243; button_letter_spacing=&#8221;1px&#8221; button_font=&#8221;||||||||&#8221; button_icon=&#8221;&#xf35d;||fa||900&#8243; button_icon_color=&#8221;gcid-e5f6f121-bcbe-410c-8052-99b333777da4&#8243; button_on_hover=&#8221;off&#8221; button_alignment=&#8221;right&#8221; button_custom_margin=&#8221;||||false|false&#8221; button_custom_padding=&#8221;5px|30px|5px|20px|false|false&#8221; link_option_url=&#8221;@ET-DC@eyJkeW5hbWljIjp0cnVlLCJjb250ZW50IjoicG9zdF9saW5rX3VybF9wYWdlIiwic2V0dGluZ3MiOnsicG9zdF9pZCI6Ijk1NCJ9fQ==@&#8221; border_radii=&#8221;on|5px|5px|5px|5px&#8221; box_shadow_style_button=&#8221;preset1&#8243; locked=&#8221;off&#8221; global_colors_info=&#8221;{%22gcid-e5f6f121-bcbe-410c-8052-99b333777da4%22:%91%22header_text_color%22,%22button_text_color%22,%22button_border_color%22,%22button_icon_color%22%93}&#8221;]<\/p>\n<p>Single peer-reviewed journal for historical and systematic research on board games.\u00a0<\/p>\n<p>[\/et_pb_cta][\/et_pb_column][\/et_pb_row][et_pb_row column_structure=&#8221;1_3,2_3&#8243; _builder_version=&#8221;4.24.3&#8243; _module_preset=&#8221;default&#8221; custom_margin=&#8221;30px||||false|false&#8221; custom_padding=&#8221;30px|30px|30px|30px|false|false&#8221; border_radii=&#8221;on|10px|10px|10px|10px&#8221; box_shadow_style=&#8221;preset2&#8243; global_colors_info=&#8221;{}&#8221; transform_styles__hover_enabled=&#8221;on|hover&#8221; transform_scale__hover=&#8221;108%|108%&#8221; transform_scale__hover_enabled=&#8221;on|hover&#8221; transform_translate__hover_enabled=&#8221;on|desktop&#8221; transform_rotate__hover_enabled=&#8221;on|desktop&#8221; transform_skew__hover_enabled=&#8221;on|desktop&#8221; transform_origin__hover_enabled=&#8221;on|desktop&#8221;][et_pb_column type=&#8221;1_3&#8243; _builder_version=&#8221;4.24.3&#8243; _module_preset=&#8221;default&#8221; global_colors_info=&#8221;{}&#8221;][et_pb_image src=&#8221;https:\/\/ludicum.org\/wp-content\/uploads\/2023\/03\/Banner_RMM.jpg&#8221; alt=&#8221;Recreational Mathematics Magazine&#8221; title_text=&#8221;Recreational Mathematics Magazine&#8221; url=&#8221;@ET-DC@eyJkeW5hbWljIjp0cnVlLCJjb250ZW50IjoicG9zdF9saW5rX3VybF9wYWdlIiwic2V0dGluZ3MiOnsicG9zdF9pZCI6Ijk5MSJ9fQ==@&#8221; _builder_version=&#8221;4.27.0&#8243; _dynamic_attributes=&#8221;url&#8221; _module_preset=&#8221;default&#8221; global_colors_info=&#8221;{}&#8221;][\/et_pb_image][\/et_pb_column][et_pb_column type=&#8221;2_3&#8243; _builder_version=&#8221;4.24.3&#8243; _module_preset=&#8221;default&#8221; global_colors_info=&#8221;{}&#8221;][et_pb_cta title=&#8221;RECREATIONAL MATHEMATICS MAGAZINE&#8221; button_url=&#8221;@ET-DC@eyJkeW5hbWljIjp0cnVlLCJjb250ZW50IjoicG9zdF9saW5rX3VybF9wYWdlIiwic2V0dGluZ3MiOnsicG9zdF9pZCI6Ijk5MSJ9fQ==@&#8221; button_text=&#8221;Ler jornal&#8221; _builder_version=&#8221;4.24.3&#8243; _dynamic_attributes=&#8221;button_url,link_option_url&#8221; _module_preset=&#8221;default&#8221; header_level=&#8221;h5&#8243; header_text_align=&#8221;left&#8221; header_text_color=&#8221;gcid-e5f6f121-bcbe-410c-8052-99b333777da4&#8243; body_text_align=&#8221;justify&#8221; body_text_color=&#8221;#000000&#8243; use_background_color=&#8221;off&#8221; custom_button=&#8221;on&#8221; button_text_size=&#8221;13px&#8221; button_text_color=&#8221;gcid-e5f6f121-bcbe-410c-8052-99b333777da4&#8243; button_bg_color=&#8221;#FFFFFF&#8221; button_border_width=&#8221;2px&#8221; button_border_color=&#8221;gcid-e5f6f121-bcbe-410c-8052-99b333777da4&#8243; button_letter_spacing=&#8221;1px&#8221; button_font=&#8221;||||||||&#8221; button_icon=&#8221;&#xf35d;||fa||900&#8243; button_icon_color=&#8221;gcid-e5f6f121-bcbe-410c-8052-99b333777da4&#8243; button_on_hover=&#8221;off&#8221; button_alignment=&#8221;right&#8221; button_custom_margin=&#8221;||||false|false&#8221; button_custom_padding=&#8221;5px|30px|5px|20px|false|false&#8221; link_option_url=&#8221;@ET-DC@eyJkeW5hbWljIjp0cnVlLCJjb250ZW50IjoicG9zdF9saW5rX3VybF9wYWdlIiwic2V0dGluZ3MiOnsicG9zdF9pZCI6Ijk5MSJ9fQ==@&#8221; border_radii=&#8221;on|5px|5px|5px|5px&#8221; box_shadow_style_button=&#8221;preset1&#8243; locked=&#8221;off&#8221; global_colors_info=&#8221;{%22gcid-e5f6f121-bcbe-410c-8052-99b333777da4%22:%91%22header_text_color%22,%22button_text_color%22,%22button_border_color%22,%22button_icon_color%22%93}&#8221;]<\/p>\n<p>This electronic and semianual journal is focuses on results that provide amusing, witty but nonetheless original and scientifically profound mathematical nuggets.<\/p>\n<p>[\/et_pb_cta][\/et_pb_column][\/et_pb_row][et_pb_row column_structure=&#8221;1_3,2_3&#8243; _builder_version=&#8221;4.24.3&#8243; _module_preset=&#8221;default&#8221; custom_margin=&#8221;30px||||false|false&#8221; custom_padding=&#8221;30px|30px|30px|30px|false|false&#8221; border_radii=&#8221;on|10px|10px|10px|10px&#8221; box_shadow_style=&#8221;preset2&#8243; global_colors_info=&#8221;{}&#8221; transform_styles__hover_enabled=&#8221;on|hover&#8221; transform_scale__hover=&#8221;108%|108%&#8221; transform_scale__hover_enabled=&#8221;on|hover&#8221; transform_translate__hover_enabled=&#8221;on|desktop&#8221; transform_rotate__hover_enabled=&#8221;on|desktop&#8221; transform_skew__hover_enabled=&#8221;on|desktop&#8221; transform_origin__hover_enabled=&#8221;on|desktop&#8221;][et_pb_column type=&#8221;1_3&#8243; _builder_version=&#8221;4.24.3&#8243; _module_preset=&#8221;default&#8221; global_colors_info=&#8221;{}&#8221;][et_pb_image src=&#8221;https:\/\/ludicum.org\/wp-content\/uploads\/2024\/06\/jornal_mathematica_elementar.png&#8221; alt=&#8221;Publications&#8221; title_text=&#8221;Publications&#8221; url=&#8221;@ET-DC@eyJkeW5hbWljIjp0cnVlLCJjb250ZW50IjoicG9zdF9saW5rX3VybF9wYWdlIiwic2V0dGluZ3MiOnsicG9zdF9pZCI6IjI0MDkifX0=@&#8221; _builder_version=&#8221;4.27.0&#8243; _dynamic_attributes=&#8221;url&#8221; _module_preset=&#8221;default&#8221; global_colors_info=&#8221;{}&#8221;][\/et_pb_image][\/et_pb_column][et_pb_column type=&#8221;2_3&#8243; _builder_version=&#8221;4.24.3&#8243; _module_preset=&#8221;default&#8221; global_colors_info=&#8221;{}&#8221;][et_pb_cta title=&#8221;JORNAL De MATHEM\u00c1TICA ELEMENTAR&#8221; button_url=&#8221;@ET-DC@eyJkeW5hbWljIjp0cnVlLCJjb250ZW50IjoicG9zdF9saW5rX3VybF9wYWdlIiwic2V0dGluZ3MiOnsicG9zdF9pZCI6IjI0MDkifX0=@&#8221; button_text=&#8221;Ler jornal&#8221; _builder_version=&#8221;4.27.0&#8243; _dynamic_attributes=&#8221;button_url,link_option_url&#8221; _module_preset=&#8221;default&#8221; header_level=&#8221;h5&#8243; header_text_align=&#8221;left&#8221; header_text_color=&#8221;gcid-e5f6f121-bcbe-410c-8052-99b333777da4&#8243; body_text_align=&#8221;justify&#8221; body_text_color=&#8221;#000000&#8243; use_background_color=&#8221;off&#8221; custom_button=&#8221;on&#8221; button_text_size=&#8221;13px&#8221; button_text_color=&#8221;gcid-e5f6f121-bcbe-410c-8052-99b333777da4&#8243; button_bg_color=&#8221;#FFFFFF&#8221; button_border_width=&#8221;2px&#8221; button_border_color=&#8221;gcid-e5f6f121-bcbe-410c-8052-99b333777da4&#8243; button_letter_spacing=&#8221;1px&#8221; button_font=&#8221;||||||||&#8221; button_icon=&#8221;&#xf35d;||fa||900&#8243; button_icon_color=&#8221;gcid-e5f6f121-bcbe-410c-8052-99b333777da4&#8243; button_on_hover=&#8221;off&#8221; button_alignment=&#8221;right&#8221; button_custom_margin=&#8221;||||false|false&#8221; button_custom_padding=&#8221;5px|30px|5px|20px|false|false&#8221; link_option_url=&#8221;@ET-DC@eyJkeW5hbWljIjp0cnVlLCJjb250ZW50IjoicG9zdF9saW5rX3VybF9wYWdlIiwic2V0dGluZ3MiOnsicG9zdF9pZCI6IjI0MDkifX0=@&#8221; border_radii=&#8221;on|5px|5px|5px|5px&#8221; box_shadow_style_button=&#8221;preset1&#8243; locked=&#8221;off&#8221; global_colors_info=&#8221;{%22gcid-e5f6f121-bcbe-410c-8052-99b333777da4%22:%91%22header_text_color%22,%22button_text_color%22,%22button_border_color%22,%22button_icon_color%22%93}&#8221;]<\/p>\n<p>Actualmente extinto, este jornal foi <span>fundado em 1 de Novembro de 1883. Tratava-se de um jornal que continha apenas problemas dos chamados ramos da matem\u00e1tica elementar.<\/span><\/p>\n<p>[\/et_pb_cta][\/et_pb_column][\/et_pb_row][et_pb_row _builder_version=&#8221;4.24.3&#8243; _module_preset=&#8221;default&#8221; global_colors_info=&#8221;{}&#8221;][et_pb_column type=&#8221;4_4&#8243; _builder_version=&#8221;4.24.3&#8243; _module_preset=&#8221;default&#8221; global_colors_info=&#8221;{}&#8221;][et_pb_heading title=&#8221;publica\u00e7\u00f5es&#8221; _builder_version=&#8221;4.24.3&#8243; _module_preset=&#8221;default&#8221; title_level=&#8221;h4&#8243; title_text_align=&#8221;left&#8221; min_height=&#8221;0px&#8221; custom_margin=&#8221;50px||||false|false&#8221; locked=&#8221;off&#8221; global_colors_info=&#8221;{}&#8221;][\/et_pb_heading][\/et_pb_column][\/et_pb_row][et_pb_row column_structure=&#8221;1_3,2_3&#8243; _builder_version=&#8221;4.24.3&#8243; _module_preset=&#8221;default&#8221; custom_margin=&#8221;30px||||false|false&#8221; custom_padding=&#8221;30px|30px|30px|30px|false|false&#8221; border_radii=&#8221;on|10px|10px|10px|10px&#8221; box_shadow_style=&#8221;preset2&#8243; global_colors_info=&#8221;{}&#8221; transform_styles__hover_enabled=&#8221;on|hover&#8221; transform_scale__hover=&#8221;108%|108%&#8221; transform_scale__hover_enabled=&#8221;on|hover&#8221; transform_translate__hover_enabled=&#8221;on|desktop&#8221; transform_rotate__hover_enabled=&#8221;on|desktop&#8221; transform_skew__hover_enabled=&#8221;on|desktop&#8221; transform_origin__hover_enabled=&#8221;on|desktop&#8221;][et_pb_column type=&#8221;1_3&#8243; _builder_version=&#8221;4.24.3&#8243; _module_preset=&#8221;default&#8221; global_colors_info=&#8221;{}&#8221;][et_pb_image src=&#8221;https:\/\/ludicum.org\/wp-content\/uploads\/2023\/03\/publications.png&#8221; alt=&#8221;Publications&#8221; title_text=&#8221;Publications&#8221; url=&#8221;@ET-DC@eyJkeW5hbWljIjp0cnVlLCJjb250ZW50IjoicG9zdF9saW5rX3VybF9wYWdlIiwic2V0dGluZ3MiOnsicG9zdF9pZCI6IjI0MjgifX0=@&#8221; _builder_version=&#8221;4.24.3&#8243; _dynamic_attributes=&#8221;url&#8221; _module_preset=&#8221;default&#8221; global_colors_info=&#8221;{}&#8221;][\/et_pb_image][\/et_pb_column][et_pb_column type=&#8221;2_3&#8243; _builder_version=&#8221;4.24.3&#8243; _module_preset=&#8221;default&#8221; global_colors_info=&#8221;{}&#8221;][et_pb_cta title=&#8221;Publica\u00e7\u00f5es \u00e0 venda online&#8221; button_url=&#8221;@ET-DC@eyJkeW5hbWljIjp0cnVlLCJjb250ZW50IjoicG9zdF9saW5rX3VybF9wYWdlIiwic2V0dGluZ3MiOnsicG9zdF9pZCI6IjI0MjgifX0=@&#8221; button_text=&#8221;Ver publica\u00e7\u00f5es&#8221; _builder_version=&#8221;4.24.3&#8243; _dynamic_attributes=&#8221;button_url,link_option_url&#8221; _module_preset=&#8221;default&#8221; header_level=&#8221;h5&#8243; header_text_align=&#8221;left&#8221; header_text_color=&#8221;gcid-e5f6f121-bcbe-410c-8052-99b333777da4&#8243; body_text_align=&#8221;justify&#8221; body_text_color=&#8221;#000000&#8243; use_background_color=&#8221;off&#8221; custom_button=&#8221;on&#8221; button_text_size=&#8221;13px&#8221; button_text_color=&#8221;gcid-e5f6f121-bcbe-410c-8052-99b333777da4&#8243; button_bg_color=&#8221;#FFFFFF&#8221; button_border_width=&#8221;2px&#8221; button_border_color=&#8221;gcid-e5f6f121-bcbe-410c-8052-99b333777da4&#8243; button_letter_spacing=&#8221;1px&#8221; button_font=&#8221;||||||||&#8221; button_icon=&#8221;&#xf35d;||fa||900&#8243; button_icon_color=&#8221;gcid-e5f6f121-bcbe-410c-8052-99b333777da4&#8243; button_on_hover=&#8221;off&#8221; button_alignment=&#8221;right&#8221; button_custom_margin=&#8221;||||false|false&#8221; button_custom_padding=&#8221;5px|30px|5px|20px|false|false&#8221; link_option_url=&#8221;@ET-DC@eyJkeW5hbWljIjp0cnVlLCJjb250ZW50IjoicG9zdF9saW5rX3VybF9wYWdlIiwic2V0dGluZ3MiOnsicG9zdF9pZCI6IjI0MjgifX0=@&#8221; border_radii=&#8221;on|5px|5px|5px|5px&#8221; box_shadow_style_button=&#8221;preset1&#8243; locked=&#8221;off&#8221; global_colors_info=&#8221;{%22gcid-e5f6f121-bcbe-410c-8052-99b333777da4%22:%91%22header_text_color%22,%22button_text_color%22,%22button_border_color%22,%22button_icon_color%22%93}&#8221;]<\/p>\n<p>Descubra todas as publica\u00e7\u00f5es que temos actualmente em venda online disponibilizadas pela Ludus e outros parceiros.<\/p>\n<p>[\/et_pb_cta][\/et_pb_column][\/et_pb_row][et_pb_row column_structure=&#8221;1_3,2_3&#8243; _builder_version=&#8221;4.24.3&#8243; _module_preset=&#8221;default&#8221; custom_margin=&#8221;30px||60px||false|false&#8221; custom_padding=&#8221;30px|30px|30px|30px|false|false&#8221; border_radii=&#8221;on|10px|10px|10px|10px&#8221; box_shadow_style=&#8221;preset2&#8243; global_colors_info=&#8221;{}&#8221; transform_styles__hover_enabled=&#8221;on|hover&#8221; transform_scale__hover=&#8221;108%|108%&#8221; transform_scale__hover_enabled=&#8221;on|hover&#8221; transform_translate__hover_enabled=&#8221;on|desktop&#8221; transform_rotate__hover_enabled=&#8221;on|desktop&#8221; transform_skew__hover_enabled=&#8221;on|desktop&#8221; transform_origin__hover_enabled=&#8221;on|desktop&#8221;][et_pb_column type=&#8221;1_3&#8243; _builder_version=&#8221;4.24.3&#8243; _module_preset=&#8221;default&#8221; global_colors_info=&#8221;{}&#8221;][et_pb_image src=&#8221;https:\/\/ludicum.org\/wp-content\/uploads\/2023\/03\/publications.png&#8221; alt=&#8221;Publications&#8221; title_text=&#8221;Publications&#8221; url=&#8221;@ET-DC@eyJkeW5hbWljIjp0cnVlLCJjb250ZW50IjoicG9zdF9saW5rX3VybF9wYWdlIiwic2V0dGluZ3MiOnsicG9zdF9pZCI6IjI0MzMifX0=@&#8221; _builder_version=&#8221;4.24.3&#8243; _dynamic_attributes=&#8221;url&#8221; _module_preset=&#8221;default&#8221; global_colors_info=&#8221;{}&#8221;][\/et_pb_image][\/et_pb_column][et_pb_column type=&#8221;2_3&#8243; _builder_version=&#8221;4.24.3&#8243; _module_preset=&#8221;default&#8221; global_colors_info=&#8221;{}&#8221;][et_pb_cta title=&#8221;Publica\u00e7\u00f5es gratuitas&#8221; button_url=&#8221;@ET-DC@eyJkeW5hbWljIjp0cnVlLCJjb250ZW50IjoicG9zdF9saW5rX3VybF9wYWdlIiwic2V0dGluZ3MiOnsicG9zdF9pZCI6IjI0MzMifX0=@&#8221; button_text=&#8221;Ver publica\u00e7\u00f5es&#8221; _builder_version=&#8221;4.25.1&#8243; _dynamic_attributes=&#8221;button_url,link_option_url&#8221; _module_preset=&#8221;default&#8221; header_level=&#8221;h5&#8243; header_text_align=&#8221;left&#8221; header_text_color=&#8221;gcid-e5f6f121-bcbe-410c-8052-99b333777da4&#8243; body_text_align=&#8221;justify&#8221; body_text_color=&#8221;#000000&#8243; use_background_color=&#8221;off&#8221; custom_button=&#8221;on&#8221; button_text_size=&#8221;13px&#8221; button_text_color=&#8221;gcid-e5f6f121-bcbe-410c-8052-99b333777da4&#8243; button_bg_color=&#8221;#FFFFFF&#8221; button_border_width=&#8221;2px&#8221; button_border_color=&#8221;gcid-e5f6f121-bcbe-410c-8052-99b333777da4&#8243; button_letter_spacing=&#8221;1px&#8221; button_font=&#8221;||||||||&#8221; button_icon=&#8221;&#xf35d;||fa||900&#8243; button_icon_color=&#8221;gcid-e5f6f121-bcbe-410c-8052-99b333777da4&#8243; button_on_hover=&#8221;off&#8221; button_alignment=&#8221;right&#8221; button_custom_margin=&#8221;||||false|false&#8221; button_custom_padding=&#8221;5px|30px|5px|20px|false|false&#8221; link_option_url=&#8221;@ET-DC@eyJkeW5hbWljIjp0cnVlLCJjb250ZW50IjoicG9zdF9saW5rX3VybF9wYWdlIiwic2V0dGluZ3MiOnsicG9zdF9pZCI6IjI0MzMifX0=@&#8221; border_radii=&#8221;on|5px|5px|5px|5px&#8221; box_shadow_style_button=&#8221;preset1&#8243; locked=&#8221;off&#8221; global_colors_info=&#8221;{%22gcid-e5f6f121-bcbe-410c-8052-99b333777da4%22:%91%22header_text_color%22,%22button_text_color%22,%22button_border_color%22,%22button_icon_color%22%93}&#8221;]<\/p>\n<p>Baixe algumas das publica\u00e7\u00f5es disponibilizadas gratuitamente pela Ludus.<\/p>\n<p>[\/et_pb_cta][\/et_pb_column][\/et_pb_row][\/et_pb_section]<\/p>\n","protected":false},"excerpt":{"rendered":"<p>Descubra revistas, jornais, e-books e outras publica\u00e7\u00f5es da Ludus e outros parceiros.Semestral e eletr\u00f3nico, este jornal incide sobre a matem\u00e1tica do pr\u00e9-escolar e dos 1.\u00ba e 2.\u00ba los do ensino b\u00e1sico.Single peer-reviewed journal for historical and systematic research on board games.\u00a0This electronic and semianual journal is focuses on results that provide amusing, witty but nonetheless [&hellip;]<\/p>\n","protected":false},"author":5,"featured_media":0,"parent":0,"menu_order":0,"comment_status":"closed","ping_status":"closed","template":"","meta":{"_acf_changed":false,"_et_pb_use_builder":"on","_et_pb_old_content":"","_et_gb_content_width":"1280","footnotes":""},"class_list":["post-4025","page","type-page","status-publish","hentry"],"acf":[],"_links":{"self":[{"href":"https:\/\/ludicum.org\/en\/wp-json\/wp\/v2\/pages\/4025","targetHints":{"allow":["GET"]}}],"collection":[{"href":"https:\/\/ludicum.org\/en\/wp-json\/wp\/v2\/pages"}],"about":[{"href":"https:\/\/ludicum.org\/en\/wp-json\/wp\/v2\/types\/page"}],"author":[{"embeddable":true,"href":"https:\/\/ludicum.org\/en\/wp-json\/wp\/v2\/users\/5"}],"replies":[{"embeddable":true,"href":"https:\/\/ludicum.org\/en\/wp-json\/wp\/v2\/comments?post=4025"}],"version-history":[{"count":0,"href":"https:\/\/ludicum.org\/en\/wp-json\/wp\/v2\/pages\/4025\/revisions"}],"wp:attachment":[{"href":"https:\/\/ludicum.org\/en\/wp-json\/wp\/v2\/media?parent=4025"}],"curies":[{"name":"wp","href":"https:\/\/api.w.org\/{rel}","templated":true}]}}