{"id":3604,"date":"2024-03-06T15:54:21","date_gmt":"2024-03-06T15:54:21","guid":{"rendered":"https:\/\/ludicumnew.org\/?page_id=3604"},"modified":"2024-07-03T21:14:42","modified_gmt":"2024-07-03T21:14:42","slug":"projetos-8x8","status":"publish","type":"page","link":"https:\/\/ludicum.org\/en\/projetos\/projetos-8x8\/","title":{"rendered":"Projetos: 8&#215;8"},"content":{"rendered":"<p>[et_pb_section fb_built=&#8221;1&#8243; make_equal=&#8221;on&#8221; use_custom_gutter=&#8221;on&#8221; gutter_width=&#8221;1&#8243; specialty=&#8221;on&#8221; background_color_2=&#8221;#8300E9&#8243; padding_top_1=&#8221;0px&#8221; padding_top_2=&#8221;20px&#8221; padding_right_1=&#8221;0px&#8221; padding_right_2=&#8221;15px&#8221; padding_bottom_1=&#8221;0px&#8221; padding_bottom_2=&#8221;40px&#8221; padding_left_1=&#8221;0px&#8221; padding_left_2=&#8221;15px&#8221; padding_top_bottom_link_1=&#8221;false&#8221; padding_top_bottom_link_2=&#8221;false&#8221; padding_left_right_link_1=&#8221;false&#8221; padding_left_right_link_2=&#8221;false&#8221; _builder_version=&#8221;4.25.2&#8243; _module_preset=&#8221;default&#8221; width=&#8221;100%&#8221; max_width=&#8221;100%&#8221; inner_width=&#8221;100%&#8221; inner_max_width=&#8221;100%&#8221; custom_margin=&#8221;0px|0px|0px|0px|false|false&#8221; custom_padding=&#8221;0px|0px|0px|0px|false|false&#8221; border_width_top=&#8221;7px&#8221; border_color_top=&#8221;#8300E9&#8243; global_colors_info=&#8221;{}&#8221;][et_pb_column type=&#8221;3_4&#8243; specialty_columns=&#8221;3&#8243; _builder_version=&#8221;4.16&#8243; custom_padding=&#8221;|||&#8221; global_colors_info=&#8221;{}&#8221; custom_padding__hover=&#8221;|||&#8221;][et_pb_row_inner use_custom_gutter=&#8221;on&#8221; gutter_width=&#8221;1&#8243; make_equal=&#8221;on&#8221; _builder_version=&#8221;4.25.1&#8243; _module_preset=&#8221;default&#8221; width=&#8221;100%&#8221; max_width=&#8221;100%&#8221; custom_margin=&#8221;0px|0px|0px|0px|false|false&#8221; custom_padding=&#8221;40px|40px|40px|40px|false|false&#8221; global_colors_info=&#8221;{}&#8221;][et_pb_column_inner saved_specialty_column_type=&#8221;3_4&#8243; _builder_version=&#8221;4.25.1&#8243; _module_preset=&#8221;default&#8221; global_colors_info=&#8221;{}&#8221;][et_pb_image src=&#8221;https:\/\/ludicum.org\/wp-content\/uploads\/2024\/03\/8&#215;8-image.png&#8221; title_text=&#8221;8&#215;8-image&#8221; align=&#8221;center&#8221; _builder_version=&#8221;4.24.2&#8243; _module_preset=&#8221;default&#8221; global_colors_info=&#8221;{}&#8221;][\/et_pb_image][et_pb_heading title=&#8221;8&#215;8&#8243; _builder_version=&#8221;4.24.2&#8243; _module_preset=&#8221;default&#8221; title_level=&#8221;h3&#8243; global_colors_info=&#8221;{}&#8221;][\/et_pb_heading][et_pb_text _builder_version=&#8221;4.24.2&#8243; _module_preset=&#8221;default&#8221; text_orientation=&#8221;justified&#8221; global_colors_info=&#8221;{}&#8221;]<\/p>\n<p>O projecto 8by8 foi financiado pelo Erasmus+, o programa educativo da Uni\u00e3o Europeia. Teve in\u00edcio em Setembro de 2019 e terminou em Maio de 2022.<\/p>\n<p>O projecto foi liderado pela Ludus, uma associa\u00e7\u00e3o de matem\u00e1tica com especial \u00eanfase na introdu\u00e7\u00e3o de uma diversidade de jogos de estrat\u00e9gia nas escolas de todo o pa\u00eds. Os parceiros do projecto eram a ChessPlus, uma empresa de ensino de xadrez de Londres e a Casa da Matem\u00e1tica, parte da P\u00e4dagogische Hochschule Wien. A empresa h\u00fangara de e-learning LearningChess foi um parceiro associado.<\/p>\n<p>Jorge Nuno Silva (Ludus) liderou o projecto. Stefan L\u00f6ffler (Ludus) forneceu uma vis\u00e3o, redigiu a candidature, estabeleceu a liga\u00e7\u00e3o entre os parceiros e as partes interessadas e contribuiu para a selec\u00e7\u00e3o e elabora\u00e7\u00e3o do jogo. Monika Musilek (PH Wien) organizou a reuni\u00e3o do projecto em Viena e, juntamente com Tiago Hirth (Ludus), conduziu observa\u00e7\u00f5es em sala de aula sobre como os alunos aprendem e jogam jogos de estrat\u00e9gia simples. Apresentaram um artigo de investiga\u00e7\u00e3o com base neste trabalho. Tiago Hirth tamb\u00e9m manteve o website do projecto. J\u00e9r\u00f4me Maufras (Fran\u00e7a) prestou assist\u00eancia nas fases iniciais do projecto. Pode obter o manual de jogos produzido seguindo os links abaixo (em ingl\u00eas, em portugu\u00eas ou alem\u00e3o).<\/p>\n<p>[\/et_pb_text][\/et_pb_column_inner][\/et_pb_row_inner][et_pb_row_inner column_structure=&#8221;1_3,1_3,1_3&#8243; _builder_version=&#8221;4.23.4&#8243; _module_preset=&#8221;default&#8221; custom_margin=&#8221;20px||30px||false|false&#8221; locked=&#8221;off&#8221; global_colors_info=&#8221;{}&#8221;][et_pb_column_inner type=&#8221;1_3&#8243; saved_specialty_column_type=&#8221;3_4&#8243; _builder_version=&#8221;4.23.4&#8243; _module_preset=&#8221;default&#8221; global_colors_info=&#8221;{}&#8221;][et_pb_button button_url=&#8221;https:\/\/ludicum.org\/wp-content\/uploads\/2024\/03\/8&#215;8-Budget.pdf&#8221; url_new_window=&#8221;on&#8221; button_text=&#8221;Budget&#8221; button_alignment=&#8221;center&#8221; _builder_version=&#8221;4.24.2&#8243; _module_preset=&#8221;default&#8221; custom_button=&#8221;on&#8221; button_text_size=&#8221;14px&#8221; button_text_color=&#8221;#438e1a&#8221; button_border_radius=&#8221;10px&#8221; button_icon=&#8221;&#xf1c1;||fa||400&#8243; button_icon_color=&#8221;#438e1a&#8221; button_on_hover=&#8221;off&#8221; global_colors_info=&#8221;{}&#8221; button_text_color__hover=&#8221;#FFFFFF&#8221; button_text_color__hover_enabled=&#8221;on|desktop&#8221; button_icon_color__hover=&#8221;#FFFFFF&#8221; button_icon_color__hover_enabled=&#8221;on|hover&#8221; transform_styles__hover_enabled=&#8221;on|desktop&#8221; transform_scale__hover_enabled=&#8221;on|desktop&#8221; transform_translate__hover_enabled=&#8221;on|desktop&#8221; transform_rotate__hover_enabled=&#8221;on|desktop&#8221; transform_skew__hover_enabled=&#8221;on|desktop&#8221; transform_origin__hover_enabled=&#8221;on|desktop&#8221; button_bg_color__hover=&#8221;#438e1a&#8221; button_bg_color__hover_enabled=&#8221;on|hover&#8221; background_layout__hover_enabled=&#8221;on|hover&#8221;][\/et_pb_button][\/et_pb_column_inner][et_pb_column_inner type=&#8221;1_3&#8243; saved_specialty_column_type=&#8221;3_4&#8243; _builder_version=&#8221;4.23.4&#8243; _module_preset=&#8221;default&#8221; global_colors_info=&#8221;{}&#8221;][et_pb_button button_url=&#8221;https:\/\/ludicum.org\/wp-content\/uploads\/2024\/03\/8&#215;8-Avaliacao-da-candidatura.pdf&#8221; url_new_window=&#8221;on&#8221; button_text=&#8221;Avalia\u00e7\u00e3o da candidatura&#8221; button_alignment=&#8221;center&#8221; _builder_version=&#8221;4.24.2&#8243; _module_preset=&#8221;default&#8221; custom_button=&#8221;on&#8221; button_text_size=&#8221;14px&#8221; button_text_color=&#8221;#438e1a&#8221; button_border_radius=&#8221;10px&#8221; button_icon=&#8221;&#xf1c1;||fa||400&#8243; button_icon_color=&#8221;#438e1a&#8221; button_on_hover=&#8221;off&#8221; global_colors_info=&#8221;{}&#8221; button_text_color__hover=&#8221;#FFFFFF&#8221; button_text_color__hover_enabled=&#8221;on|desktop&#8221; button_icon_color__hover=&#8221;#FFFFFF&#8221; button_icon_color__hover_enabled=&#8221;on|hover&#8221; transform_styles__hover_enabled=&#8221;on|desktop&#8221; transform_scale__hover_enabled=&#8221;on|desktop&#8221; transform_translate__hover_enabled=&#8221;on|desktop&#8221; transform_rotate__hover_enabled=&#8221;on|desktop&#8221; transform_skew__hover_enabled=&#8221;on|desktop&#8221; transform_origin__hover_enabled=&#8221;on|desktop&#8221; button_bg_color__hover=&#8221;#438e1a&#8221; button_bg_color__hover_enabled=&#8221;on|hover&#8221; background_layout__hover_enabled=&#8221;on|hover&#8221;][\/et_pb_button][\/et_pb_column_inner][et_pb_column_inner type=&#8221;1_3&#8243; saved_specialty_column_type=&#8221;3_4&#8243; _builder_version=&#8221;4.23.4&#8243; _module_preset=&#8221;default&#8221; global_colors_info=&#8221;{}&#8221;][et_pb_button button_url=&#8221;https:\/\/ludicum.org\/wp-content\/uploads\/2024\/03\/8&#215;8-Project-Summary.pdf&#8221; url_new_window=&#8221;on&#8221; button_text=&#8221;Project Summary&#8221; button_alignment=&#8221;center&#8221; _builder_version=&#8221;4.24.2&#8243; _module_preset=&#8221;default&#8221; custom_button=&#8221;on&#8221; button_text_size=&#8221;14px&#8221; button_text_color=&#8221;#438e1a&#8221; button_border_radius=&#8221;10px&#8221; button_icon=&#8221;&#xf1c1;||fa||400&#8243; button_icon_color=&#8221;#438e1a&#8221; button_on_hover=&#8221;off&#8221; global_colors_info=&#8221;{}&#8221; button_text_color__hover=&#8221;#FFFFFF&#8221; button_text_color__hover_enabled=&#8221;on|desktop&#8221; button_icon_color__hover=&#8221;#FFFFFF&#8221; button_icon_color__hover_enabled=&#8221;on|hover&#8221; transform_styles__hover_enabled=&#8221;on|desktop&#8221; transform_scale__hover_enabled=&#8221;on|desktop&#8221; transform_translate__hover_enabled=&#8221;on|desktop&#8221; transform_rotate__hover_enabled=&#8221;on|desktop&#8221; transform_skew__hover_enabled=&#8221;on|desktop&#8221; transform_origin__hover_enabled=&#8221;on|desktop&#8221; button_bg_color__hover=&#8221;#438e1a&#8221; button_bg_color__hover_enabled=&#8221;on|hover&#8221; background_layout__hover_enabled=&#8221;on|hover&#8221;][\/et_pb_button][\/et_pb_column_inner][\/et_pb_row_inner][et_pb_row_inner _builder_version=&#8221;4.24.2&#8243; _module_preset=&#8221;default&#8221; global_colors_info=&#8221;{}&#8221;][et_pb_column_inner saved_specialty_column_type=&#8221;3_4&#8243; _builder_version=&#8221;4.24.2&#8243; _module_preset=&#8221;default&#8221; global_colors_info=&#8221;{}&#8221;][et_pb_heading title=&#8221;Educational Strategy Games Manual 2022&#8243; _builder_version=&#8221;4.24.2&#8243; _module_preset=&#8221;default&#8221; title_level=&#8221;h5&#8243; title_text_align=&#8221;center&#8221; global_colors_info=&#8221;{}&#8221;][\/et_pb_heading][\/et_pb_column_inner][\/et_pb_row_inner][et_pb_row_inner column_structure=&#8221;1_3,1_3,1_3&#8243; _builder_version=&#8221;4.24.2&#8243; _module_preset=&#8221;default&#8221; custom_margin=&#8221;||30px||false|false&#8221; locked=&#8221;off&#8221; global_colors_info=&#8221;{}&#8221;][et_pb_column_inner type=&#8221;1_3&#8243; saved_specialty_column_type=&#8221;3_4&#8243; _builder_version=&#8221;4.23.4&#8243; _module_preset=&#8221;default&#8221; global_colors_info=&#8221;{}&#8221;][et_pb_button button_url=&#8221;https:\/\/www.dropbox.com\/s\/c8gp7k8hykwwitn\/EducationalStrategyGamesManual2022English.pdf?e=1&#038;dl=0&#8243; url_new_window=&#8221;on&#8221; button_text=&#8221;English&#8221; button_alignment=&#8221;center&#8221; _builder_version=&#8221;4.24.2&#8243; _module_preset=&#8221;default&#8221; custom_button=&#8221;on&#8221; button_text_size=&#8221;14px&#8221; button_text_color=&#8221;#438e1a&#8221; button_border_radius=&#8221;10px&#8221; button_icon=&#8221;&#xf1c1;||fa||400&#8243; button_icon_color=&#8221;#438e1a&#8221; button_on_hover=&#8221;off&#8221; global_colors_info=&#8221;{}&#8221; button_text_color__hover=&#8221;#FFFFFF&#8221; button_text_color__hover_enabled=&#8221;on|desktop&#8221; button_icon_color__hover=&#8221;#FFFFFF&#8221; button_icon_color__hover_enabled=&#8221;on|hover&#8221; transform_styles__hover_enabled=&#8221;on|desktop&#8221; transform_scale__hover_enabled=&#8221;on|desktop&#8221; transform_translate__hover_enabled=&#8221;on|desktop&#8221; transform_rotate__hover_enabled=&#8221;on|desktop&#8221; transform_skew__hover_enabled=&#8221;on|desktop&#8221; transform_origin__hover_enabled=&#8221;on|desktop&#8221; button_bg_color__hover=&#8221;#438e1a&#8221; button_bg_color__hover_enabled=&#8221;on|hover&#8221; background_layout__hover_enabled=&#8221;on|hover&#8221;][\/et_pb_button][\/et_pb_column_inner][et_pb_column_inner type=&#8221;1_3&#8243; saved_specialty_column_type=&#8221;3_4&#8243; _builder_version=&#8221;4.23.4&#8243; _module_preset=&#8221;default&#8221; global_colors_info=&#8221;{}&#8221;][et_pb_button button_url=&#8221;https:\/\/www.dropbox.com\/s\/c1zagt2xsexuico\/EducationalStrategyGamesManual2022%20-%20Portuguese.pdf?e=1&#038;dl=0&#8243; url_new_window=&#8221;on&#8221; button_text=&#8221;Portuguese&#8221; button_alignment=&#8221;center&#8221; _builder_version=&#8221;4.24.2&#8243; _module_preset=&#8221;default&#8221; custom_button=&#8221;on&#8221; button_text_size=&#8221;14px&#8221; button_text_color=&#8221;#438e1a&#8221; button_border_radius=&#8221;10px&#8221; button_icon=&#8221;&#xf1c1;||fa||400&#8243; button_icon_color=&#8221;#438e1a&#8221; button_on_hover=&#8221;off&#8221; global_colors_info=&#8221;{}&#8221; button_text_color__hover=&#8221;#FFFFFF&#8221; button_text_color__hover_enabled=&#8221;on|desktop&#8221; button_icon_color__hover=&#8221;#FFFFFF&#8221; button_icon_color__hover_enabled=&#8221;on|hover&#8221; transform_styles__hover_enabled=&#8221;on|desktop&#8221; transform_scale__hover_enabled=&#8221;on|desktop&#8221; transform_translate__hover_enabled=&#8221;on|desktop&#8221; transform_rotate__hover_enabled=&#8221;on|desktop&#8221; transform_skew__hover_enabled=&#8221;on|desktop&#8221; transform_origin__hover_enabled=&#8221;on|desktop&#8221; button_bg_color__hover=&#8221;#438e1a&#8221; button_bg_color__hover_enabled=&#8221;on|hover&#8221; background_layout__hover_enabled=&#8221;on|hover&#8221;][\/et_pb_button][\/et_pb_column_inner][et_pb_column_inner type=&#8221;1_3&#8243; saved_specialty_column_type=&#8221;3_4&#8243; _builder_version=&#8221;4.23.4&#8243; _module_preset=&#8221;default&#8221; global_colors_info=&#8221;{}&#8221;][et_pb_button button_url=&#8221;https:\/\/www.dropbox.com\/s\/8zgzuh4v65xa8sb\/EducationalStrategyGamesManual2022German.pdf?e=1&#038;dl=0&#8243; url_new_window=&#8221;on&#8221; button_text=&#8221;German&#8221; button_alignment=&#8221;center&#8221; _builder_version=&#8221;4.24.2&#8243; _module_preset=&#8221;default&#8221; custom_button=&#8221;on&#8221; button_text_size=&#8221;14px&#8221; button_text_color=&#8221;#438e1a&#8221; button_border_radius=&#8221;10px&#8221; button_icon=&#8221;&#xf1c1;||fa||400&#8243; button_icon_color=&#8221;#438e1a&#8221; button_on_hover=&#8221;off&#8221; global_colors_info=&#8221;{}&#8221; button_text_color__hover=&#8221;#FFFFFF&#8221; button_text_color__hover_enabled=&#8221;on|desktop&#8221; button_icon_color__hover=&#8221;#FFFFFF&#8221; button_icon_color__hover_enabled=&#8221;on|hover&#8221; transform_styles__hover_enabled=&#8221;on|desktop&#8221; transform_scale__hover_enabled=&#8221;on|desktop&#8221; transform_translate__hover_enabled=&#8221;on|desktop&#8221; transform_rotate__hover_enabled=&#8221;on|desktop&#8221; transform_skew__hover_enabled=&#8221;on|desktop&#8221; transform_origin__hover_enabled=&#8221;on|desktop&#8221; button_bg_color__hover=&#8221;#438e1a&#8221; button_bg_color__hover_enabled=&#8221;on|hover&#8221; background_layout__hover_enabled=&#8221;on|hover&#8221;][\/et_pb_button][\/et_pb_column_inner][\/et_pb_row_inner][\/et_pb_column][et_pb_column type=&#8221;1_4&#8243; _builder_version=&#8221;4.16&#8243; custom_padding=&#8221;|||&#8221; global_colors_info=&#8221;{}&#8221; custom_padding__hover=&#8221;|||&#8221;][et_pb_text _builder_version=&#8221;4.26.0&#8243; _module_preset=&#8221;default&#8221; custom_margin=&#8221;0px|0px|0px|0px|false|false&#8221; custom_padding=&#8221;0px|0px|0px|0px|false|false&#8221; hover_enabled=&#8221;0&#8243; custom_css_free_form=&#8221;#page-container button {||    color:#643AB8;||}&#8221; global_colors_info=&#8221;{}&#8221; sticky_enabled=&#8221;0&#8243;]<\/p>\n<p><span><nav id=\"bellows-main-48\" class=\"bellows bellows-nojs bellows-main bellows-source-menu bellows-align-full bellows-skin-vanilla bellows-type- bellows-expand-current\"><ul id=\"menu-projetos_menu\" class=\"bellows-nav\" data-bellows-config=\"main\"><li id=\"menu-item-4473\" class=\"bellows-menu-item bellows-menu-item-type-post_type bellows-menu-item-object-page bellows-menu-item-has-children bellows-menu-item-4473 bellows-item-level-0\"><a  href=\"https:\/\/ludicum.org\/en\/projetos\/\" class=\"bellows-target\"><span class=\"bellows-target-title bellows-target-text\">PROJETOS<\/span><button class=\"bellows-subtoggle\" aria-label=\"Toggle Submenu\"><i class=\"bellows-subtoggle-icon-expand fa fa-chevron-down\"><\/i><i class=\"bellows-subtoggle-icon-collapse fa fa-chevron-up\"><\/i><\/button><\/a>\n<ul class=\"bellows-submenu\">\n\t<li id=\"menu-item-4472\" class=\"bellows-menu-item bellows-menu-item-type-post_type bellows-menu-item-object-page bellows-menu-item-4472 bellows-item-level-1\"><a  href=\"https:\/\/ludicum.org\/en\/projetos\/projetos-8x8\/\" class=\"bellows-target\"><span class=\"bellows-target-title bellows-target-text\">8\u00d78<\/span><\/a><\/li>\n\t<li id=\"menu-item-4471\" class=\"bellows-menu-item bellows-menu-item-type-post_type bellows-menu-item-object-page bellows-menu-item-4471 bellows-item-level-1\"><a  href=\"https:\/\/ludicum.org\/en\/projetos\/projetos-champs\/\" class=\"bellows-target\"><span class=\"bellows-target-title bellows-target-text\">CHAMPS<\/span><\/a><\/li>\n\t<li id=\"menu-item-4474\" class=\"bellows-menu-item bellows-menu-item-type-custom bellows-menu-item-object-custom bellows-menu-item-4474 bellows-item-level-1\"><a  href=\"https:\/\/numericall.eu\/\" class=\"bellows-target\"><span class=\"bellows-target-title bellows-target-text\">Numericall<\/span><\/a><\/li>\n\t<li id=\"menu-item-4475\" class=\"bellows-menu-item bellows-menu-item-type-custom bellows-menu-item-object-custom bellows-menu-item-4475 bellows-item-level-1\"><a  href=\"https:\/\/gametable.network\/\" class=\"bellows-target\"><span class=\"bellows-target-title bellows-target-text\">GameTable<\/span><\/a><\/li>\n\t<li id=\"menu-item-7487\" class=\"bellows-menu-item bellows-menu-item-type-custom bellows-menu-item-object-custom bellows-menu-item-7487 bellows-item-level-1\"><a  href=\"https:\/\/erasmus-plus.ec.europa.eu\/projects\/search\/details\/2025-1-FR01-KA220-SCH-000357272\" class=\"bellows-target\"><span class=\"bellows-target-title bellows-target-text\">6 Milestones<\/span><\/a><\/li>\n\t<li id=\"menu-item-7488\" class=\"bellows-menu-item bellows-menu-item-type-custom bellows-menu-item-object-custom bellows-menu-item-7488 bellows-item-level-1\"><a  href=\"https:\/\/erasmus-plus.ec.europa.eu\/projects\/search\/details\/2023-2-IT02-KA210-SCH-000171146\" class=\"bellows-target\"><span class=\"bellows-target-title bellows-target-text\">Past<\/span><\/a><\/li>\n<\/ul>\n<\/li>\n<\/ul><\/nav><\/span><\/p>\n<p>[\/et_pb_text][\/et_pb_column][\/et_pb_section]<\/p>\n","protected":false},"excerpt":{"rendered":"<p>O projecto 8by8 foi financiado pelo Erasmus+, o programa educativo da Uni\u00e3o Europeia. Teve in\u00edcio em Setembro de 2019 e terminou em Maio de 2022. O projecto foi liderado pela Ludus, uma associa\u00e7\u00e3o de matem\u00e1tica com especial \u00eanfase na introdu\u00e7\u00e3o de uma diversidade de jogos de estrat\u00e9gia nas escolas de todo o pa\u00eds. Os parceiros [&hellip;]<\/p>\n","protected":false},"author":5,"featured_media":3605,"parent":2,"menu_order":1,"comment_status":"closed","ping_status":"closed","template":"","meta":{"_acf_changed":false,"_et_pb_use_builder":"on","_et_pb_old_content":"","_et_gb_content_width":"1280","footnotes":""},"class_list":["post-3604","page","type-page","status-publish","has-post-thumbnail","hentry"],"acf":[],"_links":{"self":[{"href":"https:\/\/ludicum.org\/en\/wp-json\/wp\/v2\/pages\/3604","targetHints":{"allow":["GET"]}}],"collection":[{"href":"https:\/\/ludicum.org\/en\/wp-json\/wp\/v2\/pages"}],"about":[{"href":"https:\/\/ludicum.org\/en\/wp-json\/wp\/v2\/types\/page"}],"author":[{"embeddable":true,"href":"https:\/\/ludicum.org\/en\/wp-json\/wp\/v2\/users\/5"}],"replies":[{"embeddable":true,"href":"https:\/\/ludicum.org\/en\/wp-json\/wp\/v2\/comments?post=3604"}],"version-history":[{"count":0,"href":"https:\/\/ludicum.org\/en\/wp-json\/wp\/v2\/pages\/3604\/revisions"}],"up":[{"embeddable":true,"href":"https:\/\/ludicum.org\/en\/wp-json\/wp\/v2\/pages\/2"}],"wp:featuredmedia":[{"embeddable":true,"href":"https:\/\/ludicum.org\/en\/wp-json\/wp\/v2\/media\/3605"}],"wp:attachment":[{"href":"https:\/\/ludicum.org\/en\/wp-json\/wp\/v2\/media?parent=3604"}],"curies":[{"name":"wp","href":"https:\/\/api.w.org\/{rel}","templated":true}]}}