{"id":2451,"date":"2024-01-09T18:35:35","date_gmt":"2024-01-09T18:35:35","guid":{"rendered":"https:\/\/ludicumnew.org\/?page_id=2451"},"modified":"2024-09-17T17:27:16","modified_gmt":"2024-09-17T17:27:16","slug":"jogos","status":"publish","type":"page","link":"https:\/\/ludicum.org\/en\/jogos\/","title":{"rendered":"Games"},"content":{"rendered":"<p>[et_pb_section fb_built=&#8221;1&#8243; _builder_version=&#8221;4.25.2&#8243; _module_preset=&#8221;default&#8221; border_width_top=&#8221;7px&#8221; border_color_top=&#8221;#0C71C3&#8243; global_colors_info=&#8221;{}&#8221;][et_pb_row _builder_version=&#8221;4.23.4&#8243; _module_preset=&#8221;default&#8221; global_colors_info=&#8221;{}&#8221;][et_pb_column type=&#8221;4_4&#8243; _builder_version=&#8221;4.23.4&#8243; _module_preset=&#8221;default&#8221; global_colors_info=&#8221;{}&#8221;][et_pb_heading title=&#8221;JOGOS&#8221; _builder_version=&#8221;4.27.0&#8243; _module_preset=&#8221;default&#8221; title_level=&#8221;h3&#8243; title_text_align=&#8221;center&#8221; title_text_color=&#8221;#2167a6&#8243; global_colors_info=&#8221;{}&#8221;][\/et_pb_heading][et_pb_tabs inactive_tab_background_color=&#8221;#2167a6&#8243; _builder_version=&#8221;4.27.0&#8243; _module_preset=&#8221;default&#8221; tab_text_color=&#8221;#FFFFFF&#8221; border_width_all=&#8221;2px&#8221; border_color_all=&#8221;#2167a6&#8243; global_colors_info=&#8221;{}&#8221;][et_pb_tab title=&#8221;COMBINAT\u00d3RIOS&#8221; _builder_version=&#8221;4.27.0&#8243; _module_preset=&#8221;default&#8221; hover_enabled=&#8221;0&#8243; global_colors_info=&#8221;{}&#8221; sticky_enabled=&#8221;0&#8243;]<\/p>\n<p><strong>IMPARCIAIS<\/strong><\/p>\n<ul>\n<li style=\"list-style-type: none;\">\n<ul>\n<li><a href=\"https:\/\/ludicum.org\/jogos\/jogos-combinatorios-imparciais-nim\/\">Nim<\/a><\/li>\n<li><a href=\"https:\/\/ludicum.org\/jogos\/jogos-combinatorios-imparciais-northcott\/\">Northcott<\/a><\/li>\n<li><a href=\"https:\/\/ludicum.org\/jogos-combinatorios-imparciais-plainim\/\">Plainim<\/a><\/li>\n<\/ul>\n<\/li>\n<\/ul>\n<p><strong>PARTIZAN\u00a0<\/strong><\/p>\n<ul>\n<li style=\"list-style-type: none;\">\n<ul>\n<li><a href=\"https:\/\/ludicum.org\/jogos-combinatorios-partizan-dominorio\/\">Domin\u00f3rio<\/a><\/li>\n<\/ul>\n<\/li>\n<\/ul>\n<p>[\/et_pb_tab][et_pb_tab title=&#8221;ABSTRATOS&#8221; _builder_version=&#8221;4.27.0&#8243; _module_preset=&#8221;default&#8221; hover_enabled=&#8221;0&#8243; custom_css_main_element=&#8221;column-count: 3;&#8221; global_colors_info=&#8221;{}&#8221; sticky_enabled=&#8221;0&#8243;]<\/p>\n<p><a href=\"https:\/\/ludicum.org\/jogos-abstratos-amazonas\/\">Amazonas<\/a><\/p>\n<p><a href=\"https:\/\/ludicum.org\/jogos-abstratos-atari-go\/\">Atari Go<\/a><\/p>\n<p><a href=\"https:\/\/ludicum.org\/jogos-abstratos-avanco\/\">Avan\u00e7o<\/a><\/p>\n<p><a href=\"https:\/\/ludicum.org\/jogos-abstratos-epaminondas\/\">Epaminondas<\/a><\/p>\n<p><a href=\"https:\/\/ludicum.org\/jogos-abstratos-gatos-e-caes\/\">C\u00e3es e Gatos<\/a><\/p>\n<p><a href=\"https:\/\/ludicum.org\/jogos-abstratos-go\/\">Go<\/a><\/p>\n<p><a href=\"https:\/\/ludicum.org\/jogos-abstratos-hex\/\">Hex<\/a><\/p>\n<p><a href=\"https:\/\/ludicum.org\/jogos-abstratos-konane\/\">Konane<\/a><\/p>\n<p><a href=\"https:\/\/ludicum.org\/jogos-abstratos-nex\/\">Nex<\/a><\/p>\n<p><a href=\"https:\/\/ludicum.org\/jogos-abstratos-nine-men-morris\/\">Nine Men Morris<\/a><\/p>\n<p><a href=\"https:\/\/ludicum.org\/jogos-abstratos-peoes\/\">Pe\u00f5es<\/a><\/p>\n<p><a href=\"https:\/\/ludicum.org\/jogos-abstratos-produto\/\">Produto<\/a><\/p>\n<p><a href=\"https:\/\/ludicum.org\/jogos-abstratos-semaforo\/\">Sem\u00e1foro<\/a><\/p>\n<p><a href=\"https:\/\/ludicum.org\/jogos-abstratos-sesqui\/\">Sesqui<\/a><\/p>\n<p><a href=\"https:\/\/ludicum.org\/jogos-abstratos-tablut\/\">Tablut<\/a><\/p>\n<p><a href=\"https:\/\/ludicum.org\/jogos-abstratos-y\/\">Y<\/a><\/p>\n<p>[\/et_pb_tab][et_pb_tab title=&#8221;GEOM\u00c9TRICOS&#8221; _builder_version=&#8221;4.27.0&#8243; _module_preset=&#8221;default&#8221; hover_enabled=&#8221;0&#8243; global_colors_info=&#8221;{}&#8221; sticky_enabled=&#8221;0&#8243;]<\/p>\n<p><a href=\"https:\/\/ludicum.org\/jogos-geometricos-poliedricos\/\">Poli\u00e9dricos<\/a><\/p>\n<p>[\/et_pb_tab][et_pb_tab title=&#8221;PUZZLES&#8221; _builder_version=&#8221;4.27.0&#8243; _module_preset=&#8221;default&#8221; global_colors_info=&#8221;{}&#8221;]<\/p>\n<p>Em breve<\/p>\n<p>[\/et_pb_tab][\/et_pb_tabs][\/et_pb_column][\/et_pb_row][\/et_pb_section]<\/p>\n","protected":false},"excerpt":{"rendered":"<p>IMPARCIAIS Nim Northcott Plainim PARTIZAN\u00a0 Domin\u00f3rio Amazonas Atari Go Avan\u00e7o Epaminondas C\u00e3es e Gatos Go Hex Konane Nex Nine Men Morris Pe\u00f5es Produto Sem\u00e1foro Sesqui Tablut YPoli\u00e9dricosEm breve<\/p>","protected":false},"author":5,"featured_media":0,"parent":0,"menu_order":0,"comment_status":"closed","ping_status":"closed","template":"","meta":{"_acf_changed":false,"_et_pb_use_builder":"on","_et_pb_old_content":"","_et_gb_content_width":"1280","footnotes":""},"class_list":["post-2451","page","type-page","status-publish","hentry"],"acf":[],"_links":{"self":[{"href":"https:\/\/ludicum.org\/en\/wp-json\/wp\/v2\/pages\/2451","targetHints":{"allow":["GET"]}}],"collection":[{"href":"https:\/\/ludicum.org\/en\/wp-json\/wp\/v2\/pages"}],"about":[{"href":"https:\/\/ludicum.org\/en\/wp-json\/wp\/v2\/types\/page"}],"author":[{"embeddable":true,"href":"https:\/\/ludicum.org\/en\/wp-json\/wp\/v2\/users\/5"}],"replies":[{"embeddable":true,"href":"https:\/\/ludicum.org\/en\/wp-json\/wp\/v2\/comments?post=2451"}],"version-history":[{"count":0,"href":"https:\/\/ludicum.org\/en\/wp-json\/wp\/v2\/pages\/2451\/revisions"}],"wp:attachment":[{"href":"https:\/\/ludicum.org\/en\/wp-json\/wp\/v2\/media?parent=2451"}],"curies":[{"name":"wp","href":"https:\/\/api.w.org\/{rel}","templated":true}]}}