{"id":2433,"date":"2024-01-09T17:54:03","date_gmt":"2024-01-09T17:54:03","guid":{"rendered":"https:\/\/ludicumnew.org\/?page_id=2433"},"modified":"2024-09-30T18:06:16","modified_gmt":"2024-09-30T18:06:16","slug":"publicacoes-gratuitas","status":"publish","type":"page","link":"https:\/\/ludicum.org\/en\/publicacoes\/publicacoes-gratuitas\/","title":{"rendered":"Free Publications"},"content":{"rendered":"<p>[et_pb_section fb_built=&#8221;1&#8243; _builder_version=&#8221;4.25.1&#8243; _module_preset=&#8221;default&#8221; background_color=&#8221;#FFFFFF&#8221; background_enable_image=&#8221;off&#8221; parallax=&#8221;on&#8221; custom_margin=&#8221;0px||||false|false&#8221; custom_padding=&#8221;0px||||false|false&#8221; border_width_top=&#8221;5px&#8221; border_color_top=&#8221;gcid-0d5910ec-946c-471c-a674-756a53db7701&#8243; locked=&#8221;off&#8221; global_colors_info=&#8221;{%22gcid-0d5910ec-946c-471c-a674-756a53db7701%22:%91%22top_divider_color%22,%22border_color_top%22%93}&#8221;][et_pb_row _builder_version=&#8221;4.24.2&#8243; _module_preset=&#8221;default&#8221; custom_margin=&#8221;||0px||false|false&#8221; custom_padding=&#8221;||0px||false|false&#8221; global_colors_info=&#8221;{}&#8221;][et_pb_column type=&#8221;4_4&#8243; _builder_version=&#8221;4.24.2&#8243; _module_preset=&#8221;default&#8221; custom_padding=&#8221;0px||0px||false|false&#8221; global_colors_info=&#8221;{}&#8221;][et_pb_heading title=&#8221;Publica\u00e7\u00f5es gratuitas&#8221; _builder_version=&#8221;4.25.1&#8243; _module_preset=&#8221;default&#8221; title_level=&#8221;h3&#8243; title_text_align=&#8221;left&#8221; title_text_color=&#8221;gcid-heading-color&#8221; custom_margin=&#8221;30px||10px||false|false&#8221; global_colors_info=&#8221;{%22gcid-heading-color%22:%91%22title_text_color%22%93}&#8221;][\/et_pb_heading][\/et_pb_column][\/et_pb_row][et_pb_row column_structure=&#8221;1_2,1_2&#8243; use_custom_gutter=&#8221;on&#8221; make_equal=&#8221;on&#8221; _builder_version=&#8221;4.24.3&#8243; _module_preset=&#8221;default&#8221; custom_margin=&#8221;-20px||||false|false&#8221; custom_margin_tablet=&#8221;-35px||||false|false&#8221; custom_margin_phone=&#8221;-45px||||false|false&#8221; custom_margin_last_edited=&#8221;on|phone&#8221; custom_css_free_form=&#8221;.el-flex-row {||  display: flex;||  flex-wrap: wrap;||}||||.el-flex-row .et_pb_column {||  display: flex;||  flex-direction: column;||  justify-content: space-between;||}&#8221; locked=&#8221;off&#8221; global_colors_info=&#8221;{}&#8221;][et_pb_column type=&#8221;1_2&#8243; _builder_version=&#8221;4.24.3&#8243; _module_preset=&#8221;default&#8221; custom_padding=&#8221;35px||||false|false&#8221; custom_padding_tablet=&#8221;35px||||false|false&#8221; custom_padding_phone=&#8221;35px||||false|false&#8221; custom_padding_last_edited=&#8221;on|phone&#8221; custom_css_main_element=&#8221;display : flex;||flex-direction : column;&#8221; border_radii=&#8221;on|10px|10px|10px|10px&#8221; box_shadow_style=&#8221;preset1&#8243; global_colors_info=&#8221;{}&#8221;][et_pb_blurb title=&#8221;TEACHER TRAINING FOR CHESS AND MATHEMATICS&#8221; url=&#8221;https:\/\/ludicum.org\/wp-content\/uploads\/2024\/01\/CHAMPS-Teacher-Training-for-Chess-and-Mathematics-Final.pdf&#8221; url_new_window=&#8221;on&#8221; image=&#8221;https:\/\/ludicum.org\/wp-content\/uploads\/2024\/01\/Teacher_Training_for_Chess_and_Mathematics.jpg&#8221; image_icon_width=&#8221;70%&#8221; _builder_version=&#8221;4.24.3&#8243; _module_preset=&#8221;default&#8221; header_level=&#8221;h5&#8243; header_text_align=&#8221;center&#8221; header_text_color=&#8221;#438e1a&#8221; body_text_align=&#8221;center&#8221; custom_margin=&#8221;|30px||30px|false|false&#8221; custom_margin_tablet=&#8221;|20px||20px|false|false&#8221; custom_margin_phone=&#8221;|20px||20px|false|false&#8221; custom_margin_last_edited=&#8221;on|phone&#8221; link_option_url=&#8221;https:\/\/ludicum.org\/wp-content\/uploads\/2024\/01\/CHAMPS-Teacher-Training-for-Chess-and-Mathematics-Final.pdf&#8221; link_option_url_new_window=&#8221;on&#8221; border_radii_image=&#8221;on|5px|5px|5px|5px&#8221; global_colors_info=&#8221;{}&#8221;]<\/p>\n<p>Output of Project CHAMPS (Erasmus+)<\/p>\n<p>[\/et_pb_blurb][et_pb_button button_url=&#8221;https:\/\/ludicum.org\/wp-content\/uploads\/2024\/01\/CHAMPS-Teacher-Training-for-Chess-and-Mathematics-Final.pdf&#8221; button_text=&#8221;Download&#8221; _builder_version=&#8221;4.27.0&#8243; _module_preset=&#8221;default&#8221; button_text_size=&#8221;15px&#8221; button_border_color=&#8221;gcid-primary-color&#8221; button_icon=&#8221;&#xe092;||divi||400&#8243; custom_margin=&#8221;auto||40px||false|false&#8221; global_colors_info=&#8221;{%22gcid-primary-color%22:%91%22button_border_color%22,%22button_bg_color__hover%22%93}&#8221; button_text_color__hover=&#8221;&#8221; button_text_color__hover_enabled=&#8221;on|hover&#8221; button_bg_color__hover=&#8221;#218916&#8243;][\/et_pb_button][\/et_pb_column][et_pb_column type=&#8221;1_2&#8243; _builder_version=&#8221;4.24.3&#8243; _module_preset=&#8221;default&#8221; custom_padding=&#8221;35px||||false|false&#8221; custom_css_main_element=&#8221;display : flex;||flex-direction : column;&#8221; border_radii=&#8221;on|10px|10px|10px|10px&#8221; box_shadow_style=&#8221;preset1&#8243; global_colors_info=&#8221;{}&#8221;][et_pb_blurb title=&#8221;50 CHESS AND MATHEMATICS EXERCISES FOR SCHOOLS&#8221; url=&#8221;https:\/\/ludicum.org\/wp-content\/uploads\/2024\/01\/CHAMPS-50-Chess-and-Mathematics-Exercises-Final.pdf&#8221; url_new_window=&#8221;on&#8221; image=&#8221;https:\/\/ludicum.org\/wp-content\/uploads\/2024\/01\/50_Chess_and_mathematics_exercises_for_Schools.jpg&#8221; image_icon_width=&#8221;65%&#8221; _builder_version=&#8221;4.24.3&#8243; _module_preset=&#8221;default&#8221; header_level=&#8221;h5&#8243; header_text_align=&#8221;center&#8221; header_text_color=&#8221;#438e1a&#8221; body_text_align=&#8221;center&#8221; custom_margin=&#8221;|30px||30px|false|false&#8221; custom_margin_tablet=&#8221;|20px||20px|false|false&#8221; custom_margin_phone=&#8221;|20px||20px|false|false&#8221; custom_margin_last_edited=&#8221;on|phone&#8221; link_option_url=&#8221;https:\/\/ludicum.org\/wp-content\/uploads\/2024\/01\/CHAMPS-50-Chess-and-Mathematics-Exercises-Final.pdf&#8221; link_option_url_new_window=&#8221;on&#8221; border_radii_image=&#8221;on|5px|5px|5px|5px&#8221; locked=&#8221;off&#8221; global_colors_info=&#8221;{}&#8221;]<\/p>\n<p><span>Output of Project CHAMPS (Erasmus+)<\/span><\/p>\n<p>[\/et_pb_blurb][et_pb_button button_url=&#8221;https:\/\/ludicum.org\/wp-content\/uploads\/2024\/01\/CHAMPS-50-Chess-and-Mathematics-Exercises-Final.pdf&#8221; button_text=&#8221;Download&#8221; _builder_version=&#8221;4.27.0&#8243; _module_preset=&#8221;default&#8221; button_text_size=&#8221;15px&#8221; button_border_color=&#8221;gcid-primary-color&#8221; button_icon=&#8221;&#xe092;||divi||400&#8243; custom_margin=&#8221;auto||40px||false|false&#8221; locked=&#8221;off&#8221; global_colors_info=&#8221;{%22gcid-primary-color%22:%91%22button_border_color%22,%22button_bg_color__hover%22%93}&#8221; button_text_color__hover=&#8221;&#8221; button_text_color__hover_enabled=&#8221;on|hover&#8221; button_bg_color__hover=&#8221;#218916&#8243;][\/et_pb_button][\/et_pb_column][\/et_pb_row][et_pb_row column_structure=&#8221;1_2,1_2&#8243; use_custom_gutter=&#8221;on&#8221; make_equal=&#8221;on&#8221; _builder_version=&#8221;4.24.3&#8243; _module_preset=&#8221;default&#8221; custom_margin=&#8221;||||false|false&#8221; custom_margin_tablet=&#8221;-35px||||false|false&#8221; custom_margin_phone=&#8221;-45px||||false|false&#8221; custom_margin_last_edited=&#8221;on|phone&#8221; custom_css_free_form=&#8221;.el-flex-row {||  display: flex;||  flex-wrap: wrap;||}||||.el-flex-row .et_pb_column {||  display: flex;||  flex-direction: column;||  justify-content: space-between;||}&#8221; locked=&#8221;off&#8221; global_colors_info=&#8221;{}&#8221;][et_pb_column type=&#8221;1_2&#8243; _builder_version=&#8221;4.24.3&#8243; _module_preset=&#8221;default&#8221; custom_padding=&#8221;35px||||false|false&#8221; custom_padding_tablet=&#8221;35px||||false|false&#8221; custom_padding_phone=&#8221;35px||||false|false&#8221; custom_padding_last_edited=&#8221;on|phone&#8221; custom_css_main_element=&#8221;display : flex;||flex-direction : column;&#8221; border_radii=&#8221;on|10px|10px|10px|10px&#8221; box_shadow_style=&#8221;preset1&#8243; global_colors_info=&#8221;{}&#8221;][et_pb_blurb title=&#8221;50 Exerc\u00edcios de Matem\u00e1tica e Xadrez para as Escolas&#8221; url=&#8221;https:\/\/ludicum.org\/wp-content\/uploads\/2024\/01\/CHAMPSIO1FinalDistributionPT.pdf&#8221; url_new_window=&#8221;on&#8221; image=&#8221;https:\/\/ludicum.org\/wp-content\/uploads\/2024\/01\/50_exercicios_de_matematica_e_xadres.jpg&#8221; image_icon_width=&#8221;100%&#8221; _builder_version=&#8221;4.24.3&#8243; _module_preset=&#8221;default&#8221; header_level=&#8221;h5&#8243; header_text_align=&#8221;center&#8221; header_text_color=&#8221;#438e1a&#8221; body_text_align=&#8221;center&#8221; custom_margin=&#8221;|30px||30px|false|false&#8221; custom_margin_tablet=&#8221;|20px||20px|false|false&#8221; custom_margin_phone=&#8221;|20px||20px|false|false&#8221; custom_margin_last_edited=&#8221;on|phone&#8221; link_option_url=&#8221;https:\/\/ludicum.org\/wp-content\/uploads\/2024\/01\/CHAMPSIO1FinalDistributionPT.pdf&#8221; link_option_url_new_window=&#8221;on&#8221; border_radii_image=&#8221;on|5px|5px|5px|5px&#8221; global_colors_info=&#8221;{}&#8221;]<\/p>\n<p>Documento produzido no \u00e2mbito do Projecto Erasmus+ CHAMPS<\/p>\n<p>[\/et_pb_blurb][et_pb_button button_url=&#8221;https:\/\/ludicum.org\/wp-content\/uploads\/2024\/01\/CHAMPSIO1FinalDistributionPT.pdf&#8221; button_text=&#8221;Download&#8221; _builder_version=&#8221;4.27.0&#8243; _module_preset=&#8221;default&#8221; button_text_size=&#8221;15px&#8221; button_border_color=&#8221;gcid-primary-color&#8221; button_icon=&#8221;&#xe092;||divi||400&#8243; custom_margin=&#8221;auto||40px||false|false&#8221; global_colors_info=&#8221;{%22gcid-primary-color%22:%91%22button_border_color%22,%22button_bg_color__hover%22%93}&#8221; button_text_color__hover=&#8221;&#8221; button_text_color__hover_enabled=&#8221;on|hover&#8221; button_bg_color__hover=&#8221;#218916&#8243;][\/et_pb_button][\/et_pb_column][et_pb_column type=&#8221;1_2&#8243; _builder_version=&#8221;4.24.3&#8243; _module_preset=&#8221;default&#8221; custom_padding=&#8221;35px||||false|false&#8221; custom_css_main_element=&#8221;display : flex;||flex-direction : column;&#8221; border_radii=&#8221;on|10px|10px|10px|10px&#8221; box_shadow_style=&#8221;preset1&#8243; global_colors_info=&#8221;{}&#8221;][et_pb_blurb title=&#8221;DICA 2023&#8243; url=&#8221;https:\/\/ludicum.org\/wp-content\/uploads\/2024\/04\/PublicacaoDICA2023.pdf&#8221; url_new_window=&#8221;on&#8221; image=&#8221;https:\/\/ludicum.org\/wp-content\/uploads\/2024\/04\/Dica2023.png&#8221; image_icon_width=&#8221;70%&#8221; _builder_version=&#8221;4.24.3&#8243; _module_preset=&#8221;default&#8221; header_level=&#8221;h5&#8243; header_text_align=&#8221;center&#8221; header_text_color=&#8221;#438e1a&#8221; body_text_align=&#8221;center&#8221; custom_margin=&#8221;|30px||30px|false|false&#8221; custom_margin_tablet=&#8221;|20px||20px|false|false&#8221; custom_margin_phone=&#8221;|20px||20px|false|false&#8221; custom_margin_last_edited=&#8221;on|phone&#8221; link_option_url=&#8221;https:\/\/ludicum.org\/wp-content\/uploads\/2024\/04\/PublicacaoDICA2023.pdf&#8221; link_option_url_new_window=&#8221;on&#8221; border_radii_image=&#8221;on|5px|5px|5px|5px&#8221; locked=&#8221;off&#8221; global_colors_info=&#8221;{}&#8221;]<\/p>\n<p><span>Conhecer o trabalho das escolas para melhorar as pol\u00edticas p\u00fablicas de educa\u00e7\u00e3o.<\/span><\/p>\n<p>[\/et_pb_blurb][et_pb_button button_url=&#8221;https:\/\/ludicum.org\/wp-content\/uploads\/2024\/04\/PublicacaoDICA2023.pdf&#8221; button_text=&#8221;Download&#8221; _builder_version=&#8221;4.27.0&#8243; _module_preset=&#8221;default&#8221; button_text_size=&#8221;15px&#8221; button_border_color=&#8221;gcid-primary-color&#8221; button_icon=&#8221;&#xe092;||divi||400&#8243; custom_margin=&#8221;auto||40px||false|false&#8221; hover_enabled=&#8221;0&#8243; locked=&#8221;off&#8221; global_colors_info=&#8221;{%22gcid-primary-color%22:%91%22button_border_color%22,%22button_bg_color__hover%22%93}&#8221; button_text_color__hover=&#8221;&#8221; button_text_color__hover_enabled=&#8221;on|hover&#8221; button_bg_color__hover=&#8221;#218916&#8243; sticky_enabled=&#8221;0&#8243;][\/et_pb_button][\/et_pb_column][\/et_pb_row][\/et_pb_section]<\/p>\n","protected":false},"excerpt":{"rendered":"<p>Output of Project CHAMPS (Erasmus+)Output of Project CHAMPS (Erasmus+)Documento produzido no \u00e2mbito do Projecto Erasmus+ CHAMPSConhecer o trabalho das escolas para melhorar as pol\u00edticas p\u00fablicas de educa\u00e7\u00e3o.<\/p>","protected":false},"author":5,"featured_media":0,"parent":4025,"menu_order":0,"comment_status":"closed","ping_status":"closed","template":"","meta":{"_acf_changed":false,"_et_pb_use_builder":"on","_et_pb_old_content":"","_et_gb_content_width":"1280","footnotes":""},"class_list":["post-2433","page","type-page","status-publish","hentry"],"acf":[],"_links":{"self":[{"href":"https:\/\/ludicum.org\/en\/wp-json\/wp\/v2\/pages\/2433","targetHints":{"allow":["GET"]}}],"collection":[{"href":"https:\/\/ludicum.org\/en\/wp-json\/wp\/v2\/pages"}],"about":[{"href":"https:\/\/ludicum.org\/en\/wp-json\/wp\/v2\/types\/page"}],"author":[{"embeddable":true,"href":"https:\/\/ludicum.org\/en\/wp-json\/wp\/v2\/users\/5"}],"replies":[{"embeddable":true,"href":"https:\/\/ludicum.org\/en\/wp-json\/wp\/v2\/comments?post=2433"}],"version-history":[{"count":0,"href":"https:\/\/ludicum.org\/en\/wp-json\/wp\/v2\/pages\/2433\/revisions"}],"up":[{"embeddable":true,"href":"https:\/\/ludicum.org\/en\/wp-json\/wp\/v2\/pages\/4025"}],"wp:attachment":[{"href":"https:\/\/ludicum.org\/en\/wp-json\/wp\/v2\/media?parent=2433"}],"curies":[{"name":"wp","href":"https:\/\/api.w.org\/{rel}","templated":true}]}}