{"id":2389,"date":"2024-01-08T19:20:51","date_gmt":"2024-01-08T19:20:51","guid":{"rendered":"https:\/\/ludicumnew.org\/?page_id=2389"},"modified":"2024-06-09T01:43:22","modified_gmt":"2024-06-09T01:43:22","slug":"a-ludus-nos-media","status":"publish","type":"page","link":"https:\/\/ludicum.org\/en\/a-ludus-nos-media\/","title":{"rendered":"Ludus in the media"},"content":{"rendered":"<p>[et_pb_section fb_built=&#8221;1&#8243; module_class=&#8221;nos-media-box&#8221; _builder_version=&#8221;4.25.1&#8243; _module_preset=&#8221;default&#8221; hover_enabled=&#8221;0&#8243; global_colors_info=&#8221;{%22gcid-primary-color%22:%91%22border_color_top%22%93}&#8221; border_width_top=&#8221;5px&#8221; border_color_top=&#8221;gcid-primary-color&#8221; sticky_enabled=&#8221;0&#8243;][et_pb_row _builder_version=&#8221;4.24.3&#8243; _module_preset=&#8221;default&#8221; custom_padding=&#8221;0px||0px||false|false&#8221; global_colors_info=&#8221;{}&#8221;][et_pb_column type=&#8221;4_4&#8243; _builder_version=&#8221;4.23.4&#8243; _module_preset=&#8221;default&#8221; global_colors_info=&#8221;{}&#8221;][et_pb_heading title=&#8221;A Ludus nos Media&#8221; _builder_version=&#8221;4.23.4&#8243; _module_preset=&#8221;default&#8221; title_level=&#8221;h3&#8243; custom_margin=&#8221;20px||||false|false&#8221; global_colors_info=&#8221;{}&#8221;][\/et_pb_heading][\/et_pb_column][\/et_pb_row][et_pb_row column_structure=&#8221;1_3,2_3&#8243; _builder_version=&#8221;4.24.2&#8243; _module_preset=&#8221;default&#8221; custom_margin=&#8221;30px||||false|false&#8221; custom_padding=&#8221;30px|30px|30px|30px|false|false&#8221; border_radii=&#8221;on|10px|10px|10px|10px&#8221; box_shadow_style=&#8221;preset2&#8243; global_colors_info=&#8221;{}&#8221; transform_styles__hover_enabled=&#8221;on|hover&#8221; transform_scale__hover=&#8221;108%|108%&#8221; transform_scale__hover_enabled=&#8221;on|hover&#8221; transform_translate__hover_enabled=&#8221;on|desktop&#8221; transform_rotate__hover_enabled=&#8221;on|desktop&#8221; transform_skew__hover_enabled=&#8221;on|desktop&#8221; transform_origin__hover_enabled=&#8221;on|desktop&#8221;][et_pb_column type=&#8221;1_3&#8243; _builder_version=&#8221;4.24.2&#8243; _module_preset=&#8221;default&#8221; custom_padding=&#8221;|50px||50px|false|false&#8221; global_colors_info=&#8221;{}&#8221;][et_pb_image src=&#8221;https:\/\/ludicum.org\/wp-content\/uploads\/2024\/01\/ludus-nos-media1.jpeg&#8221; title_text=&#8221;ludus nos media1&#8243; url=&#8221;https:\/\/www.nd-aktuell.de\/artikel\/157083.mathematik-ist-pures-spielen.html&#8221; url_new_window=&#8221;on&#8221; align=&#8221;center&#8221; force_fullwidth=&#8221;on&#8221; _builder_version=&#8221;4.24.2&#8243; _module_preset=&#8221;default&#8221; custom_padding=&#8221;||||false|false&#8221; global_colors_info=&#8221;{}&#8221;][\/et_pb_image][\/et_pb_column][et_pb_column type=&#8221;2_3&#8243; _builder_version=&#8221;4.24.2&#8243; _module_preset=&#8221;default&#8221; global_colors_info=&#8221;{}&#8221;][et_pb_cta title=&#8221;Entrevista no Neues Deutschland&#8221; button_url=&#8221;https:\/\/www.nd-aktuell.de\/artikel\/157083.mathematik-ist-pures-spielen.html&#8221; url_new_window=&#8221;on&#8221; button_text=&#8221;Ver&#8221; _builder_version=&#8221;4.24.3&#8243; _module_preset=&#8221;default&#8221; header_level=&#8221;h5&#8243; header_text_align=&#8221;left&#8221; header_text_color=&#8221;gcid-e5f6f121-bcbe-410c-8052-99b333777da4&#8243; body_text_align=&#8221;justify&#8221; body_text_color=&#8221;#000000&#8243; use_background_color=&#8221;off&#8221; custom_button=&#8221;on&#8221; button_text_size=&#8221;13px&#8221; button_text_color=&#8221;gcid-e5f6f121-bcbe-410c-8052-99b333777da4&#8243; button_bg_color=&#8221;#FFFFFF&#8221; button_border_width=&#8221;2px&#8221; button_border_color=&#8221;gcid-e5f6f121-bcbe-410c-8052-99b333777da4&#8243; button_letter_spacing=&#8221;1px&#8221; button_font=&#8221;||||||||&#8221; button_icon=&#8221;&#xf35d;||fa||900&#8243; button_icon_color=&#8221;gcid-e5f6f121-bcbe-410c-8052-99b333777da4&#8243; button_on_hover=&#8221;off&#8221; button_alignment=&#8221;right&#8221; button_custom_margin=&#8221;||||false|false&#8221; button_custom_padding=&#8221;5px|30px|5px|20px|false|false&#8221; link_option_url=&#8221;https:\/\/www.nd-aktuell.de\/artikel\/157083.mathematik-ist-pures-spielen.html&#8221; link_option_url_new_window=&#8221;on&#8221; border_radii=&#8221;on|5px|5px|5px|5px&#8221; box_shadow_style_button=&#8221;preset1&#8243; global_colors_info=&#8221;{%22gcid-e5f6f121-bcbe-410c-8052-99b333777da4%22:%91%22header_text_color%22,%22button_text_color%22,%22button_border_color%22,%22button_icon_color%22%93}&#8221;]<\/p>\n<p style=\"text-align: justify;\">Entrevista de Jorge Nuno ao jornal alem\u00e3o Neues Deutschland<\/p>\n<p>[\/et_pb_cta][\/et_pb_column][\/et_pb_row][et_pb_row column_structure=&#8221;1_3,2_3&#8243; _builder_version=&#8221;4.24.3&#8243; _module_preset=&#8221;default&#8221; custom_margin=&#8221;30px||60px||false|false&#8221; custom_padding=&#8221;30px|30px|30px|30px|false|false&#8221; border_radii=&#8221;on|10px|10px|10px|10px&#8221; box_shadow_style=&#8221;preset2&#8243; global_colors_info=&#8221;{}&#8221; transform_styles__hover_enabled=&#8221;on|hover&#8221; transform_scale__hover=&#8221;108%|108%&#8221; transform_scale__hover_enabled=&#8221;on|hover&#8221; transform_translate__hover_enabled=&#8221;on|desktop&#8221; transform_rotate__hover_enabled=&#8221;on|desktop&#8221; transform_skew__hover_enabled=&#8221;on|desktop&#8221; transform_origin__hover_enabled=&#8221;on|desktop&#8221;][et_pb_column type=&#8221;1_3&#8243; _builder_version=&#8221;4.24.2&#8243; _module_preset=&#8221;default&#8221; global_colors_info=&#8221;{}&#8221;][et_pb_image src=&#8221;https:\/\/ludicum.org\/wp-content\/uploads\/2024\/01\/Captura-de-ecra-2024-01-08-as-19.07.15.png&#8221; title_text=&#8221;Captura de ecra\u0303 2024-01-08, a\u0300s 19.07.15&#8243; url=&#8221;https:\/\/www.youtube.com\/watch?v=Pgk83Bwf5c8&#8243; url_new_window=&#8221;on&#8221; align=&#8221;center&#8221; force_fullwidth=&#8221;on&#8221; _builder_version=&#8221;4.24.2&#8243; _module_preset=&#8221;default&#8221; custom_padding=&#8221;||||false|false&#8221; global_colors_info=&#8221;{}&#8221;][\/et_pb_image][\/et_pb_column][et_pb_column type=&#8221;2_3&#8243; _builder_version=&#8221;4.24.2&#8243; _module_preset=&#8221;default&#8221; global_colors_info=&#8221;{}&#8221;][et_pb_cta title=&#8221;Jogos Matem\u00e1ticos atrav\u00e9s do tempo&#8221; button_url=&#8221;https:\/\/www.youtube.com\/watch?v=Pgk83Bwf5c8&#8243; url_new_window=&#8221;on&#8221; button_text=&#8221;Ver&#8221; _builder_version=&#8221;4.24.3&#8243; _module_preset=&#8221;default&#8221; header_level=&#8221;h5&#8243; header_text_align=&#8221;left&#8221; header_text_color=&#8221;gcid-e5f6f121-bcbe-410c-8052-99b333777da4&#8243; body_text_align=&#8221;justify&#8221; body_text_color=&#8221;#000000&#8243; use_background_color=&#8221;off&#8221; custom_button=&#8221;on&#8221; button_text_size=&#8221;13px&#8221; button_text_color=&#8221;gcid-e5f6f121-bcbe-410c-8052-99b333777da4&#8243; button_bg_color=&#8221;#FFFFFF&#8221; button_border_width=&#8221;2px&#8221; button_border_color=&#8221;gcid-e5f6f121-bcbe-410c-8052-99b333777da4&#8243; button_letter_spacing=&#8221;1px&#8221; button_font=&#8221;||||||||&#8221; button_icon=&#8221;&#xf35d;||fa||900&#8243; button_icon_color=&#8221;gcid-e5f6f121-bcbe-410c-8052-99b333777da4&#8243; button_on_hover=&#8221;off&#8221; button_alignment=&#8221;right&#8221; button_custom_margin=&#8221;||||false|false&#8221; button_custom_padding=&#8221;5px|30px|5px|20px|false|false&#8221; link_option_url=&#8221;https:\/\/www.youtube.com\/watch?v=Pgk83Bwf5c8&#8243; link_option_url_new_window=&#8221;on&#8221; border_radii=&#8221;on|5px|5px|5px|5px&#8221; box_shadow_style_button=&#8221;preset1&#8243; global_colors_info=&#8221;{%22gcid-e5f6f121-bcbe-410c-8052-99b333777da4%22:%91%22header_text_color%22,%22button_text_color%22,%22button_border_color%22,%22button_icon_color%22%93}&#8221;]<\/p>\n<p>Video no YouTube da Exposi\u00e7\u00e3o &#8220;Jogos Matem\u00e1ticos atrav\u00e9s do Tempo no Museu de Ci\u00eancia da Universidade de Lisboa.<\/p>\n<p>[\/et_pb_cta][\/et_pb_column][\/et_pb_row][\/et_pb_section]<\/p>\n","protected":false},"excerpt":{"rendered":"<p>Entrevista de Jorge Nuno ao jornal alem\u00e3o Neues DeutschlandVideo no YouTube da Exposi\u00e7\u00e3o &#8220;Jogos Matem\u00e1ticos atrav\u00e9s do Tempo no Museu de Ci\u00eancia da Universidade de Lisboa.<\/p>","protected":false},"author":5,"featured_media":0,"parent":0,"menu_order":0,"comment_status":"closed","ping_status":"closed","template":"","meta":{"_acf_changed":false,"_et_pb_use_builder":"on","_et_pb_old_content":"","_et_gb_content_width":"1280","footnotes":""},"class_list":["post-2389","page","type-page","status-publish","hentry"],"acf":[],"_links":{"self":[{"href":"https:\/\/ludicum.org\/en\/wp-json\/wp\/v2\/pages\/2389","targetHints":{"allow":["GET"]}}],"collection":[{"href":"https:\/\/ludicum.org\/en\/wp-json\/wp\/v2\/pages"}],"about":[{"href":"https:\/\/ludicum.org\/en\/wp-json\/wp\/v2\/types\/page"}],"author":[{"embeddable":true,"href":"https:\/\/ludicum.org\/en\/wp-json\/wp\/v2\/users\/5"}],"replies":[{"embeddable":true,"href":"https:\/\/ludicum.org\/en\/wp-json\/wp\/v2\/comments?post=2389"}],"version-history":[{"count":0,"href":"https:\/\/ludicum.org\/en\/wp-json\/wp\/v2\/pages\/2389\/revisions"}],"wp:attachment":[{"href":"https:\/\/ludicum.org\/en\/wp-json\/wp\/v2\/media?parent=2389"}],"curies":[{"name":"wp","href":"https:\/\/api.w.org\/{rel}","templated":true}]}}