{"id":2331,"date":"2024-01-08T00:17:12","date_gmt":"2024-01-08T00:17:12","guid":{"rendered":"https:\/\/ludicumnew.org\/?page_id=2331"},"modified":"2024-06-18T09:38:59","modified_gmt":"2024-06-18T09:38:59","slug":"jogos-abstratos-produto","status":"publish","type":"page","link":"https:\/\/ludicum.org\/en\/jogos\/jogos-abstratos-produto\/","title":{"rendered":"Jogos abstratos: Produto"},"content":{"rendered":"<p>[et_pb_section fb_built=&#8221;1&#8243; _builder_version=&#8221;4.25.2&#8243; _module_preset=&#8221;default&#8221; width=&#8221;100%&#8221; max_width=&#8221;100%&#8221; custom_margin=&#8221;0px|0px|0px|0px|false|false&#8221; custom_padding=&#8221;0px|0px|0px|0px|false|false&#8221; hover_enabled=&#8221;0&#8243; border_color_all=&#8221;#FFFFFF&#8221; border_width_top=&#8221;7px&#8221; border_color_top=&#8221;#2167a6&#8243; global_colors_info=&#8221;{}&#8221; sticky_enabled=&#8221;0&#8243; locked=&#8221;off&#8221;][et_pb_row column_structure=&#8221;3_4,1_4&#8243; use_custom_gutter=&#8221;on&#8221; gutter_width=&#8221;1&#8243; make_equal=&#8221;on&#8221; _builder_version=&#8221;4.25.2&#8243; _module_preset=&#8221;default&#8221; background_color=&#8221;#FFFFFF&#8221; width=&#8221;100%&#8221; max_width=&#8221;100%&#8221; custom_margin=&#8221;0px|0px|0px|0px|false|false&#8221; custom_padding=&#8221;0px|0px|0px|0px|false|false&#8221; hover_enabled=&#8221;0&#8243; global_colors_info=&#8221;{}&#8221; sticky_enabled=&#8221;0&#8243;][et_pb_column type=&#8221;3_4&#8243; _builder_version=&#8221;4.25.1&#8243; _module_preset=&#8221;default&#8221; custom_padding=&#8221;40px|40px|40px|40px|false|false&#8221; global_colors_info=&#8221;{}&#8221;][et_pb_heading title=&#8221;Produto&#8221; _builder_version=&#8221;4.23.4&#8243; _module_preset=&#8221;default&#8221; title_level=&#8221;h3&#8243; title_font_size=&#8221;25px&#8221; global_colors_info=&#8221;{}&#8221; title_text_color=&#8221;#2167a6&#8243;][\/et_pb_heading][et_pb_text _builder_version=&#8221;4.23.4&#8243; _module_preset=&#8221;default&#8221; text_orientation=&#8221;justified&#8221; global_colors_info=&#8221;{}&#8221;]<\/p>\n<p>No tabuleiro abaixo dois jogadores (as Brancas e as Negras) alternam colocando pedras brancas e negras segundo as seguintes regras.<\/p>\n<p>Come\u00e7am as Negras que, na sua primeira jogada, colocam uma pe\u00e7a (de qualquer cor) numa casa livre do tabuleiro.<\/p>\n<p>Depois, em cada jogada, o jogador a quem toca a vez coloca duas pe\u00e7as de quaisquer cores em duas casas vazias do tabuleiro.<\/p>\n<p>Quando o tabuleiro estiver totalmente preenchido, calcula-se o n\u00famero de pe\u00e7as dos dois maiores grupos de cada jogador. Ganha quem obtiver o maior produto. Em caso de produtos iguais ganha quem tiver menos pe\u00e7as no tabuleiro.<\/p>\n<p><strong>Notas<\/strong>:<\/p>\n<p>Grupo \u00e9 um conjunto de pe\u00e7as da mesma cor conectadas entre si.<\/p>\n<p>Se um jogador terminar com um \u00fanico grupo obt\u00e9m zero para o produto mencionado acima.<\/p>\n<p>Por exemplo, se os dois maiores grupos negros, quando o jogo terminar, tiverem 8 e 5 pe\u00e7as, o resultado final das Negras \u00e9 8&#215;5 = 40 pontos. Se nessa mesma partida as Brancas tiverem nos seus dois maiores grupos, 10 e 3 pe\u00e7as, ter\u00e3o como resultado final 10&#215;3= 30 pontos e ter\u00e3o, assim, perdido o jogo.<\/p>\n<p>[\/et_pb_text][et_pb_button button_url=&#8221;https:\/\/ludicum.org\/wp-content\/uploads\/2024\/01\/PRODUTO.pdf&#8221; url_new_window=&#8221;on&#8221; button_text=&#8221;Download regras&#8221; button_alignment=&#8221;center&#8221; _builder_version=&#8221;4.25.2&#8243; _module_preset=&#8221;default&#8221; custom_button=&#8221;on&#8221; button_text_size=&#8221;14px&#8221; button_text_color=&#8221;#438e1a&#8221; button_border_radius=&#8221;10px&#8221; button_icon=&#8221;&#xf1c1;||fa||400&#8243; button_icon_color=&#8221;#438e1a&#8221; button_on_hover=&#8221;off&#8221; hover_enabled=&#8221;0&#8243; global_colors_info=&#8221;{}&#8221; transform_styles__hover_enabled=&#8221;on|desktop&#8221; transform_scale__hover_enabled=&#8221;on|desktop&#8221; transform_translate__hover_enabled=&#8221;on|desktop&#8221; transform_rotate__hover_enabled=&#8221;on|desktop&#8221; transform_skew__hover_enabled=&#8221;on|desktop&#8221; transform_origin__hover_enabled=&#8221;on|desktop&#8221; background_layout__hover_enabled=&#8221;on|hover&#8221; button_text_color__hover_enabled=&#8221;on|desktop&#8221; button_text_color__hover=&#8221;#FFFFFF&#8221; button_bg_color__hover_enabled=&#8221;on|hover&#8221; button_bg_color__hover=&#8221;#438e1a&#8221; button_bg_enable_color__hover=&#8221;on&#8221; button_icon_color__hover_enabled=&#8221;on|hover&#8221; button_icon_color__hover=&#8221;#FFFFFF&#8221; custom_margin=&#8221;20px||||false|false&#8221; sticky_enabled=&#8221;0&#8243;][\/et_pb_button][\/et_pb_column][et_pb_column type=&#8221;1_4&#8243; _builder_version=&#8221;4.25.2&#8243; _module_preset=&#8221;default&#8221; background_color=&#8221;#2167a6&#8243; custom_padding=&#8221;0px|15px|0px|15px|false|false&#8221; hover_enabled=&#8221;0&#8243; global_colors_info=&#8221;{}&#8221; sticky_enabled=&#8221;0&#8243;][et_pb_text _builder_version=&#8221;4.25.2&#8243; _module_preset=&#8221;default&#8221; width=&#8221;100%&#8221; max_width=&#8221;100%&#8221; module_alignment=&#8221;center&#8221; custom_margin=&#8221;0px|0px|0px|0px|false|false&#8221; custom_padding=&#8221;0px||0px||false|false&#8221; hover_enabled=&#8221;0&#8243; custom_css_free_form=&#8221;#page-container button {||    color:#2167a6;||}&#8221; border_radii=&#8221;on|7px|7px|7px|7px&#8221; global_colors_info=&#8221;{}&#8221; sticky_enabled=&#8221;0&#8243;]<\/p>\n<p><span><nav id=\"bellows-main-36\" class=\"bellows bellows-nojs bellows-main bellows-source-menu bellows-align-full bellows-skin-vanilla bellows-type- bellows-expand-current\"><ul id=\"menu-jogos_menu\" class=\"bellows-nav\" data-bellows-config=\"main\"><li id=\"menu-item-3823\" class=\"bellows-menu-item bellows-menu-item-type-post_type bellows-menu-item-object-page bellows-menu-item-has-children bellows-menu-item-3823 bellows-item-level-0\"><a  href=\"https:\/\/ludicum.org\/en\/jogos\/\" class=\"bellows-target\"><span class=\"bellows-target-title bellows-target-text\">Jogos<\/span><button class=\"bellows-subtoggle\" aria-label=\"Toggle Submenu\"><i class=\"bellows-subtoggle-icon-expand fa fa-chevron-down\"><\/i><i class=\"bellows-subtoggle-icon-collapse fa fa-chevron-up\"><\/i><\/button><\/a>\n<ul class=\"bellows-submenu\">\n\t<li id=\"menu-item-3370\" class=\"bellows-menu-item bellows-menu-item-type-custom bellows-menu-item-object-custom bellows-menu-item-has-children bellows-menu-item-3370 bellows-item-level-1\"><a  href=\"#\" class=\"bellows-target\"><span class=\"bellows-target-title bellows-target-text\">Jogos Combinat\u00f3rios<\/span><button class=\"bellows-subtoggle\" aria-label=\"Toggle Submenu\"><i class=\"bellows-subtoggle-icon-expand fa fa-chevron-down\"><\/i><i class=\"bellows-subtoggle-icon-collapse fa fa-chevron-up\"><\/i><\/button><\/a>\n\t<ul class=\"bellows-submenu\">\n\t\t<li id=\"menu-item-3371\" class=\"bellows-menu-item bellows-menu-item-type-custom bellows-menu-item-object-custom bellows-menu-item-has-children bellows-menu-item-3371 bellows-item-level-2\"><a  href=\"#\" class=\"bellows-target\"><span class=\"bellows-target-title bellows-target-text\">Imparciais<\/span><button class=\"bellows-subtoggle\" aria-label=\"Toggle Submenu\"><i class=\"bellows-subtoggle-icon-expand fa fa-chevron-down\"><\/i><i class=\"bellows-subtoggle-icon-collapse fa fa-chevron-up\"><\/i><\/button><\/a>\n\t\t<ul class=\"bellows-submenu\">\n\t\t\t<li id=\"menu-item-3369\" class=\"bellows-menu-item bellows-menu-item-type-post_type bellows-menu-item-object-page bellows-menu-item-3369 bellows-item-level-3\"><a  href=\"https:\/\/ludicum.org\/en\/jogos\/jogos-combinatorios-imparciais-nim\/\" class=\"bellows-target\"><span class=\"bellows-target-title bellows-target-text\">Nim<\/span><\/a><\/li>\n\t\t\t<li id=\"menu-item-3368\" class=\"bellows-menu-item bellows-menu-item-type-post_type bellows-menu-item-object-page bellows-menu-item-3368 bellows-item-level-3\"><a  href=\"https:\/\/ludicum.org\/en\/jogos\/jogos-combinatorios-imparciais-northcott\/\" class=\"bellows-target\"><span class=\"bellows-target-title bellows-target-text\">Northcott<\/span><\/a><\/li>\n\t\t\t<li id=\"menu-item-3367\" class=\"bellows-menu-item bellows-menu-item-type-post_type bellows-menu-item-object-page bellows-menu-item-3367 bellows-item-level-3\"><a  href=\"https:\/\/ludicum.org\/en\/jogos\/jogos-combinatorios-imparciais-plainim\/\" class=\"bellows-target\"><span class=\"bellows-target-title bellows-target-text\">Plainim<\/span><\/a><\/li>\n\t\t<\/ul>\n<\/li>\n\t\t<li id=\"menu-item-3825\" class=\"bellows-menu-item bellows-menu-item-type-custom bellows-menu-item-object-custom bellows-menu-item-has-children bellows-menu-item-3825 bellows-item-level-2\"><a  href=\"#\" class=\"bellows-target\"><span class=\"bellows-target-title bellows-target-text\">Partizan<\/span><button class=\"bellows-subtoggle\" aria-label=\"Toggle Submenu\"><i class=\"bellows-subtoggle-icon-expand fa fa-chevron-down\"><\/i><i class=\"bellows-subtoggle-icon-collapse fa fa-chevron-up\"><\/i><\/button><\/a>\n\t\t<ul class=\"bellows-submenu\">\n\t\t\t<li id=\"menu-item-3366\" class=\"bellows-menu-item bellows-menu-item-type-post_type bellows-menu-item-object-page bellows-menu-item-3366 bellows-item-level-3\"><a  href=\"https:\/\/ludicum.org\/en\/jogos\/jogos-combinatorios-partizan-dominorio\/\" class=\"bellows-target\"><span class=\"bellows-target-title bellows-target-text\">Domin\u00f3rio<\/span><\/a><\/li>\n\t\t<\/ul>\n<\/li>\n\t<\/ul>\n<\/li>\n\t<li id=\"menu-item-3826\" class=\"bellows-menu-item bellows-menu-item-type-custom bellows-menu-item-object-custom bellows-menu-item-has-children bellows-menu-item-3826 bellows-item-level-1\"><a  href=\"#\" class=\"bellows-target\"><span class=\"bellows-target-title bellows-target-text\">Jogos Abstratos<\/span><button class=\"bellows-subtoggle\" aria-label=\"Toggle Submenu\"><i class=\"bellows-subtoggle-icon-expand fa fa-chevron-down\"><\/i><i class=\"bellows-subtoggle-icon-collapse fa fa-chevron-up\"><\/i><\/button><\/a>\n\t<ul class=\"bellows-submenu\">\n\t\t<li id=\"menu-item-3837\" class=\"bellows-menu-item bellows-menu-item-type-post_type bellows-menu-item-object-page bellows-menu-item-3837 bellows-item-level-2\"><a  href=\"https:\/\/ludicum.org\/en\/jogos\/jogos-abstratos-amazonas\/\" class=\"bellows-target\"><span class=\"bellows-target-title bellows-target-text\">Amazonas<\/span><\/a><\/li>\n\t\t<li id=\"menu-item-3838\" class=\"bellows-menu-item bellows-menu-item-type-post_type bellows-menu-item-object-page bellows-menu-item-3838 bellows-item-level-2\"><a  href=\"https:\/\/ludicum.org\/en\/jogos\/jogos-abstratos-atari-go\/\" class=\"bellows-target\"><span class=\"bellows-target-title bellows-target-text\">Atari Go<\/span><\/a><\/li>\n\t\t<li id=\"menu-item-3839\" class=\"bellows-menu-item bellows-menu-item-type-post_type bellows-menu-item-object-page bellows-menu-item-3839 bellows-item-level-2\"><a  href=\"https:\/\/ludicum.org\/en\/jogos\/jogos-abstratos-avanco\/\" class=\"bellows-target\"><span class=\"bellows-target-title bellows-target-text\">Avan\u00e7o<\/span><\/a><\/li>\n\t\t<li id=\"menu-item-3840\" class=\"bellows-menu-item bellows-menu-item-type-post_type bellows-menu-item-object-page bellows-menu-item-3840 bellows-item-level-2\"><a  href=\"https:\/\/ludicum.org\/en\/jogos\/jogos-abstratos-epaminondas\/\" class=\"bellows-target\"><span class=\"bellows-target-title bellows-target-text\">Epaminondas<\/span><\/a><\/li>\n\t\t<li id=\"menu-item-3841\" class=\"bellows-menu-item bellows-menu-item-type-post_type bellows-menu-item-object-page bellows-menu-item-3841 bellows-item-level-2\"><a  href=\"https:\/\/ludicum.org\/en\/jogos\/jogos-abstratos-gatos-e-caes\/\" class=\"bellows-target\"><span class=\"bellows-target-title bellows-target-text\">Gatos e C\u00e3es<\/span><\/a><\/li>\n\t\t<li id=\"menu-item-3842\" class=\"bellows-menu-item bellows-menu-item-type-post_type bellows-menu-item-object-page bellows-menu-item-3842 bellows-item-level-2\"><a  href=\"https:\/\/ludicum.org\/en\/jogos\/jogos-abstratos-go\/\" class=\"bellows-target\"><span class=\"bellows-target-title bellows-target-text\">Go<\/span><\/a><\/li>\n\t\t<li id=\"menu-item-3836\" class=\"bellows-menu-item bellows-menu-item-type-post_type bellows-menu-item-object-page bellows-menu-item-3836 bellows-item-level-2\"><a  href=\"https:\/\/ludicum.org\/en\/jogos\/jogos-abstratos-hex\/\" class=\"bellows-target\"><span class=\"bellows-target-title bellows-target-text\">Hex<\/span><\/a><\/li>\n\t\t<li id=\"menu-item-3835\" class=\"bellows-menu-item bellows-menu-item-type-post_type bellows-menu-item-object-page bellows-menu-item-3835 bellows-item-level-2\"><a  href=\"https:\/\/ludicum.org\/en\/jogos\/jogos-abstratos-konane\/\" class=\"bellows-target\"><span class=\"bellows-target-title bellows-target-text\">Konane<\/span><\/a><\/li>\n\t\t<li id=\"menu-item-3834\" class=\"bellows-menu-item bellows-menu-item-type-post_type bellows-menu-item-object-page bellows-menu-item-3834 bellows-item-level-2\"><a  href=\"https:\/\/ludicum.org\/en\/jogos\/jogos-abstratos-nex\/\" class=\"bellows-target\"><span class=\"bellows-target-title bellows-target-text\">Nex<\/span><\/a><\/li>\n\t\t<li id=\"menu-item-3833\" class=\"bellows-menu-item bellows-menu-item-type-post_type bellows-menu-item-object-page bellows-menu-item-3833 bellows-item-level-2\"><a  href=\"https:\/\/ludicum.org\/en\/jogos\/jogos-abstratos-nine-men-morris\/\" class=\"bellows-target\"><span class=\"bellows-target-title bellows-target-text\">Nine Men Morris<\/span><\/a><\/li>\n\t\t<li id=\"menu-item-3832\" class=\"bellows-menu-item bellows-menu-item-type-post_type bellows-menu-item-object-page bellows-menu-item-3832 bellows-item-level-2\"><a  href=\"https:\/\/ludicum.org\/en\/jogos\/jogos-abstratos-peoes\/\" class=\"bellows-target\"><span class=\"bellows-target-title bellows-target-text\">Pe\u00f5es<\/span><\/a><\/li>\n\t\t<li id=\"menu-item-3831\" class=\"bellows-menu-item bellows-menu-item-type-post_type bellows-menu-item-object-page bellows-menu-item-3831 bellows-item-level-2\"><a  href=\"https:\/\/ludicum.org\/en\/jogos\/jogos-abstratos-produto\/\" class=\"bellows-target\"><span class=\"bellows-target-title bellows-target-text\">Produto<\/span><\/a><\/li>\n\t\t<li id=\"menu-item-3822\" class=\"bellows-menu-item bellows-menu-item-type-post_type bellows-menu-item-object-page bellows-menu-item-3822 bellows-item-level-2\"><a  href=\"https:\/\/ludicum.org\/en\/jogos\/jogos-abstratos-semaforo\/\" class=\"bellows-target\"><span class=\"bellows-target-title bellows-target-text\">Sem\u00e1foro<\/span><\/a><\/li>\n\t\t<li id=\"menu-item-3829\" class=\"bellows-menu-item bellows-menu-item-type-post_type bellows-menu-item-object-page bellows-menu-item-3829 bellows-item-level-2\"><a  href=\"https:\/\/ludicum.org\/en\/jogos\/jogos-abstratos-sesqui\/\" class=\"bellows-target\"><span class=\"bellows-target-title bellows-target-text\">Sesqui<\/span><\/a><\/li>\n\t\t<li id=\"menu-item-3828\" class=\"bellows-menu-item bellows-menu-item-type-post_type bellows-menu-item-object-page bellows-menu-item-3828 bellows-item-level-2\"><a  href=\"https:\/\/ludicum.org\/en\/jogos\/jogos-abstratos-tablut\/\" class=\"bellows-target\"><span class=\"bellows-target-title bellows-target-text\">Tablut<\/span><\/a><\/li>\n\t\t<li id=\"menu-item-3827\" class=\"bellows-menu-item bellows-menu-item-type-post_type bellows-menu-item-object-page bellows-menu-item-3827 bellows-item-level-2\"><a  href=\"https:\/\/ludicum.org\/en\/jogos\/jogos-abstratos-y\/\" class=\"bellows-target\"><span class=\"bellows-target-title bellows-target-text\">Y<\/span><\/a><\/li>\n\t<\/ul>\n<\/li>\n\t<li id=\"menu-item-3843\" class=\"bellows-menu-item bellows-menu-item-type-custom bellows-menu-item-object-custom bellows-menu-item-has-children bellows-menu-item-3843 bellows-item-level-1\"><a  href=\"#\" class=\"bellows-target\"><span class=\"bellows-target-title bellows-target-text\">Jogos Geom\u00e9tricos<\/span><button class=\"bellows-subtoggle\" aria-label=\"Toggle Submenu\"><i class=\"bellows-subtoggle-icon-expand fa fa-chevron-down\"><\/i><i class=\"bellows-subtoggle-icon-collapse fa fa-chevron-up\"><\/i><\/button><\/a>\n\t<ul class=\"bellows-submenu\">\n\t\t<li id=\"menu-item-3821\" class=\"bellows-menu-item bellows-menu-item-type-post_type bellows-menu-item-object-page bellows-menu-item-3821 bellows-item-level-2\"><a  href=\"https:\/\/ludicum.org\/en\/jogos\/jogos-geometricos-poliedricos\/\" class=\"bellows-target\"><span class=\"bellows-target-title bellows-target-text\">Jogos geom\u00e9tricos: poli\u00e9dricos<\/span><\/a><\/li>\n\t<\/ul>\n<\/li>\n<\/ul>\n<\/li>\n<\/ul><\/nav><\/span><\/p>\n<p>[\/et_pb_text][\/et_pb_column][\/et_pb_row][\/et_pb_section]<\/p>\n","protected":false},"excerpt":{"rendered":"<p>No tabuleiro abaixo dois jogadores (as Brancas e as Negras) alternam colocando pedras brancas e negras segundo as seguintes regras. Come\u00e7am as Negras que, na sua primeira jogada, colocam uma pe\u00e7a (de qualquer cor) numa casa livre do tabuleiro. Depois, em cada jogada, o jogador a quem toca a vez coloca duas pe\u00e7as de quaisquer [&hellip;]<\/p>\n","protected":false},"author":5,"featured_media":0,"parent":2451,"menu_order":0,"comment_status":"closed","ping_status":"closed","template":"","meta":{"_acf_changed":false,"_et_pb_use_builder":"on","_et_pb_old_content":"","_et_gb_content_width":"1280","footnotes":""},"class_list":["post-2331","page","type-page","status-publish","hentry"],"acf":[],"_links":{"self":[{"href":"https:\/\/ludicum.org\/en\/wp-json\/wp\/v2\/pages\/2331","targetHints":{"allow":["GET"]}}],"collection":[{"href":"https:\/\/ludicum.org\/en\/wp-json\/wp\/v2\/pages"}],"about":[{"href":"https:\/\/ludicum.org\/en\/wp-json\/wp\/v2\/types\/page"}],"author":[{"embeddable":true,"href":"https:\/\/ludicum.org\/en\/wp-json\/wp\/v2\/users\/5"}],"replies":[{"embeddable":true,"href":"https:\/\/ludicum.org\/en\/wp-json\/wp\/v2\/comments?post=2331"}],"version-history":[{"count":0,"href":"https:\/\/ludicum.org\/en\/wp-json\/wp\/v2\/pages\/2331\/revisions"}],"up":[{"embeddable":true,"href":"https:\/\/ludicum.org\/en\/wp-json\/wp\/v2\/pages\/2451"}],"wp:attachment":[{"href":"https:\/\/ludicum.org\/en\/wp-json\/wp\/v2\/media?parent=2331"}],"curies":[{"name":"wp","href":"https:\/\/api.w.org\/{rel}","templated":true}]}}