{"id":2245,"date":"2024-01-04T12:24:16","date_gmt":"2024-01-04T12:24:16","guid":{"rendered":"https:\/\/ludicumnew.org\/?page_id=2245"},"modified":"2024-06-17T22:37:52","modified_gmt":"2024-06-17T22:37:52","slug":"jogos-abstratos-epaminondas","status":"publish","type":"page","link":"https:\/\/ludicum.org\/en\/jogos\/jogos-abstratos-epaminondas\/","title":{"rendered":"Jogos abstratos: Epaminondas"},"content":{"rendered":"<p>[et_pb_section fb_built=&#8221;1&#8243; _builder_version=&#8221;4.25.2&#8243; _module_preset=&#8221;default&#8221; width=&#8221;100%&#8221; max_width=&#8221;100%&#8221; custom_margin=&#8221;0px|0px|0px|0px|false|false&#8221; custom_padding=&#8221;0px|0px|0px|0px|false|false&#8221; hover_enabled=&#8221;0&#8243; border_color_all=&#8221;#FFFFFF&#8221; border_width_top=&#8221;7px&#8221; border_color_top=&#8221;#2167a6&#8243; global_colors_info=&#8221;{}&#8221; sticky_enabled=&#8221;0&#8243; locked=&#8221;off&#8221;][et_pb_row column_structure=&#8221;3_4,1_4&#8243; use_custom_gutter=&#8221;on&#8221; gutter_width=&#8221;1&#8243; make_equal=&#8221;on&#8221; _builder_version=&#8221;4.25.2&#8243; _module_preset=&#8221;default&#8221; background_color=&#8221;#FFFFFF&#8221; width=&#8221;100%&#8221; max_width=&#8221;100%&#8221; custom_margin=&#8221;0px|0px|0px|0px|false|false&#8221; custom_padding=&#8221;0px|0px|0px|0px|false|false&#8221; hover_enabled=&#8221;0&#8243; global_colors_info=&#8221;{}&#8221; sticky_enabled=&#8221;0&#8243;][et_pb_column type=&#8221;3_4&#8243; _builder_version=&#8221;4.25.1&#8243; _module_preset=&#8221;default&#8221; custom_padding=&#8221;40px|40px|40px|40px|false|false&#8221; global_colors_info=&#8221;{}&#8221;][et_pb_heading title=&#8221;Epaminondas&#8221; _builder_version=&#8221;4.23.4&#8243; _module_preset=&#8221;default&#8221; title_level=&#8221;h3&#8243; title_font_size=&#8221;25px&#8221; global_colors_info=&#8221;{}&#8221; title_text_color=&#8221;#2167a6&#8243;][\/et_pb_heading][et_pb_text _builder_version=&#8221;4.23.4&#8243; _module_preset=&#8221;default&#8221; text_orientation=&#8221;justified&#8221; global_colors_info=&#8221;{}&#8221;]<\/p>\n<p>Este jogo foi inventado por Robert Abbott em 1963. Chamava-se originalmente <i>Crossings<\/i>\u00a0e foi publicado pela primeira vez em 1969 em [GG]. Nessa altura, o jogo ocorria num tabuleiro de 8 linhas por 8 colunas. Quando foi revisto e publicado em 1975, passou a ser designado por\u00a0<i>Epaminondas<\/i>, o general de Tebas que inventou a falange e a usou para derrotar os Espartanos em 371 a.C.<\/p>\n<p><strong>Material: <\/strong>Um tabuleiro quadrado de 12 linhas por 14 colunas. 28 pe\u00e7as Brancas e 28 pe\u00e7as Negras.<\/p>\n<p>[\/et_pb_text][et_pb_image src=&#8221;https:\/\/ludicum.org\/wp-content\/uploads\/2024\/01\/epaminondas-pos-0.png&#8221; title_text=&#8221;epaminondas-pos-0&#8243; align=&#8221;center&#8221; _builder_version=&#8221;4.25.2&#8243; _module_preset=&#8221;default&#8221; global_colors_info=&#8221;{}&#8221; custom_margin=&#8221;20px||20px||false|false&#8221;][\/et_pb_image][et_pb_text _builder_version=&#8221;4.23.4&#8243; _module_preset=&#8221;default&#8221; text_orientation=&#8221;justified&#8221; global_colors_info=&#8221;{}&#8221;]<\/p>\n<p><strong>Defini\u00e7\u00f5es: <\/strong>Falange \u2013 Uma falange \u00e9 constitu\u00edda por uma linha de uma ou mais pe\u00e7as adjacentes da mesma cor (seja na ortogonal ou na diagonal).<\/p>\n<p><strong>Regras: <\/strong>Uma falange move-se atrav\u00e9s da linha que a de\ufb01ne, numa dist\u00e2ncia m\u00e1xima igual ao n\u00famero de pe\u00e7as que a constituem (por exemplo, uma falange de quatro pe\u00e7as pode-se mover at\u00e9 quatro quadrados).<\/p>\n<p>Se a falange, enquanto se move, encontrar uma falange inimiga constitu\u00edda por um n\u00famero menor de pe\u00e7as, esta segunda falange \u00e9 capturada. A falange p\u00e1ra, \ufb01cando a primeira pe\u00e7a no quadrado onde se situava a primeira pe\u00e7a da falange inimiga. Nos restantes casos, a falange s\u00f3 pode percorrer quadrados vazios.<\/p>\n<p>A captura n\u00e3o \u00e9 obrigat\u00f3ria.<\/p>\n<p>Movimento \u2013 No seu turno, cada jogador move uma das suas falanges.<\/p>\n<p><strong>Objectivo: <\/strong>Ganha o jogador que, no in\u00edcio do seu turno, tiver mais pe\u00e7as na sua \u00faltima linha (por exemplo, se as Brancas, antes de jogarem, tiverem tr\u00eas pe\u00e7as na 12\u00aa linha e as Negras duas pe\u00e7as na 1a linha, ent\u00e3o as Brancas ganharam o jogo).<\/p>\n<p><strong>Notas:\u00a0<\/strong>Uma pe\u00e7a isolada \u00e9 uma falange de dimens\u00e3o um, podendo mover-se para qualquer quadrado adjacente (quer na ortogonal, quer na diagonal).<\/p>\n<p>N\u00e3o \u00e9 obrigatorio mover uma falange inteira. Se o jogador tiver, por exemplo, uma linha de cinco pe\u00e7as, pode mover somente as tr\u00eas primeiras (ou seja, mover uma falange de dimens\u00e3o tr\u00eas).<\/p>\n<p>As falanges movem-se num dos dois sentidos da linha que as de\ufb01ne (por exemplo, uma falange horizontal pode-se mover para a esquerda ou para a direita).<\/p>\n<p>A condi\u00e7\u00e3o de vit\u00f3ria \u00e9 veri\ufb01cada antes do jogador efectuar a sua jogada. Se, depois do movimento, um jogador tiver mais pe\u00e7as na sua \u00faltima linha do que o advers\u00e1rio, este tem ainda uma oportunidade de equilibrar novamente a posi\u00e7\u00e3o do tabuleiro (quer capturando pe\u00e7as na sua 1\u00aa linha, quer colocando pe\u00e7as na sua \u00faltima linha).<\/p>\n<p>Um exemplo de movimento de falanges: A partir da posi\u00e7\u00e3o inicial, as Brancas moveram um quadrado a falange de\ufb01nida diagonalmente pelas pe\u00e7as f1\u2013g2 \ufb01cando a primeira pe\u00e7a da falange em h3. Este movimento descreve-se na nota\u00e7\u00e3o por f1,g2\u2013h3. Em seguida, as Negras moveram e12,f11\u2013h9. Depois, as Brancas continuaram com a falange horizontal de h1 a h3, movendo-a o m\u00e1ximo de 3 casas, ou seja, h1,h3\u2013h6. O resultado destes tr\u00eas movimentos pode-se observar no seguinte diagrama.<\/p>\n<p>[\/et_pb_text][et_pb_text _builder_version=&#8221;4.23.4&#8243; _module_preset=&#8221;default&#8221; text_orientation=&#8221;justified&#8221; global_colors_info=&#8221;{}&#8221;]<\/p>\n<p>As pe\u00e7as movem-se sempre em frente, para uma casa vazia, seja na sua coluna ou numa das suas diagonais.<span>\u00a0<\/span><i>No diagrama esquerdo mostram-se para onde cada uma das pe\u00e7as se poderia movimentar se fosse a sua vez de jogar.<\/i><\/p>\n<p style=\"text-align: center;\">[\/et_pb_text][et_pb_image src=&#8221;https:\/\/ludicum.org\/wp-content\/uploads\/2024\/01\/epaminondas-pos-1.png&#8221; title_text=&#8221;epaminondas-pos-1&#8243; align=&#8221;center&#8221; _builder_version=&#8221;4.25.2&#8243; _module_preset=&#8221;default&#8221; global_colors_info=&#8221;{}&#8221; custom_margin=&#8221;20px||20px||false|false&#8221;][\/et_pb_image][et_pb_text _builder_version=&#8221;4.23.4&#8243; _module_preset=&#8221;default&#8221; text_orientation=&#8221;justified&#8221; global_colors_info=&#8221;{}&#8221;]<\/p>\n<p><span>No seguinte diagrama temos um exemplo de captura de falanges. A falange negra h12,h9, com quatro pe\u00e7as, move-se tr\u00eas quadrados para baixo at\u00e9 encontrar a primeira pe\u00e7a da falange branca, de dimens\u00e3o tr\u00eas. Dado que a falange branca \u00e9 menor, ela \u00e9 capturada e removida do tabuleiro. Se a falange branca fosse igual ou maior que a falange negra, este movimento n\u00e3o poderia ter sido efectuado.<\/span><\/p>\n<p>[\/et_pb_text][et_pb_image src=&#8221;https:\/\/ludicum.org\/wp-content\/uploads\/2024\/01\/epaminondas-pos-2.png&#8221; title_text=&#8221;epaminondas-pos-2&#8243; align=&#8221;center&#8221; _builder_version=&#8221;4.25.2&#8243; _module_preset=&#8221;default&#8221; global_colors_info=&#8221;{}&#8221; custom_margin=&#8221;20px||20px||false|false&#8221;][\/et_pb_image][et_pb_image src=&#8221;https:\/\/ludicum.org\/wp-content\/uploads\/2024\/01\/epaminondas-pos-3.png&#8221; title_text=&#8221;epaminondas-pos-3&#8243; align=&#8221;center&#8221; _builder_version=&#8221;4.25.2&#8243; _module_preset=&#8221;default&#8221; global_colors_info=&#8221;{}&#8221; custom_margin=&#8221;20px||20px||false|false&#8221;][\/et_pb_image][et_pb_text _builder_version=&#8221;4.23.4&#8243; _module_preset=&#8221;default&#8221; text_orientation=&#8221;justified&#8221; global_colors_info=&#8221;{}&#8221;]<\/p>\n<p><span>O diagrama seguinte mostra uma posi\u00e7\u00e3o onde as Brancas est\u00e3o em vantagem. A falange horizontal branca da linha 1 \u00e9 constituida por sete pe\u00e7as, podendo resistir aos ataques das duas potenciais falanges Negras (e5,c3 e e5,e3). J\u00e1 a falange horizontal negra na 12\u00aa linha com seis pe\u00e7as n\u00e3o con- segue evitar o ataque das duas falanges verticais Brancas (a8,a9 e j5,j8) que est\u00e3o separadas por oito colunas. As Brancas come\u00e7am o ataque com j5,j8\u2013j12, desgastando a falange horizontal negra com sucessivas capturas. Quando esse ataque terminar, a falange da coluna\u00a0<\/span><i>a<\/i><span>\u00a0pode avan\u00e7ar sem resist\u00eancia at\u00e9 \u00e0 casa a12.<\/span><\/p>\n<p>[\/et_pb_text][et_pb_image src=&#8221;https:\/\/ludicum.org\/wp-content\/uploads\/2024\/01\/epaminondas-pos-4.png&#8221; title_text=&#8221;epaminondas-pos-4&#8243; align=&#8221;center&#8221; _builder_version=&#8221;4.25.2&#8243; _module_preset=&#8221;default&#8221; hover_enabled=&#8221;0&#8243; global_colors_info=&#8221;{}&#8221; custom_margin=&#8221;20px||20px||false|false&#8221; sticky_enabled=&#8221;0&#8243;][\/et_pb_image][et_pb_text _builder_version=&#8221;4.23.4&#8243; _module_preset=&#8221;default&#8221; text_orientation=&#8221;justified&#8221; global_colors_info=&#8221;{}&#8221;]<\/p>\n<p><strong>Refer\u00eancias<\/strong><\/p>\n<ol>\n<li>[GG] Sackson, S.,<span>\u00a0<\/span><i>A Gamut of Games<\/i>, Random House, 1969.<\/li>\n<\/ol>\n<p>[\/et_pb_text][et_pb_button button_url=&#8221;https:\/\/ludicum.org\/wp-content\/uploads\/2024\/01\/ludus-jogos-epaminondas-pt.pdf&#8221; url_new_window=&#8221;on&#8221; button_text=&#8221;Download regras PT&#8221; button_alignment=&#8221;center&#8221; _builder_version=&#8221;4.23.4&#8243; _module_preset=&#8221;default&#8221; custom_button=&#8221;on&#8221; button_text_size=&#8221;14px&#8221; button_text_color=&#8221;#438e1a&#8221; button_border_radius=&#8221;10px&#8221; button_icon=&#8221;&#xf1c1;||fa||400&#8243; button_icon_color=&#8221;#438e1a&#8221; button_on_hover=&#8221;off&#8221; custom_margin=&#8221;||20px||false|false&#8221; global_colors_info=&#8221;{}&#8221; transform_styles__hover_enabled=&#8221;on|desktop&#8221; transform_scale__hover_enabled=&#8221;on|desktop&#8221; transform_translate__hover_enabled=&#8221;on|desktop&#8221; transform_rotate__hover_enabled=&#8221;on|desktop&#8221; transform_skew__hover_enabled=&#8221;on|desktop&#8221; transform_origin__hover_enabled=&#8221;on|desktop&#8221; background_layout__hover_enabled=&#8221;on|hover&#8221; button_text_color__hover_enabled=&#8221;on|desktop&#8221; button_text_color__hover=&#8221;#FFFFFF&#8221; button_bg_color__hover_enabled=&#8221;on|hover&#8221; button_bg_color__hover=&#8221;#438e1a&#8221; button_bg_enable_color__hover=&#8221;on&#8221; button_icon_color__hover_enabled=&#8221;on|hover&#8221; button_icon_color__hover=&#8221;#FFFFFF&#8221;][\/et_pb_button][et_pb_button button_url=&#8221;https:\/\/ludicum.org\/wp-content\/uploads\/2024\/01\/ludus-jogos-epaminondas-en.pdf&#8221; url_new_window=&#8221;on&#8221; button_text=&#8221;Download regras EN&#8221; button_alignment=&#8221;center&#8221; _builder_version=&#8221;4.23.4&#8243; _module_preset=&#8221;default&#8221; custom_button=&#8221;on&#8221; button_text_size=&#8221;14px&#8221; button_text_color=&#8221;#438e1a&#8221; button_border_radius=&#8221;10px&#8221; button_icon=&#8221;&#xf1c1;||fa||400&#8243; button_icon_color=&#8221;#438e1a&#8221; button_on_hover=&#8221;off&#8221; custom_margin=&#8221;||20px||false|false&#8221; global_colors_info=&#8221;{}&#8221; transform_styles__hover_enabled=&#8221;on|desktop&#8221; transform_scale__hover_enabled=&#8221;on|desktop&#8221; transform_translate__hover_enabled=&#8221;on|desktop&#8221; transform_rotate__hover_enabled=&#8221;on|desktop&#8221; transform_skew__hover_enabled=&#8221;on|desktop&#8221; transform_origin__hover_enabled=&#8221;on|desktop&#8221; background_layout__hover_enabled=&#8221;on|hover&#8221; button_text_color__hover_enabled=&#8221;on|desktop&#8221; button_text_color__hover=&#8221;#FFFFFF&#8221; button_bg_color__hover_enabled=&#8221;on|hover&#8221; button_bg_color__hover=&#8221;#438e1a&#8221; button_bg_enable_color__hover=&#8221;on&#8221; button_icon_color__hover_enabled=&#8221;on|hover&#8221; button_icon_color__hover=&#8221;#FFFFFF&#8221;][\/et_pb_button][\/et_pb_column][et_pb_column type=&#8221;1_4&#8243; _builder_version=&#8221;4.25.2&#8243; _module_preset=&#8221;default&#8221; background_color=&#8221;#2167a6&#8243; custom_padding=&#8221;0px|15px|0px|15px|false|false&#8221; hover_enabled=&#8221;0&#8243; global_colors_info=&#8221;{}&#8221; sticky_enabled=&#8221;0&#8243;][et_pb_text _builder_version=&#8221;4.25.2&#8243; _module_preset=&#8221;default&#8221; width=&#8221;100%&#8221; max_width=&#8221;100%&#8221; module_alignment=&#8221;center&#8221; custom_margin=&#8221;0px|0px|0px|0px|false|false&#8221; custom_padding=&#8221;0px||0px||false|false&#8221; hover_enabled=&#8221;0&#8243; custom_css_free_form=&#8221;#page-container button {||    color:#2167a6;||}&#8221; border_radii=&#8221;on|7px|7px|7px|7px&#8221; global_colors_info=&#8221;{}&#8221; sticky_enabled=&#8221;0&#8243;]<\/p>\n<p><span><nav id=\"bellows-main-36\" class=\"bellows bellows-nojs bellows-main bellows-source-menu bellows-align-full bellows-skin-vanilla bellows-type- bellows-expand-current\"><ul id=\"menu-jogos_menu\" class=\"bellows-nav\" data-bellows-config=\"main\"><li id=\"menu-item-3823\" class=\"bellows-menu-item bellows-menu-item-type-post_type bellows-menu-item-object-page bellows-menu-item-has-children bellows-menu-item-3823 bellows-item-level-0\"><a  href=\"https:\/\/ludicum.org\/en\/jogos\/\" class=\"bellows-target\"><span class=\"bellows-target-title bellows-target-text\">Jogos<\/span><button class=\"bellows-subtoggle\" aria-label=\"Toggle Submenu\"><i class=\"bellows-subtoggle-icon-expand fa fa-chevron-down\"><\/i><i class=\"bellows-subtoggle-icon-collapse fa fa-chevron-up\"><\/i><\/button><\/a>\n<ul class=\"bellows-submenu\">\n\t<li id=\"menu-item-3370\" class=\"bellows-menu-item bellows-menu-item-type-custom bellows-menu-item-object-custom bellows-menu-item-has-children bellows-menu-item-3370 bellows-item-level-1\"><a  href=\"#\" class=\"bellows-target\"><span class=\"bellows-target-title bellows-target-text\">Jogos Combinat\u00f3rios<\/span><button class=\"bellows-subtoggle\" aria-label=\"Toggle Submenu\"><i class=\"bellows-subtoggle-icon-expand fa fa-chevron-down\"><\/i><i class=\"bellows-subtoggle-icon-collapse fa fa-chevron-up\"><\/i><\/button><\/a>\n\t<ul class=\"bellows-submenu\">\n\t\t<li id=\"menu-item-3371\" class=\"bellows-menu-item bellows-menu-item-type-custom bellows-menu-item-object-custom bellows-menu-item-has-children bellows-menu-item-3371 bellows-item-level-2\"><a  href=\"#\" class=\"bellows-target\"><span class=\"bellows-target-title bellows-target-text\">Imparciais<\/span><button class=\"bellows-subtoggle\" aria-label=\"Toggle Submenu\"><i class=\"bellows-subtoggle-icon-expand fa fa-chevron-down\"><\/i><i class=\"bellows-subtoggle-icon-collapse fa fa-chevron-up\"><\/i><\/button><\/a>\n\t\t<ul class=\"bellows-submenu\">\n\t\t\t<li id=\"menu-item-3369\" class=\"bellows-menu-item bellows-menu-item-type-post_type bellows-menu-item-object-page bellows-menu-item-3369 bellows-item-level-3\"><a  href=\"https:\/\/ludicum.org\/en\/jogos\/jogos-combinatorios-imparciais-nim\/\" class=\"bellows-target\"><span class=\"bellows-target-title bellows-target-text\">Nim<\/span><\/a><\/li>\n\t\t\t<li id=\"menu-item-3368\" class=\"bellows-menu-item bellows-menu-item-type-post_type bellows-menu-item-object-page bellows-menu-item-3368 bellows-item-level-3\"><a  href=\"https:\/\/ludicum.org\/en\/jogos\/jogos-combinatorios-imparciais-northcott\/\" class=\"bellows-target\"><span class=\"bellows-target-title bellows-target-text\">Northcott<\/span><\/a><\/li>\n\t\t\t<li id=\"menu-item-3367\" class=\"bellows-menu-item bellows-menu-item-type-post_type bellows-menu-item-object-page bellows-menu-item-3367 bellows-item-level-3\"><a  href=\"https:\/\/ludicum.org\/en\/jogos\/jogos-combinatorios-imparciais-plainim\/\" class=\"bellows-target\"><span class=\"bellows-target-title bellows-target-text\">Plainim<\/span><\/a><\/li>\n\t\t<\/ul>\n<\/li>\n\t\t<li id=\"menu-item-3825\" class=\"bellows-menu-item bellows-menu-item-type-custom bellows-menu-item-object-custom bellows-menu-item-has-children bellows-menu-item-3825 bellows-item-level-2\"><a  href=\"#\" class=\"bellows-target\"><span class=\"bellows-target-title bellows-target-text\">Partizan<\/span><button class=\"bellows-subtoggle\" aria-label=\"Toggle Submenu\"><i class=\"bellows-subtoggle-icon-expand fa fa-chevron-down\"><\/i><i class=\"bellows-subtoggle-icon-collapse fa fa-chevron-up\"><\/i><\/button><\/a>\n\t\t<ul class=\"bellows-submenu\">\n\t\t\t<li id=\"menu-item-3366\" class=\"bellows-menu-item bellows-menu-item-type-post_type bellows-menu-item-object-page bellows-menu-item-3366 bellows-item-level-3\"><a  href=\"https:\/\/ludicum.org\/en\/jogos\/jogos-combinatorios-partizan-dominorio\/\" class=\"bellows-target\"><span class=\"bellows-target-title bellows-target-text\">Domin\u00f3rio<\/span><\/a><\/li>\n\t\t<\/ul>\n<\/li>\n\t<\/ul>\n<\/li>\n\t<li id=\"menu-item-3826\" class=\"bellows-menu-item bellows-menu-item-type-custom bellows-menu-item-object-custom bellows-menu-item-has-children bellows-menu-item-3826 bellows-item-level-1\"><a  href=\"#\" class=\"bellows-target\"><span class=\"bellows-target-title bellows-target-text\">Jogos Abstratos<\/span><button class=\"bellows-subtoggle\" aria-label=\"Toggle Submenu\"><i class=\"bellows-subtoggle-icon-expand fa fa-chevron-down\"><\/i><i class=\"bellows-subtoggle-icon-collapse fa fa-chevron-up\"><\/i><\/button><\/a>\n\t<ul class=\"bellows-submenu\">\n\t\t<li id=\"menu-item-3837\" class=\"bellows-menu-item bellows-menu-item-type-post_type bellows-menu-item-object-page bellows-menu-item-3837 bellows-item-level-2\"><a  href=\"https:\/\/ludicum.org\/en\/jogos\/jogos-abstratos-amazonas\/\" class=\"bellows-target\"><span class=\"bellows-target-title bellows-target-text\">Amazonas<\/span><\/a><\/li>\n\t\t<li id=\"menu-item-3838\" class=\"bellows-menu-item bellows-menu-item-type-post_type bellows-menu-item-object-page bellows-menu-item-3838 bellows-item-level-2\"><a  href=\"https:\/\/ludicum.org\/en\/jogos\/jogos-abstratos-atari-go\/\" class=\"bellows-target\"><span class=\"bellows-target-title bellows-target-text\">Atari Go<\/span><\/a><\/li>\n\t\t<li id=\"menu-item-3839\" class=\"bellows-menu-item bellows-menu-item-type-post_type bellows-menu-item-object-page bellows-menu-item-3839 bellows-item-level-2\"><a  href=\"https:\/\/ludicum.org\/en\/jogos\/jogos-abstratos-avanco\/\" class=\"bellows-target\"><span class=\"bellows-target-title bellows-target-text\">Avan\u00e7o<\/span><\/a><\/li>\n\t\t<li id=\"menu-item-3840\" class=\"bellows-menu-item bellows-menu-item-type-post_type bellows-menu-item-object-page bellows-menu-item-3840 bellows-item-level-2\"><a  href=\"https:\/\/ludicum.org\/en\/jogos\/jogos-abstratos-epaminondas\/\" class=\"bellows-target\"><span class=\"bellows-target-title bellows-target-text\">Epaminondas<\/span><\/a><\/li>\n\t\t<li id=\"menu-item-3841\" class=\"bellows-menu-item bellows-menu-item-type-post_type bellows-menu-item-object-page bellows-menu-item-3841 bellows-item-level-2\"><a  href=\"https:\/\/ludicum.org\/en\/jogos\/jogos-abstratos-gatos-e-caes\/\" class=\"bellows-target\"><span class=\"bellows-target-title bellows-target-text\">Gatos e C\u00e3es<\/span><\/a><\/li>\n\t\t<li id=\"menu-item-3842\" class=\"bellows-menu-item bellows-menu-item-type-post_type bellows-menu-item-object-page bellows-menu-item-3842 bellows-item-level-2\"><a  href=\"https:\/\/ludicum.org\/en\/jogos\/jogos-abstratos-go\/\" class=\"bellows-target\"><span class=\"bellows-target-title bellows-target-text\">Go<\/span><\/a><\/li>\n\t\t<li id=\"menu-item-3836\" class=\"bellows-menu-item bellows-menu-item-type-post_type bellows-menu-item-object-page bellows-menu-item-3836 bellows-item-level-2\"><a  href=\"https:\/\/ludicum.org\/en\/jogos\/jogos-abstratos-hex\/\" class=\"bellows-target\"><span class=\"bellows-target-title bellows-target-text\">Hex<\/span><\/a><\/li>\n\t\t<li id=\"menu-item-3835\" class=\"bellows-menu-item bellows-menu-item-type-post_type bellows-menu-item-object-page bellows-menu-item-3835 bellows-item-level-2\"><a  href=\"https:\/\/ludicum.org\/en\/jogos\/jogos-abstratos-konane\/\" class=\"bellows-target\"><span class=\"bellows-target-title bellows-target-text\">Konane<\/span><\/a><\/li>\n\t\t<li id=\"menu-item-3834\" class=\"bellows-menu-item bellows-menu-item-type-post_type bellows-menu-item-object-page bellows-menu-item-3834 bellows-item-level-2\"><a  href=\"https:\/\/ludicum.org\/en\/jogos\/jogos-abstratos-nex\/\" class=\"bellows-target\"><span class=\"bellows-target-title bellows-target-text\">Nex<\/span><\/a><\/li>\n\t\t<li id=\"menu-item-3833\" class=\"bellows-menu-item bellows-menu-item-type-post_type bellows-menu-item-object-page bellows-menu-item-3833 bellows-item-level-2\"><a  href=\"https:\/\/ludicum.org\/en\/jogos\/jogos-abstratos-nine-men-morris\/\" class=\"bellows-target\"><span class=\"bellows-target-title bellows-target-text\">Nine Men Morris<\/span><\/a><\/li>\n\t\t<li id=\"menu-item-3832\" class=\"bellows-menu-item bellows-menu-item-type-post_type bellows-menu-item-object-page bellows-menu-item-3832 bellows-item-level-2\"><a  href=\"https:\/\/ludicum.org\/en\/jogos\/jogos-abstratos-peoes\/\" class=\"bellows-target\"><span class=\"bellows-target-title bellows-target-text\">Pe\u00f5es<\/span><\/a><\/li>\n\t\t<li id=\"menu-item-3831\" class=\"bellows-menu-item bellows-menu-item-type-post_type bellows-menu-item-object-page bellows-menu-item-3831 bellows-item-level-2\"><a  href=\"https:\/\/ludicum.org\/en\/jogos\/jogos-abstratos-produto\/\" class=\"bellows-target\"><span class=\"bellows-target-title bellows-target-text\">Produto<\/span><\/a><\/li>\n\t\t<li id=\"menu-item-3822\" class=\"bellows-menu-item bellows-menu-item-type-post_type bellows-menu-item-object-page bellows-menu-item-3822 bellows-item-level-2\"><a  href=\"https:\/\/ludicum.org\/en\/jogos\/jogos-abstratos-semaforo\/\" class=\"bellows-target\"><span class=\"bellows-target-title bellows-target-text\">Sem\u00e1foro<\/span><\/a><\/li>\n\t\t<li id=\"menu-item-3829\" class=\"bellows-menu-item bellows-menu-item-type-post_type bellows-menu-item-object-page bellows-menu-item-3829 bellows-item-level-2\"><a  href=\"https:\/\/ludicum.org\/en\/jogos\/jogos-abstratos-sesqui\/\" class=\"bellows-target\"><span class=\"bellows-target-title bellows-target-text\">Sesqui<\/span><\/a><\/li>\n\t\t<li id=\"menu-item-3828\" class=\"bellows-menu-item bellows-menu-item-type-post_type bellows-menu-item-object-page bellows-menu-item-3828 bellows-item-level-2\"><a  href=\"https:\/\/ludicum.org\/en\/jogos\/jogos-abstratos-tablut\/\" class=\"bellows-target\"><span class=\"bellows-target-title bellows-target-text\">Tablut<\/span><\/a><\/li>\n\t\t<li id=\"menu-item-3827\" class=\"bellows-menu-item bellows-menu-item-type-post_type bellows-menu-item-object-page bellows-menu-item-3827 bellows-item-level-2\"><a  href=\"https:\/\/ludicum.org\/en\/jogos\/jogos-abstratos-y\/\" class=\"bellows-target\"><span class=\"bellows-target-title bellows-target-text\">Y<\/span><\/a><\/li>\n\t<\/ul>\n<\/li>\n\t<li id=\"menu-item-3843\" class=\"bellows-menu-item bellows-menu-item-type-custom bellows-menu-item-object-custom bellows-menu-item-has-children bellows-menu-item-3843 bellows-item-level-1\"><a  href=\"#\" class=\"bellows-target\"><span class=\"bellows-target-title bellows-target-text\">Jogos Geom\u00e9tricos<\/span><button class=\"bellows-subtoggle\" aria-label=\"Toggle Submenu\"><i class=\"bellows-subtoggle-icon-expand fa fa-chevron-down\"><\/i><i class=\"bellows-subtoggle-icon-collapse fa fa-chevron-up\"><\/i><\/button><\/a>\n\t<ul class=\"bellows-submenu\">\n\t\t<li id=\"menu-item-3821\" class=\"bellows-menu-item bellows-menu-item-type-post_type bellows-menu-item-object-page bellows-menu-item-3821 bellows-item-level-2\"><a  href=\"https:\/\/ludicum.org\/en\/jogos\/jogos-geometricos-poliedricos\/\" class=\"bellows-target\"><span class=\"bellows-target-title bellows-target-text\">Jogos geom\u00e9tricos: poli\u00e9dricos<\/span><\/a><\/li>\n\t<\/ul>\n<\/li>\n<\/ul>\n<\/li>\n<\/ul><\/nav><\/span><\/p>\n<p>[\/et_pb_text][\/et_pb_column][\/et_pb_row][\/et_pb_section]<\/p>\n","protected":false},"excerpt":{"rendered":"<p>Este jogo foi inventado por Robert Abbott em 1963. Chamava-se originalmente Crossings\u00a0e foi publicado pela primeira vez em 1969 em [GG]. Nessa altura, o jogo ocorria num tabuleiro de 8 linhas por 8 colunas. Quando foi revisto e publicado em 1975, passou a ser designado por\u00a0Epaminondas, o general de Tebas que inventou a falange e [&hellip;]<\/p>\n","protected":false},"author":5,"featured_media":0,"parent":2451,"menu_order":0,"comment_status":"closed","ping_status":"closed","template":"","meta":{"_acf_changed":false,"_et_pb_use_builder":"on","_et_pb_old_content":"","_et_gb_content_width":"1280","footnotes":""},"class_list":["post-2245","page","type-page","status-publish","hentry"],"acf":[],"_links":{"self":[{"href":"https:\/\/ludicum.org\/en\/wp-json\/wp\/v2\/pages\/2245","targetHints":{"allow":["GET"]}}],"collection":[{"href":"https:\/\/ludicum.org\/en\/wp-json\/wp\/v2\/pages"}],"about":[{"href":"https:\/\/ludicum.org\/en\/wp-json\/wp\/v2\/types\/page"}],"author":[{"embeddable":true,"href":"https:\/\/ludicum.org\/en\/wp-json\/wp\/v2\/users\/5"}],"replies":[{"embeddable":true,"href":"https:\/\/ludicum.org\/en\/wp-json\/wp\/v2\/comments?post=2245"}],"version-history":[{"count":0,"href":"https:\/\/ludicum.org\/en\/wp-json\/wp\/v2\/pages\/2245\/revisions"}],"up":[{"embeddable":true,"href":"https:\/\/ludicum.org\/en\/wp-json\/wp\/v2\/pages\/2451"}],"wp:attachment":[{"href":"https:\/\/ludicum.org\/en\/wp-json\/wp\/v2\/media?parent=2245"}],"curies":[{"name":"wp","href":"https:\/\/api.w.org\/{rel}","templated":true}]}}