{"id":2236,"date":"2024-01-04T12:13:08","date_gmt":"2024-01-04T12:13:08","guid":{"rendered":"https:\/\/ludicumnew.org\/?page_id=2236"},"modified":"2024-06-17T22:34:38","modified_gmt":"2024-06-17T22:34:38","slug":"jogos-abstratos-avanco","status":"publish","type":"page","link":"https:\/\/ludicum.org\/en\/jogos\/jogos-abstratos-avanco\/","title":{"rendered":"Jogos abstratos: Avan\u00e7o"},"content":{"rendered":"\n[et_pb_section fb_built=&#8221;1&#8243; _builder_version=&#8221;4.23.4&#8243; _module_preset=&#8221;default&#8221; global_colors_info=&#8221;{}&#8221;][et_pb_row _builder_version=&#8221;4.23.4&#8243; _module_preset=&#8221;default&#8221; global_colors_info=&#8221;{}&#8221;][et_pb_column type=&#8221;4_4&#8243; _builder_version=&#8221;4.23.4&#8243; _module_preset=&#8221;default&#8221; global_colors_info=&#8221;{}&#8221;][et_pb_heading title=&#8221;Avan\u00e7o&#8221; _builder_version=&#8221;4.23.4&#8243; _module_preset=&#8221;default&#8221; title_level=&#8221;h3&#8243; title_font_size=&#8221;25px&#8221; global_colors_info=&#8221;{}&#8221;][\/et_pb_heading][et_pb_text _builder_version=&#8221;4.23.4&#8243; _module_preset=&#8221;default&#8221; text_orientation=&#8221;justified&#8221; global_colors_info=&#8221;{}&#8221;]<p><em>Autor:\u00a0Dan Troyka, 2000<\/em><\/p>\n<p><strong>Material: <\/strong>Um tabuleiro quadrado 7 por 7. Catorze pe\u00e7as brancas e catorze pedras negras.<\/p>\n<p><strong>Objectivo: <\/strong>Um jogador ganha se chegar com uma das suas pe\u00e7as \u00e0 primeira linha do advers\u00e1rio, ou seja, as Brancas devem chegar \u00e0 7\u00aa linha e as Negras \u00e0 1\u00aa linha do tabuleiro.<\/p>\n<p><strong>Regras: <\/strong>Cada jogador, alternadamente, move uma pe\u00e7a sua. Come\u00e7am as Brancas.<\/p>[\/et_pb_text][et_pb_image src=&#8221;https:\/\/ludicum.org\/wp-content\/uploads\/2024\/01\/avanco-inicial-1.png&#8221; title_text=&#8221;avanco-inicial&#8221; align=&#8221;center&#8221; _builder_version=&#8221;4.23.4&#8243; _module_preset=&#8221;default&#8221; global_colors_info=&#8221;{}&#8221;][\/et_pb_image][et_pb_text _builder_version=&#8221;4.23.4&#8243; _module_preset=&#8221;default&#8221; text_orientation=&#8221;justified&#8221; global_colors_info=&#8221;{}&#8221;]<p>As pe\u00e7as movem-se sempre em frente, para uma casa vazia, seja na sua coluna ou numa das suas diagonais.<span>\u00a0<\/span><i>No diagrama esquerdo mostram-se para onde cada uma das pe\u00e7as se poderia movimentar se fosse a sua vez de jogar.<\/i><\/p>\n<p style=\"text-align: center;\">[\/et_pb_text][et_pb_image src=&#8221;https:\/\/ludicum.org\/wp-content\/uploads\/2024\/01\/avanco-movimento-captura-2.png&#8221; title_text=&#8221;avanco-movimento-captura&#8221; align=&#8221;center&#8221; _builder_version=&#8221;4.23.4&#8243; _module_preset=&#8221;default&#8221; global_colors_info=&#8221;{}&#8221;][\/et_pb_image][et_pb_text _builder_version=&#8221;4.23.4&#8243; _module_preset=&#8221;default&#8221; text_orientation=&#8221;justified&#8221; hover_enabled=&#8221;0&#8243; global_colors_info=&#8221;{}&#8221; sticky_enabled=&#8221;0&#8243;]<p>As pe\u00e7as podem capturar pe\u00e7as advers\u00e1rias que se situem na sua diagonal em frente movendo-se para a casa onde elas se encontram (como os pe\u00f5es do Xadrez). As pe\u00e7as capturadas s\u00e3o removidas do tabuleiro. As capturas s\u00e3o opcionais e apenas se pode capturar uma pe\u00e7a por turno (ou seja, n\u00e3o h\u00e1 capturas m\u00faltiplas).<span>\u00a0<\/span><i>No diagrama direito observa-se quais as pe\u00e7as negras que poderiam ser capturadas pela pe\u00e7a branca (a pe\u00e7a branca n\u00e3o se pode mover para d5 porque a casa est\u00e1 ocupada, nem pode capturar essa pe\u00e7a negra, porque as capturas apenas se efectuam na diagonal).<\/i><\/p>\n<p>De notar que as partidas deste jogo terminam rapidamente porque as pe\u00e7as s\u00e3o obrigadas a mover-se sempre para a frente. Em cada turno, cada jogador tem pelo menos uma jogada poss\u00edvel (o advers\u00e1rio n\u00e3o consegue bloquear pe\u00e7as, assim, a pe\u00e7a mais avan\u00e7ada pode sempre deslocar-se). Deste modo, as partidas nunca terminam em empate.<\/p>[\/et_pb_text][et_pb_button button_url=&#8221;https:\/\/ludicum.org\/wp-content\/uploads\/2024\/01\/ludus-jogos-avanco-tabuleiro.pdf&#8221; url_new_window=&#8221;on&#8221; button_text=&#8221;Download materiais para jogar&#8221; button_alignment=&#8221;center&#8221; _builder_version=&#8221;4.23.4&#8243; _module_preset=&#8221;default&#8221; custom_button=&#8221;on&#8221; button_text_size=&#8221;14px&#8221; button_text_color=&#8221;#438e1a&#8221; button_border_radius=&#8221;10px&#8221; button_icon=&#8221;&#xf1c1;||fa||400&#8243; button_icon_color=&#8221;#438e1a&#8221; button_on_hover=&#8221;off&#8221; custom_margin=&#8221;||20px||false|false&#8221; global_colors_info=&#8221;{}&#8221; transform_styles__hover_enabled=&#8221;on|desktop&#8221; transform_scale__hover_enabled=&#8221;on|desktop&#8221; transform_translate__hover_enabled=&#8221;on|desktop&#8221; transform_rotate__hover_enabled=&#8221;on|desktop&#8221; transform_skew__hover_enabled=&#8221;on|desktop&#8221; transform_origin__hover_enabled=&#8221;on|desktop&#8221; background_layout__hover_enabled=&#8221;on|hover&#8221; button_text_color__hover_enabled=&#8221;on|desktop&#8221; button_text_color__hover=&#8221;#FFFFFF&#8221; button_bg_color__hover_enabled=&#8221;on|hover&#8221; button_bg_color__hover=&#8221;#438e1a&#8221; button_bg_enable_color__hover=&#8221;on&#8221; button_icon_color__hover_enabled=&#8221;on|hover&#8221; button_icon_color__hover=&#8221;#FFFFFF&#8221;][\/et_pb_button][\/et_pb_column][\/et_pb_row][\/et_pb_section]\n","protected":false},"excerpt":{"rendered":"<p>Autor:\u00a0Dan Troyka, 2000 Material: Um tabuleiro quadrado 7 por 7. Catorze pe\u00e7as brancas e catorze pedras negras. Objectivo: Um jogador ganha se chegar com uma das suas pe\u00e7as \u00e0 primeira linha do advers\u00e1rio, ou seja, as Brancas devem chegar \u00e0 7\u00aa linha e as Negras \u00e0 1\u00aa linha do tabuleiro. Regras: Cada jogador, alternadamente, move [&hellip;]<\/p>\n","protected":false},"author":5,"featured_media":0,"parent":2451,"menu_order":0,"comment_status":"closed","ping_status":"closed","template":"","meta":{"_acf_changed":false,"_et_pb_use_builder":"on","_et_pb_old_content":"","_et_gb_content_width":"1280","footnotes":""},"class_list":["post-2236","page","type-page","status-publish","hentry"],"acf":[],"_links":{"self":[{"href":"https:\/\/ludicum.org\/en\/wp-json\/wp\/v2\/pages\/2236","targetHints":{"allow":["GET"]}}],"collection":[{"href":"https:\/\/ludicum.org\/en\/wp-json\/wp\/v2\/pages"}],"about":[{"href":"https:\/\/ludicum.org\/en\/wp-json\/wp\/v2\/types\/page"}],"author":[{"embeddable":true,"href":"https:\/\/ludicum.org\/en\/wp-json\/wp\/v2\/users\/5"}],"replies":[{"embeddable":true,"href":"https:\/\/ludicum.org\/en\/wp-json\/wp\/v2\/comments?post=2236"}],"version-history":[{"count":0,"href":"https:\/\/ludicum.org\/en\/wp-json\/wp\/v2\/pages\/2236\/revisions"}],"up":[{"embeddable":true,"href":"https:\/\/ludicum.org\/en\/wp-json\/wp\/v2\/pages\/2451"}],"wp:attachment":[{"href":"https:\/\/ludicum.org\/en\/wp-json\/wp\/v2\/media?parent=2236"}],"curies":[{"name":"wp","href":"https:\/\/api.w.org\/{rel}","templated":true}]}}