{"id":114,"date":"2022-05-16T20:55:58","date_gmt":"2022-05-16T20:55:58","guid":{"rendered":"https:\/\/ludicumnew.org\/?page_id=114"},"modified":"2024-09-30T17:52:40","modified_gmt":"2024-09-30T17:52:40","slug":"publicacoes-jornais-e-revistas","status":"publish","type":"page","link":"https:\/\/ludicum.org\/en\/publicacoes\/publicacoes-jornais-e-revistas\/","title":{"rendered":"Publications | Newspapers and Magazines"},"content":{"rendered":"<p>[et_pb_section fb_built=&#8221;1&#8243; _builder_version=&#8221;4.25.1&#8243; _module_preset=&#8221;default&#8221; custom_margin=&#8221;0px||||false|false&#8221; custom_padding=&#8221;0px||||false|false&#8221; border_width_top=&#8221;5px&#8221; border_color_top=&#8221;gcid-0d5910ec-946c-471c-a674-756a53db7701&#8243; global_colors_info=&#8221;{%22gcid-0d5910ec-946c-471c-a674-756a53db7701%22:%91%22border_color_top%22%93}&#8221;][et_pb_row _builder_version=&#8221;4.23.4&#8243; _module_preset=&#8221;default&#8221; custom_margin=&#8221;0px||-15px||false|false&#8221; custom_padding=&#8221;0px||0px||false|false&#8221; global_colors_info=&#8221;{}&#8221;][et_pb_column type=&#8221;4_4&#8243; _builder_version=&#8221;4.20.0&#8243; _module_preset=&#8221;default&#8221; global_colors_info=&#8221;{}&#8221;][et_pb_heading title=&#8221;Jornais e Revistas&#8221; _builder_version=&#8221;4.23.4&#8243; _module_preset=&#8221;default&#8221; title_level=&#8221;h3&#8243; custom_margin=&#8221;50px||||false|false&#8221; global_colors_info=&#8221;{}&#8221;][\/et_pb_heading][\/et_pb_column][\/et_pb_row][et_pb_row column_structure=&#8221;1_2,1_2&#8243; use_custom_gutter=&#8221;on&#8221; make_equal=&#8221;on&#8221; _builder_version=&#8221;4.24.3&#8243; _module_preset=&#8221;default&#8221; custom_margin=&#8221;-20px||||false|false&#8221; custom_margin_tablet=&#8221;-35px||||false|false&#8221; custom_margin_phone=&#8221;-45px||||false|false&#8221; custom_margin_last_edited=&#8221;on|phone&#8221; custom_css_free_form=&#8221;.el-flex-row {||  display: flex;||  flex-wrap: wrap;||}||||.el-flex-row .et_pb_column {||  display: flex;||  flex-direction: column;||  justify-content: space-between;||}&#8221; locked=&#8221;off&#8221; global_colors_info=&#8221;{}&#8221;][et_pb_column type=&#8221;1_2&#8243; _builder_version=&#8221;4.24.3&#8243; _module_preset=&#8221;default&#8221; custom_padding=&#8221;35px||||false|false&#8221; custom_padding_tablet=&#8221;35px||||false|false&#8221; custom_padding_phone=&#8221;35px||||false|false&#8221; custom_padding_last_edited=&#8221;on|phone&#8221; custom_css_main_element=&#8221;display : flex;||flex-direction : column;&#8221; border_radii=&#8221;on|10px|10px|10px|10px&#8221; box_shadow_style=&#8221;preset1&#8243; global_colors_info=&#8221;{}&#8221;][et_pb_blurb title=&#8221;Jornal das primeiras matem\u00e1ticas&#8221; url=&#8221;https:\/\/ludicum.org\/jornal-das-primeras-matematicas\/jpm-2022-no-19\/&#8221; url_new_window=&#8221;on&#8221; image=&#8221;https:\/\/ludicum.org\/wp-content\/uploads\/2022\/06\/banner-jpm.jpg&#8221; alt=&#8221;Jornal das Primeiras Matematicas&#8221; image_icon_width=&#8221;200%&#8221; _builder_version=&#8221;4.27.0&#8243; _module_preset=&#8221;default&#8221; header_level=&#8221;h5&#8243; header_text_align=&#8221;center&#8221; header_text_color=&#8221;#438e1a&#8221; body_text_align=&#8221;center&#8221; custom_margin=&#8221;|30px||30px|false|false&#8221; custom_margin_tablet=&#8221;|20px||20px|false|false&#8221; custom_margin_phone=&#8221;|20px||20px|false|false&#8221; custom_margin_last_edited=&#8221;on|phone&#8221; link_option_url=&#8221;https:\/\/ludicum.org\/jornal-das-primeras-matematicas\/jpm-2022-no-19\/&#8221; link_option_url_new_window=&#8221;on&#8221; border_radii_image=&#8221;on|5px|5px|5px|5px&#8221; global_colors_info=&#8221;{}&#8221;]<\/p>\n<p style=\"text-align: justify;\">O Jornal das Primeiras Matem\u00e1ticas \u00e9 semestral, eletr\u00f3nico e incide sobre a matem\u00e1tica do pr\u00e9-escolar e dos 1.\u00ba e 2.\u00ba los do ensino b\u00e1sico. Apesar disso, a comiss\u00e3o editorial poder\u00e1 aceitar artigos focados noutros n\u00edveis de ensino desde que o conte\u00fado se mostre suficientemente relevante para permitir o devido aproveitamento para os n\u00edveis que constituem o objeto do jornal.<\/p>\n<p>[\/et_pb_blurb][et_pb_button button_url=&#8221;@ET-DC@eyJkeW5hbWljIjp0cnVlLCJjb250ZW50IjoicG9zdF9saW5rX3VybF9wYWdlIiwic2V0dGluZ3MiOnsicG9zdF9pZCI6IjU0NyJ9fQ==@&#8221; button_text=&#8221;Aceda a todas as edi\u00e7\u00f5es&#8221; _builder_version=&#8221;4.27.0&#8243; _module_preset=&#8221;default&#8221; button_text_size=&#8221;15px&#8221; button_border_color=&#8221;gcid-primary-color&#8221; button_icon=&#8221;&#x39;||divi||400&#8243; custom_margin=&#8221;auto||40px||false|false&#8221; hover_enabled=&#8221;0&#8243; global_colors_info=&#8221;{%22gcid-primary-color%22:%91%22button_border_color%22,%22button_bg_color__hover%22%93}&#8221; button_bg_color__hover=&#8221;#218916&#8243; button_bg_enable_color__hover=&#8221;on&#8221; button_text_color__hover_enabled=&#8221;on|hover&#8221; button_text_color__hover=&#8221;&#8221; sticky_enabled=&#8221;0&#8243; _dynamic_attributes=&#8221;button_url&#8221;][\/et_pb_button][\/et_pb_column][et_pb_column type=&#8221;1_2&#8243; _builder_version=&#8221;4.24.3&#8243; _module_preset=&#8221;default&#8221; custom_padding=&#8221;35px||||false|false&#8221; custom_css_main_element=&#8221;display : flex;||flex-direction : column;&#8221; border_radii=&#8221;on|10px|10px|10px|10px&#8221; box_shadow_style=&#8221;preset1&#8243; global_colors_info=&#8221;{}&#8221;][et_pb_blurb title=&#8221;Board Game Studies Journal&#8221; url=&#8221;https:\/\/ludicum.org\/board-game-studies\/&#8221; url_new_window=&#8221;on&#8221; image=&#8221;https:\/\/ludicum.org\/wp-content\/uploads\/2023\/03\/board-game-studies-journal.jpg&#8221; alt=&#8221;Board Game Studies Journal&#8221; image_icon_width=&#8221;200%&#8221; _builder_version=&#8221;4.27.0&#8243; _module_preset=&#8221;default&#8221; header_level=&#8221;h5&#8243; header_text_align=&#8221;center&#8221; header_text_color=&#8221;#438e1a&#8221; body_text_align=&#8221;center&#8221; custom_margin=&#8221;|30px||30px|false|false&#8221; custom_margin_tablet=&#8221;|20px||20px|false|false&#8221; custom_margin_phone=&#8221;|20px||20px|false|false&#8221; custom_margin_last_edited=&#8221;on|phone&#8221; link_option_url=&#8221;https:\/\/ludicum.org\/board-game-studies\/&#8221; link_option_url_new_window=&#8221;on&#8221; border_radii_image=&#8221;on|5px|5px|5px|5px&#8221; locked=&#8221;off&#8221; global_colors_info=&#8221;{}&#8221;]<\/p>\n<p>Board Game Studies Journal is a single peer-reviewed journal for historical and systematic research on board games. Its object is to provide a forum for board games research from all academic disciplines in order to further our understanding of the development and distribution of board games within an interdisciplinary academic context.<\/p>\n<p>&nbsp;<\/p>\n<h6><a class=\"link\" href=\"https:\/\/content.sciendo.com\/view\/journals\/bgs\/bgs-overview.xml\" target=\"_blank\" rel=\"noopener\">Journal Website <\/a><\/h6>\n<p>[\/et_pb_blurb][et_pb_button button_url=&#8221;@ET-DC@eyJkeW5hbWljIjp0cnVlLCJjb250ZW50IjoicG9zdF9saW5rX3VybF9wYWdlIiwic2V0dGluZ3MiOnsicG9zdF9pZCI6Ijk1NCJ9fQ==@&#8221; button_text=&#8221;Archives&#8221; _builder_version=&#8221;4.27.0&#8243; _module_preset=&#8221;default&#8221; button_text_size=&#8221;15px&#8221; button_border_color=&#8221;gcid-primary-color&#8221; button_icon=&#8221;&#x39;||divi||400&#8243; custom_margin=&#8221;auto||40px||false|false&#8221; hover_enabled=&#8221;0&#8243; locked=&#8221;off&#8221; global_colors_info=&#8221;{%22gcid-primary-color%22:%91%22button_border_color%22,%22button_bg_color__hover%22%93}&#8221; button_text_color__hover=&#8221;&#8221; button_text_color__hover_enabled=&#8221;on|hover&#8221; button_bg_color__hover=&#8221;#218916&#8243; _dynamic_attributes=&#8221;button_url&#8221; sticky_enabled=&#8221;0&#8243;][\/et_pb_button][\/et_pb_column][\/et_pb_row][et_pb_row column_structure=&#8221;1_2,1_2&#8243; use_custom_gutter=&#8221;on&#8221; make_equal=&#8221;on&#8221; _builder_version=&#8221;4.24.3&#8243; _module_preset=&#8221;default&#8221; custom_margin=&#8221;-20px||||false|false&#8221; custom_margin_tablet=&#8221;-35px||||false|false&#8221; custom_margin_phone=&#8221;-45px||||false|false&#8221; custom_margin_last_edited=&#8221;on|phone&#8221; custom_css_free_form=&#8221;.el-flex-row {||  display: flex;||  flex-wrap: wrap;||}||||.el-flex-row .et_pb_column {||  display: flex;||  flex-direction: column;||  justify-content: space-between;||}&#8221; locked=&#8221;off&#8221; global_colors_info=&#8221;{}&#8221;][et_pb_column type=&#8221;1_2&#8243; _builder_version=&#8221;4.24.3&#8243; _module_preset=&#8221;default&#8221; custom_padding=&#8221;35px||||false|false&#8221; custom_padding_tablet=&#8221;35px||||false|false&#8221; custom_padding_phone=&#8221;35px||||false|false&#8221; custom_padding_last_edited=&#8221;on|phone&#8221; custom_css_main_element=&#8221;display : flex;||flex-direction : column;&#8221; border_radii=&#8221;on|10px|10px|10px|10px&#8221; box_shadow_style=&#8221;preset1&#8243; global_colors_info=&#8221;{}&#8221;][et_pb_blurb title=&#8221;Recreational Mathematics Magazine&#8221; url=&#8221;https:\/\/ludicum.org\/recreational-mathematics-magazine\/&#8221; url_new_window=&#8221;on&#8221; image=&#8221;https:\/\/ludicum.org\/wp-content\/uploads\/2023\/03\/Banner_RMM.jpg&#8221; alt=&#8221;Recreational Mathematics Magazine&#8221; image_icon_width=&#8221;200%&#8221; _builder_version=&#8221;4.27.0&#8243; _module_preset=&#8221;default&#8221; header_level=&#8221;h5&#8243; header_text_align=&#8221;center&#8221; header_text_color=&#8221;#438e1a&#8221; body_text_align=&#8221;center&#8221; custom_margin=&#8221;|30px||30px|false|false&#8221; custom_margin_tablet=&#8221;|20px||20px|false|false&#8221; custom_margin_phone=&#8221;|20px||20px|false|false&#8221; custom_margin_last_edited=&#8221;on|phone&#8221; link_option_url=&#8221;https:\/\/ludicum.org\/recreational-mathematics-magazine\/&#8221; link_option_url_new_window=&#8221;on&#8221; border_radii_image=&#8221;on|5px|5px|5px|5px&#8221; global_colors_info=&#8221;{}&#8221;]<\/p>\n<p>The Recreational Mathematics Magazine is published by the Ludus Association with the support of the <a href=\"https:\/\/www.fct.unl.pt\/en\/research\/interuniversity-center-history-science-and-technology\" target=\"_blank\" rel=\"noopener\">Interuniversity Centre for the History of Science and Technology <\/a>. The journal is electronic and semiannual, and focuses on results that provide amusing, witty but nonetheless original and scientifically profound mathematical nuggets. The issues are published in the exact moments of the equinox. It&#8217;s a magazine for mathematicians, and other mathematics lovers, who enjoy imaginative ideas, non-standard approaches, and surprising procedures. Occasionally, some papers that do not require any mathematical background will be published.<\/p>\n<p>&nbsp;<\/p>\n<h6><a class=\"link\" href=\"https:\/\/content.sciendo.com\/view\/journals\/rmm\/rmm-overview.xml\" target=\"_blank\" rel=\"noopener\">Magazine Website <\/a><\/h6>\n<p>[\/et_pb_blurb][et_pb_button button_url=&#8221;@ET-DC@eyJkeW5hbWljIjp0cnVlLCJjb250ZW50IjoicG9zdF9saW5rX3VybF9wYWdlIiwic2V0dGluZ3MiOnsicG9zdF9pZCI6Ijk5MSJ9fQ==@&#8221; button_text=&#8221;Archives&#8221; _builder_version=&#8221;4.27.0&#8243; _module_preset=&#8221;default&#8221; button_text_size=&#8221;15px&#8221; button_border_color=&#8221;gcid-primary-color&#8221; button_use_icon=&#8221;off&#8221; custom_margin=&#8221;auto||40px||false|false&#8221; global_colors_info=&#8221;{%22gcid-primary-color%22:%91%22button_border_color%22,%22button_bg_color__hover%22%93}&#8221; button_bg_color__hover=&#8221;#218916&#8243; button_bg_enable_color__hover=&#8221;on&#8221; button_text_color__hover_enabled=&#8221;on|hover&#8221; button_text_color__hover=&#8221;&#8221; _dynamic_attributes=&#8221;button_url&#8221;][\/et_pb_button][\/et_pb_column][et_pb_column type=&#8221;1_2&#8243; _builder_version=&#8221;4.24.3&#8243; _module_preset=&#8221;default&#8221; custom_padding=&#8221;35px||||false|false&#8221; custom_css_main_element=&#8221;display : flex;||flex-direction : column;&#8221; border_radii=&#8221;on|10px|10px|10px|10px&#8221; box_shadow_style=&#8221;preset1&#8243; global_colors_info=&#8221;{}&#8221;][et_pb_blurb title=&#8221;Jornal Da Mathem\u00e1tica Elementar&#8221; url=&#8221;https:\/\/ludicum.org\/jornal-de-mathematica-elementar\/&#8221; url_new_window=&#8221;on&#8221; image=&#8221;https:\/\/ludicum.org\/wp-content\/uploads\/2024\/06\/jornal_mathematica_elementar.png&#8221; alt=&#8221;Board Game Studies Journal&#8221; image_icon_width=&#8221;200%&#8221; _builder_version=&#8221;4.27.0&#8243; _module_preset=&#8221;default&#8221; header_level=&#8221;h5&#8243; header_text_align=&#8221;center&#8221; header_text_color=&#8221;#438e1a&#8221; body_text_align=&#8221;center&#8221; image_icon_custom_margin=&#8221;70px||60px||false|false&#8221; custom_margin=&#8221;|30px||30px|false|false&#8221; custom_margin_tablet=&#8221;|20px||20px|false|false&#8221; custom_margin_phone=&#8221;|20px||20px|false|false&#8221; custom_margin_last_edited=&#8221;on|phone&#8221; link_option_url=&#8221;https:\/\/ludicum.org\/jornal-de-mathematica-elementar\/&#8221; link_option_url_new_window=&#8221;on&#8221; border_radii_image=&#8221;on|5px|5px|5px|5px&#8221; locked=&#8221;off&#8221; global_colors_info=&#8221;{}&#8221;]<\/p>\n<p><span>O JME foi fundado em 1 de Novembro de 1883; tratava-se de um jornal totalmente manuscrito tendo apenas problemas dos chamados ramos da matem\u00e1tica elementar (aritm\u00e9tica, geometria, \u00e1lgebra, trigonometria) uns resolvidos, outros para serem resolvidos pelos leitores; n\u00e3o se sabe quem era(m) o(s) seu(s) auto(res), sa\u00eda quinzenalmente nos dias 1 e 15 de cada m\u00eas, mas teve uma curta exist\u00eancia.\u00a0<\/span><span>Desses recuados tempos existem os exemplares n\u00ba 1, 5 e 9.\u00a0 Mais tarde, o Dr. S\u00e9rgio Macias Marques deu continuidade ao jornal e \u00e0 sua numera\u00e7\u00e3o \u2013 saiu precisamente um s\u00e9culo depois da interrup\u00e7\u00e3o naqueles long\u00ednquos tempos.<\/span><\/p>\n<p>[\/et_pb_blurb][et_pb_button button_url=&#8221;@ET-DC@eyJkeW5hbWljIjp0cnVlLCJjb250ZW50IjoicG9zdF9saW5rX3VybF9wYWdlIiwic2V0dGluZ3MiOnsicG9zdF9pZCI6IjI0MDkifX0=@&#8221; button_text=&#8221;Archives&#8221; _builder_version=&#8221;4.27.0&#8243; _module_preset=&#8221;default&#8221; button_text_size=&#8221;15px&#8221; button_border_color=&#8221;gcid-primary-color&#8221; button_use_icon=&#8221;off&#8221; custom_margin=&#8221;auto||40px||false|false&#8221; hover_enabled=&#8221;0&#8243; locked=&#8221;off&#8221; global_colors_info=&#8221;{%22gcid-primary-color%22:%91%22button_border_color%22,%22button_bg_color__hover%22%93}&#8221; button_text_color__hover=&#8221;&#8221; button_text_color__hover_enabled=&#8221;on|hover&#8221; button_bg_color__hover=&#8221;#218916&#8243; _dynamic_attributes=&#8221;button_url&#8221; sticky_enabled=&#8221;0&#8243;][\/et_pb_button][\/et_pb_column][\/et_pb_row][\/et_pb_section]<\/p>\n","protected":false},"excerpt":{"rendered":"<p>O Jornal das Primeiras Matem\u00e1ticas \u00e9 semestral, eletr\u00f3nico e incide sobre a matem\u00e1tica do pr\u00e9-escolar e dos 1.\u00ba e 2.\u00ba los do ensino b\u00e1sico. Apesar disso, a comiss\u00e3o editorial poder\u00e1 aceitar artigos focados noutros n\u00edveis de ensino desde que o conte\u00fado se mostre suficientemente relevante para permitir o devido aproveitamento para os n\u00edveis que constituem [&hellip;]<\/p>\n","protected":false},"author":1,"featured_media":0,"parent":4025,"menu_order":0,"comment_status":"closed","ping_status":"closed","template":"","meta":{"_acf_changed":false,"_et_pb_use_builder":"on","_et_pb_old_content":"","_et_gb_content_width":"1280","footnotes":""},"class_list":["post-114","page","type-page","status-publish","hentry"],"acf":[],"_links":{"self":[{"href":"https:\/\/ludicum.org\/en\/wp-json\/wp\/v2\/pages\/114","targetHints":{"allow":["GET"]}}],"collection":[{"href":"https:\/\/ludicum.org\/en\/wp-json\/wp\/v2\/pages"}],"about":[{"href":"https:\/\/ludicum.org\/en\/wp-json\/wp\/v2\/types\/page"}],"author":[{"embeddable":true,"href":"https:\/\/ludicum.org\/en\/wp-json\/wp\/v2\/users\/1"}],"replies":[{"embeddable":true,"href":"https:\/\/ludicum.org\/en\/wp-json\/wp\/v2\/comments?post=114"}],"version-history":[{"count":0,"href":"https:\/\/ludicum.org\/en\/wp-json\/wp\/v2\/pages\/114\/revisions"}],"up":[{"embeddable":true,"href":"https:\/\/ludicum.org\/en\/wp-json\/wp\/v2\/pages\/4025"}],"wp:attachment":[{"href":"https:\/\/ludicum.org\/en\/wp-json\/wp\/v2\/media?parent=114"}],"curies":[{"name":"wp","href":"https:\/\/api.w.org\/{rel}","templated":true}]}}