{"id":6663,"date":"2025-02-09T18:26:19","date_gmt":"2025-02-09T18:26:19","guid":{"rendered":"https:\/\/ludicum.org\/?page_id=6663"},"modified":"2025-05-14T14:38:56","modified_gmt":"2025-05-14T13:38:56","slug":"blog-ludus","status":"publish","type":"page","link":"http:\/\/ludicum.org\/en\/blog-ludus\/","title":{"rendered":"Ludus Blog"},"content":{"rendered":"<p>[et_pb_section fb_built=&#8221;1&#8243; _builder_version=&#8221;4.27.4&#8243; _module_preset=&#8221;default&#8221; custom_margin=&#8221;0px|0px|0px|0px|false|false&#8221; custom_padding=&#8221;0px|0px|0px|0px|false|false&#8221; border_color_all=&#8221;gcid-primary-color&#8221; border_width_top=&#8221;5px&#8221; locked=&#8221;off&#8221; global_colors_info=&#8221;{%22gcid-primary-color%22:%91%22border_color_all%22,%22border_color_top%22%93}&#8221;][et_pb_row column_structure=&#8221;3_4,1_4&#8243; use_custom_gutter=&#8221;on&#8221; gutter_width=&#8221;1&#8243; make_equal=&#8221;on&#8221; _builder_version=&#8221;4.27.4&#8243; _module_preset=&#8221;default&#8221; width=&#8221;100%&#8221; max_width=&#8221;100%&#8221; custom_margin=&#8221;0px|0px|0px|0px|false|false&#8221; custom_padding=&#8221;0px|0px|0px|0px|false|false&#8221; border_color_top=&#8221;gcid-primary-color&#8221; locked=&#8221;off&#8221; global_colors_info=&#8221;{%22gcid-primary-color%22:%91%22border_color_top%22%93}&#8221;][et_pb_column type=&#8221;3_4&#8243; _builder_version=&#8221;4.27.4&#8243; _module_preset=&#8221;default&#8221; custom_padding=&#8221;40px|40px|40px|40px|false|false&#8221; global_colors_info=&#8221;{}&#8221;][et_pb_text _builder_version=&#8221;4.27.4&#8243; _module_preset=&#8221;default&#8221; header_2_text_color=&#8221;gcid-primary-color&#8221; global_colors_info=&#8221;{%22gcid-primary-color%22:%91%22header_2_text_color%22%93}&#8221;]<\/p>\n<h2>Blog da Ludus<\/h2>\n<p>[\/et_pb_text][et_pb_divider divider_weight=&#8221;2px&#8221; _builder_version=&#8221;4.27.4&#8243; _module_preset=&#8221;default&#8221; custom_margin=&#8221;-10px||||false|false&#8221; global_colors_info=&#8221;{}&#8221;][\/et_pb_divider][et_pb_blog posts_number=&#8221;99&#8243; include_categories=&#8221;60&#8243; show_thumbnail=&#8221;off&#8221; show_more=&#8221;on&#8221; show_categories=&#8221;off&#8221; admin_label=&#8221;Ludus-publicacoes&#8221; module_id=&#8221;ludus-publicacoes&#8221; module_class=&#8221;ludus-publicacoes&#8221; _builder_version=&#8221;4.27.4&#8243; _module_preset=&#8221;default&#8221; header_text_color=&#8221;gcid-primary-color&#8221; header_font_size=&#8221;18px&#8221; body_text_align=&#8221;justify&#8221; meta_font=&#8221;|700|||||||&#8221; read_more_font=&#8221;|700|||||||&#8221; read_more_text_color=&#8221;gcid-primary-color&#8221; custom_margin=&#8221;10px||||false|false&#8221; custom_padding=&#8221;0px||||false|false&#8221; hover_enabled=&#8221;0&#8243; custom_css_free_form=&#8221;\/* Garante que os cart\u00f5es do blog no Fullwidth\/Row tenham a mesma altura *\/||.et_pb_row .et_pb_post {||    display: flex;||    flex-direction: column;||    height: 100% !important;||    margin: 50px 0px 0px 0px;||  \tpadding: 25px; ||}||||\/* Estiliza os cart\u00f5es dos posts no arquivo *\/||.et_pb_post {||    background: #ffffff !important;||    border-radius: 20px !important;||    box-shadow: 0 4px 10px rgba(0, 0, 0, 0.1) !important;||    padding: 20px;||    transition: all 0.3s ease-in-out;||    overflow: hidden;||}||||\/* Efeito ao passar o mouse *\/||.et_pb_post:hover {||    box-shadow: 0 6px 15px rgba(0, 0, 0, 0.15);||    transform: translateY(-5px);||}||||@media (max-width: 768px) {||    \/* Ajusta o layout para telas menores *\/||    .et_pb_post {||        max-width: 100% !important; \/* Garante que os posts ocupem toda a largura dispon\u00edvel *\/||        margin: 0 0 20px !important; \/* Mant\u00e9m um espa\u00e7amento entre os cart\u00f5es *\/||    }||||    .et_pb_row {||        display: flex;||        flex-wrap: wrap; \/* Permite que os cart\u00f5es se ajustem *\/||        justify-content: center !important; \/* Centraliza os posts no mobile *\/||    }||||    \/* Ajusta o tamanho dos posts para telas menores *\/||    .et_pb_row .et_pb_post {||        flex: 1 1 calc(33.333% &#8211; 20px); \/* Faz com que 3 posts caibam por linha em telas maiores *\/||    }||}||&#8221; global_colors_info=&#8221;{%22gcid-primary-color%22:%91%22header_text_color%22,%22read_more_text_color%22%93}&#8221; sticky_enabled=&#8221;0&#8243;][\/et_pb_blog][\/et_pb_column][et_pb_column type=&#8221;1_4&#8243; _builder_version=&#8221;4.27.4&#8243; _module_preset=&#8221;default&#8221; background_color=&#8221;gcid-primary-color&#8221; custom_padding=&#8221;40px|15px|0px|15px|false|false&#8221; box_shadow_style=&#8221;preset1&#8243; global_colors_info=&#8221;{%22gcid-primary-color%22:%91%22background_color%22%93}&#8221;][et_pb_search exclude_pages=&#8221;on&#8221; include_categories=&#8221;34,46,1,44&#8243; button_color=&#8221;gcid-primary-color&#8221; placeholder_color=&#8221;gcid-primary-color&#8221; _builder_version=&#8221;4.27.4&#8243; _module_preset=&#8221;default&#8221; form_field_background_color=&#8221;#FFFFFF&#8221; form_field_text_color=&#8221;#242424&#8243; form_field_focus_background_color=&#8221;#FFFFFF&#8221; form_field_focus_text_color=&#8221;#242424&#8243; button_font=&#8221;&#8211;et_global_body_font|600|||||||&#8221; button_text_color=&#8221;#FFFFFF&#8221; form_field_font=&#8221;&#8211;et_global_body_font||||||||&#8221; border_color_all=&#8221;#FFFFFF&#8221; global_colors_info=&#8221;{%22gcid-primary-color%22:%91%22placeholder_color%22,%22button_color%22%93}&#8221;][\/et_pb_search][et_pb_text _builder_version=&#8221;4.27.4&#8243; _module_preset=&#8221;default&#8221; global_colors_info=&#8221;{}&#8221;]<\/p>\n<p><span><nav id=\"bellows-main-57\" class=\"bellows bellows-nojs bellows-main bellows-source-menu bellows-align-full bellows-skin-vanilla bellows-type- bellows-expand-current\"><ul id=\"menu-blog-menu\" class=\"bellows-nav\" data-bellows-config=\"main\"><li id=\"menu-item-6966\" class=\"bellows-menu-item bellows-menu-item-type-post_type bellows-menu-item-object-page bellows-menu-item-has-children bellows-menu-item-6966 bellows-item-level-0\"><a  href=\"http:\/\/ludicum.org\/en\/blog-ludus\/\" class=\"bellows-target\"><span class=\"bellows-target-title bellows-target-text\">Blog Ludus<\/span><button class=\"bellows-subtoggle\" aria-label=\"Toggle Submenu\"><i class=\"bellows-subtoggle-icon-expand fa fa-chevron-down\"><\/i><i class=\"bellows-subtoggle-icon-collapse fa fa-chevron-up\"><\/i><\/button><\/a>\n<ul class=\"bellows-submenu\">\n\t<li id=\"menu-item-7504\" class=\"bellows-menu-item bellows-menu-item-type-post_type bellows-menu-item-object-post bellows-menu-item-7504 bellows-item-level-1\"><a  href=\"http:\/\/ludicum.org\/en\/6-milestones-encontro-de-arranque\/\" class=\"bellows-target\"><span class=\"bellows-target-title bellows-target-text\">6 Milestones | Encontro de Arranque<\/span><\/a><\/li>\n\t<li id=\"menu-item-7319\" class=\"bellows-menu-item bellows-menu-item-type-post_type bellows-menu-item-object-post bellows-menu-item-7319 bellows-item-level-1\"><a  href=\"http:\/\/ludicum.org\/en\/brainline\/\" class=\"bellows-target\"><span class=\"bellows-target-title bellows-target-text\">Brainline<\/span><\/a><\/li>\n\t<li id=\"menu-item-7300\" class=\"bellows-menu-item bellows-menu-item-type-post_type bellows-menu-item-object-post bellows-menu-item-7300 bellows-item-level-1\"><a  href=\"http:\/\/ludicum.org\/en\/damas-bricolage\/\" class=\"bellows-target\"><span class=\"bellows-target-title bellows-target-text\">Damas Bricolage<\/span><\/a><\/li>\n\t<li id=\"menu-item-7292\" class=\"bellows-menu-item bellows-menu-item-type-post_type bellows-menu-item-object-post bellows-menu-item-7292 bellows-item-level-1\"><a  href=\"http:\/\/ludicum.org\/en\/stragone\/\" class=\"bellows-target\"><span class=\"bellows-target-title bellows-target-text\">Stragone<\/span><\/a><\/li>\n\t<li id=\"menu-item-7276\" class=\"bellows-menu-item bellows-menu-item-type-post_type bellows-menu-item-object-post bellows-menu-item-7276 bellows-item-level-1\"><a  href=\"http:\/\/ludicum.org\/en\/axom\/\" class=\"bellows-target\"><span class=\"bellows-target-title bellows-target-text\">Axom<\/span><\/a><\/li>\n\t<li id=\"menu-item-7262\" class=\"bellows-menu-item bellows-menu-item-type-post_type bellows-menu-item-object-post bellows-menu-item-7262 bellows-item-level-1\"><a  href=\"http:\/\/ludicum.org\/en\/linhas-deslizantes\/\" class=\"bellows-target\"><span class=\"bellows-target-title bellows-target-text\">Linhas Deslizantes<\/span><\/a><\/li>\n\t<li id=\"menu-item-7249\" class=\"bellows-menu-item bellows-menu-item-type-post_type bellows-menu-item-object-post bellows-menu-item-7249 bellows-item-level-1\"><a  href=\"http:\/\/ludicum.org\/en\/tic-tac-turn\/\" class=\"bellows-target\"><span class=\"bellows-target-title bellows-target-text\">Tic-Tac-Turn<\/span><\/a><\/li>\n\t<li id=\"menu-item-7180\" class=\"bellows-menu-item bellows-menu-item-type-post_type bellows-menu-item-object-post bellows-menu-item-7180 bellows-item-level-1\"><a  href=\"http:\/\/ludicum.org\/en\/jogos-de-tabuleiro-e-fisica\/\" class=\"bellows-target\"><span class=\"bellows-target-title bellows-target-text\">Jogos de Tabuleiro e F\u00edsica<\/span><\/a><\/li>\n\t<li id=\"menu-item-7164\" class=\"bellows-menu-item bellows-menu-item-type-post_type bellows-menu-item-object-post bellows-menu-item-7164 bellows-item-level-1\"><a  href=\"http:\/\/ludicum.org\/en\/ascent\/\" class=\"bellows-target\"><span class=\"bellows-target-title bellows-target-text\">Ascent<\/span><\/a><\/li>\n\t<li id=\"menu-item-7152\" class=\"bellows-menu-item bellows-menu-item-type-post_type bellows-menu-item-object-post bellows-menu-item-7152 bellows-item-level-1\"><a  href=\"http:\/\/ludicum.org\/en\/um-jogo-antigo\/\" class=\"bellows-target\"><span class=\"bellows-target-title bellows-target-text\">Um Jogo Antigo<\/span><\/a><\/li>\n<\/ul>\n<\/li>\n<\/ul><\/nav><\/span><\/p>\n<p>[\/et_pb_text][et_pb_heading title=&#8221;TAGS&#8221; _builder_version=&#8221;4.27.4&#8243; _module_preset=&#8221;default&#8221; title_level=&#8221;h6&#8243; title_text_color=&#8221;#FFFFFF&#8221; global_colors_info=&#8221;{}&#8221;][\/et_pb_heading][et_pb_text _builder_version=&#8221;4.27.4&#8243; _module_preset=&#8221;default&#8221; background_color=&#8221;#FFFFFF&#8221; custom_margin=&#8221;20px||20px||false|false&#8221; custom_margin_tablet=&#8221;20px||20px||false|false&#8221; custom_margin_phone=&#8221;20px||20px||false|false&#8221; custom_margin_last_edited=&#8221;on|tablet&#8221; custom_padding=&#8221;10px||10px||false|false&#8221; custom_css_main_element=&#8221;.tag-list {||  list-style: none;      \/* Remove os bullets *\/||  padding: 0;||  margin: 0;||}||||.tag-list li {||  margin-bottom: 15px;||  margin-left: 25px;\t\/* Espa\u00e7o entre as tags *\/||}||||.tag-list li a {||  text-decoration: none;||  color: #666666;||  font-size: 14px;||}||||.tag-list li a:hover {||  text-decoration: underline;||  color: #000;||}||&#8221; global_colors_info=&#8221;{}&#8221;]<\/p>\n<ul class=\"tag-list\"><li><a href=\"http:\/\/ludicum.org\/en\/tag\/1600s\/\">1600s<\/a><\/li><li><a href=\"http:\/\/ludicum.org\/en\/tag\/1890s\/\">1890s<\/a><\/li><li><a href=\"http:\/\/ludicum.org\/en\/tag\/1920s\/\">1920s<\/a><\/li><li><a href=\"http:\/\/ludicum.org\/en\/tag\/1970s\/\">1970s<\/a><\/li><li><a href=\"http:\/\/ludicum.org\/en\/tag\/1980s\/\">1980s<\/a><\/li><li><a href=\"http:\/\/ludicum.org\/en\/tag\/1990s\/\">1990s<\/a><\/li><li><a href=\"http:\/\/ludicum.org\/en\/tag\/2000s\/\">2000s<\/a><\/li><li><a href=\"http:\/\/ludicum.org\/en\/tag\/6m\/\">6M<\/a><\/li><li><a href=\"http:\/\/ludicum.org\/en\/tag\/cnjm\/\">CNJM<\/a><\/li><li><a href=\"http:\/\/ludicum.org\/en\/tag\/dados\/\">Dados<\/a><\/li><li><a href=\"http:\/\/ludicum.org\/en\/tag\/historia\/\">Hist\u00f3ria<\/a><\/li><li><a href=\"http:\/\/ludicum.org\/en\/tag\/jogos\/\">Jogos<\/a><\/li><li><a href=\"http:\/\/ludicum.org\/en\/tag\/matematica-recreativo\/\">Matem\u00e1tica Recreativo<\/a><\/li><li><a href=\"http:\/\/ludicum.org\/en\/tag\/pedagogicos\/\">Pedag\u00f3gicos<\/a><\/li><li><a href=\"http:\/\/ludicum.org\/en\/tag\/puzzles\/\">Puzzles<\/a><\/li><\/ul>\n<p>[\/et_pb_text][\/et_pb_column][\/et_pb_row][\/et_pb_section]<\/p>\n","protected":false},"excerpt":{"rendered":"<p>Ludus Blog<nav id=\"bellows-main-57-2\" class=\"bellows bellows-nojs bellows-main bellows-source-menu bellows-align-full bellows-skin-vanilla bellows-type- bellows-expand-current\"><ul id=\"menu-blog-menu-1\" class=\"bellows-nav\" data-bellows-config=\"main\"><li class=\"bellows-menu-item bellows-menu-item-type-post_type bellows-menu-item-object-page bellows-menu-item-has-children bellows-menu-item-6966 bellows-item-level-0\"><a  href=\"http:\/\/ludicum.org\/en\/blog-ludus\/\" class=\"bellows-target\"><span class=\"bellows-target-title bellows-target-text\">Ludus Blog<\/span><button class=\"bellows-subtoggle\" aria-label=\"Toggle Submenu\"><i class=\"bellows-subtoggle-icon-expand fa fa-chevron-down\"><\/i><i class=\"bellows-subtoggle-icon-collapse fa fa-chevron-up\"><\/i><\/button><\/a>\n<ul class=\"bellows-submenu\">\n\t<li class=\"bellows-menu-item bellows-menu-item-type-post_type bellows-menu-item-object-post bellows-menu-item-7504 bellows-item-level-1\"><a  href=\"http:\/\/ludicum.org\/en\/6-milestones-encontro-de-arranque\/\" class=\"bellows-target\"><span class=\"bellows-target-title bellows-target-text\">6 Milestones | Encontro de Arranque<\/span><\/a><\/li>\n\t<li class=\"bellows-menu-item bellows-menu-item-type-post_type bellows-menu-item-object-post bellows-menu-item-7319 bellows-item-level-1\"><a  href=\"http:\/\/ludicum.org\/en\/brainline\/\" class=\"bellows-target\"><span class=\"bellows-target-title bellows-target-text\">Brainline<\/span><\/a><\/li>\n\t<li class=\"bellows-menu-item bellows-menu-item-type-post_type bellows-menu-item-object-post bellows-menu-item-7300 bellows-item-level-1\"><a  href=\"http:\/\/ludicum.org\/en\/damas-bricolage\/\" class=\"bellows-target\"><span class=\"bellows-target-title bellows-target-text\">Damas Bricolage<\/span><\/a><\/li>\n\t<li class=\"bellows-menu-item bellows-menu-item-type-post_type bellows-menu-item-object-post bellows-menu-item-7292 bellows-item-level-1\"><a  href=\"http:\/\/ludicum.org\/en\/stragone\/\" class=\"bellows-target\"><span class=\"bellows-target-title bellows-target-text\">Stragone<\/span><\/a><\/li>\n\t<li class=\"bellows-menu-item bellows-menu-item-type-post_type bellows-menu-item-object-post bellows-menu-item-7276 bellows-item-level-1\"><a  href=\"http:\/\/ludicum.org\/en\/axom\/\" class=\"bellows-target\"><span class=\"bellows-target-title bellows-target-text\">Axom<\/span><\/a><\/li>\n\t<li class=\"bellows-menu-item bellows-menu-item-type-post_type bellows-menu-item-object-post bellows-menu-item-7262 bellows-item-level-1\"><a  href=\"http:\/\/ludicum.org\/en\/linhas-deslizantes\/\" class=\"bellows-target\"><span class=\"bellows-target-title bellows-target-text\">Sliding Lines<\/span><\/a><\/li>\n\t<li class=\"bellows-menu-item bellows-menu-item-type-post_type bellows-menu-item-object-post bellows-menu-item-7249 bellows-item-level-1\"><a  href=\"http:\/\/ludicum.org\/en\/tic-tac-turn\/\" class=\"bellows-target\"><span class=\"bellows-target-title bellows-target-text\">Tic-Tac-Turn<\/span><\/a><\/li>\n\t<li class=\"bellows-menu-item bellows-menu-item-type-post_type bellows-menu-item-object-post bellows-menu-item-7180 bellows-item-level-1\"><a  href=\"http:\/\/ludicum.org\/en\/jogos-de-tabuleiro-e-fisica\/\" class=\"bellows-target\"><span class=\"bellows-target-title bellows-target-text\">Board Games and Physics<\/span><\/a><\/li>\n\t<li class=\"bellows-menu-item bellows-menu-item-type-post_type bellows-menu-item-object-post bellows-menu-item-7164 bellows-item-level-1\"><a  href=\"http:\/\/ludicum.org\/en\/ascent\/\" class=\"bellows-target\"><span class=\"bellows-target-title bellows-target-text\">Ascent<\/span><\/a><\/li>\n\t<li class=\"bellows-menu-item bellows-menu-item-type-post_type bellows-menu-item-object-post bellows-menu-item-7152 bellows-item-level-1\"><a  href=\"http:\/\/ludicum.org\/en\/um-jogo-antigo\/\" class=\"bellows-target\"><span class=\"bellows-target-title bellows-target-text\">An Ancient Game<\/span><\/a><\/li>\n<\/ul>\n<\/li>\n<\/ul><\/nav><ul class=\"tag-list\"><li><a href=\"http:\/\/ludicum.org\/en\/tag\/1600s\/\">1600s<\/a><\/li><li><a href=\"http:\/\/ludicum.org\/en\/tag\/1890s\/\">1890s<\/a><\/li><li><a href=\"http:\/\/ludicum.org\/en\/tag\/1920s\/\">1920s<\/a><\/li><li><a href=\"http:\/\/ludicum.org\/en\/tag\/1970s\/\">1970s<\/a><\/li><li><a href=\"http:\/\/ludicum.org\/en\/tag\/1980s\/\">1980s<\/a><\/li><li><a href=\"http:\/\/ludicum.org\/en\/tag\/1990s\/\">1990s<\/a><\/li><li><a href=\"http:\/\/ludicum.org\/en\/tag\/2000s\/\">2000s<\/a><\/li><li><a href=\"http:\/\/ludicum.org\/en\/tag\/6m\/\">6M<\/a><\/li><li><a href=\"http:\/\/ludicum.org\/en\/tag\/cnjm\/\">CNJM<\/a><\/li><li><a href=\"http:\/\/ludicum.org\/en\/tag\/dados\/\">Data<\/a><\/li><li><a href=\"http:\/\/ludicum.org\/en\/tag\/historia\/\">History<\/a><\/li><li><a href=\"http:\/\/ludicum.org\/en\/tag\/jogos\/\">Games<\/a><\/li><li><a href=\"http:\/\/ludicum.org\/en\/tag\/matematica-recreativo\/\">Matem\u00e1tica Recreativo<\/a><\/li><li><a href=\"http:\/\/ludicum.org\/en\/tag\/pedagogicos\/\">Pedag\u00f3gicos<\/a><\/li><li><a href=\"http:\/\/ludicum.org\/en\/tag\/puzzles\/\">Puzzles<\/a><\/li><\/ul><\/p>","protected":false},"author":5,"featured_media":0,"parent":0,"menu_order":0,"comment_status":"closed","ping_status":"closed","template":"","meta":{"_acf_changed":false,"_et_pb_use_builder":"on","_et_pb_old_content":"","_et_gb_content_width":"1920","footnotes":""},"class_list":["post-6663","page","type-page","status-publish","hentry"],"acf":[],"_links":{"self":[{"href":"http:\/\/ludicum.org\/en\/wp-json\/wp\/v2\/pages\/6663","targetHints":{"allow":["GET"]}}],"collection":[{"href":"http:\/\/ludicum.org\/en\/wp-json\/wp\/v2\/pages"}],"about":[{"href":"http:\/\/ludicum.org\/en\/wp-json\/wp\/v2\/types\/page"}],"author":[{"embeddable":true,"href":"http:\/\/ludicum.org\/en\/wp-json\/wp\/v2\/users\/5"}],"replies":[{"embeddable":true,"href":"http:\/\/ludicum.org\/en\/wp-json\/wp\/v2\/comments?post=6663"}],"version-history":[{"count":37,"href":"http:\/\/ludicum.org\/en\/wp-json\/wp\/v2\/pages\/6663\/revisions"}],"predecessor-version":[{"id":7230,"href":"http:\/\/ludicum.org\/en\/wp-json\/wp\/v2\/pages\/6663\/revisions\/7230"}],"wp:attachment":[{"href":"http:\/\/ludicum.org\/en\/wp-json\/wp\/v2\/media?parent=6663"}],"curies":[{"name":"wp","href":"https:\/\/api.w.org\/{rel}","templated":true}]}}