{"id":5603,"date":"2024-09-30T10:58:15","date_gmt":"2024-09-30T10:58:15","guid":{"rendered":"https:\/\/ludicum.org\/?page_id=5603"},"modified":"2025-02-07T18:37:58","modified_gmt":"2025-02-07T18:37:58","slug":"noticias","status":"publish","type":"page","link":"http:\/\/ludicum.org\/en\/noticias\/","title":{"rendered":"News"},"content":{"rendered":"<p>[et_pb_section fb_built=&#8221;1&#8243; _builder_version=&#8221;4.27.0&#8243; _module_preset=&#8221;default&#8221; custom_margin=&#8221;0px||20px||false|false&#8221; custom_padding=&#8221;0px||||false|false&#8221; border_width_top=&#8221;5px&#8221; border_color_top=&#8221;gcid-primary-color&#8221; global_colors_info=&#8221;{%22gcid-primary-color%22:%91%22border_color_top%22%93}&#8221;][et_pb_row _builder_version=&#8221;4.27.0&#8243; _module_preset=&#8221;default&#8221; custom_margin=&#8221;30px||||false|false&#8221; global_colors_info=&#8221;{}&#8221;][et_pb_column type=&#8221;4_4&#8243; _builder_version=&#8221;4.27.0&#8243; _module_preset=&#8221;default&#8221; global_colors_info=&#8221;{}&#8221;][et_pb_heading title=&#8221;Not\u00edcias&#8221; _builder_version=&#8221;4.27.0&#8243; _module_preset=&#8221;default&#8221; title_level=&#8221;h4&#8243; title_font_size=&#8221;20px&#8221; global_colors_info=&#8221;{}&#8221;][\/et_pb_heading][et_pb_blog fullwidth=&#8221;off&#8221; posts_number=&#8221;12&#8243; include_categories=&#8221;44&#8243; show_thumbnail=&#8221;off&#8221; use_manual_excerpt=&#8221;off&#8221; excerpt_length=&#8221;20&#8243; show_more=&#8221;on&#8221; show_author=&#8221;off&#8221; show_categories=&#8221;off&#8221; _builder_version=&#8221;4.27.4&#8243; _module_preset=&#8221;default&#8221; header_level=&#8221;h5&#8243; meta_font=&#8221;||on||||||&#8221; meta_font_size=&#8221;12px&#8221; read_more_font=&#8221;|700|||||||&#8221; read_more_font_size=&#8221;12px&#8221; custom_margin=&#8221;||||false|false&#8221; custom_padding=&#8221;||||false|false&#8221; hover_enabled=&#8221;0&#8243; custom_css_free_form=&#8221;\/* Garante que os cart\u00f5es do blog no Grid tenham a mesma altura *\/||.et_pb_blog_grid .et_pb_post {||    display: flex;||    flex-direction: column;||    height: 100% !important;||}||||\/* Faz com que o conte\u00fado do post cres\u00e7a e preencha o espa\u00e7o *\/||.et_pb_blog_grid .et_pb_post .post-content {||    flex-grow: 1;||}||||\/* Define um tamanho m\u00ednimo para os resumos dos posts *\/||.et_pb_blog_grid .et_pb_post .post-content p {||    min-height: 80px; \/* Ajuste esse valor conforme necess\u00e1rio *\/||}||||\/* Mant\u00e9m os bot\u00f5es de %22Leia Mais%22 alinhados na parte inferior *\/||.et_pb_blog_grid .et_pb_post .read-more {||    margin-top: auto;||}||||\/* Adiciona uma altura m\u00ednima para os posts *\/||.et_pb_blog_grid .et_pb_post {||    min-height: 380px; \/* Ajuste o valor conforme o design desejado *\/||}||&#8221; border_radii=&#8221;on|8px|8px|8px|8px&#8221; box_shadow_style=&#8221;preset7&#8243; box_shadow_horizontal=&#8221;1px&#8221; box_shadow_vertical=&#8221;1px&#8221; box_shadow_blur=&#8221;5px&#8221; box_shadow_color=&#8221;gcid-primary-color&#8221; global_colors_info=&#8221;{%22gcid-primary-color%22:%91%22box_shadow_color%22,%22header_text_color__hover%22%93}&#8221; transform_styles__hover_enabled=&#8221;on|hover&#8221; transform_scale__hover_enabled=&#8221;on|hover&#8221; transform_translate__hover_enabled=&#8221;on|desktop&#8221; transform_rotate__hover_enabled=&#8221;on|desktop&#8221; transform_skew__hover_enabled=&#8221;on|desktop&#8221; transform_origin__hover_enabled=&#8221;on|desktop&#8221; header_text_color__hover_enabled=&#8221;on|desktop&#8221; header_text_color__hover=&#8221;#218916&#8243; sticky_enabled=&#8221;0&#8243;][\/et_pb_blog][\/et_pb_column][\/et_pb_row][\/et_pb_section]<\/p>\n","protected":false},"excerpt":{"rendered":"","protected":false},"author":5,"featured_media":0,"parent":0,"menu_order":0,"comment_status":"closed","ping_status":"closed","template":"","meta":{"_acf_changed":false,"_et_pb_use_builder":"on","_et_pb_old_content":"","_et_gb_content_width":"1920","footnotes":""},"class_list":["post-5603","page","type-page","status-publish","hentry"],"acf":[],"_links":{"self":[{"href":"http:\/\/ludicum.org\/en\/wp-json\/wp\/v2\/pages\/5603","targetHints":{"allow":["GET"]}}],"collection":[{"href":"http:\/\/ludicum.org\/en\/wp-json\/wp\/v2\/pages"}],"about":[{"href":"http:\/\/ludicum.org\/en\/wp-json\/wp\/v2\/types\/page"}],"author":[{"embeddable":true,"href":"http:\/\/ludicum.org\/en\/wp-json\/wp\/v2\/users\/5"}],"replies":[{"embeddable":true,"href":"http:\/\/ludicum.org\/en\/wp-json\/wp\/v2\/comments?post=5603"}],"version-history":[{"count":7,"href":"http:\/\/ludicum.org\/en\/wp-json\/wp\/v2\/pages\/5603\/revisions"}],"predecessor-version":[{"id":6696,"href":"http:\/\/ludicum.org\/en\/wp-json\/wp\/v2\/pages\/5603\/revisions\/6696"}],"wp:attachment":[{"href":"http:\/\/ludicum.org\/en\/wp-json\/wp\/v2\/media?parent=5603"}],"curies":[{"name":"wp","href":"https:\/\/api.w.org\/{rel}","templated":true}]}}