{"id":4544,"date":"2024-07-25T13:57:26","date_gmt":"2024-07-25T13:57:26","guid":{"rendered":"https:\/\/ludicumnew.org\/?page_id=4544"},"modified":"2025-11-06T12:01:09","modified_gmt":"2025-11-06T12:01:09","slug":"cnjm","status":"publish","type":"page","link":"http:\/\/ludicum.org\/en\/cnjm\/","title":{"rendered":"CNJM"},"content":{"rendered":"<p>[et_pb_section fb_built=&#8221;1&#8243; make_equal=&#8221;on&#8221; use_custom_gutter=&#8221;on&#8221; gutter_width=&#8221;1&#8243; specialty=&#8221;on&#8221; background_color_2=&#8221;#0C71C3&#8243; padding_top_1=&#8221;0px&#8221; padding_top_2=&#8221;20px&#8221; padding_right_1=&#8221;30px&#8221; padding_right_2=&#8221;0px&#8221; padding_bottom_1=&#8221;0px&#8221; padding_bottom_2=&#8221;40px&#8221; padding_left_1=&#8221;30px&#8221; padding_left_2=&#8221;0px&#8221; padding_top_bottom_link_1=&#8221;false&#8221; padding_top_bottom_link_2=&#8221;false&#8221; padding_left_right_link_1=&#8221;false&#8221; padding_left_right_link_2=&#8221;false&#8221; _builder_version=&#8221;4.27.2&#8243; _module_preset=&#8221;default&#8221; width=&#8221;100%&#8221; max_width=&#8221;100%&#8221; inner_width=&#8221;100%&#8221; inner_max_width=&#8221;100%&#8221; custom_margin=&#8221;0px|0px|0px|0px|false|false&#8221; custom_padding=&#8221;0px|0px|0px|0px|false|false&#8221; border_width_top=&#8221;7px&#8221; border_color_top=&#8221;#0C71C3&#8243; global_colors_info=&#8221;{}&#8221;][et_pb_column type=&#8221;3_4&#8243; specialty_columns=&#8221;3&#8243; _builder_version=&#8221;4.16&#8243; custom_padding=&#8221;|||&#8221; global_colors_info=&#8221;{}&#8221; custom_padding__hover=&#8221;|||&#8221;][et_pb_row_inner _builder_version=&#8221;4.27.2&#8243; _module_preset=&#8221;default&#8221; custom_margin=&#8221;||0px||false|false&#8221; custom_padding=&#8221;||40px||false|false&#8221; global_colors_info=&#8221;{}&#8221;][et_pb_column_inner saved_specialty_column_type=&#8221;3_4&#8243; _builder_version=&#8221;4.27.2&#8243; _module_preset=&#8221;default&#8221; custom_padding=&#8221;||0px||false|false&#8221; global_colors_info=&#8221;{}&#8221;][et_pb_heading title=&#8221;CNJM&#8221; _builder_version=&#8221;4.27.2&#8243; _module_preset=&#8221;default&#8221; title_level=&#8221;h3&#8243; title_text_color=&#8221;#2167a6&#8243; title_font_size=&#8221;25px&#8221; custom_margin=&#8221;||0px||false|false&#8221; custom_padding=&#8221;||20px||false|false&#8221; global_colors_info=&#8221;{}&#8221;][\/et_pb_heading][et_pb_text _builder_version=&#8221;4.27.2&#8243; _module_preset=&#8221;default&#8221; text_orientation=&#8221;justified&#8221; custom_margin=&#8221;||0px||false|false&#8221; custom_padding=&#8221;||0px||false|false&#8221; global_colors_info=&#8221;{}&#8221;]<\/p>\n<p>O Campeonato Nacional de Jogos Matem\u00e1ticos (CNJM) realizou-se pela primeira vez em 2004, no Pavilh\u00e3o do Conhecimento, em Lisboa. Desde a\u00ed, tornou-se numa actividade anual,\u00a0 com sucesso crescente.<\/p>\n<p>O CNJM \u00e9 o resultado da colabora\u00e7\u00e3o entre a Associa\u00e7\u00e3o Ludus, a Associa\u00e7\u00e3o de Professores de Matem\u00e1tica, a Sociedade Portuguesa de Matem\u00e1tica e a Ag\u00eancia Ci\u00eancia Viva.<\/p>\n<p>Esta competi\u00e7\u00e3o, cuja participa\u00e7\u00e3o anual ronda os 100 000 jovens, promove a pr\u00e1tica dos jogos de tabuleiro abstractos, que potencia o pensamento rigoroso e criativo, t\u00e3o t\u00edpicos da Matem\u00e1tica.<\/p>\n<p>O dia da final do CNJM, com cerca de 2000 jogadores e centenas de acompanhantes, constitui sempre uma jornada de festa para toda a comunidade. Para al\u00e9m das eliminat\u00f3rias, h\u00e1 sempre lugar para m\u00faltiplas actividades paralelas, de participa\u00e7\u00e3o geral.<\/p>\n<p>&nbsp;<\/p>\n<p>[\/et_pb_text][et_pb_heading title=&#8221;Edi\u00e7\u00f5es do CNJM&#8221; _builder_version=&#8221;4.27.3&#8243; _module_preset=&#8221;default&#8221; title_level=&#8221;h3&#8243; title_text_align=&#8221;center&#8221; global_colors_info=&#8221;{}&#8221;][\/et_pb_heading][et_pb_text _builder_version=&#8221;4.27.4&#8243; _module_preset=&#8221;default&#8221; hover_enabled=&#8221;0&#8243; global_colors_info=&#8221;{}&#8221; sticky_enabled=&#8221;0&#8243;]<\/p>\n<p color=\"#000\" font-weight=\"300\" class=\"sc-gqjmRU hmHRhI\"><strong>1\u00ba CNJM<\/strong><span>\u00a0<\/span>\u2013 26 novembro 2004 | Pavilh\u00e3o do Conhecimento \u2013 Centro Ci\u00eancia Viva<\/p>\n<p color=\"#000\" font-weight=\"300\" class=\"sc-gqjmRU hmHRhI\"><strong>2\u00ba CNJM<\/strong><span>\u00a0<\/span>\u2013 10 mar\u00e7o 2006 | F\u00e1brica Centro Ci\u00eancia Viva de Aveiro<\/p>\n<p color=\"#000\" font-weight=\"300\" class=\"sc-gqjmRU hmHRhI\"><strong>3\u00ba CNJM<\/strong><span>\u00a0<\/span>\u2013 9 de mar\u00e7o 2007 | Universidade de \u00c9vora<\/p>\n<p color=\"#000\" font-weight=\"300\" class=\"sc-gqjmRU hmHRhI\"><strong>4\u00ba CNJM<\/strong><span>\u00a0<\/span>\u2013 29 fevereiro 2008 | Universidade do Minho, Braga<\/p>\n<p color=\"#000\" font-weight=\"300\" class=\"sc-gqjmRU hmHRhI\"><strong>5\u00ba CNJM<\/strong><span>\u00a0<\/span>\u2013 13 mar\u00e7o 2009 | Universidade da Beira Interior, Covilh\u00e3<\/p>\n<p color=\"#000\" font-weight=\"300\" class=\"sc-gqjmRU hmHRhI\"><strong>6\u00ba CNJM<\/strong><span>\u00a0<\/span>\u2013 12 mar\u00e7o 2010 | Centro Nacional de Exposi\u00e7\u00f5es, Instituto Polit\u00e9cnico de Santar\u00e9m<\/p>\n<p color=\"#000\" font-weight=\"300\" class=\"sc-gqjmRU hmHRhI\"><strong>7\u00ba CNJM<\/strong><span>\u00a0<\/span>\u2013 18 mar\u00e7o 2011 | Instituto Superior de Engenharia de Lisboa<\/p>\n<p color=\"#000\" font-weight=\"300\" class=\"sc-gqjmRU hmHRhI\"><strong>8\u00ba CNJM<\/strong><span>\u00a0<\/span>\u2013 9 mar\u00e7o 2012 | Est\u00e1dio Universit\u00e1rio, Universidade de Coimbra<\/p>\n<p color=\"#000\" font-weight=\"300\" class=\"sc-gqjmRU hmHRhI\"><strong>9\u00ba CNJM<\/strong><span>\u00a0<\/span>\u2013 1 mar\u00e7o 2013 | Arena d\u2019\u00c9vora, Universidade de \u00c9vora<\/p>\n<p color=\"#000\" font-weight=\"300\" class=\"sc-gqjmRU hmHRhI\"><strong>10\u00ba CNJM<\/strong><span>\u00a0<\/span>\u2013 14 mar\u00e7o 2014 | Pavilh\u00e3o Municipal do Fund\u00e3o<\/p>\n<p color=\"#000\" font-weight=\"300\" class=\"sc-gqjmRU hmHRhI\"><strong>11\u00ba CNJM<\/strong><span>\u00a0<\/span>\u2013 6 mar\u00e7o 2015 | Universidade de Tr\u00e1s-os-Montes e Alto Douro, Vila Real<\/p>\n<p color=\"#000\" font-weight=\"300\" class=\"sc-gqjmRU hmHRhI\"><strong>12\u00ba CNJM<\/strong><span>\u00a0<\/span>\u2013 4 mar\u00e7o 2016 | Pavilh\u00e3o Multiusos, Instituto Polit\u00e9cnico de Beja<\/p>\n<p color=\"#000\" font-weight=\"300\" class=\"sc-gqjmRU hmHRhI\"><strong>13\u00ba CNJM<\/strong><span>\u00a0<\/span>\u2013 24 mar\u00e7o 2017 | Pavilh\u00e3o Multiusos de Guimar\u00e3es<\/p>\n<p color=\"#000\" font-weight=\"300\" class=\"sc-gqjmRU hmHRhI\"><strong>14\u00ba CNJM<\/strong><span>\u00a0<\/span>\u2013 16 mar\u00e7o 2018 | Externato de Penafirme, Torres Vedras<\/p>\n<p color=\"#000\" font-weight=\"300\" class=\"sc-gqjmRU hmHRhI\"><strong>15\u00ba CNJM<\/strong><span>\u00a0<\/span>\u2013 29 mar\u00e7o 2019 | EB2,3 de Pedrou\u00e7os<\/p>\n<p color=\"#000\" font-weight=\"300\" class=\"sc-gqjmRU hmHRhI\"><strong>16\u00ba CNJM<\/strong><span>\u00a0<\/span>\u2013 24 mar\u00e7o 2023 | Universidade de Aveiro<\/p>\n<p color=\"#000\" font-weight=\"300\" class=\"sc-gqjmRU hmHRhI\"><strong>17\u00ba CNJM<\/strong><span>\u00a0<\/span>\u2013 14 mar\u00e7o 2024 | Universidade de Aveiro<\/p>\n<p color=\"#000\" font-weight=\"300\" class=\"sc-gqjmRU hmHRhI\"><strong>18\u00ba CNJM<\/strong><span>\u00a0<\/span>\u2013 14 mar\u00e7o 2025 | Universidade de Aveiro<\/p>\n<p color=\"#000\" font-weight=\"300\" class=\"sc-gqjmRU hmHRhI\"><strong>19\u00ba CNJM<\/strong><span>\u00a0<\/span>\u2013 13 mar\u00e7o 2026 | Universidade de Aveiro<\/p>\n<p>[\/et_pb_text][et_pb_text _builder_version=&#8221;4.27.3&#8243; _module_preset=&#8221;default&#8221; text_font_size=&#8221;15px&#8221; custom_padding=&#8221;20px||20px||false|false&#8221; global_colors_info=&#8221;{}&#8221;]<\/p>\n<p style=\"text-align: center;\"><strong>Explora o menu e fica a saber mais sobre cada edi\u00e7\u00e3o.<\/strong><\/p>\n<p>[\/et_pb_text][\/et_pb_column_inner][\/et_pb_row_inner][\/et_pb_column][et_pb_column type=&#8221;1_4&#8243; _builder_version=&#8221;4.16&#8243; custom_padding=&#8221;|||&#8221; global_colors_info=&#8221;{}&#8221; custom_padding__hover=&#8221;|||&#8221;][et_pb_text _builder_version=&#8221;4.27.2&#8243; _module_preset=&#8221;default&#8221; width=&#8221;100%&#8221; max_width=&#8221;100%&#8221; module_alignment=&#8221;center&#8221; custom_margin=&#8221;||0px||false|false&#8221; custom_padding=&#8221;0px|15px|0px|15px|false|false&#8221; custom_css_free_form=&#8221;#page-container button {||    color:#2167a6;||}&#8221; border_radii=&#8221;on|7px|7px|7px|7px&#8221; global_colors_info=&#8221;{}&#8221;]<\/p>\n<p><span><nav id=\"bellows-main-49\" class=\"bellows bellows-nojs bellows-main bellows-source-menu bellows-align-full bellows-skin-vanilla bellows-type- bellows-expand-current\"><ul id=\"menu-cnjm\" class=\"bellows-nav\" data-bellows-config=\"main\"><li id=\"menu-item-5730\" class=\"bellows-menu-item bellows-menu-item-type-post_type bellows-menu-item-object-page bellows-menu-item-has-children bellows-menu-item-5730 bellows-item-level-0\"><a  href=\"http:\/\/ludicum.org\/en\/cnjm\/\" class=\"bellows-target\"><span class=\"bellows-target-title bellows-target-text\">CNJM<\/span><button class=\"bellows-subtoggle\" aria-label=\"Toggle Submenu\"><i class=\"bellows-subtoggle-icon-expand fa fa-chevron-down\"><\/i><i class=\"bellows-subtoggle-icon-collapse fa fa-chevron-up\"><\/i><\/button><\/a>\n<ul class=\"bellows-submenu\">\n\t<li id=\"menu-item-7477\" class=\"bellows-menu-item bellows-menu-item-type-custom bellows-menu-item-object-custom bellows-menu-item-7477 bellows-item-level-1\"><a  target=\"_blank\" href=\"https:\/\/www.ua.pt\/pt\/fabrica\/cnjm19\" class=\"bellows-target\"><span class=\"bellows-target-title bellows-target-text\">CNJM 19 | 2025 &#8211; 2026<\/span><\/a><\/li>\n\t<li id=\"menu-item-6382\" class=\"bellows-menu-item bellows-menu-item-type-post_type bellows-menu-item-object-page bellows-menu-item-6382 bellows-item-level-1\"><a  href=\"http:\/\/ludicum.org\/en\/cnjm\/cnjm-18-2024-2025\/\" class=\"bellows-target\"><span class=\"bellows-target-title bellows-target-text\">CNJM 18 | 2024 \u2013 2025<\/span><\/a><\/li>\n\t<li id=\"menu-item-6173\" class=\"bellows-menu-item bellows-menu-item-type-post_type bellows-menu-item-object-page bellows-menu-item-6173 bellows-item-level-1\"><a  href=\"http:\/\/ludicum.org\/en\/cnjm\/cnjm-17-2023-2024\/\" class=\"bellows-target\"><span class=\"bellows-target-title bellows-target-text\">CNJM 17 | 2023 \u2013 2024<\/span><\/a><\/li>\n\t<li id=\"menu-item-6174\" class=\"bellows-menu-item bellows-menu-item-type-post_type bellows-menu-item-object-page bellows-menu-item-6174 bellows-item-level-1\"><a  href=\"http:\/\/ludicum.org\/en\/cnjm\/cnjm-16-2019-2020\/\" class=\"bellows-target\"><span class=\"bellows-target-title bellows-target-text\">CNJM 16 | 2019 \u2013 2020<\/span><\/a><\/li>\n\t<li id=\"menu-item-6175\" class=\"bellows-menu-item bellows-menu-item-type-post_type bellows-menu-item-object-page bellows-menu-item-6175 bellows-item-level-1\"><a  href=\"http:\/\/ludicum.org\/en\/cnjm\/cnjm-15-2018-2019\/\" class=\"bellows-target\"><span class=\"bellows-target-title bellows-target-text\">CNJM 15 | 2018 \u2013 2019<\/span><\/a><\/li>\n\t<li id=\"menu-item-6065\" class=\"bellows-menu-item bellows-menu-item-type-post_type bellows-menu-item-object-page bellows-menu-item-6065 bellows-item-level-1\"><a  href=\"http:\/\/ludicum.org\/en\/cnjm\/cnjm-14-2017-2018\/\" class=\"bellows-target\"><span class=\"bellows-target-title bellows-target-text\">CNJM 14 | 2017 \u2013 2018<\/span><\/a><\/li>\n\t<li id=\"menu-item-6066\" class=\"bellows-menu-item bellows-menu-item-type-post_type bellows-menu-item-object-page bellows-menu-item-6066 bellows-item-level-1\"><a  href=\"http:\/\/ludicum.org\/en\/cnjm\/cnjm-13-2016-2017\/\" class=\"bellows-target\"><span class=\"bellows-target-title bellows-target-text\">CNJM 13 | 2016-2017<\/span><\/a><\/li>\n\t<li id=\"menu-item-6067\" class=\"bellows-menu-item bellows-menu-item-type-post_type bellows-menu-item-object-page bellows-menu-item-6067 bellows-item-level-1\"><a  href=\"http:\/\/ludicum.org\/en\/cnjm\/cnjm-12-2015-2016\/\" class=\"bellows-target\"><span class=\"bellows-target-title bellows-target-text\">CNJM 12 | 2015 \u2013 2016<\/span><\/a><\/li>\n\t<li id=\"menu-item-5973\" class=\"bellows-menu-item bellows-menu-item-type-post_type bellows-menu-item-object-page bellows-menu-item-5973 bellows-item-level-1\"><a  href=\"http:\/\/ludicum.org\/en\/cnjm\/cnjm-11-2014-2015\/\" class=\"bellows-target\"><span class=\"bellows-target-title bellows-target-text\">CNJM 11 | 2014- 2015<\/span><\/a><\/li>\n\t<li id=\"menu-item-5974\" class=\"bellows-menu-item bellows-menu-item-type-post_type bellows-menu-item-object-page bellows-menu-item-5974 bellows-item-level-1\"><a  href=\"http:\/\/ludicum.org\/en\/cnjm\/cnjm-10-2013-2014\/\" class=\"bellows-target\"><span class=\"bellows-target-title bellows-target-text\">CNJM 10 | 2013 \u2013 2014<\/span><\/a><\/li>\n\t<li id=\"menu-item-5975\" class=\"bellows-menu-item bellows-menu-item-type-post_type bellows-menu-item-object-page bellows-menu-item-5975 bellows-item-level-1\"><a  href=\"http:\/\/ludicum.org\/en\/cnjm\/cnjm-9-2012-2013\/\" class=\"bellows-target\"><span class=\"bellows-target-title bellows-target-text\">CNJM 9 | 2012 \u2013 2013<\/span><\/a><\/li>\n\t<li id=\"menu-item-5976\" class=\"bellows-menu-item bellows-menu-item-type-post_type bellows-menu-item-object-page bellows-menu-item-5976 bellows-item-level-1\"><a  href=\"http:\/\/ludicum.org\/en\/cnjm\/cnjm-8-2011-2012\/\" class=\"bellows-target\"><span class=\"bellows-target-title bellows-target-text\">CNJM 8 | 2011 \u2013 2012<\/span><\/a><\/li>\n\t<li id=\"menu-item-5977\" class=\"bellows-menu-item bellows-menu-item-type-post_type bellows-menu-item-object-page bellows-menu-item-5977 bellows-item-level-1\"><a  href=\"http:\/\/ludicum.org\/en\/cnjm\/cnjm-7-2010-2011\/\" class=\"bellows-target\"><span class=\"bellows-target-title bellows-target-text\">CNJM 7 | 2010 \u2013 2011<\/span><\/a><\/li>\n\t<li id=\"menu-item-5978\" class=\"bellows-menu-item bellows-menu-item-type-post_type bellows-menu-item-object-page bellows-menu-item-5978 bellows-item-level-1\"><a  href=\"http:\/\/ludicum.org\/en\/cnjm\/cnjm-6-2009-2010\/\" class=\"bellows-target\"><span class=\"bellows-target-title bellows-target-text\">CNJM 6 | 2009 \u2013 2010<\/span><\/a><\/li>\n\t<li id=\"menu-item-5979\" class=\"bellows-menu-item bellows-menu-item-type-post_type bellows-menu-item-object-page bellows-menu-item-5979 bellows-item-level-1\"><a  href=\"http:\/\/ludicum.org\/en\/cnjm\/cnjm-5-2008-2009\/\" class=\"bellows-target\"><span class=\"bellows-target-title bellows-target-text\">CNJM 5 | 2008 \u2013 2009<\/span><\/a><\/li>\n\t<li id=\"menu-item-5731\" class=\"bellows-menu-item bellows-menu-item-type-post_type bellows-menu-item-object-page bellows-menu-item-5731 bellows-item-level-1\"><a  href=\"http:\/\/ludicum.org\/en\/cnjm\/cnjm-4-2007-2008\/\" class=\"bellows-target\"><span class=\"bellows-target-title bellows-target-text\">CNJM 4 | 2007 \u2013 2008<\/span><\/a><\/li>\n\t<li id=\"menu-item-5732\" class=\"bellows-menu-item bellows-menu-item-type-post_type bellows-menu-item-object-page bellows-menu-item-5732 bellows-item-level-1\"><a  href=\"http:\/\/ludicum.org\/en\/cnjm\/cnjm-3-2006-2007\/\" class=\"bellows-target\"><span class=\"bellows-target-title bellows-target-text\">CNJM 3 | 2006 \u2013 2007<\/span><\/a><\/li>\n\t<li id=\"menu-item-5733\" class=\"bellows-menu-item bellows-menu-item-type-post_type bellows-menu-item-object-page bellows-menu-item-5733 bellows-item-level-1\"><a  href=\"http:\/\/ludicum.org\/en\/cnjm\/4567-2\/\" class=\"bellows-target\"><span class=\"bellows-target-title bellows-target-text\">CNJM 2 | 2005 \u2013 2006<\/span><\/a><\/li>\n\t<li id=\"menu-item-4524\" class=\"bellows-menu-item bellows-menu-item-type-post_type bellows-menu-item-object-page bellows-menu-item-4524 bellows-item-level-1\"><a  href=\"http:\/\/ludicum.org\/en\/cnjm\/cnjm-1-2004-2005\/\" class=\"bellows-target\"><span class=\"bellows-target-title bellows-target-text\">CNJM 1 | 2004-2005<\/span><\/a><\/li>\n<\/ul>\n<\/li>\n<\/ul><\/nav><\/span><\/p>\n<p>[\/et_pb_text][\/et_pb_column][\/et_pb_section]<\/p>\n","protected":false},"excerpt":{"rendered":"<p>O Campeonato Nacional de Jogos Matem\u00e1ticos (CNJM) realizou-se pela primeira vez em 2004, no Pavilh\u00e3o do Conhecimento, em Lisboa. Desde a\u00ed, tornou-se numa actividade anual,\u00a0 com sucesso crescente. O CNJM \u00e9 o resultado da colabora\u00e7\u00e3o entre a Associa\u00e7\u00e3o Ludus, a Associa\u00e7\u00e3o de Professores de Matem\u00e1tica, a Sociedade Portuguesa de Matem\u00e1tica e a Ag\u00eancia Ci\u00eancia Viva. [&hellip;]<\/p>\n","protected":false},"author":5,"featured_media":0,"parent":0,"menu_order":0,"comment_status":"closed","ping_status":"closed","template":"","meta":{"_acf_changed":false,"_et_pb_use_builder":"on","_et_pb_old_content":"","_et_gb_content_width":"1920","footnotes":""},"class_list":["post-4544","page","type-page","status-publish","hentry"],"acf":[],"_links":{"self":[{"href":"http:\/\/ludicum.org\/en\/wp-json\/wp\/v2\/pages\/4544","targetHints":{"allow":["GET"]}}],"collection":[{"href":"http:\/\/ludicum.org\/en\/wp-json\/wp\/v2\/pages"}],"about":[{"href":"http:\/\/ludicum.org\/en\/wp-json\/wp\/v2\/types\/page"}],"author":[{"embeddable":true,"href":"http:\/\/ludicum.org\/en\/wp-json\/wp\/v2\/users\/5"}],"replies":[{"embeddable":true,"href":"http:\/\/ludicum.org\/en\/wp-json\/wp\/v2\/comments?post=4544"}],"version-history":[{"count":3,"href":"http:\/\/ludicum.org\/en\/wp-json\/wp\/v2\/pages\/4544\/revisions"}],"predecessor-version":[{"id":7478,"href":"http:\/\/ludicum.org\/en\/wp-json\/wp\/v2\/pages\/4544\/revisions\/7478"}],"wp:attachment":[{"href":"http:\/\/ludicum.org\/en\/wp-json\/wp\/v2\/media?parent=4544"}],"curies":[{"name":"wp","href":"https:\/\/api.w.org\/{rel}","templated":true}]}}