{"id":2409,"date":"2024-01-08T23:11:19","date_gmt":"2024-01-08T23:11:19","guid":{"rendered":"https:\/\/ludicumnew.org\/?page_id=2409"},"modified":"2024-09-30T18:02:42","modified_gmt":"2024-09-30T18:02:42","slug":"jornal-de-mathematica-elementar","status":"publish","type":"page","link":"http:\/\/ludicum.org\/en\/publicacoes\/publicacoes-jornais-e-revistas\/jornal-de-mathematica-elementar\/","title":{"rendered":"Journal of Elementary Mathematics"},"content":{"rendered":"<p>[et_pb_section fb_built=&#8221;1&#8243; fullwidth=&#8221;on&#8221; _builder_version=&#8221;4.27.0&#8243; _module_preset=&#8221;default&#8221; custom_margin=&#8221;0px||||false|false&#8221; custom_padding=&#8221;0px||||false|false&#8221; hover_enabled=&#8221;0&#8243; locked=&#8221;off&#8221; global_colors_info=&#8221;{%22gcid-0d5910ec-946c-471c-a674-756a53db7701%22:%91%22border_color_top%22%93}&#8221; border_width_top=&#8221;5px&#8221; border_color_top=&#8221;gcid-0d5910ec-946c-471c-a674-756a53db7701&#8243; sticky_enabled=&#8221;0&#8243;][et_pb_fullwidth_image src=&#8221;https:\/\/ludicum.org\/wp-content\/uploads\/2024\/06\/jornal_mathematica_elementar.png&#8221; alt=&#8221;Recreational Mathematics Magazine&#8221; title_text=&#8221;jornal_mathematica_elementar&#8221; _builder_version=&#8221;4.25.1&#8243; _module_preset=&#8221;default&#8221; custom_margin=&#8221;40px||40px||false|false&#8221; global_colors_info=&#8221;{}&#8221;][\/et_pb_fullwidth_image][\/et_pb_section][et_pb_section fb_built=&#8221;1&#8243; _builder_version=&#8221;4.19.4&#8243; _module_preset=&#8221;default&#8221; global_colors_info=&#8221;{}&#8221;][et_pb_row _builder_version=&#8221;4.24.1&#8243; _module_preset=&#8221;default&#8221; global_colors_info=&#8221;{}&#8221;][et_pb_column type=&#8221;4_4&#8243; _builder_version=&#8221;4.24.1&#8243; _module_preset=&#8221;default&#8221; global_colors_info=&#8221;{}&#8221;][et_pb_heading title=&#8221;Jornal de Mathem\u00e1tica Elementar&#8221; _builder_version=&#8221;4.25.1&#8243; _module_preset=&#8221;default&#8221; title_level=&#8221;h3&#8243; global_colors_info=&#8221;{}&#8221;][\/et_pb_heading][et_pb_text _builder_version=&#8221;4.24.1&#8243; _module_preset=&#8221;default&#8221; global_colors_info=&#8221;{}&#8221;]<\/p>\n<p style=\"text-align: justify;\"><span><\/span><\/p>\n<p style=\"text-align: justify;\"><span><\/span><\/p>\n<p style=\"text-align: justify;\">O JME foi fundado em 1 de Novembro de 1883; tratava-se de um jornal totalmente manuscrito tendo apenas problemas dos chamados ramos da matem\u00e1tica elementar (aritm\u00e9tica, geometria, \u00e1lgebra, trigonometria) uns resolvidos, outros para serem resolvidos pelos leitores; n\u00e3o se sabe quem era(m) o(s) seu(s) auto(res), sa\u00eda quinzenalmente nos dias 1 e 15 de cada m\u00eas, mas teve uma curta exist\u00eancia. Desses recuados tempos existem os exemplares n\u00ba 1, 5 e 9.\u00a0 Como relata o seu Director e Propriet\u00e1rio de muitos anos, Dr. S\u00e9rgio Macias Marques, \u00e0 <a href=\"https:\/\/gazeta.spm.pt\/getArtigo?gid=95\">Gazeta de Matem\u00e1tica em 2004<\/a>, &#8220;encontrava-me destacado como Professor de Matem\u00e1tica na Escola do Magist\u00e9rio Prim\u00e1rio de Lisboa; um trabalho sobre \u201cDimens\u00f5es em Geometria\u201d levou-me a uma \u201cGazeta de Matem\u00e1tica\u201d (a n\u00ba 17); nesta, um outro artigo prendeu a minha aten\u00e7\u00e3o \u201cUm Jornal Portugu\u00eas Esquecido\u201d de Aniceto Monteiro. Escrito nos anos 40, este artigo fazia o historial do JME e o autor lan\u00e7ava um desafio, o qual foi por mim aceite. E o primeiro (n\u00ba 10) \u2013 pois dei continuidade \u00e0 numera\u00e7\u00e3o \u2013 saiu precisamente um s\u00e9culo depois da interrup\u00e7\u00e3o naqueles long\u00ednquos tempos [&#8230;]&#8221;<\/p>\n<p style=\"text-align: justify;\">\n<p style=\"text-align: justify;\">\n<p style=\"text-align: justify;\"><span><\/span><\/p>\n<p style=\"text-align: justify;\"><span>Jorge Nuno Silva foi Director do JME entre 2009 e 2013.\u00a0<\/span><\/p>\n<p style=\"text-align: justify;\"><span>Abaixo podem consultar alguns exemplares do JME.<\/span><\/p>\n<p>[\/et_pb_text][et_pb_button button_url=&#8221;https:\/\/ludicum.org\/wp-content\/uploads\/2024\/01\/ludus-jogos-northcott-regras.pdf&#8221; url_new_window=&#8221;on&#8221; button_text=&#8221;Entrevista&#8221; button_alignment=&#8221;left&#8221; _builder_version=&#8221;4.24.1&#8243; _module_preset=&#8221;default&#8221; button_icon=&#8221;&#xf1c1;||fa||400&#8243; locked=&#8221;off&#8221; global_colors_info=&#8221;{}&#8221; button_bg_enable_color__hover=&#8221;on&#8221;][\/et_pb_button][\/et_pb_column][\/et_pb_row][et_pb_row column_structure=&#8221;1_3,1_3,1_3&#8243; _builder_version=&#8221;4.24.1&#8243; _module_preset=&#8221;default&#8221; module_alignment=&#8221;center&#8221; global_colors_info=&#8221;{}&#8221;][et_pb_column type=&#8221;1_3&#8243; _builder_version=&#8221;4.17.4&#8243; _module_preset=&#8221;default&#8221; global_colors_info=&#8221;{}&#8221;][et_pb_text _builder_version=&#8221;4.23.4&#8243; _module_preset=&#8221;default&#8221; custom_padding=&#8221;||0px|||&#8221; global_colors_info=&#8221;{}&#8221;]<\/p>\n<p><a href=\"https:\/\/ludicum.org\/wp-content\/uploads\/2024\/01\/JME-272.pdf\" target=\"_blank\" rel=\"noopener\" title=\"N\u00ba 272\">N\u00ba 272<\/a><\/p>\n<p><a href=\"https:\/\/ludicum.org\/wp-content\/uploads\/2024\/01\/JME-275.pdf\" target=\"_blank\" rel=\"noopener\">N\u00ba 275<\/a><\/p>\n<p><a href=\"https:\/\/ludicum.org\/wp-content\/uploads\/2024\/01\/JME-276-7.pdf\" target=\"_blank\" rel=\"noopener\">N\u00ba 276\/7<\/a><\/p>\n<p><a href=\"https:\/\/ludicum.org\/wp-content\/uploads\/2024\/01\/JME-278.pdf\" target=\"_blank\" rel=\"noopener\">N\u00ba 278<\/a><\/p>\n<p><a href=\"https:\/\/ludicum.org\/wp-content\/uploads\/2024\/01\/JME-279.pdf\" target=\"_blank\" rel=\"noopener\">N\u00ba 279<\/a><\/p>\n<p><a href=\"https:\/\/ludicum.org\/wp-content\/uploads\/2024\/01\/JME-280.pdf\" target=\"_blank\" rel=\"noopener\">N\u00ba280<\/a><\/p>\n<p>&nbsp;<\/p>\n<p>&nbsp;<\/p>\n<p>[\/et_pb_text][\/et_pb_column][et_pb_column type=&#8221;1_3&#8243; _builder_version=&#8221;4.23.4&#8243; _module_preset=&#8221;default&#8221; global_colors_info=&#8221;{}&#8221;][et_pb_text _builder_version=&#8221;4.23.4&#8243; _module_preset=&#8221;default&#8221; custom_padding=&#8221;||0px|||&#8221; global_colors_info=&#8221;{}&#8221;]<\/p>\n<p><a href=\"https:\/\/ludicum.org\/wp-content\/uploads\/2024\/01\/JME-282.pdf\" target=\"_blank\" rel=\"noopener\">N\u00ba 282<\/a><\/p>\n<p><a href=\"https:\/\/ludicum.org\/wp-content\/uploads\/2024\/01\/JME-284.pdf\" target=\"_blank\" rel=\"noopener\">N\u00ba 284<\/a><\/p>\n<p><a href=\"https:\/\/ludicum.org\/wp-content\/uploads\/2024\/01\/JME-285.pdf\" target=\"_blank\" rel=\"noopener\">N\u00ba 285<\/a><\/p>\n<p><a href=\"https:\/\/ludicum.org\/wp-content\/uploads\/2024\/01\/JME-286.pdf\" target=\"_blank\" rel=\"noopener\">N\u00ba 286<\/a><\/p>\n<p><a href=\"https:\/\/ludicum.org\/wp-content\/uploads\/2024\/01\/JME-287_8.pdf\" target=\"_blank\" rel=\"noopener\">N\u00ba 287\/8<\/a><\/p>\n<p><a href=\"https:\/\/ludicum.org\/wp-content\/uploads\/2024\/01\/JME-289.pdf\" target=\"_blank\" rel=\"noopener\">N\u00ba 289<\/a><\/p>\n<p><a href=\"https:\/\/ludicum.org\/wp-content\/uploads\/2024\/01\/JME-290_1-1.pdf\" target=\"_blank\" rel=\"noopener\">N\u00ba 290\/1<\/a><a href=\"https:\/\/ludicum.org\/wp-content\/uploads\/2024\/01\/JME-292-Novo.pdf\" target=\"_blank\" rel=\"noopener\"><\/a><\/p>\n<p>&nbsp;<\/p>\n<p>[\/et_pb_text][\/et_pb_column][et_pb_column type=&#8221;1_3&#8243; _builder_version=&#8221;4.23.4&#8243; _module_preset=&#8221;default&#8221; global_colors_info=&#8221;{}&#8221;][et_pb_text _builder_version=&#8221;4.23.4&#8243; _module_preset=&#8221;default&#8221; custom_padding=&#8221;||0px|||&#8221; global_colors_info=&#8221;{}&#8221;]<\/p>\n<p><a href=\"https:\/\/ludicum.org\/wp-content\/uploads\/2024\/01\/JME-292-Novo.pdf\" target=\"_blank\" rel=\"noopener\">N\u00ba 292<\/a><a href=\"https:\/\/ludicum.org\/wp-content\/uploads\/2024\/01\/JME-292-Novo.pdf\" target=\"_blank\" rel=\"noopener\"><\/a><\/p>\n<p><a href=\"https:\/\/ludicum.org\/wp-content\/uploads\/2024\/01\/JME-293.pdf\" target=\"_blank\" rel=\"noopener\">N\u00ba 293<\/a><\/p>\n<p><a href=\"https:\/\/ludicum.org\/wp-content\/uploads\/2024\/01\/JME-294.pdf\" target=\"_blank\" rel=\"noopener\">N\u00ba 294<\/a>\u00a0<\/p>\n<p><a href=\"https:\/\/ludicum.org\/wp-content\/uploads\/2024\/01\/JME-295.pdf\" target=\"_blank\" rel=\"noopener\">N\u00ba 295<\/a><\/p>\n<p><a href=\"https:\/\/ludicum.org\/wp-content\/uploads\/2024\/01\/JME-296.pdf\" target=\"_blank\" rel=\"noopener\">N\u00ba 296<\/a><\/p>\n<p><a href=\"https:\/\/ludicum.org\/wp-content\/uploads\/2024\/01\/JME-297Novo.pdf\" target=\"_blank\" rel=\"noopener\">N\u00ba 297<\/a><\/p>\n<p><a href=\"https:\/\/ludicum.org\/wp-content\/uploads\/2024\/01\/JME-298.pdf\" target=\"_blank\" rel=\"noopener\">N\u00ba 298<\/a><\/p>\n<p><a href=\"https:\/\/ludicum.org\/wp-content\/uploads\/2024\/01\/JME-300New.pdf\" target=\"_blank\" rel=\"noopener\">N\u00ba 299\/300<\/a><\/p>\n<p>[\/et_pb_text][\/et_pb_column][\/et_pb_row][\/et_pb_section]<\/p>\n","protected":false},"excerpt":{"rendered":"<p>O JME foi fundado em 1 de Novembro de 1883; tratava-se de um jornal totalmente manuscrito tendo apenas problemas dos chamados ramos da matem\u00e1tica elementar (aritm\u00e9tica, geometria, \u00e1lgebra, trigonometria) uns resolvidos, outros para serem resolvidos pelos leitores; n\u00e3o se sabe quem era(m) o(s) seu(s) auto(res), sa\u00eda quinzenalmente nos dias 1 e 15 de cada m\u00eas, [&hellip;]<\/p>\n","protected":false},"author":5,"featured_media":0,"parent":114,"menu_order":0,"comment_status":"closed","ping_status":"closed","template":"","meta":{"_acf_changed":false,"_et_pb_use_builder":"on","_et_pb_old_content":"","_et_gb_content_width":"1280","footnotes":""},"class_list":["post-2409","page","type-page","status-publish","hentry"],"acf":[],"_links":{"self":[{"href":"http:\/\/ludicum.org\/en\/wp-json\/wp\/v2\/pages\/2409","targetHints":{"allow":["GET"]}}],"collection":[{"href":"http:\/\/ludicum.org\/en\/wp-json\/wp\/v2\/pages"}],"about":[{"href":"http:\/\/ludicum.org\/en\/wp-json\/wp\/v2\/types\/page"}],"author":[{"embeddable":true,"href":"http:\/\/ludicum.org\/en\/wp-json\/wp\/v2\/users\/5"}],"replies":[{"embeddable":true,"href":"http:\/\/ludicum.org\/en\/wp-json\/wp\/v2\/comments?post=2409"}],"version-history":[{"count":0,"href":"http:\/\/ludicum.org\/en\/wp-json\/wp\/v2\/pages\/2409\/revisions"}],"up":[{"embeddable":true,"href":"http:\/\/ludicum.org\/en\/wp-json\/wp\/v2\/pages\/114"}],"wp:attachment":[{"href":"http:\/\/ludicum.org\/en\/wp-json\/wp\/v2\/media?parent=2409"}],"curies":[{"name":"wp","href":"https:\/\/api.w.org\/{rel}","templated":true}]}}