{"id":2379,"date":"2024-01-08T18:53:14","date_gmt":"2024-01-08T18:53:14","guid":{"rendered":"https:\/\/ludicumnew.org\/?page_id=2379"},"modified":"2025-03-21T14:37:56","modified_gmt":"2025-03-21T14:37:56","slug":"ser-socio","status":"publish","type":"page","link":"http:\/\/ludicum.org\/en\/ser-socio\/","title":{"rendered":"Become a member"},"content":{"rendered":"<p>[et_pb_section fb_built=&#8221;1&#8243; _builder_version=&#8221;4.25.1&#8243; _module_preset=&#8221;default&#8221; border_width_top=&#8221;5px&#8221; border_color_top=&#8221;gcid-primary-color&#8221; global_colors_info=&#8221;{%22gcid-primary-color%22:%91%22border_color_top%22%93}&#8221;][et_pb_row _builder_version=&#8221;4.17.4&#8243; _module_preset=&#8221;default&#8221; global_colors_info=&#8221;{}&#8221;][et_pb_column type=&#8221;4_4&#8243; _builder_version=&#8221;4.17.4&#8243; _module_preset=&#8221;default&#8221; global_colors_info=&#8221;{}&#8221;][et_pb_heading title=&#8221;Ser S\u00f3cio da Ludus &#8221; _builder_version=&#8221;4.23.4&#8243; _module_preset=&#8221;default&#8221; title_level=&#8221;h4&#8243; global_colors_info=&#8221;{}&#8221;][\/et_pb_heading][et_pb_text _builder_version=&#8221;4.23.4&#8243; _module_preset=&#8221;default&#8221; custom_padding=&#8221;||20px||false|false&#8221; global_colors_info=&#8221;{}&#8221;]<\/p>\n<p>Os associados com quota em dia poder\u00e3o usufruir de v\u00e1rios descontos e benef\u00edcios:<\/p>\n<p>&#8211; participa\u00e7\u00e3o ativa na vida da Ludus, com direito a intervir e a expressar opini\u00e3o nas Assembleias-Gerais, capacidade de voto e possibilidade de integrar os \u00f3rg\u00e3os sociais;<\/p>\n<p>&#8211; inscri\u00e7\u00e3o gratuita no Recreational Mathematics Colloquium, col\u00f3quio internacional de periodicidade bianual organizado pela Associa\u00e7\u00e3o Ludus, e descontos em outros eventos da sua responsabilidade;<\/p>\n<p>&#8211; desconto de 20% na aquisi\u00e7\u00e3o de materiais produzidos pela Ludus;<\/p>\n<p>&#8211; desconto na inscri\u00e7\u00e3o nas a\u00e7\u00f5es de forma\u00e7\u00e3o do CFLudus (Centro de Forma\u00e7\u00e3o da Ludus).<\/p>\n<p>[\/et_pb_text][et_pb_text _builder_version=&#8221;4.25.1&#8243; _module_preset=&#8221;default&#8221; global_colors_info=&#8221;{}&#8221;]<\/p>\n<p><strong>Como tornar-se s\u00f3cio?<\/strong><\/p>\n<p>Preencha o formul\u00e1rio abaixo ou descarregue a nossa <a href=\"https:\/\/ludicum.org\/wp-content\/uploads\/2024\/02\/ludus-ficha.pdf\" target=\"_blank\" rel=\"noopener\">ficha de ades\u00e3o<\/a> e envie-a para <a href=\"mailto:ludus@ludicum.org\" target=\"_blank\" rel=\"noopener\">ludus@ludicum.org<\/a><\/p>\n<p>[\/et_pb_text][et_pb_contact_form use_spam_service=&#8221;on&#8221; recaptcha_list=&#8221;Ludus|Ludus-0&#8243; email=&#8221;ludus@ludicum.org&#8221; title=&#8221;Ficha de Ades\u00e3o&#8221; custom_message=&#8221;Nova ficha de ades\u00e3o||et_pb_line_break_holder||||et_pb_line_break_holder||NOME: %%Nome%%||et_pb_line_break_holder||E-MAIL: %%Email%%||et_pb_line_break_holder||MORADA: %%Morada%%||et_pb_line_break_holder||LOCALIDADE: %%Localidade%%||et_pb_line_break_holder||C\u00d3DIGO POSTAL: %%C\u00f3digo_Postal%%||et_pb_line_break_holder||TELEFONE: %%Telefone%%||et_pb_line_break_holder||DATA DE NASCIMENTO: %%Data_Nascimento%%||et_pb_line_break_holder||HABILITA\u00c7\u00d5ES ACAD\u00c9MICAS: %%Habilita\u00e7\u00f5es_Acad\u00e9micas%%||et_pb_line_break_holder||PROFISS\u00c3O: %%Profiss\u00e3o%%||et_pb_line_break_holder||NIF: %%NIF%%||et_pb_line_break_holder||QUOTA: %%Quota%%||et_pb_line_break_holder||&#8221; success_message=&#8221;A sua ficha foi enviada com sucesso. Entraremos em contacto o mais breve poss\u00edvel. Obrigado.&#8221; submit_button_text=&#8221;ENVIAR &#8221; admin_label=&#8221;Ficha de Ades\u00e3o S\u00f3cio Ludus&#8221; _builder_version=&#8221;4.27.4&#8243; _module_preset=&#8221;default&#8221; _unique_id=&#8221;b17bad0f-dcdb-452e-9247-58bdba9c2585&#8243; form_field_custom_margin=&#8221;||||false|false&#8221; form_field_custom_padding=&#8221;||||false|false&#8221; title_level=&#8221;h4&#8243; title_font=&#8221;|700||on|||||&#8221; title_text_align=&#8221;center&#8221; title_text_color=&#8221;#5e5e5e&#8221; title_font_size=&#8221;20px&#8221; title_line_height=&#8221;1.7em&#8221; background_color=&#8221;rgba(0,0,0,0.28)&#8221; custom_button=&#8221;on&#8221; button_font=&#8221;|600|||||||&#8221; button_use_icon=&#8221;off&#8221; button_custom_margin=&#8221;20px|20px|||false|false&#8221; button_custom_margin_tablet=&#8221;20px|20px|||false|false&#8221; button_custom_margin_phone=&#8221;|10px|||false|false&#8221; button_custom_margin_last_edited=&#8221;on|phone&#8221; button_custom_padding=&#8221;|30px||30px|false|false&#8221; text_orientation=&#8221;left&#8221; custom_margin=&#8221;0px|0px|0px|0px|false|false&#8221; custom_padding=&#8221;40px|10px|40px|10px|false|false&#8221; border_radii=&#8221;on|5px|5px|5px|5px&#8221; box_shadow_style=&#8221;preset2&#8243; global_colors_info=&#8221;{%22gcid-primary-color%22:%91%22button_bg_color__hover%22%93}&#8221; button_bg_color__hover_enabled=&#8221;on|hover&#8221; button_bg_color__hover=&#8221;#218916&#8243; button_bg_enable_color__hover=&#8221;on&#8221; button_text_color__hover_enabled=&#8221;on|hover&#8221; button_text_color__hover=&#8221;#FFFFFF&#8221;][et_pb_contact_field field_id=&#8221;Nome&#8221; field_title=&#8221;Nome&#8221; _builder_version=&#8221;4.27.4&#8243; global_colors_info=&#8221;{}&#8221; button_text_size__hover_enabled=&#8221;off&#8221; button_one_text_size__hover_enabled=&#8221;off&#8221; button_two_text_size__hover_enabled=&#8221;off&#8221; button_text_color__hover_enabled=&#8221;off&#8221; button_one_text_color__hover_enabled=&#8221;off&#8221; button_two_text_color__hover_enabled=&#8221;off&#8221; button_border_width__hover_enabled=&#8221;off&#8221; button_one_border_width__hover_enabled=&#8221;off&#8221; button_two_border_width__hover_enabled=&#8221;off&#8221; button_border_color__hover_enabled=&#8221;off&#8221; button_one_border_color__hover_enabled=&#8221;off&#8221; button_two_border_color__hover_enabled=&#8221;off&#8221; button_border_radius__hover_enabled=&#8221;off&#8221; button_one_border_radius__hover_enabled=&#8221;off&#8221; button_two_border_radius__hover_enabled=&#8221;off&#8221; button_letter_spacing__hover_enabled=&#8221;off&#8221; button_one_letter_spacing__hover_enabled=&#8221;off&#8221; button_two_letter_spacing__hover_enabled=&#8221;off&#8221; button_bg_color__hover_enabled=&#8221;off&#8221; button_one_bg_color__hover_enabled=&#8221;off&#8221; button_two_bg_color__hover_enabled=&#8221;off&#8221;][\/et_pb_contact_field][et_pb_contact_field field_id=&#8221;Email&#8221; field_title=&#8221;Email&#8221; field_type=&#8221;email&#8221; _builder_version=&#8221;4.27.4&#8243; global_colors_info=&#8221;{}&#8221; button_text_size__hover_enabled=&#8221;off&#8221; button_one_text_size__hover_enabled=&#8221;off&#8221; button_two_text_size__hover_enabled=&#8221;off&#8221; button_text_color__hover_enabled=&#8221;off&#8221; button_one_text_color__hover_enabled=&#8221;off&#8221; button_two_text_color__hover_enabled=&#8221;off&#8221; button_border_width__hover_enabled=&#8221;off&#8221; button_one_border_width__hover_enabled=&#8221;off&#8221; button_two_border_width__hover_enabled=&#8221;off&#8221; button_border_color__hover_enabled=&#8221;off&#8221; button_one_border_color__hover_enabled=&#8221;off&#8221; button_two_border_color__hover_enabled=&#8221;off&#8221; button_border_radius__hover_enabled=&#8221;off&#8221; button_one_border_radius__hover_enabled=&#8221;off&#8221; button_two_border_radius__hover_enabled=&#8221;off&#8221; button_letter_spacing__hover_enabled=&#8221;off&#8221; button_one_letter_spacing__hover_enabled=&#8221;off&#8221; button_two_letter_spacing__hover_enabled=&#8221;off&#8221; button_bg_color__hover_enabled=&#8221;off&#8221; button_one_bg_color__hover_enabled=&#8221;off&#8221; button_two_bg_color__hover_enabled=&#8221;off&#8221;][\/et_pb_contact_field][et_pb_contact_field field_id=&#8221;Morada&#8221; field_title=&#8221;Morada&#8221; fullwidth_field=&#8221;on&#8221; _builder_version=&#8221;4.27.4&#8243; _module_preset=&#8221;default&#8221; global_colors_info=&#8221;{}&#8221;][\/et_pb_contact_field][et_pb_contact_field field_id=&#8221;Localidade&#8221; field_title=&#8221;Localidade&#8221; _builder_version=&#8221;4.24.1&#8243; _module_preset=&#8221;default&#8221; global_colors_info=&#8221;{}&#8221;][\/et_pb_contact_field][et_pb_contact_field field_id=&#8221;C\u00f3digo_Postal&#8221; field_title=&#8221;C\u00f3digo Postal&#8221; _builder_version=&#8221;4.27.4&#8243; global_colors_info=&#8221;{}&#8221; button_text_size__hover_enabled=&#8221;off&#8221; button_one_text_size__hover_enabled=&#8221;off&#8221; button_two_text_size__hover_enabled=&#8221;off&#8221; button_text_color__hover_enabled=&#8221;off&#8221; button_one_text_color__hover_enabled=&#8221;off&#8221; button_two_text_color__hover_enabled=&#8221;off&#8221; button_border_width__hover_enabled=&#8221;off&#8221; button_one_border_width__hover_enabled=&#8221;off&#8221; button_two_border_width__hover_enabled=&#8221;off&#8221; button_border_color__hover_enabled=&#8221;off&#8221; button_one_border_color__hover_enabled=&#8221;off&#8221; button_two_border_color__hover_enabled=&#8221;off&#8221; button_border_radius__hover_enabled=&#8221;off&#8221; button_one_border_radius__hover_enabled=&#8221;off&#8221; button_two_border_radius__hover_enabled=&#8221;off&#8221; button_letter_spacing__hover_enabled=&#8221;off&#8221; button_one_letter_spacing__hover_enabled=&#8221;off&#8221; button_two_letter_spacing__hover_enabled=&#8221;off&#8221; button_bg_color__hover_enabled=&#8221;off&#8221; button_one_bg_color__hover_enabled=&#8221;off&#8221; button_two_bg_color__hover_enabled=&#8221;off&#8221;][\/et_pb_contact_field][et_pb_contact_field field_id=&#8221;Telefone&#8221; field_title=&#8221;Contacto Telef\u00f3nico&#8221; allowed_symbols=&#8221;numbers&#8221; _builder_version=&#8221;4.27.4&#8243; _module_preset=&#8221;default&#8221; global_colors_info=&#8221;{}&#8221;][\/et_pb_contact_field][et_pb_contact_field field_id=&#8221;Data_Nascimento&#8221; field_title=&#8221;Data de Nascimento&#8221; _builder_version=&#8221;4.27.4&#8243; _module_preset=&#8221;default&#8221; global_colors_info=&#8221;{}&#8221;][\/et_pb_contact_field][et_pb_contact_field field_id=&#8221;Habilita\u00e7\u00f5es_Acad\u00e9micas&#8221; field_title=&#8221;Habilita\u00e7\u00f5es Acad\u00e9micas&#8221; fullwidth_field=&#8221;on&#8221; _builder_version=&#8221;4.27.4&#8243; _module_preset=&#8221;default&#8221; global_colors_info=&#8221;{}&#8221;][\/et_pb_contact_field][et_pb_contact_field field_id=&#8221;Profiss\u00e3o&#8221; field_title=&#8221;Profiss\u00e3o&#8221; fullwidth_field=&#8221;on&#8221; _builder_version=&#8221;4.27.4&#8243; _module_preset=&#8221;default&#8221; global_colors_info=&#8221;{}&#8221;][\/et_pb_contact_field][et_pb_contact_field field_id=&#8221;NIF&#8221; field_title=&#8221;NIF&#8221; allowed_symbols=&#8221;numbers&#8221; _builder_version=&#8221;4.27.4&#8243; _module_preset=&#8221;default&#8221; hover_enabled=&#8221;0&#8243; global_colors_info=&#8221;{}&#8221; sticky_enabled=&#8221;0&#8243;][\/et_pb_contact_field][et_pb_contact_field field_id=&#8221;Quota&#8221; field_title=&#8221;QUOTA&#8221; field_type=&#8221;select&#8221; select_options=&#8221;%91{%22value%22:%22Normal 30\u20ac%22,%22checked%22:0,%22dragID%22:-1},{%22value%22:%22Estudante 15\u20ac%22,%22checked%22:0,%22dragID%22:0}%93&#8243; _builder_version=&#8221;4.27.4&#8243; _module_preset=&#8221;default&#8221; global_colors_info=&#8221;{}&#8221;][\/et_pb_contact_field][\/et_pb_contact_form][et_pb_text _builder_version=&#8221;4.27.0&#8243; _module_preset=&#8221;default&#8221; custom_margin=&#8221;40px||||false|false&#8221; global_colors_info=&#8221;{}&#8221;]<\/p>\n<p><strong>Pagamento de quotas<\/strong><\/p>\n<p>Para pagar quotas por favor transfiram a quantia para a conta da Associa\u00e7\u00e3o Ludus, identificada por:<\/p>\n<p>[\/et_pb_text][et_pb_image src=&#8221;https:\/\/ludicum.org\/wp-content\/uploads\/2024\/01\/LUDOS-CONTA.png&#8221; title_text=&#8221;LUDOS CONTA&#8221; _builder_version=&#8221;4.23.4&#8243; _module_preset=&#8221;default&#8221; global_colors_info=&#8221;{}&#8221;][\/et_pb_image][et_pb_text _builder_version=&#8221;4.23.4&#8243; _module_preset=&#8221;default&#8221; global_colors_info=&#8221;{}&#8221;]<\/p>\n<p>Para facilitar a escrita, por favor enviem um email para<span>\u00a0<\/span><a href=\"mailto:ludus@ludicum.org\">ludus@ludicum.org<\/a><span>\u00a0<\/span>comunicando o pagamento (assunto:<span>\u00a0<\/span><i>quotas-Ludus<\/i>).<\/p>\n<p>A quota anual \u00e9 de 30 euros (15 para estudantes).<\/p>\n<p>Obrigado.<\/p>\n<p>[\/et_pb_text][\/et_pb_column][\/et_pb_row][\/et_pb_section]<\/p>\n","protected":false},"excerpt":{"rendered":"<p>Os associados com quota em dia poder\u00e3o usufruir de v\u00e1rios descontos e benef\u00edcios: &#8211; participa\u00e7\u00e3o ativa na vida da Ludus, com direito a intervir e a expressar opini\u00e3o nas Assembleias-Gerais, capacidade de voto e possibilidade de integrar os \u00f3rg\u00e3os sociais; &#8211; inscri\u00e7\u00e3o gratuita no Recreational Mathematics Colloquium, col\u00f3quio internacional de periodicidade bianual organizado pela Associa\u00e7\u00e3o [&hellip;]<\/p>\n","protected":false},"author":5,"featured_media":0,"parent":0,"menu_order":0,"comment_status":"closed","ping_status":"closed","template":"","meta":{"_acf_changed":false,"_et_pb_use_builder":"on","_et_pb_old_content":"","_et_gb_content_width":"1280","footnotes":""},"class_list":["post-2379","page","type-page","status-publish","hentry"],"acf":[],"_links":{"self":[{"href":"http:\/\/ludicum.org\/en\/wp-json\/wp\/v2\/pages\/2379","targetHints":{"allow":["GET"]}}],"collection":[{"href":"http:\/\/ludicum.org\/en\/wp-json\/wp\/v2\/pages"}],"about":[{"href":"http:\/\/ludicum.org\/en\/wp-json\/wp\/v2\/types\/page"}],"author":[{"embeddable":true,"href":"http:\/\/ludicum.org\/en\/wp-json\/wp\/v2\/users\/5"}],"replies":[{"embeddable":true,"href":"http:\/\/ludicum.org\/en\/wp-json\/wp\/v2\/comments?post=2379"}],"version-history":[{"count":3,"href":"http:\/\/ludicum.org\/en\/wp-json\/wp\/v2\/pages\/2379\/revisions"}],"predecessor-version":[{"id":7004,"href":"http:\/\/ludicum.org\/en\/wp-json\/wp\/v2\/pages\/2379\/revisions\/7004"}],"wp:attachment":[{"href":"http:\/\/ludicum.org\/en\/wp-json\/wp\/v2\/media?parent=2379"}],"curies":[{"name":"wp","href":"https:\/\/api.w.org\/{rel}","templated":true}]}}